{"id":64741,"date":"2026-02-24T17:06:49","date_gmt":"2026-02-24T16:06:49","guid":{"rendered":"https:\/\/dutchmicrodosing.com\/shop\/senza-categoria\/tartufi-eclipse-duo-25-g\/"},"modified":"2026-02-26T15:14:23","modified_gmt":"2026-02-26T14:14:23","slug":"tartufi-eclipse-duo-25-g","status":"publish","type":"product","link":"https:\/\/dutchmicrodosing.com\/it\/tartufi-di-psilocibina\/tartufi-magici\/tartufi-eclipse-duo-25-g\/","title":{"rendered":"Tartufi Eclipse Duo 25 g"},"content":{"rendered":"\t\t<div data-elementor-type=\"product-post\" data-elementor-id=\"64741\" class=\"elementor elementor-64741 elementor-64483\" data-elementor-post-type=\"product\">\n\t\t\t\t<div class=\"elementor-element elementor-element-36e18902 e-flex e-con-boxed e-con e-parent\" data-id=\"36e18902\" data-element_type=\"container\" data-e-type=\"container\">\n\t\t\t\t\t<div class=\"e-con-inner\">\n\t\t\t\t<div class=\"elementor-element elementor-element-f1d22b7 elementor-widget elementor-widget-text-editor\" data-id=\"f1d22b7\" data-element_type=\"widget\" data-e-type=\"widget\" data-widget_type=\"text-editor.default\">\n\t\t\t\t<div class=\"elementor-widget-container\">\n\t\t\t\t\t\t\t\t\t<p><strong>I tartufi Eclipse Duo 25 g<\/strong> (Galindoi + Utopia) combinano due potenti varianti di psilocybe con un profilo intenso e marcato. Gli utenti esperti scelgono questa miscela perch\u00e9 hanno familiarit\u00e0 con i tartufi forti e cercano consapevolmente un&#8217;esperienza profonda e stratificata, senza compromessi. All&#8217;interno dell&#8217;<a href=\"\/psilocybine-truffels\/\">assortimento<\/a>, l&#8217;Eclipse Duo \u00e8 una delle scelte pi\u00f9 potenti, insieme a varianti come Double Vision e Cosmic Fusion.<\/p><blockquote><p>Eclipse Duo combina Galindoi e Utopia per utenti esperti che scelgono consapevolmente un&#8217;esperienza psilocybe potente e diretta.<\/p><\/blockquote><h2>In cosa consiste esattamente Eclipse Duo?<\/h2><p>Eclipse Duo contiene un mix accuratamente selezionato di <em>Psilocybe galindoi<\/em> e <em>Psilocybe utopia<\/em>. Entrambe le specie hanno un carattere forte e si potenziano a vicenda in modo naturale all&#8217;interno di questa miscela.<\/p><p>Molti utenti esperti descrivono la combinazione come intensa, stratificata e diretta. Questa variante non \u00e8 adatta come primo approccio ai tartufi.<\/p><h2>Quale esperienza viene descritta solitamente?<\/h2><p>Gli utenti esperti descrivono spesso Eclipse Duo come profondo e talvolta introspettivo. La combinazione di due potenti varianti offre un&#8217;esperienza che pu\u00f2 risultare molto intensa a livello mentale e sensoriale.<\/p><p>L&#8217;esperienza finale varia da persona a persona. Fattori come dosaggio, set &amp; setting ed esperienze precedenti giocano un ruolo fondamentale.<\/p><h2>Come usare Eclipse Duo in modo responsabile?<\/h2><p>Questi tartufi sono destinati a utenti esperti. Prepara la tua sessione con cura e prenditi il tempo necessario.<\/p><ul><li>Una confezione contiene 25 grammi ed \u00e8 generalmente considerata una sessione completa<\/li><li>Assumere preferibilmente a stomaco vuoto<\/li><li>Scegli un ambiente tranquillo, sicuro e familiare<\/li><li>Evita alcol o altre sostanze durante l&#8217;uso<\/li><\/ul><h2>Come determinare la dose appropriata?<\/h2><p>Con tartufi psilocybe potenti come gli Eclipse Duo, il dosaggio gioca un ruolo fondamentale. La quantit\u00e0 corretta dipende da esperienza, sensibilit\u00e0, peso corporeo e circostanze.<\/p><p>Molti utenti esperti assumono <strong>25 grammi<\/strong> come dose intera per una sessione intensiva. Chi preferisce un approccio graduale pu\u00f2 iniziare con circa 15 grammi e, dopo circa 45 minuti, assumerne eventualmente altri 5-10 grammi.<\/p><p>Un consumo maggiore non porta automaticamente a un&#8217;esperienza migliore. Un dosaggio consapevole e una buona preparazione contribuiscono spesso pi\u00f9 della semplice quantit\u00e0 a una sessione di valore.<\/p><h2>A chi \u00e8 rivolto Eclipse Duo?<\/h2><p>Eclipse Duo \u00e8 rivolto a persone con diverse esperienze con tartufi psilocybe potenti. Questi utenti scelgono consapevolmente una variante pi\u00f9 intensa e diretta.<\/p><p>Se hai poca o nessuna esperienza con i tartufi forti, \u00e8 pi\u00f9 adatta un&#8217;<a href=\"https:\/\/dutchmicrodosing.com\/it\/tartufi-di-psilocibina\/tartufi-magici\/tartufi-jalisco-25-gr\/\">opzione pi\u00f9 leggera<\/a> del nostro assortimento.<\/p><h2>Ingredienti e composizione<\/h2><p>Questi tartufi combinano <em>Psilocybe galindoi<\/em> e <em>Psilocybe utopia<\/em>. Royal Magic Truffles confeziona i prodotti freschi.<\/p><h2>Contenuto della confezione<\/h2><p>Ogni confezione contiene 25 grammi di tartufi freschi Eclipse Duo.<\/p><h2>Sicurezza e punti di attenzione<\/h2><p>Usa sempre i tartufi forti in modo responsabile e con una buona preparazione. Eclipse Duo \u00e8 destinato a utenti esperti e pu\u00f2 risultare molto intenso per i principianti.<\/p><p>Non usare questo prodotto in caso di vulnerabilit\u00e0 psichica, periodi di stress emotivo, minore et\u00e0 o gravidanza. Informati bene e rispetta i tuoi limiti.<\/p><p>Assumi farmaci? Consulta il tuo medico prima di considerare l&#8217;uso di tartufi psilocybe.<\/p>\t\t\t\t\t\t\t\t<\/div>\n\t\t\t\t<\/div>\n\t\t\t\t<div class=\"elementor-element elementor-element-e01649a elementor-widget elementor-widget-heading\" data-id=\"e01649a\" data-element_type=\"widget\" data-e-type=\"widget\" data-widget_type=\"heading.default\">\n\t\t\t\t<div class=\"elementor-widget-container\">\n\t\t\t\t\t<h2 class=\"elementor-heading-title elementor-size-default\">Domande frequenti sui tartufi Eclipse Duo<\/h2>\t\t\t\t<\/div>\n\t\t\t\t<\/div>\n\t\t\t\t<div class=\"elementor-element elementor-element-f8e6a80 elementor-widget elementor-widget-pp-faq\" data-id=\"f8e6a80\" data-element_type=\"widget\" data-e-type=\"widget\" data-settings=\"{&quot;faq_layout&quot;:&quot;accordion&quot;,&quot;accordion_type&quot;:&quot;accordion&quot;,&quot;toggle_speed&quot;:300}\" data-widget_type=\"pp-faq.default\">\n\t\t\t\t<div class=\"elementor-widget-container\">\n\t\t\t\t\t\t\t<div class=\"pp-faqs pp-advanced-accordion pp-toggle-icon-align-right\" id=\"pp-advanced-accordion-f8e6a80\" data-accordion-id=\"f8e6a80\">\n\t\t\t\t\t\t<div class=\"pp-faq-item elementor-grid-item pp-accordion-item\">\n\t\t\t\t<div id=\"pp-accordion-tab-title-2601\" class=\"pp-faq-question pp-accordion-tab-title\" tabindex=\"0\" data-tab=\"1\">\n\t\t\t\t\t<div class=\"pp-accordion-title-icon\">\n\t\t\t\t\t\t\t\t\t\t\t\t\t\t\t\t\t\t<div class=\"pp-accordion-title-text\">\n\t\t\t\t\t\t\tQuale esperienza viene descritta solitamente?\t\t\t\t\t\t<\/div>\n\t\t\t\t\t<\/div>\n\t\t\t\t\t\t\t\t\t\t\t<div class=\"pp-accordion-toggle-icon\">\n\t\t\t\t\t\t\t\t\t\t\t\t\t\t\t<span class='pp-accordion-toggle-icon-close pp-icon'>\n\t\t\t\t\t\t\t\t\t<i aria-hidden=\"true\" class=\"fas fa-plus\"><\/i>\t\t\t\t\t\t\t\t<\/span>\n\t\t\t\t\t\t\t\t\t\t\t\t\t\t\t\t\t\t\t\t\t\t<span class='pp-accordion-toggle-icon-open pp-icon'>\n\t\t\t\t\t\t\t\t\t<i aria-hidden=\"true\" class=\"fas fa-minus\"><\/i>\t\t\t\t\t\t\t\t<\/span>\n\t\t\t\t\t\t\t\t\t\t\t\t\t<\/div>\n\t\t\t\t\t\t\t\t\t<\/div>\n\n\t\t\t\t<div id=\"pp-accordion-tab-content-2601\" class=\"pp-faq-answer pp-accordion-tab-content\" data-tab=\"1\">\n\t\t\t\t\t<div class=\"flex flex-col text-sm pb-25\">\n<article class=\"text-token-text-primary w-full focus:outline-none [--shadow-height:45px] has-data-writing-block:pointer-events-none has-data-writing-block:-mt-(--shadow-height) has-data-writing-block:pt-(--shadow-height) [&amp;:has([data-writing-block])&gt;*]:pointer-events-auto scroll-mt-[calc(var(--header-height)+min(200px,max(70px,20svh)))]\" dir=\"auto\" tabindex=\"-1\" data-turn-id=\"request-69941b25-d834-8394-9287-bfeaf4583e0c-6\" data-testid=\"conversation-turn-24\" data-scroll-anchor=\"true\" data-turn=\"assistant\">\n<div class=\"text-base my-auto mx-auto pb-10 [--thread-content-margin:--spacing(4)] @w-sm\/main:[--thread-content-margin:--spacing(6)] @w-lg\/main:[--thread-content-margin:--spacing(16)] px-(--thread-content-margin)\">\n<div class=\"[--thread-content-max-width:40rem] @w-lg\/main:[--thread-content-max-width:48rem] mx-auto max-w-(--thread-content-max-width) flex-1 group\/turn-messages focus-visible:outline-hidden relative flex w-full min-w-0 flex-col agent-turn\" tabindex=\"-1\">\n<div class=\"flex max-w-full flex-col grow\">\n<div class=\"min-h-8 text-message relative flex w-full flex-col items-end gap-2 text-start break-words whitespace-normal [.text-message+&amp;]:mt-1\" dir=\"auto\" data-message-author-role=\"assistant\" data-message-id=\"846e8733-925d-4dd1-b9d5-ae944a53e1cb\" data-message-model-slug=\"gpt-5-2\">\n<div class=\"flex w-full flex-col gap-1 empty:hidden first:pt-[1px]\">\n<div class=\"markdown prose dark:prose-invert w-full wrap-break-word light markdown-new-styling\">\n<p data-start=\"0\" data-end=\"137\" data-is-last-node=\"\" data-is-only-node=\"\">Gli utenti esperti descrivono Eclipse Duo come intenso e profondo. L&#8217;esperienza \u00e8 fortemente influenzata dal dosaggio e dal set &amp; setting.<\/p>\n<\/div>\n<\/div>\n<\/div>\n<\/div>\n<\/div>\n<\/div>\n<\/article>\n<\/div>\n\t\t\t\t<\/div>\n\t\t\t<\/div>\n\t\t\t\t\t\t<div class=\"pp-faq-item elementor-grid-item pp-accordion-item\">\n\t\t\t\t<div id=\"pp-accordion-tab-title-2602\" class=\"pp-faq-question pp-accordion-tab-title\" tabindex=\"0\" data-tab=\"2\">\n\t\t\t\t\t<div class=\"pp-accordion-title-icon\">\n\t\t\t\t\t\t\t\t\t\t\t\t\t\t\t\t\t\t<div class=\"pp-accordion-title-text\">\n\t\t\t\t\t\t\tA chi \u00e8 rivolto Eclipse Duo?\t\t\t\t\t\t<\/div>\n\t\t\t\t\t<\/div>\n\t\t\t\t\t\t\t\t\t\t\t<div class=\"pp-accordion-toggle-icon\">\n\t\t\t\t\t\t\t\t\t\t\t\t\t\t\t<span class='pp-accordion-toggle-icon-close pp-icon'>\n\t\t\t\t\t\t\t\t\t<i aria-hidden=\"true\" class=\"fas fa-plus\"><\/i>\t\t\t\t\t\t\t\t<\/span>\n\t\t\t\t\t\t\t\t\t\t\t\t\t\t\t\t\t\t\t\t\t\t<span class='pp-accordion-toggle-icon-open pp-icon'>\n\t\t\t\t\t\t\t\t\t<i aria-hidden=\"true\" class=\"fas fa-minus\"><\/i>\t\t\t\t\t\t\t\t<\/span>\n\t\t\t\t\t\t\t\t\t\t\t\t\t<\/div>\n\t\t\t\t\t\t\t\t\t<\/div>\n\n\t\t\t\t<div id=\"pp-accordion-tab-content-2602\" class=\"pp-faq-answer pp-accordion-tab-content\" data-tab=\"2\">\n\t\t\t\t\t<p>Eclipse Duo \u00e8 destinato a utenti esperti che scelgono consapevolmente un&#8217;esperienza potente e diretta. Per i principianti o per chi non ha esperienza, \u00e8 pi\u00f9 adatta una variante pi\u00f9 leggera.<\/p>\n\t\t\t\t<\/div>\n\t\t\t<\/div>\n\t\t\t\t\t\t<div class=\"pp-faq-item elementor-grid-item pp-accordion-item\">\n\t\t\t\t<div id=\"pp-accordion-tab-title-2603\" class=\"pp-faq-question pp-accordion-tab-title\" tabindex=\"0\" data-tab=\"3\">\n\t\t\t\t\t<div class=\"pp-accordion-title-icon\">\n\t\t\t\t\t\t\t\t\t\t\t\t\t\t\t\t\t\t<div class=\"pp-accordion-title-text\">\n\t\t\t\t\t\t\tCosa bisogna tenere a mente durante l'uso?\t\t\t\t\t\t<\/div>\n\t\t\t\t\t<\/div>\n\t\t\t\t\t\t\t\t\t\t\t<div class=\"pp-accordion-toggle-icon\">\n\t\t\t\t\t\t\t\t\t\t\t\t\t\t\t<span class='pp-accordion-toggle-icon-close pp-icon'>\n\t\t\t\t\t\t\t\t\t<i aria-hidden=\"true\" class=\"fas fa-plus\"><\/i>\t\t\t\t\t\t\t\t<\/span>\n\t\t\t\t\t\t\t\t\t\t\t\t\t\t\t\t\t\t\t\t\t\t<span class='pp-accordion-toggle-icon-open pp-icon'>\n\t\t\t\t\t\t\t\t\t<i aria-hidden=\"true\" class=\"fas fa-minus\"><\/i>\t\t\t\t\t\t\t\t<\/span>\n\t\t\t\t\t\t\t\t\t\t\t\t\t<\/div>\n\t\t\t\t\t\t\t\t\t<\/div>\n\n\t\t\t\t<div id=\"pp-accordion-tab-content-2603\" class=\"pp-faq-answer pp-accordion-tab-content\" data-tab=\"3\">\n\t\t\t\t\t<p>Non usare Eclipse Duo in caso di vulnerabilit\u00e0 psichica, periodi di stress emotivo, minore et\u00e0 o gravidanza. Assumi farmaci? Consulta un medico prima di considerare l&#8217;uso di tartufi psilocybe.<\/p>\n\t\t\t\t<\/div>\n\t\t\t<\/div>\n\t\t\t\t\t\t<div class=\"pp-faq-item elementor-grid-item pp-accordion-item\">\n\t\t\t\t<div id=\"pp-accordion-tab-title-2604\" class=\"pp-faq-question pp-accordion-tab-title\" tabindex=\"0\" data-tab=\"4\">\n\t\t\t\t\t<div class=\"pp-accordion-title-icon\">\n\t\t\t\t\t\t\t\t\t\t\t\t\t\t\t\t\t\t<div class=\"pp-accordion-title-text\">\n\t\t\t\t\t\t\tCosa contiene la confezione?\t\t\t\t\t\t<\/div>\n\t\t\t\t\t<\/div>\n\t\t\t\t\t\t\t\t\t\t\t<div class=\"pp-accordion-toggle-icon\">\n\t\t\t\t\t\t\t\t\t\t\t\t\t\t\t<span class='pp-accordion-toggle-icon-close pp-icon'>\n\t\t\t\t\t\t\t\t\t<i aria-hidden=\"true\" class=\"fas fa-plus\"><\/i>\t\t\t\t\t\t\t\t<\/span>\n\t\t\t\t\t\t\t\t\t\t\t\t\t\t\t\t\t\t\t\t\t\t<span class='pp-accordion-toggle-icon-open pp-icon'>\n\t\t\t\t\t\t\t\t\t<i aria-hidden=\"true\" class=\"fas fa-minus\"><\/i>\t\t\t\t\t\t\t\t<\/span>\n\t\t\t\t\t\t\t\t\t\t\t\t\t<\/div>\n\t\t\t\t\t\t\t\t\t<\/div>\n\n\t\t\t\t<div id=\"pp-accordion-tab-content-2604\" class=\"pp-faq-answer pp-accordion-tab-content\" data-tab=\"4\">\n\t\t\t\t\t<p>Ogni confezione contiene 25 grammi di tartufi freschi Eclipse Duo, composti da Psilocybe galindoi e Psilocybe utopia.<\/p>\n\t\t\t\t<\/div>\n\t\t\t<\/div>\n\t\t\t\t\t<\/div>\n\t\t\t\t\t\t<\/div>\n\t\t\t\t<\/div>\n\t\t\t\t\t<\/div>\n\t\t\t\t<\/div>\n\t\t\t\t<\/div>\n\t\t","protected":false},"excerpt":{"rendered":"<p>I tartufi Eclipse Duo 25 g (Galindoi + Utopia) combinano due potenti varianti di psilocybe con un profilo intenso e marcato. Gli utenti esperti scelgono questa miscela perch\u00e9 hanno familiarit\u00e0 con i tartufi forti e cercano consapevolmente un&#8217;esperienza profonda e stratificata, senza compromessi. All&#8217;interno dell&#8217;assortimento, l&#8217;Eclipse Duo \u00e8 una delle scelte pi\u00f9 potenti, insieme a [&hellip;]<\/p>\n","protected":false},"featured_media":64742,"comment_status":"closed","ping_status":"closed","template":"","meta":[],"product_brand":[],"product_cat":[203],"product_tag":[],"class_list":{"0":"post-64741","1":"product","2":"type-product","3":"status-publish","4":"has-post-thumbnail","6":"product_cat-tartufi-magici","8":"first","9":"instock","10":"taxable","11":"shipping-taxable","12":"purchasable","13":"product-type-simple"},"yoast_head":"<!-- This site is optimized with the Yoast SEO Premium plugin v26.4 (Yoast SEO v27.4) - https:\/\/yoast.com\/product\/yoast-seo-premium-wordpress\/ -->\n<title>Tartufi Eclipse Duo 25 g - Dutchmicrodosing<\/title>\n<meta name=\"description\" content=\"I tartufi Eclipse Duo 25 g (Galindoi + Utopia) sono una potente miscela di tartufi per utenti esperti. Scopri effetti, dosaggio, uso e sicurezza.\" \/>\n<meta name=\"robots\" content=\"index, follow, max-snippet:-1, max-image-preview:large, max-video-preview:-1\" \/>\n<link rel=\"canonical\" href=\"https:\/\/dutchmicrodosing.com\/it\/tartufi-di-psilocibina\/tartufi-magici\/tartufi-eclipse-duo-25-g\/\" \/>\n<meta property=\"og:locale\" content=\"it_IT\" \/>\n<meta property=\"og:type\" content=\"article\" \/>\n<meta property=\"og:title\" content=\"Tartufi Eclipse Duo 25 g\" \/>\n<meta property=\"og:description\" content=\"I tartufi Eclipse Duo 25 g (Galindoi + Utopia) combinano due potenti varianti di psilocybe con un profilo intenso e marcato. Gli utenti esperti scelgono\" \/>\n<meta property=\"og:url\" content=\"https:\/\/dutchmicrodosing.com\/it\/tartufi-di-psilocibina\/tartufi-magici\/tartufi-eclipse-duo-25-g\/\" \/>\n<meta property=\"og:site_name\" content=\"Dutchmicrodosing\" \/>\n<meta property=\"article:publisher\" content=\"https:\/\/www.facebook.com\/Dutchmicrodosingxp\/\" \/>\n<meta property=\"article:modified_time\" content=\"2026-02-26T14:14:23+00:00\" \/>\n<meta property=\"og:image\" content=\"https:\/\/dutchmicrodosing.com\/wp-content\/uploads\/2026\/02\/Eclipse-duo-product-web-1000x1000-002.jpg\" \/>\n\t<meta property=\"og:image:width\" content=\"1000\" \/>\n\t<meta property=\"og:image:height\" content=\"1000\" \/>\n\t<meta property=\"og:image:type\" content=\"image\/jpeg\" \/>\n<meta name=\"twitter:card\" content=\"summary_large_image\" \/>\n<script type=\"application\/ld+json\" class=\"yoast-schema-graph\">{\"@context\":\"https:\\\/\\\/schema.org\",\"@graph\":[{\"@type\":\"WebPage\",\"@id\":\"https:\\\/\\\/dutchmicrodosing.com\\\/it\\\/tartufi-di-psilocibina\\\/tartufi-magici\\\/tartufi-eclipse-duo-25-g\\\/\",\"url\":\"https:\\\/\\\/dutchmicrodosing.com\\\/it\\\/tartufi-di-psilocibina\\\/tartufi-magici\\\/tartufi-eclipse-duo-25-g\\\/\",\"name\":\"Tartufi Eclipse Duo 25 g - Dutchmicrodosing\",\"isPartOf\":{\"@id\":\"https:\\\/\\\/dutchmicrodosing.com\\\/it\\\/#website\"},\"primaryImageOfPage\":{\"@id\":\"https:\\\/\\\/dutchmicrodosing.com\\\/it\\\/tartufi-di-psilocibina\\\/tartufi-magici\\\/tartufi-eclipse-duo-25-g\\\/#primaryimage\"},\"image\":{\"@id\":\"https:\\\/\\\/dutchmicrodosing.com\\\/it\\\/tartufi-di-psilocibina\\\/tartufi-magici\\\/tartufi-eclipse-duo-25-g\\\/#primaryimage\"},\"thumbnailUrl\":\"https:\\\/\\\/dutchmicrodosing.com\\\/wp-content\\\/uploads\\\/2026\\\/02\\\/Eclipse-duo-product-web-1000x1000-002.jpg\",\"datePublished\":\"2026-02-24T16:06:49+00:00\",\"dateModified\":\"2026-02-26T14:14:23+00:00\",\"description\":\"I tartufi Eclipse Duo 25 g (Galindoi + Utopia) sono una potente miscela di tartufi per utenti esperti. Scopri effetti, dosaggio, uso e sicurezza.\",\"breadcrumb\":{\"@id\":\"https:\\\/\\\/dutchmicrodosing.com\\\/it\\\/tartufi-di-psilocibina\\\/tartufi-magici\\\/tartufi-eclipse-duo-25-g\\\/#breadcrumb\"},\"inLanguage\":\"it-IT\",\"potentialAction\":[{\"@type\":\"ReadAction\",\"target\":[\"https:\\\/\\\/dutchmicrodosing.com\\\/it\\\/tartufi-di-psilocibina\\\/tartufi-magici\\\/tartufi-eclipse-duo-25-g\\\/\"]}]},{\"@type\":\"ImageObject\",\"inLanguage\":\"it-IT\",\"@id\":\"https:\\\/\\\/dutchmicrodosing.com\\\/it\\\/tartufi-di-psilocibina\\\/tartufi-magici\\\/tartufi-eclipse-duo-25-g\\\/#primaryimage\",\"url\":\"https:\\\/\\\/dutchmicrodosing.com\\\/wp-content\\\/uploads\\\/2026\\\/02\\\/Eclipse-duo-product-web-1000x1000-002.jpg\",\"contentUrl\":\"https:\\\/\\\/dutchmicrodosing.com\\\/wp-content\\\/uploads\\\/2026\\\/02\\\/Eclipse-duo-product-web-1000x1000-002.jpg\",\"width\":1000,\"height\":1000},{\"@type\":\"BreadcrumbList\",\"@id\":\"https:\\\/\\\/dutchmicrodosing.com\\\/it\\\/tartufi-di-psilocibina\\\/tartufi-magici\\\/tartufi-eclipse-duo-25-g\\\/#breadcrumb\",\"itemListElement\":[{\"@type\":\"ListItem\",\"position\":1,\"name\":\"Home\",\"item\":\"https:\\\/\\\/dutchmicrodosing.com\\\/it\\\/\"},{\"@type\":\"ListItem\",\"position\":2,\"name\":\"Negozio\",\"item\":\"https:\\\/\\\/dutchmicrodosing.com\\\/it\\\/negozio\\\/\"},{\"@type\":\"ListItem\",\"position\":3,\"name\":\"Tartufi Eclipse Duo 25 g\"}]},{\"@type\":\"WebSite\",\"@id\":\"https:\\\/\\\/dutchmicrodosing.com\\\/it\\\/#website\",\"url\":\"https:\\\/\\\/dutchmicrodosing.com\\\/it\\\/\",\"name\":\"Dutchmicrodosing\",\"description\":\"\",\"publisher\":{\"@id\":\"https:\\\/\\\/dutchmicrodosing.com\\\/it\\\/#organization\"},\"potentialAction\":[{\"@type\":\"SearchAction\",\"target\":{\"@type\":\"EntryPoint\",\"urlTemplate\":\"https:\\\/\\\/dutchmicrodosing.com\\\/it\\\/?s={search_term_string}\"},\"query-input\":{\"@type\":\"PropertyValueSpecification\",\"valueRequired\":true,\"valueName\":\"search_term_string\"}}],\"inLanguage\":\"it-IT\"},{\"@type\":\"Organization\",\"@id\":\"https:\\\/\\\/dutchmicrodosing.com\\\/it\\\/#organization\",\"name\":\"Dutchmicrodosing\",\"url\":\"https:\\\/\\\/dutchmicrodosing.com\\\/it\\\/\",\"logo\":{\"@type\":\"ImageObject\",\"inLanguage\":\"it-IT\",\"@id\":\"https:\\\/\\\/dutchmicrodosing.com\\\/it\\\/#\\\/schema\\\/logo\\\/image\\\/\",\"url\":\"https:\\\/\\\/dutchmicrodosing.com\\\/wp-content\\\/uploads\\\/2021\\\/01\\\/microdosing-categorie-pic-nieuw.jpg\",\"contentUrl\":\"https:\\\/\\\/dutchmicrodosing.com\\\/wp-content\\\/uploads\\\/2021\\\/01\\\/microdosing-categorie-pic-nieuw.jpg\",\"width\":500,\"height\":500,\"caption\":\"Dutchmicrodosing\"},\"image\":{\"@id\":\"https:\\\/\\\/dutchmicrodosing.com\\\/it\\\/#\\\/schema\\\/logo\\\/image\\\/\"},\"sameAs\":[\"https:\\\/\\\/www.facebook.com\\\/Dutchmicrodosingxp\\\/\",\"https:\\\/\\\/www.instagram.com\\\/dutchmicrodosing\\\/\"]}]}<\/script>\n<meta property=\"product:price:amount\" content=\"20.95\" \/>\n<meta property=\"product:price:currency\" content=\"EUR\" \/>\n<meta property=\"og:availability\" content=\"instock\" \/>\n<meta property=\"product:availability\" content=\"instock\" \/>\n<meta property=\"product:retailer_item_id\" content=\"6202868\" \/>\n<meta property=\"product:condition\" content=\"new\" \/>\n<!-- \/ Yoast SEO Premium plugin. -->","yoast_head_json":{"title":"Tartufi Eclipse Duo 25 g - Dutchmicrodosing","description":"I tartufi Eclipse Duo 25 g (Galindoi + Utopia) sono una potente miscela di tartufi per utenti esperti. Scopri effetti, dosaggio, uso e sicurezza.","robots":{"index":"index","follow":"follow","max-snippet":"max-snippet:-1","max-image-preview":"max-image-preview:large","max-video-preview":"max-video-preview:-1"},"canonical":"https:\/\/dutchmicrodosing.com\/it\/tartufi-di-psilocibina\/tartufi-magici\/tartufi-eclipse-duo-25-g\/","og_locale":"it_IT","og_type":"article","og_title":"Tartufi Eclipse Duo 25 g","og_description":"I tartufi Eclipse Duo 25 g (Galindoi + Utopia) combinano due potenti varianti di psilocybe con un profilo intenso e marcato. Gli utenti esperti scelgono","og_url":"https:\/\/dutchmicrodosing.com\/it\/tartufi-di-psilocibina\/tartufi-magici\/tartufi-eclipse-duo-25-g\/","og_site_name":"Dutchmicrodosing","article_publisher":"https:\/\/www.facebook.com\/Dutchmicrodosingxp\/","article_modified_time":"2026-02-26T14:14:23+00:00","og_image":[{"width":1000,"height":1000,"url":"https:\/\/dutchmicrodosing.com\/wp-content\/uploads\/2026\/02\/Eclipse-duo-product-web-1000x1000-002.jpg","type":"image\/jpeg"}],"twitter_card":"summary_large_image","schema":{"@context":"https:\/\/schema.org","@graph":[{"@type":"WebPage","@id":"https:\/\/dutchmicrodosing.com\/it\/tartufi-di-psilocibina\/tartufi-magici\/tartufi-eclipse-duo-25-g\/","url":"https:\/\/dutchmicrodosing.com\/it\/tartufi-di-psilocibina\/tartufi-magici\/tartufi-eclipse-duo-25-g\/","name":"Tartufi Eclipse Duo 25 g - Dutchmicrodosing","isPartOf":{"@id":"https:\/\/dutchmicrodosing.com\/it\/#website"},"primaryImageOfPage":{"@id":"https:\/\/dutchmicrodosing.com\/it\/tartufi-di-psilocibina\/tartufi-magici\/tartufi-eclipse-duo-25-g\/#primaryimage"},"image":{"@id":"https:\/\/dutchmicrodosing.com\/it\/tartufi-di-psilocibina\/tartufi-magici\/tartufi-eclipse-duo-25-g\/#primaryimage"},"thumbnailUrl":"https:\/\/dutchmicrodosing.com\/wp-content\/uploads\/2026\/02\/Eclipse-duo-product-web-1000x1000-002.jpg","datePublished":"2026-02-24T16:06:49+00:00","dateModified":"2026-02-26T14:14:23+00:00","description":"I tartufi Eclipse Duo 25 g (Galindoi + Utopia) sono una potente miscela di tartufi per utenti esperti. Scopri effetti, dosaggio, uso e sicurezza.","breadcrumb":{"@id":"https:\/\/dutchmicrodosing.com\/it\/tartufi-di-psilocibina\/tartufi-magici\/tartufi-eclipse-duo-25-g\/#breadcrumb"},"inLanguage":"it-IT","potentialAction":[{"@type":"ReadAction","target":["https:\/\/dutchmicrodosing.com\/it\/tartufi-di-psilocibina\/tartufi-magici\/tartufi-eclipse-duo-25-g\/"]}]},{"@type":"ImageObject","inLanguage":"it-IT","@id":"https:\/\/dutchmicrodosing.com\/it\/tartufi-di-psilocibina\/tartufi-magici\/tartufi-eclipse-duo-25-g\/#primaryimage","url":"https:\/\/dutchmicrodosing.com\/wp-content\/uploads\/2026\/02\/Eclipse-duo-product-web-1000x1000-002.jpg","contentUrl":"https:\/\/dutchmicrodosing.com\/wp-content\/uploads\/2026\/02\/Eclipse-duo-product-web-1000x1000-002.jpg","width":1000,"height":1000},{"@type":"BreadcrumbList","@id":"https:\/\/dutchmicrodosing.com\/it\/tartufi-di-psilocibina\/tartufi-magici\/tartufi-eclipse-duo-25-g\/#breadcrumb","itemListElement":[{"@type":"ListItem","position":1,"name":"Home","item":"https:\/\/dutchmicrodosing.com\/it\/"},{"@type":"ListItem","position":2,"name":"Negozio","item":"https:\/\/dutchmicrodosing.com\/it\/negozio\/"},{"@type":"ListItem","position":3,"name":"Tartufi Eclipse Duo 25 g"}]},{"@type":"WebSite","@id":"https:\/\/dutchmicrodosing.com\/it\/#website","url":"https:\/\/dutchmicrodosing.com\/it\/","name":"Dutchmicrodosing","description":"","publisher":{"@id":"https:\/\/dutchmicrodosing.com\/it\/#organization"},"potentialAction":[{"@type":"SearchAction","target":{"@type":"EntryPoint","urlTemplate":"https:\/\/dutchmicrodosing.com\/it\/?s={search_term_string}"},"query-input":{"@type":"PropertyValueSpecification","valueRequired":true,"valueName":"search_term_string"}}],"inLanguage":"it-IT"},{"@type":"Organization","@id":"https:\/\/dutchmicrodosing.com\/it\/#organization","name":"Dutchmicrodosing","url":"https:\/\/dutchmicrodosing.com\/it\/","logo":{"@type":"ImageObject","inLanguage":"it-IT","@id":"https:\/\/dutchmicrodosing.com\/it\/#\/schema\/logo\/image\/","url":"https:\/\/dutchmicrodosing.com\/wp-content\/uploads\/2021\/01\/microdosing-categorie-pic-nieuw.jpg","contentUrl":"https:\/\/dutchmicrodosing.com\/wp-content\/uploads\/2021\/01\/microdosing-categorie-pic-nieuw.jpg","width":500,"height":500,"caption":"Dutchmicrodosing"},"image":{"@id":"https:\/\/dutchmicrodosing.com\/it\/#\/schema\/logo\/image\/"},"sameAs":["https:\/\/www.facebook.com\/Dutchmicrodosingxp\/","https:\/\/www.instagram.com\/dutchmicrodosing\/"]}]},"product_price_amount":"20.95","product_price_currency":"EUR","og_availability":"instock","product_availability":"instock","product_retailer_item_id":"6202868","product_condition":"new"},"_links":{"self":[{"href":"https:\/\/dutchmicrodosing.com\/it\/wp-json\/wp\/v2\/product\/64741","targetHints":{"allow":["GET"]}}],"collection":[{"href":"https:\/\/dutchmicrodosing.com\/it\/wp-json\/wp\/v2\/product"}],"about":[{"href":"https:\/\/dutchmicrodosing.com\/it\/wp-json\/wp\/v2\/types\/product"}],"replies":[{"embeddable":true,"href":"https:\/\/dutchmicrodosing.com\/it\/wp-json\/wp\/v2\/comments?post=64741"}],"version-history":[{"count":3,"href":"https:\/\/dutchmicrodosing.com\/it\/wp-json\/wp\/v2\/product\/64741\/revisions"}],"predecessor-version":[{"id":64836,"href":"https:\/\/dutchmicrodosing.com\/it\/wp-json\/wp\/v2\/product\/64741\/revisions\/64836"}],"wp:featuredmedia":[{"embeddable":true,"href":"https:\/\/dutchmicrodosing.com\/it\/wp-json\/wp\/v2\/media\/64742"}],"wp:attachment":[{"href":"https:\/\/dutchmicrodosing.com\/it\/wp-json\/wp\/v2\/media?parent=64741"}],"wp:term":[{"taxonomy":"product_brand","embeddable":true,"href":"https:\/\/dutchmicrodosing.com\/it\/wp-json\/wp\/v2\/product_brand?post=64741"},{"taxonomy":"product_cat","embeddable":true,"href":"https:\/\/dutchmicrodosing.com\/it\/wp-json\/wp\/v2\/product_cat?post=64741"},{"taxonomy":"product_tag","embeddable":true,"href":"https:\/\/dutchmicrodosing.com\/it\/wp-json\/wp\/v2\/product_tag?post=64741"}],"curies":[{"name":"wp","href":"https:\/\/api.w.org\/{rel}","templated":true}]}}