{"id":65441,"date":"2026-03-24T07:26:13","date_gmt":"2026-03-24T06:26:13","guid":{"rendered":"https:\/\/dutchmicrodosing.com\/shop\/senza-categoria\/estratto-di-maca-gialla-50-ml\/"},"modified":"2026-04-21T14:33:58","modified_gmt":"2026-04-21T12:33:58","slug":"estratto-di-maca-gialla-50-ml","status":"publish","type":"product","link":"https:\/\/dutchmicrodosing.com\/it\/erbe-botaniche\/tinture-ed-estratti\/estratto-di-maca-gialla-50-ml\/","title":{"rendered":"Estratto di Maca Gialla &#8211; 50 ml"},"content":{"rendered":"<p>Munay Botanicals <strong>Estratto di Maca Gialla &#8211; 50 ml <\/strong>&#8211; La Lepidium meyenii \u00e8 un estratto liquido full-spectrum di maca gialla, una coltura tradizionale del Per\u00f9 utilizzata da generazioni nelle Ande. Questa variante delicata \u00e8 nota per il suo carattere accessibile ed \u00e8 un modo semplice per integrare la maca nella tua routine quotidiana.<\/p>\n<p>Grazie alla forma liquida, puoi miscelare l&#8217;estratto senza sforzo con acqua, t\u00e8, succhi o smoothie.<\/p>\n<h3>Caratteristiche dell&#8217;estratto di Maca Gialla<\/h3>\n<ul>\n<li>Estratto full-spectrum di maca gialla<\/li>\n<li>Proveniente dal Per\u00f9<\/li>\n<li>Forma liquida per un dosaggio semplice<\/li>\n<li>Facile da miscelare con acqua, t\u00e8, succhi o smoothie<\/li>\n<li>Prodotto tramite estrazione a bassa temperatura<\/li>\n<li>Formato compatto da 50 ml<\/li>\n<li>Variante di maca accessibile<\/li>\n<\/ul>\n<h3>Ingredienti e\/o composizione<\/h3>\n<ul>\n<li>Lepidium meyenii (maca gialla)<\/li>\n<li>Acqua depurata<\/li>\n<li>Alcol (20%)<\/li>\n<\/ul>\n<h3>Utilizzo<\/h3>\n<p>Aggiungi semplicemente la quantit\u00e0 raccomandata ad acqua, t\u00e8, succhi o smoothie e integrala senza sforzo nella tua routine quotidiana. Grazie alla forma liquida, puoi anche mescolare facilmente l&#8217;estratto nello yogurt o in altri alimenti.<\/p>\n<p>Il pratico dosaggio rende l&#8217;uso flessibile, permettendoti di scegliere il momento della giornata pi\u00f9 adatto al tuo ritmo. Utilizzare sempre secondo le istruzioni riportate sull&#8217;etichetta.<\/p>\n<h3>Contenuto<\/h3>\n<p>50 ml di estratto liquido in confezione compatta.<\/p>\n<h3>Disclaimer<\/h3>\n<p><em>Il contenuto di questo testo ha uno scopo puramente informativo e non sostituisce una consulenza professionale. Questo prodotto non \u00e8 un farmaco e non \u00e8 destinato a diagnosticare, trattare o curare alcuna condizione medica. Per qualsiasi domanda specifica sull&#8217;uso di questo prodotto, consulta uno specialista. Alcuni studi scientifici sugli effetti di questo prodotto sono in corso e non tutte le affermazioni sono state definitivamente confermate.<\/em><\/p>\n","protected":false},"excerpt":{"rendered":"<p>Munay Botanicals Estratto di Maca Gialla &#8211; 50 ml &#8211; La Lepidium meyenii \u00e8 un estratto liquido full-spectrum di maca gialla, una coltura tradizionale del Per\u00f9 utilizzata da generazioni nelle Ande. Questa variante delicata \u00e8 nota per il suo carattere accessibile ed \u00e8 un modo semplice per integrare la maca nella tua routine quotidiana. Grazie [&hellip;]<\/p>\n","protected":false},"featured_media":65440,"comment_status":"closed","ping_status":"closed","template":"","meta":[],"product_brand":[],"product_cat":[669],"product_tag":[],"class_list":{"0":"post-65441","1":"product","2":"type-product","3":"status-publish","4":"has-post-thumbnail","6":"product_cat-tinture-ed-estratti","8":"first","9":"instock","10":"taxable","11":"shipping-taxable","12":"purchasable","13":"product-type-simple"},"yoast_head":"<!-- This site is optimized with the Yoast SEO Premium plugin v26.4 (Yoast SEO v27.4) - https:\/\/yoast.com\/product\/yoast-seo-premium-wordpress\/ -->\n<title>Estratto di Maca Gialla - 50 ml - Dutchmicrodosing<\/title>\n<meta name=\"description\" content=\"Scopri l&#039;estratto di Maca Gialla di Munay Botanicals. Estratto liquido full-spectrum dal Per\u00f9, facile da dosare, da miscelare con acqua, t\u00e8 o smoothie.\" \/>\n<meta name=\"robots\" content=\"index, follow, max-snippet:-1, max-image-preview:large, max-video-preview:-1\" \/>\n<link rel=\"canonical\" href=\"https:\/\/dutchmicrodosing.com\/it\/erbe-botaniche\/tinture-ed-estratti\/estratto-di-maca-gialla-50-ml\/\" \/>\n<meta property=\"og:locale\" content=\"it_IT\" \/>\n<meta property=\"og:type\" content=\"article\" \/>\n<meta property=\"og:title\" content=\"Estratto di Maca Gialla - 50 ml\" \/>\n<meta property=\"og:description\" content=\"Munay Botanicals Estratto di Maca Gialla - 50 ml - La Lepidium meyenii \u00e8 un estratto liquido full-spectrum di maca gialla, una coltura tradizionale del\" \/>\n<meta property=\"og:url\" content=\"https:\/\/dutchmicrodosing.com\/it\/erbe-botaniche\/tinture-ed-estratti\/estratto-di-maca-gialla-50-ml\/\" \/>\n<meta property=\"og:site_name\" content=\"Dutchmicrodosing\" \/>\n<meta property=\"article:publisher\" content=\"https:\/\/www.facebook.com\/Dutchmicrodosingxp\/\" \/>\n<meta property=\"article:modified_time\" content=\"2026-04-21T12:33:58+00:00\" \/>\n<meta property=\"og:image\" content=\"https:\/\/dutchmicrodosing.com\/wp-content\/uploads\/2026\/03\/YellowMaca-Munay.png.jpg\" \/>\n\t<meta property=\"og:image:width\" content=\"1024\" \/>\n\t<meta property=\"og:image:height\" content=\"1024\" \/>\n\t<meta property=\"og:image:type\" content=\"image\/jpeg\" \/>\n<meta name=\"twitter:card\" content=\"summary_large_image\" \/>\n<script type=\"application\/ld+json\" class=\"yoast-schema-graph\">{\"@context\":\"https:\\\/\\\/schema.org\",\"@graph\":[{\"@type\":\"WebPage\",\"@id\":\"https:\\\/\\\/dutchmicrodosing.com\\\/it\\\/erbe-botaniche\\\/tinture-ed-estratti\\\/estratto-di-maca-gialla-50-ml\\\/\",\"url\":\"https:\\\/\\\/dutchmicrodosing.com\\\/it\\\/erbe-botaniche\\\/tinture-ed-estratti\\\/estratto-di-maca-gialla-50-ml\\\/\",\"name\":\"Estratto di Maca Gialla - 50 ml - Dutchmicrodosing\",\"isPartOf\":{\"@id\":\"https:\\\/\\\/dutchmicrodosing.com\\\/it\\\/#website\"},\"primaryImageOfPage\":{\"@id\":\"https:\\\/\\\/dutchmicrodosing.com\\\/it\\\/erbe-botaniche\\\/tinture-ed-estratti\\\/estratto-di-maca-gialla-50-ml\\\/#primaryimage\"},\"image\":{\"@id\":\"https:\\\/\\\/dutchmicrodosing.com\\\/it\\\/erbe-botaniche\\\/tinture-ed-estratti\\\/estratto-di-maca-gialla-50-ml\\\/#primaryimage\"},\"thumbnailUrl\":\"https:\\\/\\\/dutchmicrodosing.com\\\/wp-content\\\/uploads\\\/2026\\\/03\\\/YellowMaca-Munay.png.jpg\",\"datePublished\":\"2026-03-24T06:26:13+00:00\",\"dateModified\":\"2026-04-21T12:33:58+00:00\",\"description\":\"Scopri l'estratto di Maca Gialla di Munay Botanicals. Estratto liquido full-spectrum dal Per\u00f9, facile da dosare, da miscelare con acqua, t\u00e8 o smoothie.\",\"breadcrumb\":{\"@id\":\"https:\\\/\\\/dutchmicrodosing.com\\\/it\\\/erbe-botaniche\\\/tinture-ed-estratti\\\/estratto-di-maca-gialla-50-ml\\\/#breadcrumb\"},\"inLanguage\":\"it-IT\",\"potentialAction\":[{\"@type\":\"ReadAction\",\"target\":[\"https:\\\/\\\/dutchmicrodosing.com\\\/it\\\/erbe-botaniche\\\/tinture-ed-estratti\\\/estratto-di-maca-gialla-50-ml\\\/\"]}]},{\"@type\":\"ImageObject\",\"inLanguage\":\"it-IT\",\"@id\":\"https:\\\/\\\/dutchmicrodosing.com\\\/it\\\/erbe-botaniche\\\/tinture-ed-estratti\\\/estratto-di-maca-gialla-50-ml\\\/#primaryimage\",\"url\":\"https:\\\/\\\/dutchmicrodosing.com\\\/wp-content\\\/uploads\\\/2026\\\/03\\\/YellowMaca-Munay.png.jpg\",\"contentUrl\":\"https:\\\/\\\/dutchmicrodosing.com\\\/wp-content\\\/uploads\\\/2026\\\/03\\\/YellowMaca-Munay.png.jpg\",\"width\":1024,\"height\":1024},{\"@type\":\"BreadcrumbList\",\"@id\":\"https:\\\/\\\/dutchmicrodosing.com\\\/it\\\/erbe-botaniche\\\/tinture-ed-estratti\\\/estratto-di-maca-gialla-50-ml\\\/#breadcrumb\",\"itemListElement\":[{\"@type\":\"ListItem\",\"position\":1,\"name\":\"Home\",\"item\":\"https:\\\/\\\/dutchmicrodosing.com\\\/it\\\/\"},{\"@type\":\"ListItem\",\"position\":2,\"name\":\"Negozio\",\"item\":\"https:\\\/\\\/dutchmicrodosing.com\\\/it\\\/negozio\\\/\"},{\"@type\":\"ListItem\",\"position\":3,\"name\":\"Estratto di Maca Gialla &#8211; 50 ml\"}]},{\"@type\":\"WebSite\",\"@id\":\"https:\\\/\\\/dutchmicrodosing.com\\\/it\\\/#website\",\"url\":\"https:\\\/\\\/dutchmicrodosing.com\\\/it\\\/\",\"name\":\"Dutchmicrodosing\",\"description\":\"\",\"publisher\":{\"@id\":\"https:\\\/\\\/dutchmicrodosing.com\\\/it\\\/#organization\"},\"potentialAction\":[{\"@type\":\"SearchAction\",\"target\":{\"@type\":\"EntryPoint\",\"urlTemplate\":\"https:\\\/\\\/dutchmicrodosing.com\\\/it\\\/?s={search_term_string}\"},\"query-input\":{\"@type\":\"PropertyValueSpecification\",\"valueRequired\":true,\"valueName\":\"search_term_string\"}}],\"inLanguage\":\"it-IT\"},{\"@type\":\"Organization\",\"@id\":\"https:\\\/\\\/dutchmicrodosing.com\\\/it\\\/#organization\",\"name\":\"Dutchmicrodosing\",\"url\":\"https:\\\/\\\/dutchmicrodosing.com\\\/it\\\/\",\"logo\":{\"@type\":\"ImageObject\",\"inLanguage\":\"it-IT\",\"@id\":\"https:\\\/\\\/dutchmicrodosing.com\\\/it\\\/#\\\/schema\\\/logo\\\/image\\\/\",\"url\":\"https:\\\/\\\/dutchmicrodosing.com\\\/wp-content\\\/uploads\\\/2021\\\/01\\\/microdosing-categorie-pic-nieuw.jpg\",\"contentUrl\":\"https:\\\/\\\/dutchmicrodosing.com\\\/wp-content\\\/uploads\\\/2021\\\/01\\\/microdosing-categorie-pic-nieuw.jpg\",\"width\":500,\"height\":500,\"caption\":\"Dutchmicrodosing\"},\"image\":{\"@id\":\"https:\\\/\\\/dutchmicrodosing.com\\\/it\\\/#\\\/schema\\\/logo\\\/image\\\/\"},\"sameAs\":[\"https:\\\/\\\/www.facebook.com\\\/Dutchmicrodosingxp\\\/\",\"https:\\\/\\\/www.instagram.com\\\/dutchmicrodosing\\\/\"]}]}<\/script>\n<meta property=\"product:price:amount\" content=\"19.95\" \/>\n<meta property=\"product:price:currency\" content=\"EUR\" \/>\n<meta property=\"og:availability\" content=\"instock\" \/>\n<meta property=\"product:availability\" content=\"instock\" \/>\n<meta property=\"product:condition\" content=\"new\" \/>\n<!-- \/ Yoast SEO Premium plugin. -->","yoast_head_json":{"title":"Estratto di Maca Gialla - 50 ml - Dutchmicrodosing","description":"Scopri l'estratto di Maca Gialla di Munay Botanicals. Estratto liquido full-spectrum dal Per\u00f9, facile da dosare, da miscelare con acqua, t\u00e8 o smoothie.","robots":{"index":"index","follow":"follow","max-snippet":"max-snippet:-1","max-image-preview":"max-image-preview:large","max-video-preview":"max-video-preview:-1"},"canonical":"https:\/\/dutchmicrodosing.com\/it\/erbe-botaniche\/tinture-ed-estratti\/estratto-di-maca-gialla-50-ml\/","og_locale":"it_IT","og_type":"article","og_title":"Estratto di Maca Gialla - 50 ml","og_description":"Munay Botanicals Estratto di Maca Gialla - 50 ml - La Lepidium meyenii \u00e8 un estratto liquido full-spectrum di maca gialla, una coltura tradizionale del","og_url":"https:\/\/dutchmicrodosing.com\/it\/erbe-botaniche\/tinture-ed-estratti\/estratto-di-maca-gialla-50-ml\/","og_site_name":"Dutchmicrodosing","article_publisher":"https:\/\/www.facebook.com\/Dutchmicrodosingxp\/","article_modified_time":"2026-04-21T12:33:58+00:00","og_image":[{"width":1024,"height":1024,"url":"https:\/\/dutchmicrodosing.com\/wp-content\/uploads\/2026\/03\/YellowMaca-Munay.png.jpg","type":"image\/jpeg"}],"twitter_card":"summary_large_image","schema":{"@context":"https:\/\/schema.org","@graph":[{"@type":"WebPage","@id":"https:\/\/dutchmicrodosing.com\/it\/erbe-botaniche\/tinture-ed-estratti\/estratto-di-maca-gialla-50-ml\/","url":"https:\/\/dutchmicrodosing.com\/it\/erbe-botaniche\/tinture-ed-estratti\/estratto-di-maca-gialla-50-ml\/","name":"Estratto di Maca Gialla - 50 ml - Dutchmicrodosing","isPartOf":{"@id":"https:\/\/dutchmicrodosing.com\/it\/#website"},"primaryImageOfPage":{"@id":"https:\/\/dutchmicrodosing.com\/it\/erbe-botaniche\/tinture-ed-estratti\/estratto-di-maca-gialla-50-ml\/#primaryimage"},"image":{"@id":"https:\/\/dutchmicrodosing.com\/it\/erbe-botaniche\/tinture-ed-estratti\/estratto-di-maca-gialla-50-ml\/#primaryimage"},"thumbnailUrl":"https:\/\/dutchmicrodosing.com\/wp-content\/uploads\/2026\/03\/YellowMaca-Munay.png.jpg","datePublished":"2026-03-24T06:26:13+00:00","dateModified":"2026-04-21T12:33:58+00:00","description":"Scopri l'estratto di Maca Gialla di Munay Botanicals. Estratto liquido full-spectrum dal Per\u00f9, facile da dosare, da miscelare con acqua, t\u00e8 o smoothie.","breadcrumb":{"@id":"https:\/\/dutchmicrodosing.com\/it\/erbe-botaniche\/tinture-ed-estratti\/estratto-di-maca-gialla-50-ml\/#breadcrumb"},"inLanguage":"it-IT","potentialAction":[{"@type":"ReadAction","target":["https:\/\/dutchmicrodosing.com\/it\/erbe-botaniche\/tinture-ed-estratti\/estratto-di-maca-gialla-50-ml\/"]}]},{"@type":"ImageObject","inLanguage":"it-IT","@id":"https:\/\/dutchmicrodosing.com\/it\/erbe-botaniche\/tinture-ed-estratti\/estratto-di-maca-gialla-50-ml\/#primaryimage","url":"https:\/\/dutchmicrodosing.com\/wp-content\/uploads\/2026\/03\/YellowMaca-Munay.png.jpg","contentUrl":"https:\/\/dutchmicrodosing.com\/wp-content\/uploads\/2026\/03\/YellowMaca-Munay.png.jpg","width":1024,"height":1024},{"@type":"BreadcrumbList","@id":"https:\/\/dutchmicrodosing.com\/it\/erbe-botaniche\/tinture-ed-estratti\/estratto-di-maca-gialla-50-ml\/#breadcrumb","itemListElement":[{"@type":"ListItem","position":1,"name":"Home","item":"https:\/\/dutchmicrodosing.com\/it\/"},{"@type":"ListItem","position":2,"name":"Negozio","item":"https:\/\/dutchmicrodosing.com\/it\/negozio\/"},{"@type":"ListItem","position":3,"name":"Estratto di Maca Gialla &#8211; 50 ml"}]},{"@type":"WebSite","@id":"https:\/\/dutchmicrodosing.com\/it\/#website","url":"https:\/\/dutchmicrodosing.com\/it\/","name":"Dutchmicrodosing","description":"","publisher":{"@id":"https:\/\/dutchmicrodosing.com\/it\/#organization"},"potentialAction":[{"@type":"SearchAction","target":{"@type":"EntryPoint","urlTemplate":"https:\/\/dutchmicrodosing.com\/it\/?s={search_term_string}"},"query-input":{"@type":"PropertyValueSpecification","valueRequired":true,"valueName":"search_term_string"}}],"inLanguage":"it-IT"},{"@type":"Organization","@id":"https:\/\/dutchmicrodosing.com\/it\/#organization","name":"Dutchmicrodosing","url":"https:\/\/dutchmicrodosing.com\/it\/","logo":{"@type":"ImageObject","inLanguage":"it-IT","@id":"https:\/\/dutchmicrodosing.com\/it\/#\/schema\/logo\/image\/","url":"https:\/\/dutchmicrodosing.com\/wp-content\/uploads\/2021\/01\/microdosing-categorie-pic-nieuw.jpg","contentUrl":"https:\/\/dutchmicrodosing.com\/wp-content\/uploads\/2021\/01\/microdosing-categorie-pic-nieuw.jpg","width":500,"height":500,"caption":"Dutchmicrodosing"},"image":{"@id":"https:\/\/dutchmicrodosing.com\/it\/#\/schema\/logo\/image\/"},"sameAs":["https:\/\/www.facebook.com\/Dutchmicrodosingxp\/","https:\/\/www.instagram.com\/dutchmicrodosing\/"]}]},"product_price_amount":"19.95","product_price_currency":"EUR","og_availability":"instock","product_availability":"instock","product_condition":"new"},"_links":{"self":[{"href":"https:\/\/dutchmicrodosing.com\/it\/wp-json\/wp\/v2\/product\/65441","targetHints":{"allow":["GET"]}}],"collection":[{"href":"https:\/\/dutchmicrodosing.com\/it\/wp-json\/wp\/v2\/product"}],"about":[{"href":"https:\/\/dutchmicrodosing.com\/it\/wp-json\/wp\/v2\/types\/product"}],"replies":[{"embeddable":true,"href":"https:\/\/dutchmicrodosing.com\/it\/wp-json\/wp\/v2\/comments?post=65441"}],"version-history":[{"count":0,"href":"https:\/\/dutchmicrodosing.com\/it\/wp-json\/wp\/v2\/product\/65441\/revisions"}],"wp:featuredmedia":[{"embeddable":true,"href":"https:\/\/dutchmicrodosing.com\/it\/wp-json\/wp\/v2\/media\/65440"}],"wp:attachment":[{"href":"https:\/\/dutchmicrodosing.com\/it\/wp-json\/wp\/v2\/media?parent=65441"}],"wp:term":[{"taxonomy":"product_brand","embeddable":true,"href":"https:\/\/dutchmicrodosing.com\/it\/wp-json\/wp\/v2\/product_brand?post=65441"},{"taxonomy":"product_cat","embeddable":true,"href":"https:\/\/dutchmicrodosing.com\/it\/wp-json\/wp\/v2\/product_cat?post=65441"},{"taxonomy":"product_tag","embeddable":true,"href":"https:\/\/dutchmicrodosing.com\/it\/wp-json\/wp\/v2\/product_tag?post=65441"}],"curies":[{"name":"wp","href":"https:\/\/api.w.org\/{rel}","templated":true}]}}