{"id":6858,"date":"2021-03-22T19:28:28","date_gmt":"2021-03-22T18:28:28","guid":{"rendered":"https:\/\/dutchmicrodosing.com\/shop\/senza-categoria\/chaga-inonotus-obliquus-120-caps\/"},"modified":"2025-09-23T18:51:59","modified_gmt":"2025-09-23T16:51:59","slug":"chaga-inonotus-obliquus-120-caps","status":"publish","type":"product","link":"https:\/\/dutchmicrodosing.com\/it\/funghi-medicinali\/chaga-inonotus-obliquus-120-caps\/","title":{"rendered":"Chaga (Inonotus Obliquus)-120 Caps"},"content":{"rendered":"<p>I funghi possono aiutare a migliorare la tua salute e Chaga come integratore dovrebbe sicuramente essere incluso nel tuo armadietto dei medicinali. Questo fungo pu\u00f2 eventualmente aiutare contro il cancro e il diabete e pu\u00f2 aiutare a mantenere la resistenza. In Russia e in Cina, Chaga \u00e8 conosciuto come un superalimento che pu\u00f2 essere usato per tutti i tipi di disturbi. Se vuoi sostenere la tua salute con rimedi naturali, allora Chaga \u00e8 una scelta eccellente.<\/p>\n<h2>Chaga: per cosa si pu\u00f2 usare?<\/h2>\n<p>I popoli della natura hanno un&#8217;enorme quantit\u00e0 di conoscenze sui poteri curativi di piante, erbe e funghi. Usano il Chaga da migliaia di anni e lo considerano un mezzo importante per migliorare la loro salute. In Russia lo usano come antinfiammatorio e ci trattano i problemi della pelle. In Cina, Chaga \u00e8 il rimedio ideale per aumentare il Chi (energia vitale).<\/p>\n<p>Il Chaga si trova principalmente nel nord del mondo. Si pu\u00f2 trovare in Russia, Canada, America e nel nord-est dell&#8217;Europa. Il Chaga non \u00e8 un bel fungo: cresce come un nodulo antiestetico sugli alberi di betulla. Fortunatamente, l&#8217;esterno non dice nulla dell&#8217;interno. Chaga di McMyco ha propriet\u00e0 particolarmente potenti.<\/p>\n<p>Potete usarlo a:<\/p>\n<ul>\n<li>Supporto di resistenza<\/li>\n<li>Cancro (ha propriet\u00e0 anticancro)<\/li>\n<li>Diabete<\/li>\n<li>Reclami degli anziani<\/li>\n<\/ul>\n<h2>Chaga e i suoi effetti sul corpo<\/h2>\n<h3>Supporta la resistenza<\/h3>\n<p>Quando gli invasori dall&#8217;esterno attaccano il tuo corpo (virus, batteri o funghi) \u00e8 il tuo sistema immunitario che ti protegge. \u00c8 la linea di difesa che assicura la sconfitta di questi invasori. Per poterlo fare, hai bisogno di micronutrienti dal cibo, in modo che la tua resistenza rimanga ad un buon livello. Un integratore come McMyco Chaga pu\u00f2 essere proprio quello che ti serve.<\/p>\n<p>Chaga \u00e8 ricco di polisaccaridi non lineari altamente complessi, che possono fornire un potente supporto alla resistenza. Sono polisaccaridi a catena lunga, che rafforzano il sistema immunitario. Un esempio di un tale polisaccaride sono i beta-glucani, che possono innescare il tuo corpo a produrre cellule killer naturali. Questi non sono solo responsabili di attaccare gli invasori esterni, ma anche di contrastare la formazione di tumori.<\/p>\n<p>Altre sostanze presenti nel Chaga che possono aiutare a sostenere la tua resistenza sono l&#8217;ergosterolo, l&#8217;episterolo e l&#8217;acido betulinico. Ognuna di queste sostanze ha un effetto positivo sul sistema immunitario, ma se assunte simultaneamente, hanno un effetto regolatore sulla resistenza. Cos\u00ec, possono aiutare a mantenere il corpo in forma e a proteggerlo dalle malattie.<\/p>\n<h3>Funziona contro le cellule tumorali<\/h3>\n<p>La scienza sta scoprendo sempre pi\u00f9 cosa possono fare i funghi medicinali in caso di malattia. Il Chaga sembra essere in grado di essere usato contro le cellule tumorali, secondo la ricerca. Pu\u00f2 essere utile prendere Chaga per il cancro al seno, al fegato e allo stomaco, per esempio. Le sostanze contenute nel Chaga possono rallentare la crescita dei tumori stimolando la produzione di cellule killer naturali.<\/p>\n<p>Un&#8217;altra ragione per cui un supplemento di Chaga pu\u00f2 aiutare con il cancro \u00e8 che contiene alcune sostanze che possono innescare le cellule tumorali all&#8217;apoptosi (morte cellulare). Queste cellule maligne poi si autodistruggono. Queste propriet\u00e0 rendono Chaga un rimedio unico e potente per il cancro.<\/p>\n<h3>Chaga con disturbi della vecchiaia<\/h3>\n<p>Con l&#8217;avanzare dell&#8217;et\u00e0 si possono sviluppare alcuni sintomi, come il dolore alle articolazioni o una peggiore memoria di lavoro. Prendendo un integratore come il Chaga, si potrebbe rallentare questo processo. Il danno che si verifica quando invecchiamo \u00e8 causato dai radicali liberi, tra le altre cose. Il Chaga \u00e8 ricco di antiossidanti, che possono rimuovere questi radicali liberi dal nostro corpo.<\/p>\n<p>Per esempio, contiene una grande quantit\u00e0 di superossido dismutasi, un antiossidante che pu\u00f2 neutralizzare i radicali liberi pi\u00f9 pericolosi. Chaga contiene oltre 25 volte pi\u00f9 di questa sostanza rispetto ad altri funghi medicinali. Quindi questo lo rende davvero raccomandato per i disturbi della vecchiaia.<\/p>\n<h2>Comprare Chaga di McMyco online<\/h2>\n<p>Con Chaga di Mymcyo, hai tutto il necessario per aumentare la tua salute. Fornisci al tuo corpo tutte le sostanze di cui ha bisogno con Chaga. Chaga \u00e8 sicuro da usare. Tuttavia, si raccomanda di non usare Chaga se sei incinta o stai allattando. N\u00e9 se sei sotto anticoagulanti, prendi farmaci per il diabete o hai una malattia autoimmune. Naturalmente puoi acquistare facilmente questo integratore nel nostro negozio online. Una confezione contiene 120 capsule.<\/p>\n<p><strong>Ingredienti:<\/strong><\/p>\n<p>Per capsula vegetale: 400 mg di estratto organico di chaga (inonotus obliquus) dal 100% del corpo del frutto (sclerotia). \u00c8 un estratto completo ottenuto per mezzo di H2O ed etanolo. Questo per ottenere il massimo dai corpi fruttiferi. Contiene il 35% di polisaccaridi, betulina, acido betulinico e steroli.<\/p>\n<p>Eccipienti: citrato di magnesio e diossido di silicio<br \/>\nDosaggio: 2 volte al giorno 1 capsula durante i pasti con acqua.<br \/>\nContenuto: 120 capsule<br \/>\nConsigli per la conservazione: Conservare in un luogo fresco e buio.<\/p>\n","protected":false},"excerpt":{"rendered":"<p>I funghi possono aiutare a migliorare la tua salute e Chaga come integratore dovrebbe sicuramente essere incluso nel tuo armadietto dei medicinali. Questo fungo pu\u00f2 eventualmente aiutare contro il cancro e il diabete e pu\u00f2 aiutare a mantenere la resistenza. In Russia e in Cina, Chaga \u00e8 conosciuto come un superalimento che pu\u00f2 essere usato [&hellip;]<\/p>\n","protected":false},"featured_media":6752,"comment_status":"open","ping_status":"closed","template":"","meta":[],"product_brand":[],"product_cat":[175,296],"product_tag":[],"class_list":{"0":"post-6858","1":"product","2":"type-product","3":"status-publish","4":"has-post-thumbnail","6":"product_cat-funghi-medicinali","7":"product_cat-integratori-per-il-sistema-immunitario","9":"first","10":"instock","11":"taxable","12":"shipping-taxable","13":"purchasable","14":"product-type-simple"},"yoast_head":"<!-- This site is optimized with the Yoast SEO Premium plugin v26.4 (Yoast SEO v27.2) - https:\/\/yoast.com\/product\/yoast-seo-premium-wordpress\/ -->\n<title>Chaga (Inonotus Obliquus)-120 Caps - Dutchmicrodosing<\/title>\n<meta name=\"robots\" content=\"index, follow, max-snippet:-1, max-image-preview:large, max-video-preview:-1\" \/>\n<link rel=\"canonical\" href=\"https:\/\/dutchmicrodosing.com\/it\/funghi-medicinali\/chaga-inonotus-obliquus-120-caps\/\" \/>\n<meta property=\"og:locale\" content=\"it_IT\" \/>\n<meta property=\"og:type\" content=\"article\" \/>\n<meta property=\"og:title\" content=\"Chaga (Inonotus Obliquus)-120 Caps\" \/>\n<meta property=\"og:description\" content=\"I funghi possono aiutare a migliorare la tua salute e Chaga come integratore dovrebbe sicuramente essere incluso nel tuo armadietto dei medicinali. Questo\" \/>\n<meta property=\"og:url\" content=\"https:\/\/dutchmicrodosing.com\/it\/funghi-medicinali\/chaga-inonotus-obliquus-120-caps\/\" \/>\n<meta property=\"og:site_name\" content=\"Dutchmicrodosing\" \/>\n<meta property=\"article:publisher\" content=\"https:\/\/www.facebook.com\/Dutchmicrodosingxp\/\" \/>\n<meta property=\"article:modified_time\" content=\"2025-09-23T16:51:59+00:00\" \/>\n<meta property=\"og:image\" content=\"https:\/\/dutchmicrodosing.com\/wp-content\/uploads\/2021\/03\/Chaga-2-1.jpg\" \/>\n\t<meta property=\"og:image:width\" content=\"1000\" \/>\n\t<meta property=\"og:image:height\" content=\"1000\" \/>\n\t<meta property=\"og:image:type\" content=\"image\/jpeg\" \/>\n<meta name=\"twitter:card\" content=\"summary_large_image\" \/>\n<script type=\"application\/ld+json\" class=\"yoast-schema-graph\">{\"@context\":\"https:\/\/schema.org\",\"@graph\":[{\"@type\":\"WebPage\",\"@id\":\"https:\/\/dutchmicrodosing.com\/it\/funghi-medicinali\/chaga-inonotus-obliquus-120-caps\/\",\"url\":\"https:\/\/dutchmicrodosing.com\/it\/funghi-medicinali\/chaga-inonotus-obliquus-120-caps\/\",\"name\":\"Chaga (Inonotus Obliquus)-120 Caps - Dutchmicrodosing\",\"isPartOf\":{\"@id\":\"https:\/\/dutchmicrodosing.com\/it\/#website\"},\"primaryImageOfPage\":{\"@id\":\"https:\/\/dutchmicrodosing.com\/it\/funghi-medicinali\/chaga-inonotus-obliquus-120-caps\/#primaryimage\"},\"image\":{\"@id\":\"https:\/\/dutchmicrodosing.com\/it\/funghi-medicinali\/chaga-inonotus-obliquus-120-caps\/#primaryimage\"},\"thumbnailUrl\":\"https:\/\/dutchmicrodosing.com\/wp-content\/uploads\/2021\/03\/Chaga-2-1.jpg\",\"datePublished\":\"2021-03-22T18:28:28+00:00\",\"dateModified\":\"2025-09-23T16:51:59+00:00\",\"breadcrumb\":{\"@id\":\"https:\/\/dutchmicrodosing.com\/it\/funghi-medicinali\/chaga-inonotus-obliquus-120-caps\/#breadcrumb\"},\"inLanguage\":\"it-IT\",\"potentialAction\":[{\"@type\":\"ReadAction\",\"target\":[\"https:\/\/dutchmicrodosing.com\/it\/funghi-medicinali\/chaga-inonotus-obliquus-120-caps\/\"]}]},{\"@type\":\"ImageObject\",\"inLanguage\":\"it-IT\",\"@id\":\"https:\/\/dutchmicrodosing.com\/it\/funghi-medicinali\/chaga-inonotus-obliquus-120-caps\/#primaryimage\",\"url\":\"https:\/\/dutchmicrodosing.com\/wp-content\/uploads\/2021\/03\/Chaga-2-1.jpg\",\"contentUrl\":\"https:\/\/dutchmicrodosing.com\/wp-content\/uploads\/2021\/03\/Chaga-2-1.jpg\",\"width\":1000,\"height\":1000},{\"@type\":\"BreadcrumbList\",\"@id\":\"https:\/\/dutchmicrodosing.com\/it\/funghi-medicinali\/chaga-inonotus-obliquus-120-caps\/#breadcrumb\",\"itemListElement\":[{\"@type\":\"ListItem\",\"position\":1,\"name\":\"Home\",\"item\":\"https:\/\/dutchmicrodosing.com\/it\/\"},{\"@type\":\"ListItem\",\"position\":2,\"name\":\"Negozio\",\"item\":\"https:\/\/dutchmicrodosing.com\/it\/negozio\/\"},{\"@type\":\"ListItem\",\"position\":3,\"name\":\"Chaga (Inonotus Obliquus)-120 Caps\"}]},{\"@type\":\"WebSite\",\"@id\":\"https:\/\/dutchmicrodosing.com\/it\/#website\",\"url\":\"https:\/\/dutchmicrodosing.com\/it\/\",\"name\":\"Dutchmicrodosing\",\"description\":\"\",\"publisher\":{\"@id\":\"https:\/\/dutchmicrodosing.com\/it\/#organization\"},\"potentialAction\":[{\"@type\":\"SearchAction\",\"target\":{\"@type\":\"EntryPoint\",\"urlTemplate\":\"https:\/\/dutchmicrodosing.com\/it\/?s={search_term_string}\"},\"query-input\":{\"@type\":\"PropertyValueSpecification\",\"valueRequired\":true,\"valueName\":\"search_term_string\"}}],\"inLanguage\":\"it-IT\"},{\"@type\":\"Organization\",\"@id\":\"https:\/\/dutchmicrodosing.com\/it\/#organization\",\"name\":\"Dutchmicrodosing\",\"url\":\"https:\/\/dutchmicrodosing.com\/it\/\",\"logo\":{\"@type\":\"ImageObject\",\"inLanguage\":\"it-IT\",\"@id\":\"https:\/\/dutchmicrodosing.com\/it\/#\/schema\/logo\/image\/\",\"url\":\"https:\/\/dutchmicrodosing.com\/wp-content\/uploads\/2021\/01\/microdosing-categorie-pic-nieuw.jpg\",\"contentUrl\":\"https:\/\/dutchmicrodosing.com\/wp-content\/uploads\/2021\/01\/microdosing-categorie-pic-nieuw.jpg\",\"width\":500,\"height\":500,\"caption\":\"Dutchmicrodosing\"},\"image\":{\"@id\":\"https:\/\/dutchmicrodosing.com\/it\/#\/schema\/logo\/image\/\"},\"sameAs\":[\"https:\/\/www.facebook.com\/Dutchmicrodosingxp\/\",\"https:\/\/www.instagram.com\/dutchmicrodosing\/\"]}]}<\/script>\n<meta property=\"product:price:amount\" content=\"34.95\" \/>\n<meta property=\"product:price:currency\" content=\"EUR\" \/>\n<meta property=\"og:availability\" content=\"instock\" \/>\n<meta property=\"product:availability\" content=\"instock\" \/>\n<meta property=\"product:retailer_item_id\" content=\"1203167\" \/>\n<meta property=\"product:condition\" content=\"new\" \/>\n<!-- \/ Yoast SEO Premium plugin. -->","yoast_head_json":{"title":"Chaga (Inonotus Obliquus)-120 Caps - Dutchmicrodosing","robots":{"index":"index","follow":"follow","max-snippet":"max-snippet:-1","max-image-preview":"max-image-preview:large","max-video-preview":"max-video-preview:-1"},"canonical":"https:\/\/dutchmicrodosing.com\/it\/funghi-medicinali\/chaga-inonotus-obliquus-120-caps\/","og_locale":"it_IT","og_type":"article","og_title":"Chaga (Inonotus Obliquus)-120 Caps","og_description":"I funghi possono aiutare a migliorare la tua salute e Chaga come integratore dovrebbe sicuramente essere incluso nel tuo armadietto dei medicinali. Questo","og_url":"https:\/\/dutchmicrodosing.com\/it\/funghi-medicinali\/chaga-inonotus-obliquus-120-caps\/","og_site_name":"Dutchmicrodosing","article_publisher":"https:\/\/www.facebook.com\/Dutchmicrodosingxp\/","article_modified_time":"2025-09-23T16:51:59+00:00","og_image":[{"width":1000,"height":1000,"url":"https:\/\/dutchmicrodosing.com\/wp-content\/uploads\/2021\/03\/Chaga-2-1.jpg","type":"image\/jpeg"}],"twitter_card":"summary_large_image","schema":{"@context":"https:\/\/schema.org","@graph":[{"@type":"WebPage","@id":"https:\/\/dutchmicrodosing.com\/it\/funghi-medicinali\/chaga-inonotus-obliquus-120-caps\/","url":"https:\/\/dutchmicrodosing.com\/it\/funghi-medicinali\/chaga-inonotus-obliquus-120-caps\/","name":"Chaga (Inonotus Obliquus)-120 Caps - Dutchmicrodosing","isPartOf":{"@id":"https:\/\/dutchmicrodosing.com\/it\/#website"},"primaryImageOfPage":{"@id":"https:\/\/dutchmicrodosing.com\/it\/funghi-medicinali\/chaga-inonotus-obliquus-120-caps\/#primaryimage"},"image":{"@id":"https:\/\/dutchmicrodosing.com\/it\/funghi-medicinali\/chaga-inonotus-obliquus-120-caps\/#primaryimage"},"thumbnailUrl":"https:\/\/dutchmicrodosing.com\/wp-content\/uploads\/2021\/03\/Chaga-2-1.jpg","datePublished":"2021-03-22T18:28:28+00:00","dateModified":"2025-09-23T16:51:59+00:00","breadcrumb":{"@id":"https:\/\/dutchmicrodosing.com\/it\/funghi-medicinali\/chaga-inonotus-obliquus-120-caps\/#breadcrumb"},"inLanguage":"it-IT","potentialAction":[{"@type":"ReadAction","target":["https:\/\/dutchmicrodosing.com\/it\/funghi-medicinali\/chaga-inonotus-obliquus-120-caps\/"]}]},{"@type":"ImageObject","inLanguage":"it-IT","@id":"https:\/\/dutchmicrodosing.com\/it\/funghi-medicinali\/chaga-inonotus-obliquus-120-caps\/#primaryimage","url":"https:\/\/dutchmicrodosing.com\/wp-content\/uploads\/2021\/03\/Chaga-2-1.jpg","contentUrl":"https:\/\/dutchmicrodosing.com\/wp-content\/uploads\/2021\/03\/Chaga-2-1.jpg","width":1000,"height":1000},{"@type":"BreadcrumbList","@id":"https:\/\/dutchmicrodosing.com\/it\/funghi-medicinali\/chaga-inonotus-obliquus-120-caps\/#breadcrumb","itemListElement":[{"@type":"ListItem","position":1,"name":"Home","item":"https:\/\/dutchmicrodosing.com\/it\/"},{"@type":"ListItem","position":2,"name":"Negozio","item":"https:\/\/dutchmicrodosing.com\/it\/negozio\/"},{"@type":"ListItem","position":3,"name":"Chaga (Inonotus Obliquus)-120 Caps"}]},{"@type":"WebSite","@id":"https:\/\/dutchmicrodosing.com\/it\/#website","url":"https:\/\/dutchmicrodosing.com\/it\/","name":"Dutchmicrodosing","description":"","publisher":{"@id":"https:\/\/dutchmicrodosing.com\/it\/#organization"},"potentialAction":[{"@type":"SearchAction","target":{"@type":"EntryPoint","urlTemplate":"https:\/\/dutchmicrodosing.com\/it\/?s={search_term_string}"},"query-input":{"@type":"PropertyValueSpecification","valueRequired":true,"valueName":"search_term_string"}}],"inLanguage":"it-IT"},{"@type":"Organization","@id":"https:\/\/dutchmicrodosing.com\/it\/#organization","name":"Dutchmicrodosing","url":"https:\/\/dutchmicrodosing.com\/it\/","logo":{"@type":"ImageObject","inLanguage":"it-IT","@id":"https:\/\/dutchmicrodosing.com\/it\/#\/schema\/logo\/image\/","url":"https:\/\/dutchmicrodosing.com\/wp-content\/uploads\/2021\/01\/microdosing-categorie-pic-nieuw.jpg","contentUrl":"https:\/\/dutchmicrodosing.com\/wp-content\/uploads\/2021\/01\/microdosing-categorie-pic-nieuw.jpg","width":500,"height":500,"caption":"Dutchmicrodosing"},"image":{"@id":"https:\/\/dutchmicrodosing.com\/it\/#\/schema\/logo\/image\/"},"sameAs":["https:\/\/www.facebook.com\/Dutchmicrodosingxp\/","https:\/\/www.instagram.com\/dutchmicrodosing\/"]}]},"product_price_amount":"34.95","product_price_currency":"EUR","og_availability":"instock","product_availability":"instock","product_retailer_item_id":"1203167","product_condition":"new"},"_links":{"self":[{"href":"https:\/\/dutchmicrodosing.com\/it\/wp-json\/wp\/v2\/product\/6858","targetHints":{"allow":["GET"]}}],"collection":[{"href":"https:\/\/dutchmicrodosing.com\/it\/wp-json\/wp\/v2\/product"}],"about":[{"href":"https:\/\/dutchmicrodosing.com\/it\/wp-json\/wp\/v2\/types\/product"}],"replies":[{"embeddable":true,"href":"https:\/\/dutchmicrodosing.com\/it\/wp-json\/wp\/v2\/comments?post=6858"}],"version-history":[{"count":0,"href":"https:\/\/dutchmicrodosing.com\/it\/wp-json\/wp\/v2\/product\/6858\/revisions"}],"wp:featuredmedia":[{"embeddable":true,"href":"https:\/\/dutchmicrodosing.com\/it\/wp-json\/wp\/v2\/media\/6752"}],"wp:attachment":[{"href":"https:\/\/dutchmicrodosing.com\/it\/wp-json\/wp\/v2\/media?parent=6858"}],"wp:term":[{"taxonomy":"product_brand","embeddable":true,"href":"https:\/\/dutchmicrodosing.com\/it\/wp-json\/wp\/v2\/product_brand?post=6858"},{"taxonomy":"product_cat","embeddable":true,"href":"https:\/\/dutchmicrodosing.com\/it\/wp-json\/wp\/v2\/product_cat?post=6858"},{"taxonomy":"product_tag","embeddable":true,"href":"https:\/\/dutchmicrodosing.com\/it\/wp-json\/wp\/v2\/product_tag?post=6858"}],"curies":[{"name":"wp","href":"https:\/\/api.w.org\/{rel}","templated":true}]}}