{"id":6859,"date":"2021-03-22T19:24:18","date_gmt":"2021-03-22T18:24:18","guid":{"rendered":"https:\/\/dutchmicrodosing.com\/shop\/senza-categoria\/reishi-ganoderma-lucidum-120-caps\/"},"modified":"2025-09-27T19:38:01","modified_gmt":"2025-09-27T17:38:01","slug":"reishi-ganoderma-lucidum-120-capsule","status":"publish","type":"product","link":"https:\/\/dutchmicrodosing.com\/it\/funghi-medicinali\/reishi-ganoderma-lucidum-120-capsule\/","title":{"rendered":"Reishi (Ganoderma Lucidum)-120 Caps"},"content":{"rendered":"<p>Il Reishi, conosciuto anche come fungo laccato giapponese, \u00e8 un fungo conosciuto in Estremo Oriente per le sue propriet\u00e0 medicinali. Non per niente \u00e8 soprannominato il Fungo Divino dell&#8217;Immortalit\u00e0. E che questo non \u00e8 esagerato, si pu\u00f2 vedere dal fatto che si pu\u00f2 beneficiare del Reishi per i disturbi da stress, asma, cancro e stanchezza.<\/p>\n<p>Con il Reishi di McMyco come integratore, puoi beneficiare dei molti preziosi composti di questo fungo. Sostieni la tua salute fisica e mentale con il Reishi.<\/p>\n<h2>I benefici del Reishi<\/h2>\n<p>Il fungo dall&#8217;aspetto un po&#8217; lucido ama crescere nel calore umido e si trova principalmente nelle regioni subtropicali. Pu\u00f2 crescere su una variet\u00e0 di alberi, ma preferisce gli alberi di prugna. Reishi \u00e8 tradizionalmente usato per sostenere la resistenza, quindi con infezioni, infiammazioni e disturbi allergici. Con un integratore di Reishi puoi dare una spinta alla tua resistenza.<\/p>\n<p>Il Reishi pu\u00f2 anche avere propriet\u00e0 anticancro e pu\u00f2 essere usato per sostenere il fegato. Puoi anche prendere questo integratore per i disturbi mentali. Pu\u00f2 aiutare con l&#8217;irrequietezza, lo stress e la dimenticanza. Il Reishi di McMyco pu\u00f2 essere usato con:<\/p>\n<ul>\n<li>Infezioni e infiammazioni (anche con malattie autoimmuni e reazioni allergiche)<\/li>\n<li>Cancro<\/li>\n<li>Lamentele causate dallo stress<\/li>\n<li>Depressione<\/li>\n<li>Fatica<\/li>\n<li>Per un cuore e dei vasi sanguigni sani<\/li>\n<\/ul>\n<h2>Gli effetti del Reishi<\/h2>\n<h3>Reishi con stress<\/h3>\n<p>Lo stress ha un forte impatto negativo sul nostro corpo e sulla nostra mente. Lo stress prolungato causa un aumento degli ormoni dello stress, e di conseguenza anche la pressione sanguigna pu\u00f2 aumentare. Inoltre, lo stress ha un impatto negativo sul funzionamento degli organi, la resistenza e la digestione. Mentalmente ci si sente tesi, si pu\u00f2 soffrire di ponderazione e a causa di tutto questo non si dorme bene. Spesso si \u00e8 ansiosi e si pu\u00f2 anche diventare depressi.<\/p>\n<p>In questo tipo di circostanze, il Reishi pu\u00f2 essere utile. Le sostanze di questo fungo hanno un effetto adattogeno. Questo significa che lavorano ovunque ci sia un bisogno. Quindi puoi usare un integratore come il Reishi per ridurre gli effetti dello stress e ritrovare l&#8217;equilibrio. Il Reishi pu\u00f2 aiutare ad abbassare la pressione sanguigna se \u00e8 troppo alta e migliora il trasporto di ossigeno attraverso il corpo. La ricerca mostra anche che questo fungo pu\u00f2 migliorare l&#8217;umore. Questo vi aiuter\u00e0 ad affrontare i periodi stressanti della vostra vita.<\/p>\n<h3>Le possibilit\u00e0 con il cancro<\/h3>\n<p>Il Reishi contiene sostanze che aumentano l&#8217;attivit\u00e0 delle cellule killer che si trovano naturalmente nel tuo corpo. Queste cellule sono responsabili dell&#8217;eliminazione delle cellule cancerose. Inoltre, il Reishi provoca il processo di angiogenesi nei tessuti cancerosi. L&#8217;angiogenesi significa che i tumori non possono formare vasi sanguigni, il che ha l&#8217;effetto di inibire la crescita.<\/p>\n<p>Nel cancro al seno, il Japanese Lacquer Fungus potrebbe prevenire le metastasi. Questo impedisce alle cellule cancerose di diffondersi in tutto il corpo. Pu\u00f2 anche causare la morte cellulare delle cellule tumorali. La ricerca mostra che il Reishi pu\u00f2 dare buoni risultati nel cancro alla prostata, al seno e al colon. Questo fungo pu\u00f2 anche essere preso per ridurre gli effetti collaterali della chemioterapia.<\/p>\n<h3>In caso di infiammazione<\/h3>\n<p>Il Reishi di McMyco \u00e8 un buon rimedio naturale per l&#8217;infiammazione. \u00c8 ricco di triterpeni che hanno un effetto antinfiammatorio. Quindi, per molte condizioni in cui l&#8217;infiammazione \u00e8 la causa sottostante, si potrebbe prendere il Reishi. Pensate alla cistite, alla fibromialgia, alle gengive infiammate o ai reumatismi.<\/p>\n<h3>Reishi per la fatica<\/h3>\n<p>Per le persone che sono spesso stanche e sperimentano una mancanza di energia, il Reishi potrebbe essere una soluzione. Pu\u00f2 aiutare a dormire bene e aumenta il senso di benessere. La ricerca dimostra che pu\u00f2 anche avere un effetto positivo sull&#8217;umore.<\/p>\n<h2>Comprare Reishi<\/h2>\n<p>Se vuoi provare il Reishi, le capsule di Reishi di McMyco sono ideali. Le capsule contengono un estratto di Reishi a spettro completo. L&#8217;uso del Reishi \u00e8 molto sicuro. Potrebbero verificarsi lievi disturbi digestivi. Le donne incinte e che allattano dovrebbero essere caute nell&#8217;uso del Reishi, poich\u00e9 gli effetti collaterali non sono ancora stati adeguatamente studiati. Se vuoi usare il Reishi, ordina rapidamente questo integratore naturale per sostenere la tua salute.<\/p>\n<p><strong>Ingredienti:<\/strong><\/p>\n<p>Per capsula vegetale: 400 mg di estratto organico di reishi (ganoderma lucidum) dal 100% di corpo fruttifero (fungo). \u00c8 un estratto completo ottenuto per mezzo di H2O ed etanolo. Questo per ottenere il massimo dai corpi fruttiferi. Contiene il 30% di polisaccaridi e beta-glucani.<\/p>\n<p>Eccipienti: citrato di magnesio e diossido di silicio<br \/>\nDosaggio: 2 volte al giorno 1 capsula durante i pasti con acqua.<br \/>\nContenuto: 120 capsule<br \/>\nConsigli per la conservazione: Conservare in un luogo fresco e buio<\/p>\n","protected":false},"excerpt":{"rendered":"<p>Il Reishi, conosciuto anche come fungo laccato giapponese, \u00e8 un fungo conosciuto in Estremo Oriente per le sue propriet\u00e0 medicinali. Non per niente \u00e8 soprannominato il Fungo Divino dell&#8217;Immortalit\u00e0. E che questo non \u00e8 esagerato, si pu\u00f2 vedere dal fatto che si pu\u00f2 beneficiare del Reishi per i disturbi da stress, asma, cancro e stanchezza. [&hellip;]<\/p>\n","protected":false},"featured_media":6753,"comment_status":"open","ping_status":"closed","template":"","meta":[],"product_brand":[],"product_cat":[175,295,296],"product_tag":[],"class_list":{"0":"post-6859","1":"product","2":"type-product","3":"status-publish","4":"has-post-thumbnail","6":"product_cat-funghi-medicinali","7":"product_cat-integratori-energetici","8":"product_cat-integratori-per-il-sistema-immunitario","10":"first","11":"instock","12":"taxable","13":"shipping-taxable","14":"purchasable","15":"product-type-simple"},"yoast_head":"<!-- This site is optimized with the Yoast SEO Premium plugin v26.4 (Yoast SEO v27.4) - https:\/\/yoast.com\/product\/yoast-seo-premium-wordpress\/ -->\n<title>Reishi (Ganoderma Lucidum)-120 Caps - Dutchmicrodosing<\/title>\n<meta name=\"robots\" content=\"index, follow, max-snippet:-1, max-image-preview:large, max-video-preview:-1\" \/>\n<link rel=\"canonical\" href=\"https:\/\/dutchmicrodosing.com\/it\/funghi-medicinali\/reishi-ganoderma-lucidum-120-capsule\/\" \/>\n<meta property=\"og:locale\" content=\"it_IT\" \/>\n<meta property=\"og:type\" content=\"article\" \/>\n<meta property=\"og:title\" content=\"Reishi (Ganoderma Lucidum)-120 Caps\" \/>\n<meta property=\"og:description\" content=\"Il Reishi, conosciuto anche come fungo laccato giapponese, \u00e8 un fungo conosciuto in Estremo Oriente per le sue propriet\u00e0 medicinali. Non per niente \u00e8\" \/>\n<meta property=\"og:url\" content=\"https:\/\/dutchmicrodosing.com\/it\/funghi-medicinali\/reishi-ganoderma-lucidum-120-capsule\/\" \/>\n<meta property=\"og:site_name\" content=\"Dutchmicrodosing\" \/>\n<meta property=\"article:publisher\" content=\"https:\/\/www.facebook.com\/Dutchmicrodosingxp\/\" \/>\n<meta property=\"article:modified_time\" content=\"2025-09-27T17:38:01+00:00\" \/>\n<meta property=\"og:image\" content=\"https:\/\/dutchmicrodosing.com\/wp-content\/uploads\/2021\/03\/Reishi-2.jpg\" \/>\n\t<meta property=\"og:image:width\" content=\"1000\" \/>\n\t<meta property=\"og:image:height\" content=\"1000\" \/>\n\t<meta property=\"og:image:type\" content=\"image\/jpeg\" \/>\n<meta name=\"twitter:card\" content=\"summary_large_image\" \/>\n<script type=\"application\/ld+json\" class=\"yoast-schema-graph\">{\"@context\":\"https:\\\/\\\/schema.org\",\"@graph\":[{\"@type\":\"WebPage\",\"@id\":\"https:\\\/\\\/dutchmicrodosing.com\\\/it\\\/funghi-medicinali\\\/reishi-ganoderma-lucidum-120-capsule\\\/\",\"url\":\"https:\\\/\\\/dutchmicrodosing.com\\\/it\\\/funghi-medicinali\\\/reishi-ganoderma-lucidum-120-capsule\\\/\",\"name\":\"Reishi (Ganoderma Lucidum)-120 Caps - Dutchmicrodosing\",\"isPartOf\":{\"@id\":\"https:\\\/\\\/dutchmicrodosing.com\\\/it\\\/#website\"},\"primaryImageOfPage\":{\"@id\":\"https:\\\/\\\/dutchmicrodosing.com\\\/it\\\/funghi-medicinali\\\/reishi-ganoderma-lucidum-120-capsule\\\/#primaryimage\"},\"image\":{\"@id\":\"https:\\\/\\\/dutchmicrodosing.com\\\/it\\\/funghi-medicinali\\\/reishi-ganoderma-lucidum-120-capsule\\\/#primaryimage\"},\"thumbnailUrl\":\"https:\\\/\\\/dutchmicrodosing.com\\\/wp-content\\\/uploads\\\/2021\\\/03\\\/Reishi-2.jpg\",\"datePublished\":\"2021-03-22T18:24:18+00:00\",\"dateModified\":\"2025-09-27T17:38:01+00:00\",\"breadcrumb\":{\"@id\":\"https:\\\/\\\/dutchmicrodosing.com\\\/it\\\/funghi-medicinali\\\/reishi-ganoderma-lucidum-120-capsule\\\/#breadcrumb\"},\"inLanguage\":\"it-IT\",\"potentialAction\":[{\"@type\":\"ReadAction\",\"target\":[\"https:\\\/\\\/dutchmicrodosing.com\\\/it\\\/funghi-medicinali\\\/reishi-ganoderma-lucidum-120-capsule\\\/\"]}]},{\"@type\":\"ImageObject\",\"inLanguage\":\"it-IT\",\"@id\":\"https:\\\/\\\/dutchmicrodosing.com\\\/it\\\/funghi-medicinali\\\/reishi-ganoderma-lucidum-120-capsule\\\/#primaryimage\",\"url\":\"https:\\\/\\\/dutchmicrodosing.com\\\/wp-content\\\/uploads\\\/2021\\\/03\\\/Reishi-2.jpg\",\"contentUrl\":\"https:\\\/\\\/dutchmicrodosing.com\\\/wp-content\\\/uploads\\\/2021\\\/03\\\/Reishi-2.jpg\",\"width\":1000,\"height\":1000},{\"@type\":\"BreadcrumbList\",\"@id\":\"https:\\\/\\\/dutchmicrodosing.com\\\/it\\\/funghi-medicinali\\\/reishi-ganoderma-lucidum-120-capsule\\\/#breadcrumb\",\"itemListElement\":[{\"@type\":\"ListItem\",\"position\":1,\"name\":\"Home\",\"item\":\"https:\\\/\\\/dutchmicrodosing.com\\\/it\\\/\"},{\"@type\":\"ListItem\",\"position\":2,\"name\":\"Negozio\",\"item\":\"https:\\\/\\\/dutchmicrodosing.com\\\/it\\\/negozio\\\/\"},{\"@type\":\"ListItem\",\"position\":3,\"name\":\"Reishi (Ganoderma Lucidum)-120 Caps\"}]},{\"@type\":\"WebSite\",\"@id\":\"https:\\\/\\\/dutchmicrodosing.com\\\/it\\\/#website\",\"url\":\"https:\\\/\\\/dutchmicrodosing.com\\\/it\\\/\",\"name\":\"Dutchmicrodosing\",\"description\":\"\",\"publisher\":{\"@id\":\"https:\\\/\\\/dutchmicrodosing.com\\\/it\\\/#organization\"},\"potentialAction\":[{\"@type\":\"SearchAction\",\"target\":{\"@type\":\"EntryPoint\",\"urlTemplate\":\"https:\\\/\\\/dutchmicrodosing.com\\\/it\\\/?s={search_term_string}\"},\"query-input\":{\"@type\":\"PropertyValueSpecification\",\"valueRequired\":true,\"valueName\":\"search_term_string\"}}],\"inLanguage\":\"it-IT\"},{\"@type\":\"Organization\",\"@id\":\"https:\\\/\\\/dutchmicrodosing.com\\\/it\\\/#organization\",\"name\":\"Dutchmicrodosing\",\"url\":\"https:\\\/\\\/dutchmicrodosing.com\\\/it\\\/\",\"logo\":{\"@type\":\"ImageObject\",\"inLanguage\":\"it-IT\",\"@id\":\"https:\\\/\\\/dutchmicrodosing.com\\\/it\\\/#\\\/schema\\\/logo\\\/image\\\/\",\"url\":\"https:\\\/\\\/dutchmicrodosing.com\\\/wp-content\\\/uploads\\\/2021\\\/01\\\/microdosing-categorie-pic-nieuw.jpg\",\"contentUrl\":\"https:\\\/\\\/dutchmicrodosing.com\\\/wp-content\\\/uploads\\\/2021\\\/01\\\/microdosing-categorie-pic-nieuw.jpg\",\"width\":500,\"height\":500,\"caption\":\"Dutchmicrodosing\"},\"image\":{\"@id\":\"https:\\\/\\\/dutchmicrodosing.com\\\/it\\\/#\\\/schema\\\/logo\\\/image\\\/\"},\"sameAs\":[\"https:\\\/\\\/www.facebook.com\\\/Dutchmicrodosingxp\\\/\",\"https:\\\/\\\/www.instagram.com\\\/dutchmicrodosing\\\/\"]}]}<\/script>\n<meta property=\"product:price:amount\" content=\"34.95\" \/>\n<meta property=\"product:price:currency\" content=\"EUR\" \/>\n<meta property=\"og:availability\" content=\"instock\" \/>\n<meta property=\"product:availability\" content=\"instock\" \/>\n<meta property=\"product:retailer_item_id\" content=\"1203562\" \/>\n<meta property=\"product:condition\" content=\"new\" \/>\n<!-- \/ Yoast SEO Premium plugin. -->","yoast_head_json":{"title":"Reishi (Ganoderma Lucidum)-120 Caps - Dutchmicrodosing","robots":{"index":"index","follow":"follow","max-snippet":"max-snippet:-1","max-image-preview":"max-image-preview:large","max-video-preview":"max-video-preview:-1"},"canonical":"https:\/\/dutchmicrodosing.com\/it\/funghi-medicinali\/reishi-ganoderma-lucidum-120-capsule\/","og_locale":"it_IT","og_type":"article","og_title":"Reishi (Ganoderma Lucidum)-120 Caps","og_description":"Il Reishi, conosciuto anche come fungo laccato giapponese, \u00e8 un fungo conosciuto in Estremo Oriente per le sue propriet\u00e0 medicinali. Non per niente \u00e8","og_url":"https:\/\/dutchmicrodosing.com\/it\/funghi-medicinali\/reishi-ganoderma-lucidum-120-capsule\/","og_site_name":"Dutchmicrodosing","article_publisher":"https:\/\/www.facebook.com\/Dutchmicrodosingxp\/","article_modified_time":"2025-09-27T17:38:01+00:00","og_image":[{"width":1000,"height":1000,"url":"https:\/\/dutchmicrodosing.com\/wp-content\/uploads\/2021\/03\/Reishi-2.jpg","type":"image\/jpeg"}],"twitter_card":"summary_large_image","schema":{"@context":"https:\/\/schema.org","@graph":[{"@type":"WebPage","@id":"https:\/\/dutchmicrodosing.com\/it\/funghi-medicinali\/reishi-ganoderma-lucidum-120-capsule\/","url":"https:\/\/dutchmicrodosing.com\/it\/funghi-medicinali\/reishi-ganoderma-lucidum-120-capsule\/","name":"Reishi (Ganoderma Lucidum)-120 Caps - Dutchmicrodosing","isPartOf":{"@id":"https:\/\/dutchmicrodosing.com\/it\/#website"},"primaryImageOfPage":{"@id":"https:\/\/dutchmicrodosing.com\/it\/funghi-medicinali\/reishi-ganoderma-lucidum-120-capsule\/#primaryimage"},"image":{"@id":"https:\/\/dutchmicrodosing.com\/it\/funghi-medicinali\/reishi-ganoderma-lucidum-120-capsule\/#primaryimage"},"thumbnailUrl":"https:\/\/dutchmicrodosing.com\/wp-content\/uploads\/2021\/03\/Reishi-2.jpg","datePublished":"2021-03-22T18:24:18+00:00","dateModified":"2025-09-27T17:38:01+00:00","breadcrumb":{"@id":"https:\/\/dutchmicrodosing.com\/it\/funghi-medicinali\/reishi-ganoderma-lucidum-120-capsule\/#breadcrumb"},"inLanguage":"it-IT","potentialAction":[{"@type":"ReadAction","target":["https:\/\/dutchmicrodosing.com\/it\/funghi-medicinali\/reishi-ganoderma-lucidum-120-capsule\/"]}]},{"@type":"ImageObject","inLanguage":"it-IT","@id":"https:\/\/dutchmicrodosing.com\/it\/funghi-medicinali\/reishi-ganoderma-lucidum-120-capsule\/#primaryimage","url":"https:\/\/dutchmicrodosing.com\/wp-content\/uploads\/2021\/03\/Reishi-2.jpg","contentUrl":"https:\/\/dutchmicrodosing.com\/wp-content\/uploads\/2021\/03\/Reishi-2.jpg","width":1000,"height":1000},{"@type":"BreadcrumbList","@id":"https:\/\/dutchmicrodosing.com\/it\/funghi-medicinali\/reishi-ganoderma-lucidum-120-capsule\/#breadcrumb","itemListElement":[{"@type":"ListItem","position":1,"name":"Home","item":"https:\/\/dutchmicrodosing.com\/it\/"},{"@type":"ListItem","position":2,"name":"Negozio","item":"https:\/\/dutchmicrodosing.com\/it\/negozio\/"},{"@type":"ListItem","position":3,"name":"Reishi (Ganoderma Lucidum)-120 Caps"}]},{"@type":"WebSite","@id":"https:\/\/dutchmicrodosing.com\/it\/#website","url":"https:\/\/dutchmicrodosing.com\/it\/","name":"Dutchmicrodosing","description":"","publisher":{"@id":"https:\/\/dutchmicrodosing.com\/it\/#organization"},"potentialAction":[{"@type":"SearchAction","target":{"@type":"EntryPoint","urlTemplate":"https:\/\/dutchmicrodosing.com\/it\/?s={search_term_string}"},"query-input":{"@type":"PropertyValueSpecification","valueRequired":true,"valueName":"search_term_string"}}],"inLanguage":"it-IT"},{"@type":"Organization","@id":"https:\/\/dutchmicrodosing.com\/it\/#organization","name":"Dutchmicrodosing","url":"https:\/\/dutchmicrodosing.com\/it\/","logo":{"@type":"ImageObject","inLanguage":"it-IT","@id":"https:\/\/dutchmicrodosing.com\/it\/#\/schema\/logo\/image\/","url":"https:\/\/dutchmicrodosing.com\/wp-content\/uploads\/2021\/01\/microdosing-categorie-pic-nieuw.jpg","contentUrl":"https:\/\/dutchmicrodosing.com\/wp-content\/uploads\/2021\/01\/microdosing-categorie-pic-nieuw.jpg","width":500,"height":500,"caption":"Dutchmicrodosing"},"image":{"@id":"https:\/\/dutchmicrodosing.com\/it\/#\/schema\/logo\/image\/"},"sameAs":["https:\/\/www.facebook.com\/Dutchmicrodosingxp\/","https:\/\/www.instagram.com\/dutchmicrodosing\/"]}]},"product_price_amount":"34.95","product_price_currency":"EUR","og_availability":"instock","product_availability":"instock","product_retailer_item_id":"1203562","product_condition":"new"},"_links":{"self":[{"href":"https:\/\/dutchmicrodosing.com\/it\/wp-json\/wp\/v2\/product\/6859","targetHints":{"allow":["GET"]}}],"collection":[{"href":"https:\/\/dutchmicrodosing.com\/it\/wp-json\/wp\/v2\/product"}],"about":[{"href":"https:\/\/dutchmicrodosing.com\/it\/wp-json\/wp\/v2\/types\/product"}],"replies":[{"embeddable":true,"href":"https:\/\/dutchmicrodosing.com\/it\/wp-json\/wp\/v2\/comments?post=6859"}],"version-history":[{"count":0,"href":"https:\/\/dutchmicrodosing.com\/it\/wp-json\/wp\/v2\/product\/6859\/revisions"}],"wp:featuredmedia":[{"embeddable":true,"href":"https:\/\/dutchmicrodosing.com\/it\/wp-json\/wp\/v2\/media\/6753"}],"wp:attachment":[{"href":"https:\/\/dutchmicrodosing.com\/it\/wp-json\/wp\/v2\/media?parent=6859"}],"wp:term":[{"taxonomy":"product_brand","embeddable":true,"href":"https:\/\/dutchmicrodosing.com\/it\/wp-json\/wp\/v2\/product_brand?post=6859"},{"taxonomy":"product_cat","embeddable":true,"href":"https:\/\/dutchmicrodosing.com\/it\/wp-json\/wp\/v2\/product_cat?post=6859"},{"taxonomy":"product_tag","embeddable":true,"href":"https:\/\/dutchmicrodosing.com\/it\/wp-json\/wp\/v2\/product_tag?post=6859"}],"curies":[{"name":"wp","href":"https:\/\/api.w.org\/{rel}","templated":true}]}}