{"id":6860,"date":"2021-03-08T17:17:37","date_gmt":"2021-06-07T20:35:26","guid":{"rendered":"https:\/\/dutchmicrodosing.com\/shop\/senza-categoria\/xp-cambogiano\/"},"modified":"2024-01-16T14:54:48","modified_gmt":"2024-01-16T13:54:48","slug":"cambodian-xp","status":"publish","type":"product","link":"https:\/\/dutchmicrodosing.com\/it\/funghi-allucinogeni\/kit-per-la-coltivazione-fresh-mushrooms\/cambodian-xp\/","title":{"rendered":"XP cambogiano"},"content":{"rendered":"<p>Per un viaggio medio forte con lezioni filosofiche scegliete il <strong>growkit Fresh Mushrooms CAMBODIA XP.<\/strong> Hai gi\u00e0 usato i funghi magici e stai cercando qualcosa di pi\u00f9? Allora sei pronto per il cambogiano. Gli effetti psichedelici sono mediamente forti e ben bilanciati. Questo li rende adatti ai principianti e agli psiconauti pi\u00f9 esperti.<\/p>\n<h2>Coltiva i tuoi funghi cambogiani in casa<\/h2>\n<p>Con un growkit puoi coltivare i tuoi funghi cambogiani a casa tua. Non \u00e8 difficile, soprattutto se si sceglie il kit di coltivazione dei funghi freschi. Rende facile la coltivazione dei funghi. Inoltre, il Psilocybe Cubensis Cambodian \u00e8 un fungo magico molto resistente, che cresce velocemente e quasi sempre emerge. Nel growkit troverete tutto il necessario per iniziare la vostra coltivazione. Se avete intenzione di usare i funghi magici, allora avrete sicuramente un&#8217;esperienza meravigliosa. Ci sono effetti visivi possibili, ma l&#8217;effetto influenzer\u00e0 anche il vostro pensiero, facendovi avere riflessioni filosofiche sulla vita.<\/p>\n<h2>Effetti dei funghi magici cambogiani<\/h2>\n<p>I funghi cambogiani possono causare allucinazioni visive. Gli utenti notano effetti di luce, i colori sono pi\u00f9 brillanti e a volte gli oggetti sono distorti. Questi effetti visivi possono essere descritti come lievi. Potresti anche iniziare a sentire i suoni in modo diverso. Ma i funghi magici cambogiani sono particolarmente noti per la loro influenza filosofica: spesso accade che le persone ottengano intuizioni speciali, su se stessi o sulla vita. Ti senti creativo e ispirato.<\/p>\n<p>Si pu\u00f2 anche perdere la cognizione del tempo. Inoltre, questo fungo magico pu\u00f2 dare una sensazione di euforia. \u00c8 anche possibile che tu abbia problemi a parlare, il che significa che non riesci a pronunciare bene le parole e le frasi. Il fungo cambogiano \u00e8 mediamente forte e lo consigliamo a persone che sono gi\u00e0 inciampate una o due volte.<\/p>\n<h2>Il fungo cambogiano: da dove viene?<\/h2>\n<p>Il fungo cambogiano \u00e8 originario della Cambogia ed \u00e8 stato trovato per la prima volta dal micologo John Allen durante un viaggio in questo paese. Ha trovato il fungo vicino al famoso tempio di Angkor Watt. Nonostante il fatto che il mondo occidentale ha conosciuto solo gli effetti di espansione della mente, la popolazione originaria sapeva molto bene che tipo di propriet\u00e0 ha il fungo. L&#8217;hanno usato per secoli durante i rituali per entrare in contatto con gli spiriti.<\/p>\n<h2>Kit di coltivazione manuale cambogiano<\/h2>\n<p><a href=\"https:\/\/dutchmicrodosing.com\/it\/manuale_crescita\/\">Scaricare qui : Manuale del kit di coltivazione di funghi freschi<\/a><\/p>\n<ol>\n<li>Estraete dalla scatola il kit di coltura, il sacchetto di plastica e la graffetta. Rimuovere il coperchio del set di coltivazione (conservare il coperchio in un luogo sicuro). Sciacquare il coperchio sotto l&#8217;acqua corrente. Vi servir\u00e0 di nuovo in seguito.<\/li>\n<li>Mettere il set di coltura senza coperchio nel sacchetto di plastica fornito. Far scorrere l&#8217;apertura del sacchetto sotto il fondo con la microperforazione verso l&#8217;alto. L&#8217;apertura della borsa \u00e8 ora in gran parte chiusa. Non \u00e8 necessario preoccuparsi della circolazione dell&#8217;aria.<\/li>\n<li>Non appena si vedono crescere le palline, si pu\u00f2 iniziare a mettere il sacchetto in posizione verticale. Non annaffiare. I primi funghi saranno visibili dopo circa 1 settimana.<\/li>\n<li>Collocare il set di coltivazione in un&#8217;area con sufficiente luce diurna e a una temperatura compresa tra 18 \u00b0C e 28 \u00b0C. Non collocare MAI il set di coltivazione alla luce diretta del sole. Sebbene i funghi crescano a quasi tutte le temperature superiori a 15 \u00b0C, 23 \u00b0C \u00e8 la temperatura ideale per un raccolto ottimale. Sono disponibili speciali tappetini termici per garantire questa temperatura e non dover riscaldare l&#8217;intera stanza.<\/li>\n<li>A partire da questa fase, lasciate sempre il sacchetto leggermente aperto, in modo che l&#8217;umidit\u00e0 possa evaporare un po&#8217;. Un&#8217;umidit\u00e0 eccessiva non va bene. Il primo raccolto avverr\u00e0 circa una settimana dopo la comparsa dei primi bulbi. Assicuratevi di raccogliere prima che inizino a cadere le prime spore!<\/li>\n<li>Questi set producono pi\u00f9 raccolti di funghi. A tal fine, riempire il kit con acqua di rubinetto pulita dopo il primo raccolto. Questo processo \u00e8 noto come &#8220;cold-shock&#8221; e infonde nuova vita al micelio, garantendo l&#8217;umidit\u00e0 necessaria alla crescita dei funghi.<\/li>\n<li>Rimettere il coperchio del kit di coltura sul kit. Lasciare riposare il set per 12 ore. Aprire un angolo del coperchio e far defluire l&#8217;acqua in eccesso. Da qui \u00e8 possibile seguire nuovamente le istruzioni del punto 1. Questo processo pu\u00f2 essere ripetuto pi\u00f9 volte.<\/li>\n<\/ol>\n<div>\n<h2>Il raccolto dei vostri funghi freschi Kit per la coltivazione dei funghi<\/h2>\n<p>I kit di coltivazione di funghi freschi producono il primo raccolto abbastanza rapidamente. Dopo una settimana sono gi\u00e0 visibili i primi germogli. Le basse e le alte temperature possono rallentare un po&#8217; questo processo di crescita. Una volta che le gemme sono visibili, di solito ci vuole una settimana perch\u00e9 i funghi si sviluppino completamente.<\/p>\n<p>Il momento della raccolta \u00e8 estremamente importante. Quando le membrane sotto i cappelli sono ancora tese, ma rischiano di scoppiare o di allentarsi a causa della forza dei cappelli, \u00e8 il momento di raccogliere.<\/p>\n<\/div>\n<h3>Quanto si dovrebbe prendere?<\/h3>\n<p>Consigliamo sempre ai principianti di fare attenzione al dosaggio dei funghi magici. Se non hai mai fatto un trip prima, dovresti prendere una dose minore rispetto a chi ha gi\u00e0 esperienza. Pi\u00f9 ne prendi, pi\u00f9 pesante \u00e8 la punta. Al momento del dosaggio, \u00e8 anche importante quanto pesate e se avete qualcosa nello stomaco. Le linee guida che seguono possono aiutarvi nel vostro cammino:<\/p>\n<ul>\n<li>Microdosaggio: 0,2 grammi di funghi secchi | 2 grammi di funghi freschi<\/li>\n<li>Viaggio mite: 1 grammo di funghi secchi | 9 grammi di funghi freschi<\/li>\n<li>Viaggio normale: 2 grammi di funghi secchi | 21 grammi di funghi freschi<\/li>\n<li>Viaggio intenso: 3,5 grammi di funghi secchi | 35 grammi di funghi freschi<\/li>\n<\/ul>\n<p>Il trip con i funghi magici \u00e8 un&#8217;esperienza personale. Ognuno reagisce in modo diverso, e ci\u00f2 che \u00e8 comodo per una persona non lo \u00e8 per un&#8217;altra. Non lasciatevi convincere a fare qualcosa che non vi sembra giusto. I funghi freschi Cambogia XP sono adatti a essere mangiati crudi o secchi. Si pu\u00f2 anche fare il t\u00e8 ai funghi magici. Far bollire dell&#8217;acqua, lasciarla raffreddare un po&#8217; e versarla sui funghi. Lascia il t\u00e8 in infusione per 20 minuti e poi bevilo.<\/p>\n<h3>Preparare il viaggio<\/h3>\n<p>Prima di iniziare a inciampare, si pu\u00f2 pensare al set e all&#8217;ambientazione. Questo significa che dovete prima decidere dove fare il viaggio: a casa vostra o con gli amici? E chi ci sar\u00e0? Scegliete un posto dove vi sentite rilassati e circondatevi di persone di cui potete fidarvi. Dai anche un&#8217;occhiata al tuo stato mentale ed emotivo. Se sei irrequieto, spaventato o arrabbiato, questo pu\u00f2 avere un effetto negativo sul tuo viaggio.<\/p>\n<p>Abbiate con voi un tripsitter. Questa persona rimane sobria e quindi non fa uso di alcol o droghe. Se prendi i funghi cambogiani, il tripsitter sar\u00e0 nei paraggi per assisterti se necessario. \u00c8 bello, quando il viaggio \u00e8 un po&#8217; pesante, che ci sia qualcuno che ti possa rassicurare. Organizzate anche un tappo per il viaggio, questo pu\u00f2 far diminuire pi\u00f9 velocemente gli effetti del fungo.<\/p>\n<h2>Acquista online il tuo kit di coltivazione di funghi XP cambogiani<\/h2>\n<p>Stai cercando un bel fungo con cui fare un bel viaggio? Se sei un principiante o hai gi\u00e0 esperienza, allora il Cambodian XP \u00e8 l&#8217;ideale. Ordina il tuo growkit nel nostro webshop, cos\u00ec potrai facilmente coltivarli a casa tua e sperimentare in prima persona ci\u00f2 che questo fungo ha da insegnarti. Il kit di coltivazione ti viene inviato in un imballaggio sicuro e neutro.<\/p>\n","protected":false},"excerpt":{"rendered":"<p>Per un viaggio medio forte con lezioni filosofiche scegliete il growkit Fresh Mushrooms CAMBODIA XP. Hai gi\u00e0 usato i funghi magici e stai cercando qualcosa di pi\u00f9? Allora sei pronto per il cambogiano. Gli effetti psichedelici sono mediamente forti e ben bilanciati. Questo li rende adatti ai principianti e agli psiconauti pi\u00f9 esperti. Coltiva i [&hellip;]<\/p>\n","protected":false},"featured_media":6759,"comment_status":"open","ping_status":"closed","template":"","meta":[],"product_brand":[],"product_cat":[169],"product_tag":[],"class_list":{"0":"post-6860","1":"product","2":"type-product","3":"status-publish","4":"has-post-thumbnail","6":"product_cat-kit-per-la-coltivazione-fresh-mushrooms","8":"first","9":"instock","10":"taxable","11":"shipping-taxable","12":"purchasable","13":"product-type-simple"},"yoast_head":"<!-- This site is optimized with the Yoast SEO Premium plugin v26.4 (Yoast SEO v27.4) - https:\/\/yoast.com\/product\/yoast-seo-premium-wordpress\/ -->\n<title>Compra il tuo kit di coltivazione di funghi Cambogia XP online | Consegna discreta<\/title>\n<meta name=\"description\" content=\"Stai cercando un bel fungo con cui fare un bel viaggio? Se sei un principiante o hai gi\u00e0 qualche esperienza, allora il Cambodian XP \u00e8 il fungo ideale.\" \/>\n<meta name=\"robots\" content=\"index, follow, max-snippet:-1, max-image-preview:large, max-video-preview:-1\" \/>\n<link rel=\"canonical\" href=\"https:\/\/dutchmicrodosing.com\/it\/funghi-allucinogeni\/kit-per-la-coltivazione-fresh-mushrooms\/cambodian-xp\/\" \/>\n<meta property=\"og:locale\" content=\"it_IT\" \/>\n<meta property=\"og:type\" content=\"article\" \/>\n<meta property=\"og:title\" content=\"XP cambogiano\" \/>\n<meta property=\"og:description\" content=\"Per un viaggio medio forte con lezioni filosofiche scegliete il growkit Fresh Mushrooms CAMBODIA XP. Hai gi\u00e0 usato i funghi magici e stai cercando\" \/>\n<meta property=\"og:url\" content=\"https:\/\/dutchmicrodosing.com\/it\/funghi-allucinogeni\/kit-per-la-coltivazione-fresh-mushrooms\/cambodian-xp\/\" \/>\n<meta property=\"og:site_name\" content=\"Dutchmicrodosing\" \/>\n<meta property=\"article:publisher\" content=\"https:\/\/www.facebook.com\/Dutchmicrodosingxp\/\" \/>\n<meta property=\"article:modified_time\" content=\"2024-01-16T13:54:48+00:00\" \/>\n<meta property=\"og:image\" content=\"https:\/\/dutchmicrodosing.com\/wp-content\/uploads\/2021\/02\/Cabodian-xp.jpg\" \/>\n\t<meta property=\"og:image:width\" content=\"500\" \/>\n\t<meta property=\"og:image:height\" content=\"500\" \/>\n\t<meta property=\"og:image:type\" content=\"image\/jpeg\" \/>\n<meta name=\"twitter:card\" content=\"summary_large_image\" \/>\n<script type=\"application\/ld+json\" class=\"yoast-schema-graph\">{\"@context\":\"https:\\\/\\\/schema.org\",\"@graph\":[{\"@type\":\"WebPage\",\"@id\":\"https:\\\/\\\/dutchmicrodosing.com\\\/it\\\/funghi-allucinogeni\\\/kit-per-la-coltivazione-fresh-mushrooms\\\/cambodian-xp\\\/\",\"url\":\"https:\\\/\\\/dutchmicrodosing.com\\\/it\\\/funghi-allucinogeni\\\/kit-per-la-coltivazione-fresh-mushrooms\\\/cambodian-xp\\\/\",\"name\":\"Compra il tuo kit di coltivazione di funghi Cambogia XP online | Consegna discreta\",\"isPartOf\":{\"@id\":\"https:\\\/\\\/dutchmicrodosing.com\\\/it\\\/#website\"},\"primaryImageOfPage\":{\"@id\":\"https:\\\/\\\/dutchmicrodosing.com\\\/it\\\/funghi-allucinogeni\\\/kit-per-la-coltivazione-fresh-mushrooms\\\/cambodian-xp\\\/#primaryimage\"},\"image\":{\"@id\":\"https:\\\/\\\/dutchmicrodosing.com\\\/it\\\/funghi-allucinogeni\\\/kit-per-la-coltivazione-fresh-mushrooms\\\/cambodian-xp\\\/#primaryimage\"},\"thumbnailUrl\":\"https:\\\/\\\/dutchmicrodosing.com\\\/wp-content\\\/uploads\\\/2021\\\/02\\\/Cabodian-xp.jpg\",\"datePublished\":\"2021-06-07T20:35:26+00:00\",\"dateModified\":\"2024-01-16T13:54:48+00:00\",\"description\":\"Stai cercando un bel fungo con cui fare un bel viaggio? Se sei un principiante o hai gi\u00e0 qualche esperienza, allora il Cambodian XP \u00e8 il fungo ideale.\",\"breadcrumb\":{\"@id\":\"https:\\\/\\\/dutchmicrodosing.com\\\/it\\\/funghi-allucinogeni\\\/kit-per-la-coltivazione-fresh-mushrooms\\\/cambodian-xp\\\/#breadcrumb\"},\"inLanguage\":\"it-IT\",\"potentialAction\":[{\"@type\":\"ReadAction\",\"target\":[\"https:\\\/\\\/dutchmicrodosing.com\\\/it\\\/funghi-allucinogeni\\\/kit-per-la-coltivazione-fresh-mushrooms\\\/cambodian-xp\\\/\"]}]},{\"@type\":\"ImageObject\",\"inLanguage\":\"it-IT\",\"@id\":\"https:\\\/\\\/dutchmicrodosing.com\\\/it\\\/funghi-allucinogeni\\\/kit-per-la-coltivazione-fresh-mushrooms\\\/cambodian-xp\\\/#primaryimage\",\"url\":\"https:\\\/\\\/dutchmicrodosing.com\\\/wp-content\\\/uploads\\\/2021\\\/02\\\/Cabodian-xp.jpg\",\"contentUrl\":\"https:\\\/\\\/dutchmicrodosing.com\\\/wp-content\\\/uploads\\\/2021\\\/02\\\/Cabodian-xp.jpg\",\"width\":500,\"height\":500},{\"@type\":\"BreadcrumbList\",\"@id\":\"https:\\\/\\\/dutchmicrodosing.com\\\/it\\\/funghi-allucinogeni\\\/kit-per-la-coltivazione-fresh-mushrooms\\\/cambodian-xp\\\/#breadcrumb\",\"itemListElement\":[{\"@type\":\"ListItem\",\"position\":1,\"name\":\"Home\",\"item\":\"https:\\\/\\\/dutchmicrodosing.com\\\/it\\\/\"},{\"@type\":\"ListItem\",\"position\":2,\"name\":\"Negozio\",\"item\":\"https:\\\/\\\/dutchmicrodosing.com\\\/it\\\/negozio\\\/\"},{\"@type\":\"ListItem\",\"position\":3,\"name\":\"XP cambogiano\"}]},{\"@type\":\"WebSite\",\"@id\":\"https:\\\/\\\/dutchmicrodosing.com\\\/it\\\/#website\",\"url\":\"https:\\\/\\\/dutchmicrodosing.com\\\/it\\\/\",\"name\":\"Dutchmicrodosing\",\"description\":\"\",\"publisher\":{\"@id\":\"https:\\\/\\\/dutchmicrodosing.com\\\/it\\\/#organization\"},\"potentialAction\":[{\"@type\":\"SearchAction\",\"target\":{\"@type\":\"EntryPoint\",\"urlTemplate\":\"https:\\\/\\\/dutchmicrodosing.com\\\/it\\\/?s={search_term_string}\"},\"query-input\":{\"@type\":\"PropertyValueSpecification\",\"valueRequired\":true,\"valueName\":\"search_term_string\"}}],\"inLanguage\":\"it-IT\"},{\"@type\":\"Organization\",\"@id\":\"https:\\\/\\\/dutchmicrodosing.com\\\/it\\\/#organization\",\"name\":\"Dutchmicrodosing\",\"url\":\"https:\\\/\\\/dutchmicrodosing.com\\\/it\\\/\",\"logo\":{\"@type\":\"ImageObject\",\"inLanguage\":\"it-IT\",\"@id\":\"https:\\\/\\\/dutchmicrodosing.com\\\/it\\\/#\\\/schema\\\/logo\\\/image\\\/\",\"url\":\"https:\\\/\\\/dutchmicrodosing.com\\\/wp-content\\\/uploads\\\/2021\\\/01\\\/microdosing-categorie-pic-nieuw.jpg\",\"contentUrl\":\"https:\\\/\\\/dutchmicrodosing.com\\\/wp-content\\\/uploads\\\/2021\\\/01\\\/microdosing-categorie-pic-nieuw.jpg\",\"width\":500,\"height\":500,\"caption\":\"Dutchmicrodosing\"},\"image\":{\"@id\":\"https:\\\/\\\/dutchmicrodosing.com\\\/it\\\/#\\\/schema\\\/logo\\\/image\\\/\"},\"sameAs\":[\"https:\\\/\\\/www.facebook.com\\\/Dutchmicrodosingxp\\\/\",\"https:\\\/\\\/www.instagram.com\\\/dutchmicrodosing\\\/\"]}]}<\/script>\n<meta property=\"product:price:amount\" content=\"39.95\" \/>\n<meta property=\"product:price:currency\" content=\"EUR\" \/>\n<meta property=\"og:availability\" content=\"instock\" \/>\n<meta property=\"product:availability\" content=\"instock\" \/>\n<meta property=\"product:retailer_item_id\" content=\"0208957\" \/>\n<meta property=\"product:condition\" content=\"new\" \/>\n<!-- \/ Yoast SEO Premium plugin. -->","yoast_head_json":{"title":"Compra il tuo kit di coltivazione di funghi Cambogia XP online | Consegna discreta","description":"Stai cercando un bel fungo con cui fare un bel viaggio? Se sei un principiante o hai gi\u00e0 qualche esperienza, allora il Cambodian XP \u00e8 il fungo ideale.","robots":{"index":"index","follow":"follow","max-snippet":"max-snippet:-1","max-image-preview":"max-image-preview:large","max-video-preview":"max-video-preview:-1"},"canonical":"https:\/\/dutchmicrodosing.com\/it\/funghi-allucinogeni\/kit-per-la-coltivazione-fresh-mushrooms\/cambodian-xp\/","og_locale":"it_IT","og_type":"article","og_title":"XP cambogiano","og_description":"Per un viaggio medio forte con lezioni filosofiche scegliete il growkit Fresh Mushrooms CAMBODIA XP. Hai gi\u00e0 usato i funghi magici e stai cercando","og_url":"https:\/\/dutchmicrodosing.com\/it\/funghi-allucinogeni\/kit-per-la-coltivazione-fresh-mushrooms\/cambodian-xp\/","og_site_name":"Dutchmicrodosing","article_publisher":"https:\/\/www.facebook.com\/Dutchmicrodosingxp\/","article_modified_time":"2024-01-16T13:54:48+00:00","og_image":[{"width":500,"height":500,"url":"https:\/\/dutchmicrodosing.com\/wp-content\/uploads\/2021\/02\/Cabodian-xp.jpg","type":"image\/jpeg"}],"twitter_card":"summary_large_image","schema":{"@context":"https:\/\/schema.org","@graph":[{"@type":"WebPage","@id":"https:\/\/dutchmicrodosing.com\/it\/funghi-allucinogeni\/kit-per-la-coltivazione-fresh-mushrooms\/cambodian-xp\/","url":"https:\/\/dutchmicrodosing.com\/it\/funghi-allucinogeni\/kit-per-la-coltivazione-fresh-mushrooms\/cambodian-xp\/","name":"Compra il tuo kit di coltivazione di funghi Cambogia XP online | Consegna discreta","isPartOf":{"@id":"https:\/\/dutchmicrodosing.com\/it\/#website"},"primaryImageOfPage":{"@id":"https:\/\/dutchmicrodosing.com\/it\/funghi-allucinogeni\/kit-per-la-coltivazione-fresh-mushrooms\/cambodian-xp\/#primaryimage"},"image":{"@id":"https:\/\/dutchmicrodosing.com\/it\/funghi-allucinogeni\/kit-per-la-coltivazione-fresh-mushrooms\/cambodian-xp\/#primaryimage"},"thumbnailUrl":"https:\/\/dutchmicrodosing.com\/wp-content\/uploads\/2021\/02\/Cabodian-xp.jpg","datePublished":"2021-06-07T20:35:26+00:00","dateModified":"2024-01-16T13:54:48+00:00","description":"Stai cercando un bel fungo con cui fare un bel viaggio? Se sei un principiante o hai gi\u00e0 qualche esperienza, allora il Cambodian XP \u00e8 il fungo ideale.","breadcrumb":{"@id":"https:\/\/dutchmicrodosing.com\/it\/funghi-allucinogeni\/kit-per-la-coltivazione-fresh-mushrooms\/cambodian-xp\/#breadcrumb"},"inLanguage":"it-IT","potentialAction":[{"@type":"ReadAction","target":["https:\/\/dutchmicrodosing.com\/it\/funghi-allucinogeni\/kit-per-la-coltivazione-fresh-mushrooms\/cambodian-xp\/"]}]},{"@type":"ImageObject","inLanguage":"it-IT","@id":"https:\/\/dutchmicrodosing.com\/it\/funghi-allucinogeni\/kit-per-la-coltivazione-fresh-mushrooms\/cambodian-xp\/#primaryimage","url":"https:\/\/dutchmicrodosing.com\/wp-content\/uploads\/2021\/02\/Cabodian-xp.jpg","contentUrl":"https:\/\/dutchmicrodosing.com\/wp-content\/uploads\/2021\/02\/Cabodian-xp.jpg","width":500,"height":500},{"@type":"BreadcrumbList","@id":"https:\/\/dutchmicrodosing.com\/it\/funghi-allucinogeni\/kit-per-la-coltivazione-fresh-mushrooms\/cambodian-xp\/#breadcrumb","itemListElement":[{"@type":"ListItem","position":1,"name":"Home","item":"https:\/\/dutchmicrodosing.com\/it\/"},{"@type":"ListItem","position":2,"name":"Negozio","item":"https:\/\/dutchmicrodosing.com\/it\/negozio\/"},{"@type":"ListItem","position":3,"name":"XP cambogiano"}]},{"@type":"WebSite","@id":"https:\/\/dutchmicrodosing.com\/it\/#website","url":"https:\/\/dutchmicrodosing.com\/it\/","name":"Dutchmicrodosing","description":"","publisher":{"@id":"https:\/\/dutchmicrodosing.com\/it\/#organization"},"potentialAction":[{"@type":"SearchAction","target":{"@type":"EntryPoint","urlTemplate":"https:\/\/dutchmicrodosing.com\/it\/?s={search_term_string}"},"query-input":{"@type":"PropertyValueSpecification","valueRequired":true,"valueName":"search_term_string"}}],"inLanguage":"it-IT"},{"@type":"Organization","@id":"https:\/\/dutchmicrodosing.com\/it\/#organization","name":"Dutchmicrodosing","url":"https:\/\/dutchmicrodosing.com\/it\/","logo":{"@type":"ImageObject","inLanguage":"it-IT","@id":"https:\/\/dutchmicrodosing.com\/it\/#\/schema\/logo\/image\/","url":"https:\/\/dutchmicrodosing.com\/wp-content\/uploads\/2021\/01\/microdosing-categorie-pic-nieuw.jpg","contentUrl":"https:\/\/dutchmicrodosing.com\/wp-content\/uploads\/2021\/01\/microdosing-categorie-pic-nieuw.jpg","width":500,"height":500,"caption":"Dutchmicrodosing"},"image":{"@id":"https:\/\/dutchmicrodosing.com\/it\/#\/schema\/logo\/image\/"},"sameAs":["https:\/\/www.facebook.com\/Dutchmicrodosingxp\/","https:\/\/www.instagram.com\/dutchmicrodosing\/"]}]},"product_price_amount":"39.95","product_price_currency":"EUR","og_availability":"instock","product_availability":"instock","product_retailer_item_id":"0208957","product_condition":"new"},"_links":{"self":[{"href":"https:\/\/dutchmicrodosing.com\/it\/wp-json\/wp\/v2\/product\/6860","targetHints":{"allow":["GET"]}}],"collection":[{"href":"https:\/\/dutchmicrodosing.com\/it\/wp-json\/wp\/v2\/product"}],"about":[{"href":"https:\/\/dutchmicrodosing.com\/it\/wp-json\/wp\/v2\/types\/product"}],"replies":[{"embeddable":true,"href":"https:\/\/dutchmicrodosing.com\/it\/wp-json\/wp\/v2\/comments?post=6860"}],"version-history":[{"count":0,"href":"https:\/\/dutchmicrodosing.com\/it\/wp-json\/wp\/v2\/product\/6860\/revisions"}],"wp:featuredmedia":[{"embeddable":true,"href":"https:\/\/dutchmicrodosing.com\/it\/wp-json\/wp\/v2\/media\/6759"}],"wp:attachment":[{"href":"https:\/\/dutchmicrodosing.com\/it\/wp-json\/wp\/v2\/media?parent=6860"}],"wp:term":[{"taxonomy":"product_brand","embeddable":true,"href":"https:\/\/dutchmicrodosing.com\/it\/wp-json\/wp\/v2\/product_brand?post=6860"},{"taxonomy":"product_cat","embeddable":true,"href":"https:\/\/dutchmicrodosing.com\/it\/wp-json\/wp\/v2\/product_cat?post=6860"},{"taxonomy":"product_tag","embeddable":true,"href":"https:\/\/dutchmicrodosing.com\/it\/wp-json\/wp\/v2\/product_tag?post=6860"}],"curies":[{"name":"wp","href":"https:\/\/api.w.org\/{rel}","templated":true}]}}