{"id":6861,"date":"2021-03-08T17:14:57","date_gmt":"2021-06-07T20:35:46","guid":{"rendered":"https:\/\/dutchmicrodosing.com\/shop\/senza-categoria\/mazatapec-xp\/"},"modified":"2024-01-16T15:33:42","modified_gmt":"2024-01-16T14:33:42","slug":"mazatapec-xp","status":"publish","type":"product","link":"https:\/\/dutchmicrodosing.com\/it\/funghi-allucinogeni\/kit-per-la-coltivazione-fresh-mushrooms\/mazatapec-xp\/","title":{"rendered":"Mazatapec XP"},"content":{"rendered":"<p>Il fungo <strong>psilocybe cubensis Mazatapec<\/strong> proviene dal Messico, dall&#8217;omonima regione. \u00c8 adatto agli utenti che hanno gi\u00e0 fatto inciampi. Gli effetti del Mazatapec sono solo un po&#8217; pi\u00f9 pesanti dei funghi magici thailandesi o cambogiani. Quindi vi consigliamo di usarlo solo se avete un po&#8217; di esperienza.<\/p>\n<h2>Coltiva il tuo Mazatapec con questo growkit<\/h2>\n<p>Se vuoi un viaggio pi\u00f9 intenso di quello che puoi ottenere con i funghi magici thailandesi o messicani, ma l&#8217;ecuadoriano e il McKennaii sono un passo troppo lontano per te, allora il Mazatapec XP \u00e8 la scelta giusta. Ti aiutano a ottenere di pi\u00f9 dai tuoi viaggi e ad andare pi\u00f9 in profondit\u00e0. E non devi preoccuparti di un possibile brutto viaggio. Quando ci si fa un trip con la psilocybe cubensis Mazatapec, non si verifica mai un cattivo trip, anche quando si assume una dose elevata.<\/p>\n<h3>Un po&#8217; di storia<\/h3>\n<p>Questi funghi magici sono stati coltivati per secoli dagli indigeni del Messico. Usano i lunghi funghi pallidi con i loro cappelli dorati per scopi religiosi. Il fungo Mazatapec XP cresce velocemente ed \u00e8 facile da coltivare, anche a casa con il tuo growkit Fresh Mushrooms.<\/p>\n<h2>Manuale del kit di allevamento Mazatapec<\/h2>\n<p><a href=\"https:\/\/dutchmicrodosing.com\/it\/manuale_crescita\/\">Scaricare qui : Manuale del kit di coltivazione di funghi freschi<\/a><\/p>\n<ol>\n<li>Estraete dalla scatola il kit di coltura, il sacchetto di plastica e la graffetta. Rimuovere il coperchio del set di coltivazione (conservare il coperchio in un luogo sicuro). Sciacquare il coperchio sotto l&#8217;acqua corrente. Vi servir\u00e0 di nuovo in seguito.<\/li>\n<li>Mettere il set di coltura senza coperchio nel sacchetto di plastica fornito. Far scorrere l&#8217;apertura del sacchetto sotto il fondo con la microperforazione verso l&#8217;alto. L&#8217;apertura della borsa \u00e8 ora in gran parte chiusa. Non \u00e8 necessario preoccuparsi della circolazione dell&#8217;aria.<\/li>\n<li>Non appena si vedono crescere le palline, si pu\u00f2 iniziare a mettere il sacchetto in posizione verticale. Non annaffiare. I primi funghi saranno visibili dopo circa 1 settimana.<\/li>\n<li>Collocare il set di coltivazione in un&#8217;area con sufficiente luce diurna e a una temperatura compresa tra 18 \u00b0C e 28 \u00b0C. Non collocare MAI il set di coltivazione alla luce diretta del sole. Sebbene i funghi crescano a quasi tutte le temperature superiori a 15 \u00b0C, 23 \u00b0C \u00e8 la temperatura ideale per un raccolto ottimale. Sono disponibili speciali tappetini termici per garantire questa temperatura e non dover riscaldare l&#8217;intera stanza.<\/li>\n<li>A partire da questa fase, lasciate sempre il sacchetto leggermente aperto, in modo che l&#8217;umidit\u00e0 possa evaporare un po&#8217;. Un&#8217;umidit\u00e0 eccessiva non va bene. Il primo raccolto avverr\u00e0 circa una settimana dopo la comparsa dei primi bulbi. Assicuratevi di raccogliere prima che inizino a cadere le prime spore!<\/li>\n<li>Questi set producono pi\u00f9 raccolti di funghi. A tal fine, riempire il kit con acqua di rubinetto pulita dopo il primo raccolto. Questo processo \u00e8 noto come &#8220;cold-shock&#8221; e infonde nuova vita al micelio, garantendo l&#8217;umidit\u00e0 necessaria alla crescita dei funghi.<\/li>\n<li>Rimettere il coperchio del kit di coltura sul kit. Lasciare riposare il set per 12 ore. Aprire un angolo del coperchio e far defluire l&#8217;acqua in eccesso. Da qui \u00e8 possibile seguire nuovamente le istruzioni del punto 1. Questo processo pu\u00f2 essere ripetuto pi\u00f9 volte.<\/li>\n<\/ol>\n<h2>Il raccolto:<\/h2>\n<p>I kit di coltivazione di funghi freschi producono il primo raccolto abbastanza rapidamente. Dopo una settimana sono gi\u00e0 visibili i primi germogli. Le basse e le alte temperature possono rallentare un po&#8217; questo processo di crescita. Una volta che le gemme sono visibili, di solito ci vuole una settimana perch\u00e9 i funghi si sviluppino completamente. Il momento della raccolta \u00e8 estremamente importante. Quando le membrane sotto i cappelli sono ancora tese, ma rischiano di scoppiare o di allentarsi a causa della forza dei cappelli, \u00e8 il momento di raccogliere.<span style=\"text-decoration: underline;\"><br \/>\n<\/span><\/p>\n<h2>Rendimento Mazatapec 100% micelio magico kit per la coltivazione dei funghi<\/h2>\n<p>Un kit di coltivazione Mazatapec da 1200 cc di Freshmushrooms offre un raccolto tra i 500 e gli 800 g di funghi freschi o 50-80 g di funghi secchi.<\/p>\n<h2>Gli effetti dei funghi magici di Mazatapec<\/h2>\n<p>Quando inizierete a usare i funghi Mazatapec (conosciuti anche con il loro soprannome Maz), proverete qualcosa di speciale. Il fungo magico \u00e8 noto per il suo effetto spirituale, dove il tuo viaggio pu\u00f2 essere profondo. Potete avere visioni sulla natura dell&#8217;universo, sulla natura e sulla vostra connessione con il mondo che vi circonda. Questa \u00e8 anche la ragione per cui il popolo Mazatapec li usa per le sue cerimonie religiose.<\/p>\n<p>Il fungo magico d\u00e0 anche effetti visivi e acuisce i sensi. Quindi preparatevi a colori vivaci e suoni pi\u00f9 forti di quelli a cui siete abituati. \u00c8 anche possibile che il vostro senso del tempo e dello spazio cambi.<\/p>\n<h3>Quanto si dovrebbe prendere?<\/h3>\n<p>Per capire quanto dei funghi si dovrebbe prendere, si pu\u00f2 prendere in considerazione: il proprio peso corporeo, quanta esperienza si ha con il trip e quanto intenso dovrebbe essere il viaggio. Se non sei mai inciampato prima, \u00e8 saggio provare prima una dose pi\u00f9 piccola. Si possono prendere i funghi in diversi modi. Funghi freschi Mazatapec XP I funghi possono essere mangiati crudi o secchi. Si pu\u00f2 anche fare il t\u00e8 di risaia da esso. Comincerete a notare l&#8217;effetto entro circa mezz&#8217;ora o un&#8217;ora intera. Il viaggio durer\u00e0 tra le 3 e le 8 ore.<\/p>\n<p>Seguire le linee guida qui sotto per il dosaggio:<\/p>\n<p>Una dose bassa \u00e8 da 1 a 2 grammi di funghi secchi. Se hai dei funghi freschi, sono circa da 12 a 24 grammi di funghi freschi.<\/p>\n<h3>Preparare il viaggio<\/h3>\n<p>Per godere appieno del vostro viaggio con i funghi Mazatapec, \u00e8 necessaria una buona preparazione. Per esempio, pensate prima a dove andrete a fare il viaggio e a chi ci sar\u00e0. Dovresti sentirti a tuo agio in quel posto, perch\u00e9 solo allora sarai in grado di rilassarti e godere degli effetti dei funghi magici.<\/p>\n<p>Se ci saranno altre persone presenti, assicuratevi di potervi fidare di loro. \u00c8 anche una buona idea organizzare un tripsitter. Questa persona rimane sobria (niente alcol o droghe), in modo che possa intervenire se il vostro viaggio \u00e8 troppo intenso. \u00c8 bello avere qualcuno che possa rassicurarti e calmarti. Assicuratevi di avere con voi anche un tappo per il viaggio. Questo medicinale pu\u00f2 togliere il fiato durante un viaggio.<\/p>\n<h2>Acquista il tuo kit di coltivazione Mazatapec online<\/h2>\n<p>Stai cercando un viaggio spirituale indimenticabile? Allora \u00e8 il momento di provare il kit di coltivazione Fresh Mushrooms Mazatapec. Datevi la possibilit\u00e0 di avere quelle intuizioni speciali che potete ottenere durante un viaggio del genere. Ordinate semplicemente il kit di coltivazione online e vi sar\u00e0 spedito a casa vostra rapidamente.<\/p>\n","protected":false},"excerpt":{"rendered":"<p>Il fungo psilocybe cubensis Mazatapec proviene dal Messico, dall&#8217;omonima regione. \u00c8 adatto agli utenti che hanno gi\u00e0 fatto inciampi. Gli effetti del Mazatapec sono solo un po&#8217; pi\u00f9 pesanti dei funghi magici thailandesi o cambogiani. Quindi vi consigliamo di usarlo solo se avete un po&#8217; di esperienza. Coltiva il tuo Mazatapec con questo growkit Se [&hellip;]<\/p>\n","protected":false},"featured_media":6763,"comment_status":"open","ping_status":"closed","template":"","meta":[],"product_brand":[],"product_cat":[169],"product_tag":[],"class_list":{"0":"post-6861","1":"product","2":"type-product","3":"status-publish","4":"has-post-thumbnail","6":"product_cat-kit-per-la-coltivazione-fresh-mushrooms","8":"first","9":"instock","10":"taxable","11":"shipping-taxable","12":"purchasable","13":"product-type-simple"},"yoast_head":"<!-- This site is optimized with the Yoast SEO Premium plugin v26.4 (Yoast SEO v27.2) - https:\/\/yoast.com\/product\/yoast-seo-premium-wordpress\/ -->\n<title>Mazatapec growkit comprare online | ordinato prima delle 16:00 consegnato domani<\/title>\n<meta name=\"description\" content=\"Stai cercando un viaggio spirituale indimenticabile? Allora \u00e8 il momento di provare il kit di coltivazione Fresh Mushrooms Mazatapec.\" \/>\n<meta name=\"robots\" content=\"index, follow, max-snippet:-1, max-image-preview:large, max-video-preview:-1\" \/>\n<link rel=\"canonical\" href=\"https:\/\/dutchmicrodosing.com\/it\/funghi-allucinogeni\/kit-per-la-coltivazione-fresh-mushrooms\/mazatapec-xp\/\" \/>\n<meta property=\"og:locale\" content=\"it_IT\" \/>\n<meta property=\"og:type\" content=\"article\" \/>\n<meta property=\"og:title\" content=\"Mazatapec XP\" \/>\n<meta property=\"og:description\" content=\"Il fungo psilocybe cubensis Mazatapec proviene dal Messico, dall&#039;omonima regione. \u00c8 adatto agli utenti che hanno gi\u00e0 fatto inciampi. Gli effetti del\" \/>\n<meta property=\"og:url\" content=\"https:\/\/dutchmicrodosing.com\/it\/funghi-allucinogeni\/kit-per-la-coltivazione-fresh-mushrooms\/mazatapec-xp\/\" \/>\n<meta property=\"og:site_name\" content=\"Dutchmicrodosing\" \/>\n<meta property=\"article:publisher\" content=\"https:\/\/www.facebook.com\/Dutchmicrodosingxp\/\" \/>\n<meta property=\"article:modified_time\" content=\"2024-01-16T14:33:42+00:00\" \/>\n<meta property=\"og:image\" content=\"https:\/\/dutchmicrodosing.com\/wp-content\/uploads\/2021\/02\/Mazatapec.jpg\" \/>\n\t<meta property=\"og:image:width\" content=\"500\" \/>\n\t<meta property=\"og:image:height\" content=\"500\" \/>\n\t<meta property=\"og:image:type\" content=\"image\/jpeg\" \/>\n<meta name=\"twitter:card\" content=\"summary_large_image\" \/>\n<script type=\"application\/ld+json\" class=\"yoast-schema-graph\">{\"@context\":\"https:\/\/schema.org\",\"@graph\":[{\"@type\":\"WebPage\",\"@id\":\"https:\/\/dutchmicrodosing.com\/it\/funghi-allucinogeni\/kit-per-la-coltivazione-fresh-mushrooms\/mazatapec-xp\/\",\"url\":\"https:\/\/dutchmicrodosing.com\/it\/funghi-allucinogeni\/kit-per-la-coltivazione-fresh-mushrooms\/mazatapec-xp\/\",\"name\":\"Mazatapec growkit comprare online | ordinato prima delle 16:00 consegnato domani\",\"isPartOf\":{\"@id\":\"https:\/\/dutchmicrodosing.com\/it\/#website\"},\"primaryImageOfPage\":{\"@id\":\"https:\/\/dutchmicrodosing.com\/it\/funghi-allucinogeni\/kit-per-la-coltivazione-fresh-mushrooms\/mazatapec-xp\/#primaryimage\"},\"image\":{\"@id\":\"https:\/\/dutchmicrodosing.com\/it\/funghi-allucinogeni\/kit-per-la-coltivazione-fresh-mushrooms\/mazatapec-xp\/#primaryimage\"},\"thumbnailUrl\":\"https:\/\/dutchmicrodosing.com\/wp-content\/uploads\/2021\/02\/Mazatapec.jpg\",\"datePublished\":\"2021-06-07T20:35:46+00:00\",\"dateModified\":\"2024-01-16T14:33:42+00:00\",\"description\":\"Stai cercando un viaggio spirituale indimenticabile? Allora \u00e8 il momento di provare il kit di coltivazione Fresh Mushrooms Mazatapec.\",\"breadcrumb\":{\"@id\":\"https:\/\/dutchmicrodosing.com\/it\/funghi-allucinogeni\/kit-per-la-coltivazione-fresh-mushrooms\/mazatapec-xp\/#breadcrumb\"},\"inLanguage\":\"it-IT\",\"potentialAction\":[{\"@type\":\"ReadAction\",\"target\":[\"https:\/\/dutchmicrodosing.com\/it\/funghi-allucinogeni\/kit-per-la-coltivazione-fresh-mushrooms\/mazatapec-xp\/\"]}]},{\"@type\":\"ImageObject\",\"inLanguage\":\"it-IT\",\"@id\":\"https:\/\/dutchmicrodosing.com\/it\/funghi-allucinogeni\/kit-per-la-coltivazione-fresh-mushrooms\/mazatapec-xp\/#primaryimage\",\"url\":\"https:\/\/dutchmicrodosing.com\/wp-content\/uploads\/2021\/02\/Mazatapec.jpg\",\"contentUrl\":\"https:\/\/dutchmicrodosing.com\/wp-content\/uploads\/2021\/02\/Mazatapec.jpg\",\"width\":500,\"height\":500},{\"@type\":\"BreadcrumbList\",\"@id\":\"https:\/\/dutchmicrodosing.com\/it\/funghi-allucinogeni\/kit-per-la-coltivazione-fresh-mushrooms\/mazatapec-xp\/#breadcrumb\",\"itemListElement\":[{\"@type\":\"ListItem\",\"position\":1,\"name\":\"Home\",\"item\":\"https:\/\/dutchmicrodosing.com\/it\/\"},{\"@type\":\"ListItem\",\"position\":2,\"name\":\"Negozio\",\"item\":\"https:\/\/dutchmicrodosing.com\/it\/negozio\/\"},{\"@type\":\"ListItem\",\"position\":3,\"name\":\"Mazatapec XP\"}]},{\"@type\":\"WebSite\",\"@id\":\"https:\/\/dutchmicrodosing.com\/it\/#website\",\"url\":\"https:\/\/dutchmicrodosing.com\/it\/\",\"name\":\"Dutchmicrodosing\",\"description\":\"\",\"publisher\":{\"@id\":\"https:\/\/dutchmicrodosing.com\/it\/#organization\"},\"potentialAction\":[{\"@type\":\"SearchAction\",\"target\":{\"@type\":\"EntryPoint\",\"urlTemplate\":\"https:\/\/dutchmicrodosing.com\/it\/?s={search_term_string}\"},\"query-input\":{\"@type\":\"PropertyValueSpecification\",\"valueRequired\":true,\"valueName\":\"search_term_string\"}}],\"inLanguage\":\"it-IT\"},{\"@type\":\"Organization\",\"@id\":\"https:\/\/dutchmicrodosing.com\/it\/#organization\",\"name\":\"Dutchmicrodosing\",\"url\":\"https:\/\/dutchmicrodosing.com\/it\/\",\"logo\":{\"@type\":\"ImageObject\",\"inLanguage\":\"it-IT\",\"@id\":\"https:\/\/dutchmicrodosing.com\/it\/#\/schema\/logo\/image\/\",\"url\":\"https:\/\/dutchmicrodosing.com\/wp-content\/uploads\/2021\/01\/microdosing-categorie-pic-nieuw.jpg\",\"contentUrl\":\"https:\/\/dutchmicrodosing.com\/wp-content\/uploads\/2021\/01\/microdosing-categorie-pic-nieuw.jpg\",\"width\":500,\"height\":500,\"caption\":\"Dutchmicrodosing\"},\"image\":{\"@id\":\"https:\/\/dutchmicrodosing.com\/it\/#\/schema\/logo\/image\/\"},\"sameAs\":[\"https:\/\/www.facebook.com\/Dutchmicrodosingxp\/\",\"https:\/\/www.instagram.com\/dutchmicrodosing\/\"]}]}<\/script>\n<meta property=\"product:price:amount\" content=\"39.95\" \/>\n<meta property=\"product:price:currency\" content=\"EUR\" \/>\n<meta property=\"og:availability\" content=\"instock\" \/>\n<meta property=\"product:availability\" content=\"instock\" \/>\n<meta property=\"product:retailer_item_id\" content=\"0208272\" \/>\n<meta property=\"product:condition\" content=\"new\" \/>\n<!-- \/ Yoast SEO Premium plugin. -->","yoast_head_json":{"title":"Mazatapec growkit comprare online | ordinato prima delle 16:00 consegnato domani","description":"Stai cercando un viaggio spirituale indimenticabile? Allora \u00e8 il momento di provare il kit di coltivazione Fresh Mushrooms Mazatapec.","robots":{"index":"index","follow":"follow","max-snippet":"max-snippet:-1","max-image-preview":"max-image-preview:large","max-video-preview":"max-video-preview:-1"},"canonical":"https:\/\/dutchmicrodosing.com\/it\/funghi-allucinogeni\/kit-per-la-coltivazione-fresh-mushrooms\/mazatapec-xp\/","og_locale":"it_IT","og_type":"article","og_title":"Mazatapec XP","og_description":"Il fungo psilocybe cubensis Mazatapec proviene dal Messico, dall'omonima regione. \u00c8 adatto agli utenti che hanno gi\u00e0 fatto inciampi. Gli effetti del","og_url":"https:\/\/dutchmicrodosing.com\/it\/funghi-allucinogeni\/kit-per-la-coltivazione-fresh-mushrooms\/mazatapec-xp\/","og_site_name":"Dutchmicrodosing","article_publisher":"https:\/\/www.facebook.com\/Dutchmicrodosingxp\/","article_modified_time":"2024-01-16T14:33:42+00:00","og_image":[{"width":500,"height":500,"url":"https:\/\/dutchmicrodosing.com\/wp-content\/uploads\/2021\/02\/Mazatapec.jpg","type":"image\/jpeg"}],"twitter_card":"summary_large_image","schema":{"@context":"https:\/\/schema.org","@graph":[{"@type":"WebPage","@id":"https:\/\/dutchmicrodosing.com\/it\/funghi-allucinogeni\/kit-per-la-coltivazione-fresh-mushrooms\/mazatapec-xp\/","url":"https:\/\/dutchmicrodosing.com\/it\/funghi-allucinogeni\/kit-per-la-coltivazione-fresh-mushrooms\/mazatapec-xp\/","name":"Mazatapec growkit comprare online | ordinato prima delle 16:00 consegnato domani","isPartOf":{"@id":"https:\/\/dutchmicrodosing.com\/it\/#website"},"primaryImageOfPage":{"@id":"https:\/\/dutchmicrodosing.com\/it\/funghi-allucinogeni\/kit-per-la-coltivazione-fresh-mushrooms\/mazatapec-xp\/#primaryimage"},"image":{"@id":"https:\/\/dutchmicrodosing.com\/it\/funghi-allucinogeni\/kit-per-la-coltivazione-fresh-mushrooms\/mazatapec-xp\/#primaryimage"},"thumbnailUrl":"https:\/\/dutchmicrodosing.com\/wp-content\/uploads\/2021\/02\/Mazatapec.jpg","datePublished":"2021-06-07T20:35:46+00:00","dateModified":"2024-01-16T14:33:42+00:00","description":"Stai cercando un viaggio spirituale indimenticabile? Allora \u00e8 il momento di provare il kit di coltivazione Fresh Mushrooms Mazatapec.","breadcrumb":{"@id":"https:\/\/dutchmicrodosing.com\/it\/funghi-allucinogeni\/kit-per-la-coltivazione-fresh-mushrooms\/mazatapec-xp\/#breadcrumb"},"inLanguage":"it-IT","potentialAction":[{"@type":"ReadAction","target":["https:\/\/dutchmicrodosing.com\/it\/funghi-allucinogeni\/kit-per-la-coltivazione-fresh-mushrooms\/mazatapec-xp\/"]}]},{"@type":"ImageObject","inLanguage":"it-IT","@id":"https:\/\/dutchmicrodosing.com\/it\/funghi-allucinogeni\/kit-per-la-coltivazione-fresh-mushrooms\/mazatapec-xp\/#primaryimage","url":"https:\/\/dutchmicrodosing.com\/wp-content\/uploads\/2021\/02\/Mazatapec.jpg","contentUrl":"https:\/\/dutchmicrodosing.com\/wp-content\/uploads\/2021\/02\/Mazatapec.jpg","width":500,"height":500},{"@type":"BreadcrumbList","@id":"https:\/\/dutchmicrodosing.com\/it\/funghi-allucinogeni\/kit-per-la-coltivazione-fresh-mushrooms\/mazatapec-xp\/#breadcrumb","itemListElement":[{"@type":"ListItem","position":1,"name":"Home","item":"https:\/\/dutchmicrodosing.com\/it\/"},{"@type":"ListItem","position":2,"name":"Negozio","item":"https:\/\/dutchmicrodosing.com\/it\/negozio\/"},{"@type":"ListItem","position":3,"name":"Mazatapec XP"}]},{"@type":"WebSite","@id":"https:\/\/dutchmicrodosing.com\/it\/#website","url":"https:\/\/dutchmicrodosing.com\/it\/","name":"Dutchmicrodosing","description":"","publisher":{"@id":"https:\/\/dutchmicrodosing.com\/it\/#organization"},"potentialAction":[{"@type":"SearchAction","target":{"@type":"EntryPoint","urlTemplate":"https:\/\/dutchmicrodosing.com\/it\/?s={search_term_string}"},"query-input":{"@type":"PropertyValueSpecification","valueRequired":true,"valueName":"search_term_string"}}],"inLanguage":"it-IT"},{"@type":"Organization","@id":"https:\/\/dutchmicrodosing.com\/it\/#organization","name":"Dutchmicrodosing","url":"https:\/\/dutchmicrodosing.com\/it\/","logo":{"@type":"ImageObject","inLanguage":"it-IT","@id":"https:\/\/dutchmicrodosing.com\/it\/#\/schema\/logo\/image\/","url":"https:\/\/dutchmicrodosing.com\/wp-content\/uploads\/2021\/01\/microdosing-categorie-pic-nieuw.jpg","contentUrl":"https:\/\/dutchmicrodosing.com\/wp-content\/uploads\/2021\/01\/microdosing-categorie-pic-nieuw.jpg","width":500,"height":500,"caption":"Dutchmicrodosing"},"image":{"@id":"https:\/\/dutchmicrodosing.com\/it\/#\/schema\/logo\/image\/"},"sameAs":["https:\/\/www.facebook.com\/Dutchmicrodosingxp\/","https:\/\/www.instagram.com\/dutchmicrodosing\/"]}]},"product_price_amount":"39.95","product_price_currency":"EUR","og_availability":"instock","product_availability":"instock","product_retailer_item_id":"0208272","product_condition":"new"},"_links":{"self":[{"href":"https:\/\/dutchmicrodosing.com\/it\/wp-json\/wp\/v2\/product\/6861","targetHints":{"allow":["GET"]}}],"collection":[{"href":"https:\/\/dutchmicrodosing.com\/it\/wp-json\/wp\/v2\/product"}],"about":[{"href":"https:\/\/dutchmicrodosing.com\/it\/wp-json\/wp\/v2\/types\/product"}],"replies":[{"embeddable":true,"href":"https:\/\/dutchmicrodosing.com\/it\/wp-json\/wp\/v2\/comments?post=6861"}],"version-history":[{"count":0,"href":"https:\/\/dutchmicrodosing.com\/it\/wp-json\/wp\/v2\/product\/6861\/revisions"}],"wp:featuredmedia":[{"embeddable":true,"href":"https:\/\/dutchmicrodosing.com\/it\/wp-json\/wp\/v2\/media\/6763"}],"wp:attachment":[{"href":"https:\/\/dutchmicrodosing.com\/it\/wp-json\/wp\/v2\/media?parent=6861"}],"wp:term":[{"taxonomy":"product_brand","embeddable":true,"href":"https:\/\/dutchmicrodosing.com\/it\/wp-json\/wp\/v2\/product_brand?post=6861"},{"taxonomy":"product_cat","embeddable":true,"href":"https:\/\/dutchmicrodosing.com\/it\/wp-json\/wp\/v2\/product_cat?post=6861"},{"taxonomy":"product_tag","embeddable":true,"href":"https:\/\/dutchmicrodosing.com\/it\/wp-json\/wp\/v2\/product_tag?post=6861"}],"curies":[{"name":"wp","href":"https:\/\/api.w.org\/{rel}","templated":true}]}}