{"id":6862,"date":"2021-03-08T17:11:33","date_gmt":"2021-06-07T20:36:35","guid":{"rendered":"https:\/\/dutchmicrodosing.com\/shop\/senza-categoria\/ecuador-xp\/"},"modified":"2024-01-16T15:37:43","modified_gmt":"2024-01-16T14:37:43","slug":"ecuador-xp","status":"publish","type":"product","link":"https:\/\/dutchmicrodosing.com\/it\/funghi-allucinogeni\/kit-per-la-coltivazione-fresh-mushrooms\/ecuador-xp\/","title":{"rendered":"XP ecuadoriano"},"content":{"rendered":"<p>Se sei gi\u00e0 stato in viaggio prima e stai cercando qualcosa di diverso, allora il <strong>fungo Fresh Mushrooms Ecuador XP<\/strong> potrebbe fare al caso tuo. Questo fungo magico proviene, come il suo nome gi\u00e0 chiarisce, dall&#8217;Ecuador. L\u00ec cresce in alto sulle Ande. Si tratta di un fungo con potenti effetti visivi, quindi \u00e8 particolarmente adatto a persone che hanno gi\u00e0 qualche esperienza con i funghi magici.<\/p>\n<h3>Forti effetti visivi<\/h3>\n<p>Il kit di coltivazione del fungo magico Ecuador XP produce un fungo magico con un effetto potente. Lo consigliamo soprattutto agli psiconauti esperti. Se non sei mai inciampato prima, gli effetti possono essere piuttosto intensi. Qualcuno che \u00e8 gi\u00e0 inciampato prima sapr\u00e0 come ci si sente e cosa aspettarsi. Il Fresh Mushrooms Ecuador XP produce effetti da medi a forti. Assomigliano ai funghi magici colombiani per intensit\u00e0, ma hanno un po&#8217; pi\u00f9 di potenza.<\/p>\n<h2>Kit di coltivazione manuale ecuadoriano<\/h2>\n<p><a href=\"https:\/\/dutchmicrodosing.com\/it\/manuale_crescita\/\">Scaricare qui : Manuale del kit di coltivazione di funghi freschi<\/a><\/p>\n<ol>\n<li>Estraete dalla scatola il kit di coltura, il sacchetto di plastica e la graffetta. Rimuovere il coperchio del set di coltivazione (conservare il coperchio in un luogo sicuro). Sciacquare il coperchio sotto l&#8217;acqua corrente. Vi servir\u00e0 di nuovo in seguito.<\/li>\n<li>Mettere il set di coltura senza coperchio nel sacchetto di plastica fornito. Far scorrere l&#8217;apertura del sacchetto sotto il fondo con la microperforazione verso l&#8217;alto. L&#8217;apertura della borsa \u00e8 ora in gran parte chiusa. Non \u00e8 necessario preoccuparsi della circolazione dell&#8217;aria.<\/li>\n<li>Non appena si vedono crescere le palline, si pu\u00f2 iniziare a mettere il sacchetto in posizione verticale. Non annaffiare. I primi funghi saranno visibili dopo circa 1 settimana.<\/li>\n<li>Collocare il set di coltivazione in un&#8217;area con sufficiente luce diurna e a una temperatura compresa tra 18 \u00b0C e 28 \u00b0C. Non collocare MAI il set di coltivazione alla luce diretta del sole. Sebbene i funghi crescano a quasi tutte le temperature superiori a 15 \u00b0C, 23 \u00b0C \u00e8 la temperatura ideale per un raccolto ottimale. Sono disponibili speciali tappetini termici per garantire questa temperatura e non dover riscaldare l&#8217;intera stanza.<\/li>\n<li>A partire da questa fase, lasciate sempre il sacchetto leggermente aperto, in modo che l&#8217;umidit\u00e0 possa evaporare un po&#8217;. Un&#8217;umidit\u00e0 eccessiva non va bene. Il primo raccolto avverr\u00e0 circa una settimana dopo la comparsa dei primi bulbi. Assicuratevi di raccogliere prima che inizino a cadere le prime spore!<\/li>\n<li>Questi set producono pi\u00f9 raccolti di funghi. A tal fine, riempire il kit con acqua di rubinetto pulita dopo il primo raccolto. Questo processo \u00e8 noto come &#8220;cold-shock&#8221; e infonde nuova vita al micelio, garantendo l&#8217;umidit\u00e0 necessaria alla crescita dei funghi.<\/li>\n<li>Rimettere il coperchio del kit di coltura sul kit. Lasciare riposare il set per 12 ore. Aprire un angolo del coperchio e far defluire l&#8217;acqua in eccesso. Da qui \u00e8 possibile seguire nuovamente le istruzioni del punto 1. Questo processo pu\u00f2 essere ripetuto pi\u00f9 volte.<\/li>\n<\/ol>\n<h2>Il raccolto:<\/h2>\n<p>I kit di coltivazione di funghi freschi producono il primo raccolto abbastanza rapidamente. Dopo una settimana sono gi\u00e0 visibili i primi germogli. Le basse e le alte temperature possono rallentare un po&#8217; questo processo di crescita. Una volta che le gemme sono visibili, di solito ci vuole una settimana perch\u00e9 i funghi si sviluppino completamente.<\/p>\n<p>Il momento della raccolta \u00e8 estremamente importante. Quando le membrane sotto i cappelli sono ancora tese, ma rischiano di scoppiare o di allentarsi a causa della forza dei cappelli, \u00e8 il momento di raccogliere.<span style=\"text-decoration: underline;\"><br \/>\n<\/span><\/p>\n<h2>Rendimento 100% Micelio magico Kit per la coltivazione di funghi ecuadoriani<\/h2>\n<p>Un kit di coltivazione ecuadoriano da 1200 cc di Freshmushrooms produce un raccolto compreso tra 500 e 800 g di funghi freschi o 50-80 g di funghi secchi.<\/p>\n<h3>Cosa ci si pu\u00f2 aspettare?<\/h3>\n<p>Se hai pazientemente coltivato i tuoi funghi ecuadoriani nel kit di coltivazione, ti aspetta un viaggio speciale. La Psilocybe Equaescens, come viene chiamata ufficialmente, d\u00e0 energia e si possono vedere disegni in movimento su muri e pavimenti. Potresti anche sentire che ti stai distaccando da te stesso. Questi effetti possono essere davvero intensi, motivo per cui \u00e8 meglio usare questo fungo quando si ha gi\u00e0 una certa esperienza. Alcuni degli effetti che si possono sperimentare sono:<\/p>\n<ul>\n<li>Effetti visivi da medi a forti<\/li>\n<li>Sensazione energetica<\/li>\n<li>Vedere modelli colorati e in movimento<\/li>\n<li>Alla scoperta di altri mondi<\/li>\n<li>Sensazione di essere distaccati da se stessi<\/li>\n<li>Sensazione del tuo corpo che si scioglie nel terreno<\/li>\n<li>Oggetti che si muovono, come alberi e lampioni<\/li>\n<\/ul>\n<h2>Dosaggio dei funghi Ecuador XP<\/h2>\n<p>Prendere il giusto dosaggio \u00e8 molto importante con i funghi magici. Se ne prendi troppo poco, non sperimenti (quasi) nulla. Ma se ne prendi troppo, gli effetti possono essere travolgenti. Per determinare quale sia una buona dose, si dovrebbe prendere in considerazione il proprio peso, quanta esperienza si ha gi\u00e0 con i funghi magici e che tipo di viaggio si vuole ottenere. Se hai gi\u00e0 fatto un trip, puoi prenderne di pi\u00f9 che se non l&#8217;hai mai fatto prima. Se sei un principiante, prendi solo una piccola dose.<\/p>\n<p>Funghi freschi Ecuador I funghi possono essere consumati freschi, ma anche secchi. \u00c8 anche possibile fare il t\u00e8 di risaia. Fate bollire dell&#8217;acqua e poi lasciatela raffreddare per un po&#8217;. Poi versarlo sui funghi e lasciarlo in infusione per 20 minuti. Allora il vostro t\u00e8 di risaia \u00e8 pronto e potete berlo.<\/p>\n<p>Potete usare le seguenti quantit\u00e0 come linea guida:<\/p>\n<ul>\n<li>Piccola dose: da 1 a 2 grammi di funghi secchi o da 12 a 24 grammi di funghi freschi.<\/li>\n<li>Grande dose: 4 grammi di funghi secchi o 40 grammi di funghi freschi.<\/li>\n<\/ul>\n<h2>Prepara il tuo viaggio con i funghi Ecuador XP<\/h2>\n<p>Prima di iniziare a inciampare, \u00e8 bene pensare a come lo farete. Scegliete un posto dove vi sentite a vostro agio. Preferibilmente a casa tua o con un buon amico. Organizza anche un tripsitter, questo \u00e8 qualcuno che rimane con te e pu\u00f2 aiutarti quando il viaggio diventa un po&#8217; intenso. Naturalmente il tripsitter rimane sobrio e non fa uso di droghe o alcol.<\/p>\n<p>La presenza di un tripsitter non \u00e8 certo un lusso superfluo con i funghi magici dell&#8217;Ecuador. Si pu\u00f2 perdere il senso del tempo e dello spazio. Quando gli effetti sono gravi, pu\u00f2 sembrare che non finiscano mai. \u00c8 molto piacevole se il tuo tripsitter \u00e8 presente e ti aiuta a ritrovare il senso del tempo. Potresti anche tenere con te un tappo per il viaggio. Questo pu\u00f2 indebolire un po&#8217; gli effetti del viaggio.<\/p>\n<h2>Acquista online il tuo kit di coltivazione Ecuador XP<\/h2>\n<p>Vuoi anche tu un viaggio indimenticabile con i funghi dell&#8217;Ecuador e hai sperimentato diversi viaggi? I kit di coltivazione dei funghi freschi rendono facile la coltivazione dei funghi in casa. Anche l&#8217;acquisto \u00e8 facile: ordina rapidamente il tuo kit di coltivazione e lo ricevi a casa in un imballaggio neutro e sicuro.<\/p>\n","protected":false},"excerpt":{"rendered":"<p>Se sei gi\u00e0 stato in viaggio prima e stai cercando qualcosa di diverso, allora il fungo Fresh Mushrooms Ecuador XP potrebbe fare al caso tuo. Questo fungo magico proviene, come il suo nome gi\u00e0 chiarisce, dall&#8217;Ecuador. L\u00ec cresce in alto sulle Ande. Si tratta di un fungo con potenti effetti visivi, quindi \u00e8 particolarmente adatto [&hellip;]<\/p>\n","protected":false},"featured_media":6761,"comment_status":"open","ping_status":"closed","template":"","meta":[],"product_brand":[],"product_cat":[169],"product_tag":[],"class_list":{"0":"post-6862","1":"product","2":"type-product","3":"status-publish","4":"has-post-thumbnail","6":"product_cat-kit-per-la-coltivazione-fresh-mushrooms","8":"first","9":"instock","10":"taxable","11":"shipping-taxable","12":"purchasable","13":"product-type-simple"},"yoast_head":"<!-- This site is optimized with the Yoast SEO Premium plugin v26.4 (Yoast SEO v27.2) - https:\/\/yoast.com\/product\/yoast-seo-premium-wordpress\/ -->\n<title>Compra il tuo kit di coltivazione Ecuador XP online | Imballato in modo molto discreto<\/title>\n<meta name=\"description\" content=\"Vuoi anche tu un viaggio indimenticabile con i funghi dell&#039;Ecuador e hai sperimentato diversi viaggi? Guarda tutti i kit di coltivazione qui\" \/>\n<meta name=\"robots\" content=\"index, follow, max-snippet:-1, max-image-preview:large, max-video-preview:-1\" \/>\n<link rel=\"canonical\" href=\"https:\/\/dutchmicrodosing.com\/it\/funghi-allucinogeni\/kit-per-la-coltivazione-fresh-mushrooms\/ecuador-xp\/\" \/>\n<meta property=\"og:locale\" content=\"it_IT\" \/>\n<meta property=\"og:type\" content=\"article\" \/>\n<meta property=\"og:title\" content=\"XP ecuadoriano\" \/>\n<meta property=\"og:description\" content=\"Se sei gi\u00e0 stato in viaggio prima e stai cercando qualcosa di diverso, allora il fungo Fresh Mushrooms Ecuador XP potrebbe fare al caso tuo. Questo fungo\" \/>\n<meta property=\"og:url\" content=\"https:\/\/dutchmicrodosing.com\/it\/funghi-allucinogeni\/kit-per-la-coltivazione-fresh-mushrooms\/ecuador-xp\/\" \/>\n<meta property=\"og:site_name\" content=\"Dutchmicrodosing\" \/>\n<meta property=\"article:publisher\" content=\"https:\/\/www.facebook.com\/Dutchmicrodosingxp\/\" \/>\n<meta property=\"article:modified_time\" content=\"2024-01-16T14:37:43+00:00\" \/>\n<meta property=\"og:image\" content=\"https:\/\/dutchmicrodosing.com\/wp-content\/uploads\/2021\/02\/Ecuador-xp.jpg\" \/>\n\t<meta property=\"og:image:width\" content=\"500\" \/>\n\t<meta property=\"og:image:height\" content=\"500\" \/>\n\t<meta property=\"og:image:type\" content=\"image\/jpeg\" \/>\n<meta name=\"twitter:card\" content=\"summary_large_image\" \/>\n<script type=\"application\/ld+json\" class=\"yoast-schema-graph\">{\"@context\":\"https:\/\/schema.org\",\"@graph\":[{\"@type\":\"WebPage\",\"@id\":\"https:\/\/dutchmicrodosing.com\/it\/funghi-allucinogeni\/kit-per-la-coltivazione-fresh-mushrooms\/ecuador-xp\/\",\"url\":\"https:\/\/dutchmicrodosing.com\/it\/funghi-allucinogeni\/kit-per-la-coltivazione-fresh-mushrooms\/ecuador-xp\/\",\"name\":\"Compra il tuo kit di coltivazione Ecuador XP online | Imballato in modo molto discreto\",\"isPartOf\":{\"@id\":\"https:\/\/dutchmicrodosing.com\/it\/#website\"},\"primaryImageOfPage\":{\"@id\":\"https:\/\/dutchmicrodosing.com\/it\/funghi-allucinogeni\/kit-per-la-coltivazione-fresh-mushrooms\/ecuador-xp\/#primaryimage\"},\"image\":{\"@id\":\"https:\/\/dutchmicrodosing.com\/it\/funghi-allucinogeni\/kit-per-la-coltivazione-fresh-mushrooms\/ecuador-xp\/#primaryimage\"},\"thumbnailUrl\":\"https:\/\/dutchmicrodosing.com\/wp-content\/uploads\/2021\/02\/Ecuador-xp.jpg\",\"datePublished\":\"2021-06-07T20:36:35+00:00\",\"dateModified\":\"2024-01-16T14:37:43+00:00\",\"description\":\"Vuoi anche tu un viaggio indimenticabile con i funghi dell'Ecuador e hai sperimentato diversi viaggi? Guarda tutti i kit di coltivazione qui\",\"breadcrumb\":{\"@id\":\"https:\/\/dutchmicrodosing.com\/it\/funghi-allucinogeni\/kit-per-la-coltivazione-fresh-mushrooms\/ecuador-xp\/#breadcrumb\"},\"inLanguage\":\"it-IT\",\"potentialAction\":[{\"@type\":\"ReadAction\",\"target\":[\"https:\/\/dutchmicrodosing.com\/it\/funghi-allucinogeni\/kit-per-la-coltivazione-fresh-mushrooms\/ecuador-xp\/\"]}]},{\"@type\":\"ImageObject\",\"inLanguage\":\"it-IT\",\"@id\":\"https:\/\/dutchmicrodosing.com\/it\/funghi-allucinogeni\/kit-per-la-coltivazione-fresh-mushrooms\/ecuador-xp\/#primaryimage\",\"url\":\"https:\/\/dutchmicrodosing.com\/wp-content\/uploads\/2021\/02\/Ecuador-xp.jpg\",\"contentUrl\":\"https:\/\/dutchmicrodosing.com\/wp-content\/uploads\/2021\/02\/Ecuador-xp.jpg\",\"width\":500,\"height\":500},{\"@type\":\"BreadcrumbList\",\"@id\":\"https:\/\/dutchmicrodosing.com\/it\/funghi-allucinogeni\/kit-per-la-coltivazione-fresh-mushrooms\/ecuador-xp\/#breadcrumb\",\"itemListElement\":[{\"@type\":\"ListItem\",\"position\":1,\"name\":\"Home\",\"item\":\"https:\/\/dutchmicrodosing.com\/it\/\"},{\"@type\":\"ListItem\",\"position\":2,\"name\":\"Negozio\",\"item\":\"https:\/\/dutchmicrodosing.com\/it\/negozio\/\"},{\"@type\":\"ListItem\",\"position\":3,\"name\":\"XP ecuadoriano\"}]},{\"@type\":\"WebSite\",\"@id\":\"https:\/\/dutchmicrodosing.com\/it\/#website\",\"url\":\"https:\/\/dutchmicrodosing.com\/it\/\",\"name\":\"Dutchmicrodosing\",\"description\":\"\",\"publisher\":{\"@id\":\"https:\/\/dutchmicrodosing.com\/it\/#organization\"},\"potentialAction\":[{\"@type\":\"SearchAction\",\"target\":{\"@type\":\"EntryPoint\",\"urlTemplate\":\"https:\/\/dutchmicrodosing.com\/it\/?s={search_term_string}\"},\"query-input\":{\"@type\":\"PropertyValueSpecification\",\"valueRequired\":true,\"valueName\":\"search_term_string\"}}],\"inLanguage\":\"it-IT\"},{\"@type\":\"Organization\",\"@id\":\"https:\/\/dutchmicrodosing.com\/it\/#organization\",\"name\":\"Dutchmicrodosing\",\"url\":\"https:\/\/dutchmicrodosing.com\/it\/\",\"logo\":{\"@type\":\"ImageObject\",\"inLanguage\":\"it-IT\",\"@id\":\"https:\/\/dutchmicrodosing.com\/it\/#\/schema\/logo\/image\/\",\"url\":\"https:\/\/dutchmicrodosing.com\/wp-content\/uploads\/2021\/01\/microdosing-categorie-pic-nieuw.jpg\",\"contentUrl\":\"https:\/\/dutchmicrodosing.com\/wp-content\/uploads\/2021\/01\/microdosing-categorie-pic-nieuw.jpg\",\"width\":500,\"height\":500,\"caption\":\"Dutchmicrodosing\"},\"image\":{\"@id\":\"https:\/\/dutchmicrodosing.com\/it\/#\/schema\/logo\/image\/\"},\"sameAs\":[\"https:\/\/www.facebook.com\/Dutchmicrodosingxp\/\",\"https:\/\/www.instagram.com\/dutchmicrodosing\/\"]}]}<\/script>\n<meta property=\"product:price:amount\" content=\"39.95\" \/>\n<meta property=\"product:price:currency\" content=\"EUR\" \/>\n<meta property=\"og:availability\" content=\"instock\" \/>\n<meta property=\"product:availability\" content=\"instock\" \/>\n<meta property=\"product:retailer_item_id\" content=\"0208725\" \/>\n<meta property=\"product:condition\" content=\"new\" \/>\n<!-- \/ Yoast SEO Premium plugin. -->","yoast_head_json":{"title":"Compra il tuo kit di coltivazione Ecuador XP online | Imballato in modo molto discreto","description":"Vuoi anche tu un viaggio indimenticabile con i funghi dell'Ecuador e hai sperimentato diversi viaggi? Guarda tutti i kit di coltivazione qui","robots":{"index":"index","follow":"follow","max-snippet":"max-snippet:-1","max-image-preview":"max-image-preview:large","max-video-preview":"max-video-preview:-1"},"canonical":"https:\/\/dutchmicrodosing.com\/it\/funghi-allucinogeni\/kit-per-la-coltivazione-fresh-mushrooms\/ecuador-xp\/","og_locale":"it_IT","og_type":"article","og_title":"XP ecuadoriano","og_description":"Se sei gi\u00e0 stato in viaggio prima e stai cercando qualcosa di diverso, allora il fungo Fresh Mushrooms Ecuador XP potrebbe fare al caso tuo. Questo fungo","og_url":"https:\/\/dutchmicrodosing.com\/it\/funghi-allucinogeni\/kit-per-la-coltivazione-fresh-mushrooms\/ecuador-xp\/","og_site_name":"Dutchmicrodosing","article_publisher":"https:\/\/www.facebook.com\/Dutchmicrodosingxp\/","article_modified_time":"2024-01-16T14:37:43+00:00","og_image":[{"width":500,"height":500,"url":"https:\/\/dutchmicrodosing.com\/wp-content\/uploads\/2021\/02\/Ecuador-xp.jpg","type":"image\/jpeg"}],"twitter_card":"summary_large_image","schema":{"@context":"https:\/\/schema.org","@graph":[{"@type":"WebPage","@id":"https:\/\/dutchmicrodosing.com\/it\/funghi-allucinogeni\/kit-per-la-coltivazione-fresh-mushrooms\/ecuador-xp\/","url":"https:\/\/dutchmicrodosing.com\/it\/funghi-allucinogeni\/kit-per-la-coltivazione-fresh-mushrooms\/ecuador-xp\/","name":"Compra il tuo kit di coltivazione Ecuador XP online | Imballato in modo molto discreto","isPartOf":{"@id":"https:\/\/dutchmicrodosing.com\/it\/#website"},"primaryImageOfPage":{"@id":"https:\/\/dutchmicrodosing.com\/it\/funghi-allucinogeni\/kit-per-la-coltivazione-fresh-mushrooms\/ecuador-xp\/#primaryimage"},"image":{"@id":"https:\/\/dutchmicrodosing.com\/it\/funghi-allucinogeni\/kit-per-la-coltivazione-fresh-mushrooms\/ecuador-xp\/#primaryimage"},"thumbnailUrl":"https:\/\/dutchmicrodosing.com\/wp-content\/uploads\/2021\/02\/Ecuador-xp.jpg","datePublished":"2021-06-07T20:36:35+00:00","dateModified":"2024-01-16T14:37:43+00:00","description":"Vuoi anche tu un viaggio indimenticabile con i funghi dell'Ecuador e hai sperimentato diversi viaggi? Guarda tutti i kit di coltivazione qui","breadcrumb":{"@id":"https:\/\/dutchmicrodosing.com\/it\/funghi-allucinogeni\/kit-per-la-coltivazione-fresh-mushrooms\/ecuador-xp\/#breadcrumb"},"inLanguage":"it-IT","potentialAction":[{"@type":"ReadAction","target":["https:\/\/dutchmicrodosing.com\/it\/funghi-allucinogeni\/kit-per-la-coltivazione-fresh-mushrooms\/ecuador-xp\/"]}]},{"@type":"ImageObject","inLanguage":"it-IT","@id":"https:\/\/dutchmicrodosing.com\/it\/funghi-allucinogeni\/kit-per-la-coltivazione-fresh-mushrooms\/ecuador-xp\/#primaryimage","url":"https:\/\/dutchmicrodosing.com\/wp-content\/uploads\/2021\/02\/Ecuador-xp.jpg","contentUrl":"https:\/\/dutchmicrodosing.com\/wp-content\/uploads\/2021\/02\/Ecuador-xp.jpg","width":500,"height":500},{"@type":"BreadcrumbList","@id":"https:\/\/dutchmicrodosing.com\/it\/funghi-allucinogeni\/kit-per-la-coltivazione-fresh-mushrooms\/ecuador-xp\/#breadcrumb","itemListElement":[{"@type":"ListItem","position":1,"name":"Home","item":"https:\/\/dutchmicrodosing.com\/it\/"},{"@type":"ListItem","position":2,"name":"Negozio","item":"https:\/\/dutchmicrodosing.com\/it\/negozio\/"},{"@type":"ListItem","position":3,"name":"XP ecuadoriano"}]},{"@type":"WebSite","@id":"https:\/\/dutchmicrodosing.com\/it\/#website","url":"https:\/\/dutchmicrodosing.com\/it\/","name":"Dutchmicrodosing","description":"","publisher":{"@id":"https:\/\/dutchmicrodosing.com\/it\/#organization"},"potentialAction":[{"@type":"SearchAction","target":{"@type":"EntryPoint","urlTemplate":"https:\/\/dutchmicrodosing.com\/it\/?s={search_term_string}"},"query-input":{"@type":"PropertyValueSpecification","valueRequired":true,"valueName":"search_term_string"}}],"inLanguage":"it-IT"},{"@type":"Organization","@id":"https:\/\/dutchmicrodosing.com\/it\/#organization","name":"Dutchmicrodosing","url":"https:\/\/dutchmicrodosing.com\/it\/","logo":{"@type":"ImageObject","inLanguage":"it-IT","@id":"https:\/\/dutchmicrodosing.com\/it\/#\/schema\/logo\/image\/","url":"https:\/\/dutchmicrodosing.com\/wp-content\/uploads\/2021\/01\/microdosing-categorie-pic-nieuw.jpg","contentUrl":"https:\/\/dutchmicrodosing.com\/wp-content\/uploads\/2021\/01\/microdosing-categorie-pic-nieuw.jpg","width":500,"height":500,"caption":"Dutchmicrodosing"},"image":{"@id":"https:\/\/dutchmicrodosing.com\/it\/#\/schema\/logo\/image\/"},"sameAs":["https:\/\/www.facebook.com\/Dutchmicrodosingxp\/","https:\/\/www.instagram.com\/dutchmicrodosing\/"]}]},"product_price_amount":"39.95","product_price_currency":"EUR","og_availability":"instock","product_availability":"instock","product_retailer_item_id":"0208725","product_condition":"new"},"_links":{"self":[{"href":"https:\/\/dutchmicrodosing.com\/it\/wp-json\/wp\/v2\/product\/6862","targetHints":{"allow":["GET"]}}],"collection":[{"href":"https:\/\/dutchmicrodosing.com\/it\/wp-json\/wp\/v2\/product"}],"about":[{"href":"https:\/\/dutchmicrodosing.com\/it\/wp-json\/wp\/v2\/types\/product"}],"replies":[{"embeddable":true,"href":"https:\/\/dutchmicrodosing.com\/it\/wp-json\/wp\/v2\/comments?post=6862"}],"version-history":[{"count":0,"href":"https:\/\/dutchmicrodosing.com\/it\/wp-json\/wp\/v2\/product\/6862\/revisions"}],"wp:featuredmedia":[{"embeddable":true,"href":"https:\/\/dutchmicrodosing.com\/it\/wp-json\/wp\/v2\/media\/6761"}],"wp:attachment":[{"href":"https:\/\/dutchmicrodosing.com\/it\/wp-json\/wp\/v2\/media?parent=6862"}],"wp:term":[{"taxonomy":"product_brand","embeddable":true,"href":"https:\/\/dutchmicrodosing.com\/it\/wp-json\/wp\/v2\/product_brand?post=6862"},{"taxonomy":"product_cat","embeddable":true,"href":"https:\/\/dutchmicrodosing.com\/it\/wp-json\/wp\/v2\/product_cat?post=6862"},{"taxonomy":"product_tag","embeddable":true,"href":"https:\/\/dutchmicrodosing.com\/it\/wp-json\/wp\/v2\/product_tag?post=6862"}],"curies":[{"name":"wp","href":"https:\/\/api.w.org\/{rel}","templated":true}]}}