{"id":6865,"date":"2021-02-02T15:56:28","date_gmt":"2021-02-02T14:56:28","guid":{"rendered":"https:\/\/dutchmicrodosing.com\/shop\/senza-categoria\/microdosingxp-confezione-da-10\/"},"modified":"2025-11-20T11:55:32","modified_gmt":"2025-11-20T10:55:32","slug":"microdosingxp-10-pack","status":"publish","type":"product","link":"https:\/\/dutchmicrodosing.com\/it\/microdosaggio\/microdosingxp-10-pack\/","title":{"rendered":"MicrodosingXP &#8211; confezione da 10"},"content":{"rendered":"<p>I tartufi <strong>XP Microdosing<\/strong> sono prodotti da esperti con molti decenni di esperienza nella coltivazione di tartufi di psilocibina. La qualit\u00e0 dei prodotti dei tartufi XP Microdosing pu\u00f2 essere definita eccellente. Questi tartufi magici sono organici al 100% e privi di pesticidi e prodotti chimici.<\/p>\n<h3>Ingredienti<\/h3>\n<p>6 tartufi di psilocibina da 1 grammo. Ogni dose di 1 grammo contiene +\/- 1mg di psilocibina.<\/p>\n<h3>Contenuto<\/h3>\n<p>10 x Microdosing XP confezione di tartufi con 6 tartufi di psilocibina da 1 grammo. Il peso dei tartufi \u00e8 stato di 6 grammi. Questa confezione da 10 \u00e8 buona per 120 giorni, adatta per 2 persone cura 60 giorni, pu\u00f2 essere conservata in frigorifero per 9-12 settimane.<\/p>\n<h3>Utilizzo<\/h3>\n<p>Il microdosaggio consiste nell&#8217;ingerire periodicamente piccole quantit\u00e0 della sostanza psilcibina. Poich\u00e9 le dosi dei tartufi sono piccole, non ci saranno effetti pesanti sentiti o percepiti. Per un effetto ottimale, si consiglia di consumare la microdose di tartufo al mattino a stomaco vuoto.<\/p>\n<ul>\n<li>Giorno 1: 1 dose di 1 gr.<\/li>\n<li>Giorno 2: nessuna dose, riposo<\/li>\n<li>Giorno 3: 1 dose da 1gr<\/li>\n<li>Giorno 4: Nessuna dose, riposo<\/li>\n<li>Giorno 5: 1 dose da 1gr<\/li>\n<li>Giorno 6: nessuna dose, riposo<\/li>\n<li>Giorno 7: 1 dose da 1gr<\/li>\n<li>Giorno 8: Iniziare dal giorno 1<\/li>\n<\/ul>\n<p>Il <a href=\"https:\/\/dutchmicrodosing.com\/it\/routine-di-microdosaggio\/\">programma di dosaggio<\/a> \u00e8 un ciclo che viene ripetuto continuamente fino al raggiungimento del numero di settimane di cura desiderato. Prendi i tartufi XP microdosing da 1 a 2 mesi. Dopo questo si prende una pausa da 2 a 4 settimane. Una microdose non vi far\u00e0 diventare trippy o allucinati. Si possono per\u00f2 osservare effetti sottili.<\/p>\n<h3>Consigli per lo stoccaggio<\/h3>\n<p>Conservare i tartufi Microdosing XP in frigorifero a una temperatura compresa tra 2 e 4 gradi. Assicuratevi di controllare la data di scadenza riportata sulla confezione per vedere quanto tempo si conservano.<\/p>\n<h3>IMPORTANTE<\/h3>\n<p>Non utilizzare i tartufi XP Microdosing:<\/p>\n<ul>\n<li>In combinazione con alcol o altre droghe<\/li>\n<li>In caso di gravidanza o allattamento<\/li>\n<li>In combinazione con il carbonato di litio<\/li>\n<li>Nel caso di un disturbo e\/o malattia mentale o fisica<\/li>\n<li>In caso di daltonismo<\/li>\n<\/ul>\n","protected":false},"excerpt":{"rendered":"<p>I tartufi XP Microdosing sono prodotti da esperti con molti decenni di esperienza nella coltivazione di tartufi di psilocibina. La qualit\u00e0 dei prodotti dei tartufi XP Microdosing pu\u00f2 essere definita eccellente. Questi tartufi magici sono organici al 100% e privi di pesticidi e prodotti chimici. Ingredienti 6 tartufi di psilocibina da 1 grammo. Ogni dose [&hellip;]<\/p>\n","protected":false},"featured_media":6004,"comment_status":"open","ping_status":"closed","template":"","meta":[],"product_brand":[],"product_cat":[174,318],"product_tag":[],"class_list":{"0":"post-6865","1":"product","2":"type-product","3":"status-publish","4":"has-post-thumbnail","6":"product_cat-microdosaggio","7":"product_cat-integratori-per-la-creativita","9":"first","10":"instock","11":"taxable","12":"shipping-taxable","13":"purchasable","14":"product-type-simple"},"yoast_head":"<!-- This site is optimized with the Yoast SEO Premium plugin v26.4 (Yoast SEO v27.4) - https:\/\/yoast.com\/product\/yoast-seo-premium-wordpress\/ -->\n<title>Microdosing XP Acquista 10-pack | Ordinato prima delle 16:00 Ordinato oggi<\/title>\n<meta name=\"description\" content=\"Comprare tartufi XP in microdosing? Rivenditore ufficiale MicrodosingXP 60 x 1 grammo tartufi freschi di microdosaggio discretamente spediti.\" \/>\n<meta name=\"robots\" content=\"index, follow, max-snippet:-1, max-image-preview:large, max-video-preview:-1\" \/>\n<link rel=\"canonical\" href=\"https:\/\/dutchmicrodosing.com\/it\/microdosaggio\/microdosingxp-10-pack\/\" \/>\n<meta property=\"og:locale\" content=\"it_IT\" \/>\n<meta property=\"og:type\" content=\"article\" \/>\n<meta property=\"og:title\" content=\"MicrodosingXP - confezione da 10\" \/>\n<meta property=\"og:description\" content=\"I tartufi XP Microdosing sono prodotti da esperti con molti decenni di esperienza nella coltivazione di tartufi di psilocibina. La qualit\u00e0 dei prodotti\" \/>\n<meta property=\"og:url\" content=\"https:\/\/dutchmicrodosing.com\/it\/microdosaggio\/microdosingxp-10-pack\/\" \/>\n<meta property=\"og:site_name\" content=\"Dutchmicrodosing\" \/>\n<meta property=\"article:publisher\" content=\"https:\/\/www.facebook.com\/Dutchmicrodosingxp\/\" \/>\n<meta property=\"article:modified_time\" content=\"2025-11-20T10:55:32+00:00\" \/>\n<meta property=\"og:image\" content=\"https:\/\/dutchmicrodosing.com\/wp-content\/uploads\/2021\/02\/MicrodosingXP_mockups_102pack.jpg\" \/>\n\t<meta property=\"og:image:width\" content=\"500\" \/>\n\t<meta property=\"og:image:height\" content=\"500\" \/>\n\t<meta property=\"og:image:type\" content=\"image\/jpeg\" \/>\n<meta name=\"twitter:card\" content=\"summary_large_image\" \/>\n<script type=\"application\/ld+json\" class=\"yoast-schema-graph\">{\"@context\":\"https:\\\/\\\/schema.org\",\"@graph\":[{\"@type\":\"WebPage\",\"@id\":\"https:\\\/\\\/dutchmicrodosing.com\\\/it\\\/microdosaggio\\\/microdosingxp-10-pack\\\/\",\"url\":\"https:\\\/\\\/dutchmicrodosing.com\\\/it\\\/microdosaggio\\\/microdosingxp-10-pack\\\/\",\"name\":\"Microdosing XP Acquista 10-pack | Ordinato prima delle 16:00 Ordinato oggi\",\"isPartOf\":{\"@id\":\"https:\\\/\\\/dutchmicrodosing.com\\\/it\\\/#website\"},\"primaryImageOfPage\":{\"@id\":\"https:\\\/\\\/dutchmicrodosing.com\\\/it\\\/microdosaggio\\\/microdosingxp-10-pack\\\/#primaryimage\"},\"image\":{\"@id\":\"https:\\\/\\\/dutchmicrodosing.com\\\/it\\\/microdosaggio\\\/microdosingxp-10-pack\\\/#primaryimage\"},\"thumbnailUrl\":\"https:\\\/\\\/dutchmicrodosing.com\\\/wp-content\\\/uploads\\\/2021\\\/02\\\/MicrodosingXP_mockups_102pack.jpg\",\"datePublished\":\"2021-02-02T14:56:28+00:00\",\"dateModified\":\"2025-11-20T10:55:32+00:00\",\"description\":\"Comprare tartufi XP in microdosing? Rivenditore ufficiale MicrodosingXP 60 x 1 grammo tartufi freschi di microdosaggio discretamente spediti.\",\"breadcrumb\":{\"@id\":\"https:\\\/\\\/dutchmicrodosing.com\\\/it\\\/microdosaggio\\\/microdosingxp-10-pack\\\/#breadcrumb\"},\"inLanguage\":\"it-IT\",\"potentialAction\":[{\"@type\":\"ReadAction\",\"target\":[\"https:\\\/\\\/dutchmicrodosing.com\\\/it\\\/microdosaggio\\\/microdosingxp-10-pack\\\/\"]}]},{\"@type\":\"ImageObject\",\"inLanguage\":\"it-IT\",\"@id\":\"https:\\\/\\\/dutchmicrodosing.com\\\/it\\\/microdosaggio\\\/microdosingxp-10-pack\\\/#primaryimage\",\"url\":\"https:\\\/\\\/dutchmicrodosing.com\\\/wp-content\\\/uploads\\\/2021\\\/02\\\/MicrodosingXP_mockups_102pack.jpg\",\"contentUrl\":\"https:\\\/\\\/dutchmicrodosing.com\\\/wp-content\\\/uploads\\\/2021\\\/02\\\/MicrodosingXP_mockups_102pack.jpg\",\"width\":500,\"height\":500},{\"@type\":\"BreadcrumbList\",\"@id\":\"https:\\\/\\\/dutchmicrodosing.com\\\/it\\\/microdosaggio\\\/microdosingxp-10-pack\\\/#breadcrumb\",\"itemListElement\":[{\"@type\":\"ListItem\",\"position\":1,\"name\":\"Home\",\"item\":\"https:\\\/\\\/dutchmicrodosing.com\\\/it\\\/\"},{\"@type\":\"ListItem\",\"position\":2,\"name\":\"Negozio\",\"item\":\"https:\\\/\\\/dutchmicrodosing.com\\\/it\\\/negozio\\\/\"},{\"@type\":\"ListItem\",\"position\":3,\"name\":\"MicrodosingXP &#8211; confezione da 10\"}]},{\"@type\":\"WebSite\",\"@id\":\"https:\\\/\\\/dutchmicrodosing.com\\\/it\\\/#website\",\"url\":\"https:\\\/\\\/dutchmicrodosing.com\\\/it\\\/\",\"name\":\"Dutchmicrodosing\",\"description\":\"\",\"publisher\":{\"@id\":\"https:\\\/\\\/dutchmicrodosing.com\\\/it\\\/#organization\"},\"potentialAction\":[{\"@type\":\"SearchAction\",\"target\":{\"@type\":\"EntryPoint\",\"urlTemplate\":\"https:\\\/\\\/dutchmicrodosing.com\\\/it\\\/?s={search_term_string}\"},\"query-input\":{\"@type\":\"PropertyValueSpecification\",\"valueRequired\":true,\"valueName\":\"search_term_string\"}}],\"inLanguage\":\"it-IT\"},{\"@type\":\"Organization\",\"@id\":\"https:\\\/\\\/dutchmicrodosing.com\\\/it\\\/#organization\",\"name\":\"Dutchmicrodosing\",\"url\":\"https:\\\/\\\/dutchmicrodosing.com\\\/it\\\/\",\"logo\":{\"@type\":\"ImageObject\",\"inLanguage\":\"it-IT\",\"@id\":\"https:\\\/\\\/dutchmicrodosing.com\\\/it\\\/#\\\/schema\\\/logo\\\/image\\\/\",\"url\":\"https:\\\/\\\/dutchmicrodosing.com\\\/wp-content\\\/uploads\\\/2021\\\/01\\\/microdosing-categorie-pic-nieuw.jpg\",\"contentUrl\":\"https:\\\/\\\/dutchmicrodosing.com\\\/wp-content\\\/uploads\\\/2021\\\/01\\\/microdosing-categorie-pic-nieuw.jpg\",\"width\":500,\"height\":500,\"caption\":\"Dutchmicrodosing\"},\"image\":{\"@id\":\"https:\\\/\\\/dutchmicrodosing.com\\\/it\\\/#\\\/schema\\\/logo\\\/image\\\/\"},\"sameAs\":[\"https:\\\/\\\/www.facebook.com\\\/Dutchmicrodosingxp\\\/\",\"https:\\\/\\\/www.instagram.com\\\/dutchmicrodosing\\\/\"]}]}<\/script>\n<meta property=\"product:price:amount\" content=\"54.95\" \/>\n<meta property=\"product:price:currency\" content=\"EUR\" \/>\n<meta property=\"og:availability\" content=\"instock\" \/>\n<meta property=\"product:availability\" content=\"instock\" \/>\n<meta property=\"product:retailer_item_id\" content=\"0210633\" \/>\n<meta property=\"product:condition\" content=\"new\" \/>\n<!-- \/ Yoast SEO Premium plugin. -->","yoast_head_json":{"title":"Microdosing XP Acquista 10-pack | Ordinato prima delle 16:00 Ordinato oggi","description":"Comprare tartufi XP in microdosing? Rivenditore ufficiale MicrodosingXP 60 x 1 grammo tartufi freschi di microdosaggio discretamente spediti.","robots":{"index":"index","follow":"follow","max-snippet":"max-snippet:-1","max-image-preview":"max-image-preview:large","max-video-preview":"max-video-preview:-1"},"canonical":"https:\/\/dutchmicrodosing.com\/it\/microdosaggio\/microdosingxp-10-pack\/","og_locale":"it_IT","og_type":"article","og_title":"MicrodosingXP - confezione da 10","og_description":"I tartufi XP Microdosing sono prodotti da esperti con molti decenni di esperienza nella coltivazione di tartufi di psilocibina. La qualit\u00e0 dei prodotti","og_url":"https:\/\/dutchmicrodosing.com\/it\/microdosaggio\/microdosingxp-10-pack\/","og_site_name":"Dutchmicrodosing","article_publisher":"https:\/\/www.facebook.com\/Dutchmicrodosingxp\/","article_modified_time":"2025-11-20T10:55:32+00:00","og_image":[{"width":500,"height":500,"url":"https:\/\/dutchmicrodosing.com\/wp-content\/uploads\/2021\/02\/MicrodosingXP_mockups_102pack.jpg","type":"image\/jpeg"}],"twitter_card":"summary_large_image","schema":{"@context":"https:\/\/schema.org","@graph":[{"@type":"WebPage","@id":"https:\/\/dutchmicrodosing.com\/it\/microdosaggio\/microdosingxp-10-pack\/","url":"https:\/\/dutchmicrodosing.com\/it\/microdosaggio\/microdosingxp-10-pack\/","name":"Microdosing XP Acquista 10-pack | Ordinato prima delle 16:00 Ordinato oggi","isPartOf":{"@id":"https:\/\/dutchmicrodosing.com\/it\/#website"},"primaryImageOfPage":{"@id":"https:\/\/dutchmicrodosing.com\/it\/microdosaggio\/microdosingxp-10-pack\/#primaryimage"},"image":{"@id":"https:\/\/dutchmicrodosing.com\/it\/microdosaggio\/microdosingxp-10-pack\/#primaryimage"},"thumbnailUrl":"https:\/\/dutchmicrodosing.com\/wp-content\/uploads\/2021\/02\/MicrodosingXP_mockups_102pack.jpg","datePublished":"2021-02-02T14:56:28+00:00","dateModified":"2025-11-20T10:55:32+00:00","description":"Comprare tartufi XP in microdosing? Rivenditore ufficiale MicrodosingXP 60 x 1 grammo tartufi freschi di microdosaggio discretamente spediti.","breadcrumb":{"@id":"https:\/\/dutchmicrodosing.com\/it\/microdosaggio\/microdosingxp-10-pack\/#breadcrumb"},"inLanguage":"it-IT","potentialAction":[{"@type":"ReadAction","target":["https:\/\/dutchmicrodosing.com\/it\/microdosaggio\/microdosingxp-10-pack\/"]}]},{"@type":"ImageObject","inLanguage":"it-IT","@id":"https:\/\/dutchmicrodosing.com\/it\/microdosaggio\/microdosingxp-10-pack\/#primaryimage","url":"https:\/\/dutchmicrodosing.com\/wp-content\/uploads\/2021\/02\/MicrodosingXP_mockups_102pack.jpg","contentUrl":"https:\/\/dutchmicrodosing.com\/wp-content\/uploads\/2021\/02\/MicrodosingXP_mockups_102pack.jpg","width":500,"height":500},{"@type":"BreadcrumbList","@id":"https:\/\/dutchmicrodosing.com\/it\/microdosaggio\/microdosingxp-10-pack\/#breadcrumb","itemListElement":[{"@type":"ListItem","position":1,"name":"Home","item":"https:\/\/dutchmicrodosing.com\/it\/"},{"@type":"ListItem","position":2,"name":"Negozio","item":"https:\/\/dutchmicrodosing.com\/it\/negozio\/"},{"@type":"ListItem","position":3,"name":"MicrodosingXP &#8211; confezione da 10"}]},{"@type":"WebSite","@id":"https:\/\/dutchmicrodosing.com\/it\/#website","url":"https:\/\/dutchmicrodosing.com\/it\/","name":"Dutchmicrodosing","description":"","publisher":{"@id":"https:\/\/dutchmicrodosing.com\/it\/#organization"},"potentialAction":[{"@type":"SearchAction","target":{"@type":"EntryPoint","urlTemplate":"https:\/\/dutchmicrodosing.com\/it\/?s={search_term_string}"},"query-input":{"@type":"PropertyValueSpecification","valueRequired":true,"valueName":"search_term_string"}}],"inLanguage":"it-IT"},{"@type":"Organization","@id":"https:\/\/dutchmicrodosing.com\/it\/#organization","name":"Dutchmicrodosing","url":"https:\/\/dutchmicrodosing.com\/it\/","logo":{"@type":"ImageObject","inLanguage":"it-IT","@id":"https:\/\/dutchmicrodosing.com\/it\/#\/schema\/logo\/image\/","url":"https:\/\/dutchmicrodosing.com\/wp-content\/uploads\/2021\/01\/microdosing-categorie-pic-nieuw.jpg","contentUrl":"https:\/\/dutchmicrodosing.com\/wp-content\/uploads\/2021\/01\/microdosing-categorie-pic-nieuw.jpg","width":500,"height":500,"caption":"Dutchmicrodosing"},"image":{"@id":"https:\/\/dutchmicrodosing.com\/it\/#\/schema\/logo\/image\/"},"sameAs":["https:\/\/www.facebook.com\/Dutchmicrodosingxp\/","https:\/\/www.instagram.com\/dutchmicrodosing\/"]}]},"product_price_amount":"54.95","product_price_currency":"EUR","og_availability":"instock","product_availability":"instock","product_retailer_item_id":"0210633","product_condition":"new"},"_links":{"self":[{"href":"https:\/\/dutchmicrodosing.com\/it\/wp-json\/wp\/v2\/product\/6865","targetHints":{"allow":["GET"]}}],"collection":[{"href":"https:\/\/dutchmicrodosing.com\/it\/wp-json\/wp\/v2\/product"}],"about":[{"href":"https:\/\/dutchmicrodosing.com\/it\/wp-json\/wp\/v2\/types\/product"}],"replies":[{"embeddable":true,"href":"https:\/\/dutchmicrodosing.com\/it\/wp-json\/wp\/v2\/comments?post=6865"}],"version-history":[{"count":1,"href":"https:\/\/dutchmicrodosing.com\/it\/wp-json\/wp\/v2\/product\/6865\/revisions"}],"predecessor-version":[{"id":62644,"href":"https:\/\/dutchmicrodosing.com\/it\/wp-json\/wp\/v2\/product\/6865\/revisions\/62644"}],"wp:featuredmedia":[{"embeddable":true,"href":"https:\/\/dutchmicrodosing.com\/it\/wp-json\/wp\/v2\/media\/6004"}],"wp:attachment":[{"href":"https:\/\/dutchmicrodosing.com\/it\/wp-json\/wp\/v2\/media?parent=6865"}],"wp:term":[{"taxonomy":"product_brand","embeddable":true,"href":"https:\/\/dutchmicrodosing.com\/it\/wp-json\/wp\/v2\/product_brand?post=6865"},{"taxonomy":"product_cat","embeddable":true,"href":"https:\/\/dutchmicrodosing.com\/it\/wp-json\/wp\/v2\/product_cat?post=6865"},{"taxonomy":"product_tag","embeddable":true,"href":"https:\/\/dutchmicrodosing.com\/it\/wp-json\/wp\/v2\/product_tag?post=6865"}],"curies":[{"name":"wp","href":"https:\/\/api.w.org\/{rel}","templated":true}]}}