{"id":6871,"date":"2021-02-02T15:25:53","date_gmt":"2021-06-07T20:43:24","guid":{"rendered":"https:\/\/dutchmicrodosing.com\/shop\/senza-categoria\/tartufi-psilocybe-tampanensis-15-gr\/"},"modified":"2023-03-11T12:44:08","modified_gmt":"2023-03-11T11:44:08","slug":"tartufi-bio-tampanensis","status":"publish","type":"product","link":"https:\/\/dutchmicrodosing.com\/it\/tartufi-di-psilocibina\/tartufi-magici-biologici-xp\/tartufi-bio-tampanensis\/","title":{"rendered":"Tartufi Tampanensis biologici 15 Gr"},"content":{"rendered":"<p>Il tartufo Psilocybe Tampanensis 100% organico, noto anche come &#8220;pietra filosofale&#8221;, trasforma qualsiasi persona in un filosofo. Con una bassa indicazione di corpo ed energia, questo tartufo che altera la mente \u00e8 perfetto per i principianti. I lievi effetti visivi assicurano che il cervello non sia distratto dal creare idee innovative e nuovi modi di pensare. Testi e detti di Socrate o Machiavelli saranno chiari e meglio compresi con l&#8217;uso del tartufo psilocibina Tamapanensis. Questi miracolosi tartufi strabilianti vi riveleranno un mondo spirituale diverso da qualsiasi altro che avete visto prima. La spiritualit\u00e0 \u00e8 spesso accompagnata dalla filosofia. Con la filosofia, le idee e i pensieri possono essere portati avanti e i problemi risolti. I tartufi biologici Tampanensis sono stati scoperti nel 1977 a Tampa in Florida da Steven Pollock. Questo tartufo di psilocibina ha soprattutto un forte effetto mentale ed \u00e8 quindi chiamato la pietra filosofale. Gli effetti vanno dai calci di risata a una sensazione di super sballo. Le sensazioni di gioia incontrano l&#8217;invincibilit\u00e0 con questi tartufi psilocybe Tampanensis e strabilianti.<\/p>\n<p><strong>Uso e contenuto mindblowing Tampanensis 100% Organic Psilocybe Truffles<\/strong><\/p>\n<p>Il tartufo Tampanensis ha un leggero effetto psichedelico. Se state provando i tartufi di psilocibina per la prima volta, vi consigliamo sempre di iniziare con un viaggio leggero. I tartufi Tampanensis possono essere consumati direttamente dalla confezione. \u00c8 molto importante masticare a lungo e bene i tartufi prima di ingoiarli. Questo aumenta notevolmente l&#8217;effetto dei tartufi. Si pu\u00f2 anche fare il t\u00e8 dei tartufi, anche se questo indebolir\u00e0 un po&#8217; l&#8217;effetto. La quantit\u00e0 raccomandata da prendere \u00e8:<\/p>\n<ul>\n<li>Viaggio mite 10 grammi<\/li>\n<li>Viaggio forte 15 grammi<\/li>\n<\/ul>\n<p>Hai qualche esperienza con i tartufi di psilocibina? Poi si consiglia di consumare l&#8217;intero contenuto della confezione (15 grammi). Assicurati di avere un&#8217;atmosfera rilassata e un ambiente tranquillo e familiare se hai intenzione di consumare questi tartufi che alterano la mente. Il tuo salotto \u00e8 perfetto per un buon viaggio. Assicurati di avere un buon &#8220;set &amp; setting&#8221; e prendi misure come riordinare la stanza o preparare le cose che pensi ti serviranno durante il viaggio con la psilocibina. Dopo tutto, non vuoi dover andare a cercare quella roba nel mezzo del tuo viaggio psichedelico. Per esempio, tenete pronta una bottiglia d&#8217;acqua o un materassino nel caso in cui vogliate sdraiarvi. Una maschera per dormire (mindfold) \u00e8 anche auspicabile se si \u00e8 disposti e si ha intenzione di esplorare il proprio mondo interiore spirituale.<\/p>\n<p>Per la maggior parte, l&#8217;esperienza del viaggio con i tartufi psilocybe \u00e8 fantastica e quasi magica. Tuttavia, alcune persone non tollerano molto bene gli effetti visivi o il cambiamento nella percezione della realt\u00e0, il che pu\u00f2 causare loro paura. Non preoccupatevi, gli effetti scompaiono dopo qualche ora. In questi casi \u00e8 consigliabile avere un &#8220;tripsitter&#8221; accanto a s\u00e9. Un tripsitter \u00e8 una persona di fiducia che \u00e8 presente sobria e garantisce la pace e la sicurezza degli utenti durante il viaggio, in modo che possano abbandonarsi completamente all&#8217;esperienza magica e psichedelica.<\/p>\n<p>Un sacchetto di Tampanensis 100% organico contiene 15 grammi di tartufi di psilocibina.<\/p>\n<p><strong>Informazioni nutrizionali per 100 grammi di tartufi 100% organici Tampanensis:<\/strong><\/p>\n<p>Energia 464,7 kJ<\/p>\n<p>Energia 110,5 kcal<\/p>\n<p>Carboidrati 13,2 g<\/p>\n<p>Proteine 5,3 grammi<\/p>\n<p>Grasso 0,4 grammi<\/p>\n<p>\u2981 Fibra alimentare 16,7 grammi<\/p>\n<p>Sale (NaCl) 0,3 g<\/p>\n<p>Vitamina D 10,0 IU<\/p>\n<p>Sodio (Na) 13,6 mg<\/p>\n<p>Fosforo (P) 169,3 mg<\/p>\n<p>Potassio (K) 210,0 mg<\/p>\n<p>Calcio (Ca) 12,5 mg<\/p>\n<p>Ferro (F) 0,7 mg<\/p>\n<p><strong>Conservazione dei tartufi Tampanensis 100% organici e stupefacenti<\/strong><\/p>\n<p>Se non avete intenzione di consumare i tartufi immediatamente, vi consigliamo di conservarli in frigorifero a una temperatura compresa tra 2 e 5 gradi. Quando arrivano i tartufi di psilocibina, possono essere conservati per almeno un mese (frigorifero). Controllate sempre la data di scadenza prima di decidere di usare i tartufi.<\/p>\n<p><strong>Attenzione quando si usano tartufi di psilocibina che alterano la mente<\/strong><\/p>\n<p>I tartufi organici al 100% possono essere pericolosi per la salute se combinati con alcuni farmaci, alcol o con gli inibitori MAO. Sta prendendo dei farmaci? Consultate sempre prima il vostro medico e leggete il foglietto illustrativo del vostro farmaco per evitare rischi per la salute. Non usare i Magic Truffles se sei incinta o stai allattando. Siate responsabili con questi tartufi unici e non usateli nel traffico.<\/p>\n","protected":false},"excerpt":{"rendered":"<p>Il tartufo Psilocybe Tampanensis 100% organico, noto anche come &#8220;pietra filosofale&#8221;, trasforma qualsiasi persona in un filosofo. Con una bassa indicazione di corpo ed energia, questo tartufo che altera la mente \u00e8 perfetto per i principianti. I lievi effetti visivi assicurano che il cervello non sia distratto dal creare idee innovative e nuovi modi di [&hellip;]<\/p>\n","protected":false},"featured_media":6672,"comment_status":"open","ping_status":"closed","template":"","meta":[],"product_brand":[],"product_cat":[176],"product_tag":[],"class_list":{"0":"post-6871","1":"product","2":"type-product","3":"status-publish","4":"has-post-thumbnail","6":"product_cat-tartufi-magici-biologici-xp","8":"first","9":"instock","10":"taxable","11":"shipping-taxable","12":"purchasable","13":"product-type-simple"},"yoast_head":"<!-- This site is optimized with the Yoast SEO Premium plugin v26.4 (Yoast SEO v27.2) - https:\/\/yoast.com\/product\/yoast-seo-premium-wordpress\/ -->\n<title>Tartufi Tampanensis biologici 15 Gr - Dutchmicrodosing<\/title>\n<meta name=\"robots\" content=\"index, follow, max-snippet:-1, max-image-preview:large, max-video-preview:-1\" \/>\n<link rel=\"canonical\" href=\"https:\/\/dutchmicrodosing.com\/it\/tartufi-di-psilocibina\/tartufi-magici-biologici-xp\/tartufi-bio-tampanensis\/\" \/>\n<meta property=\"og:locale\" content=\"it_IT\" \/>\n<meta property=\"og:type\" content=\"article\" \/>\n<meta property=\"og:title\" content=\"Tartufi Tampanensis biologici 15 Gr\" \/>\n<meta property=\"og:description\" content=\"Il tartufo Psilocybe Tampanensis 100% organico, noto anche come &quot;pietra filosofale&quot;, trasforma qualsiasi persona in un filosofo. Con una bassa indicazione\" \/>\n<meta property=\"og:url\" content=\"https:\/\/dutchmicrodosing.com\/it\/tartufi-di-psilocibina\/tartufi-magici-biologici-xp\/tartufi-bio-tampanensis\/\" \/>\n<meta property=\"og:site_name\" content=\"Dutchmicrodosing\" \/>\n<meta property=\"article:publisher\" content=\"https:\/\/www.facebook.com\/Dutchmicrodosingxp\/\" \/>\n<meta property=\"article:modified_time\" content=\"2023-03-11T11:44:08+00:00\" \/>\n<meta property=\"og:image\" content=\"https:\/\/dutchmicrodosing.com\/wp-content\/uploads\/2021\/02\/Tampanensis-product-truffles.jpg\" \/>\n\t<meta property=\"og:image:width\" content=\"500\" \/>\n\t<meta property=\"og:image:height\" content=\"500\" \/>\n\t<meta property=\"og:image:type\" content=\"image\/jpeg\" \/>\n<meta name=\"twitter:card\" content=\"summary_large_image\" \/>\n<script type=\"application\/ld+json\" class=\"yoast-schema-graph\">{\"@context\":\"https:\/\/schema.org\",\"@graph\":[{\"@type\":\"WebPage\",\"@id\":\"https:\/\/dutchmicrodosing.com\/it\/tartufi-di-psilocibina\/tartufi-magici-biologici-xp\/tartufi-bio-tampanensis\/\",\"url\":\"https:\/\/dutchmicrodosing.com\/it\/tartufi-di-psilocibina\/tartufi-magici-biologici-xp\/tartufi-bio-tampanensis\/\",\"name\":\"Tartufi Tampanensis biologici 15 Gr - Dutchmicrodosing\",\"isPartOf\":{\"@id\":\"https:\/\/dutchmicrodosing.com\/it\/#website\"},\"primaryImageOfPage\":{\"@id\":\"https:\/\/dutchmicrodosing.com\/it\/tartufi-di-psilocibina\/tartufi-magici-biologici-xp\/tartufi-bio-tampanensis\/#primaryimage\"},\"image\":{\"@id\":\"https:\/\/dutchmicrodosing.com\/it\/tartufi-di-psilocibina\/tartufi-magici-biologici-xp\/tartufi-bio-tampanensis\/#primaryimage\"},\"thumbnailUrl\":\"https:\/\/dutchmicrodosing.com\/wp-content\/uploads\/2021\/02\/Tampanensis-product-truffles.jpg\",\"datePublished\":\"2021-06-07T20:43:24+00:00\",\"dateModified\":\"2023-03-11T11:44:08+00:00\",\"breadcrumb\":{\"@id\":\"https:\/\/dutchmicrodosing.com\/it\/tartufi-di-psilocibina\/tartufi-magici-biologici-xp\/tartufi-bio-tampanensis\/#breadcrumb\"},\"inLanguage\":\"it-IT\",\"potentialAction\":[{\"@type\":\"ReadAction\",\"target\":[\"https:\/\/dutchmicrodosing.com\/it\/tartufi-di-psilocibina\/tartufi-magici-biologici-xp\/tartufi-bio-tampanensis\/\"]}]},{\"@type\":\"ImageObject\",\"inLanguage\":\"it-IT\",\"@id\":\"https:\/\/dutchmicrodosing.com\/it\/tartufi-di-psilocibina\/tartufi-magici-biologici-xp\/tartufi-bio-tampanensis\/#primaryimage\",\"url\":\"https:\/\/dutchmicrodosing.com\/wp-content\/uploads\/2021\/02\/Tampanensis-product-truffles.jpg\",\"contentUrl\":\"https:\/\/dutchmicrodosing.com\/wp-content\/uploads\/2021\/02\/Tampanensis-product-truffles.jpg\",\"width\":500,\"height\":500},{\"@type\":\"BreadcrumbList\",\"@id\":\"https:\/\/dutchmicrodosing.com\/it\/tartufi-di-psilocibina\/tartufi-magici-biologici-xp\/tartufi-bio-tampanensis\/#breadcrumb\",\"itemListElement\":[{\"@type\":\"ListItem\",\"position\":1,\"name\":\"Home\",\"item\":\"https:\/\/dutchmicrodosing.com\/it\/\"},{\"@type\":\"ListItem\",\"position\":2,\"name\":\"Negozio\",\"item\":\"https:\/\/dutchmicrodosing.com\/it\/negozio\/\"},{\"@type\":\"ListItem\",\"position\":3,\"name\":\"Tartufi Tampanensis biologici 15 Gr\"}]},{\"@type\":\"WebSite\",\"@id\":\"https:\/\/dutchmicrodosing.com\/it\/#website\",\"url\":\"https:\/\/dutchmicrodosing.com\/it\/\",\"name\":\"Dutchmicrodosing\",\"description\":\"\",\"publisher\":{\"@id\":\"https:\/\/dutchmicrodosing.com\/it\/#organization\"},\"potentialAction\":[{\"@type\":\"SearchAction\",\"target\":{\"@type\":\"EntryPoint\",\"urlTemplate\":\"https:\/\/dutchmicrodosing.com\/it\/?s={search_term_string}\"},\"query-input\":{\"@type\":\"PropertyValueSpecification\",\"valueRequired\":true,\"valueName\":\"search_term_string\"}}],\"inLanguage\":\"it-IT\"},{\"@type\":\"Organization\",\"@id\":\"https:\/\/dutchmicrodosing.com\/it\/#organization\",\"name\":\"Dutchmicrodosing\",\"url\":\"https:\/\/dutchmicrodosing.com\/it\/\",\"logo\":{\"@type\":\"ImageObject\",\"inLanguage\":\"it-IT\",\"@id\":\"https:\/\/dutchmicrodosing.com\/it\/#\/schema\/logo\/image\/\",\"url\":\"https:\/\/dutchmicrodosing.com\/wp-content\/uploads\/2021\/01\/microdosing-categorie-pic-nieuw.jpg\",\"contentUrl\":\"https:\/\/dutchmicrodosing.com\/wp-content\/uploads\/2021\/01\/microdosing-categorie-pic-nieuw.jpg\",\"width\":500,\"height\":500,\"caption\":\"Dutchmicrodosing\"},\"image\":{\"@id\":\"https:\/\/dutchmicrodosing.com\/it\/#\/schema\/logo\/image\/\"},\"sameAs\":[\"https:\/\/www.facebook.com\/Dutchmicrodosingxp\/\",\"https:\/\/www.instagram.com\/dutchmicrodosing\/\"]}]}<\/script>\n<meta property=\"product:price:amount\" content=\"17.95\" \/>\n<meta property=\"product:price:currency\" content=\"EUR\" \/>\n<meta property=\"og:availability\" content=\"instock\" \/>\n<meta property=\"product:availability\" content=\"instock\" \/>\n<meta property=\"product:retailer_item_id\" content=\"2212685\" \/>\n<meta property=\"product:condition\" content=\"new\" \/>\n<!-- \/ Yoast SEO Premium plugin. -->","yoast_head_json":{"title":"Tartufi Tampanensis biologici 15 Gr - Dutchmicrodosing","robots":{"index":"index","follow":"follow","max-snippet":"max-snippet:-1","max-image-preview":"max-image-preview:large","max-video-preview":"max-video-preview:-1"},"canonical":"https:\/\/dutchmicrodosing.com\/it\/tartufi-di-psilocibina\/tartufi-magici-biologici-xp\/tartufi-bio-tampanensis\/","og_locale":"it_IT","og_type":"article","og_title":"Tartufi Tampanensis biologici 15 Gr","og_description":"Il tartufo Psilocybe Tampanensis 100% organico, noto anche come \"pietra filosofale\", trasforma qualsiasi persona in un filosofo. Con una bassa indicazione","og_url":"https:\/\/dutchmicrodosing.com\/it\/tartufi-di-psilocibina\/tartufi-magici-biologici-xp\/tartufi-bio-tampanensis\/","og_site_name":"Dutchmicrodosing","article_publisher":"https:\/\/www.facebook.com\/Dutchmicrodosingxp\/","article_modified_time":"2023-03-11T11:44:08+00:00","og_image":[{"width":500,"height":500,"url":"https:\/\/dutchmicrodosing.com\/wp-content\/uploads\/2021\/02\/Tampanensis-product-truffles.jpg","type":"image\/jpeg"}],"twitter_card":"summary_large_image","schema":{"@context":"https:\/\/schema.org","@graph":[{"@type":"WebPage","@id":"https:\/\/dutchmicrodosing.com\/it\/tartufi-di-psilocibina\/tartufi-magici-biologici-xp\/tartufi-bio-tampanensis\/","url":"https:\/\/dutchmicrodosing.com\/it\/tartufi-di-psilocibina\/tartufi-magici-biologici-xp\/tartufi-bio-tampanensis\/","name":"Tartufi Tampanensis biologici 15 Gr - Dutchmicrodosing","isPartOf":{"@id":"https:\/\/dutchmicrodosing.com\/it\/#website"},"primaryImageOfPage":{"@id":"https:\/\/dutchmicrodosing.com\/it\/tartufi-di-psilocibina\/tartufi-magici-biologici-xp\/tartufi-bio-tampanensis\/#primaryimage"},"image":{"@id":"https:\/\/dutchmicrodosing.com\/it\/tartufi-di-psilocibina\/tartufi-magici-biologici-xp\/tartufi-bio-tampanensis\/#primaryimage"},"thumbnailUrl":"https:\/\/dutchmicrodosing.com\/wp-content\/uploads\/2021\/02\/Tampanensis-product-truffles.jpg","datePublished":"2021-06-07T20:43:24+00:00","dateModified":"2023-03-11T11:44:08+00:00","breadcrumb":{"@id":"https:\/\/dutchmicrodosing.com\/it\/tartufi-di-psilocibina\/tartufi-magici-biologici-xp\/tartufi-bio-tampanensis\/#breadcrumb"},"inLanguage":"it-IT","potentialAction":[{"@type":"ReadAction","target":["https:\/\/dutchmicrodosing.com\/it\/tartufi-di-psilocibina\/tartufi-magici-biologici-xp\/tartufi-bio-tampanensis\/"]}]},{"@type":"ImageObject","inLanguage":"it-IT","@id":"https:\/\/dutchmicrodosing.com\/it\/tartufi-di-psilocibina\/tartufi-magici-biologici-xp\/tartufi-bio-tampanensis\/#primaryimage","url":"https:\/\/dutchmicrodosing.com\/wp-content\/uploads\/2021\/02\/Tampanensis-product-truffles.jpg","contentUrl":"https:\/\/dutchmicrodosing.com\/wp-content\/uploads\/2021\/02\/Tampanensis-product-truffles.jpg","width":500,"height":500},{"@type":"BreadcrumbList","@id":"https:\/\/dutchmicrodosing.com\/it\/tartufi-di-psilocibina\/tartufi-magici-biologici-xp\/tartufi-bio-tampanensis\/#breadcrumb","itemListElement":[{"@type":"ListItem","position":1,"name":"Home","item":"https:\/\/dutchmicrodosing.com\/it\/"},{"@type":"ListItem","position":2,"name":"Negozio","item":"https:\/\/dutchmicrodosing.com\/it\/negozio\/"},{"@type":"ListItem","position":3,"name":"Tartufi Tampanensis biologici 15 Gr"}]},{"@type":"WebSite","@id":"https:\/\/dutchmicrodosing.com\/it\/#website","url":"https:\/\/dutchmicrodosing.com\/it\/","name":"Dutchmicrodosing","description":"","publisher":{"@id":"https:\/\/dutchmicrodosing.com\/it\/#organization"},"potentialAction":[{"@type":"SearchAction","target":{"@type":"EntryPoint","urlTemplate":"https:\/\/dutchmicrodosing.com\/it\/?s={search_term_string}"},"query-input":{"@type":"PropertyValueSpecification","valueRequired":true,"valueName":"search_term_string"}}],"inLanguage":"it-IT"},{"@type":"Organization","@id":"https:\/\/dutchmicrodosing.com\/it\/#organization","name":"Dutchmicrodosing","url":"https:\/\/dutchmicrodosing.com\/it\/","logo":{"@type":"ImageObject","inLanguage":"it-IT","@id":"https:\/\/dutchmicrodosing.com\/it\/#\/schema\/logo\/image\/","url":"https:\/\/dutchmicrodosing.com\/wp-content\/uploads\/2021\/01\/microdosing-categorie-pic-nieuw.jpg","contentUrl":"https:\/\/dutchmicrodosing.com\/wp-content\/uploads\/2021\/01\/microdosing-categorie-pic-nieuw.jpg","width":500,"height":500,"caption":"Dutchmicrodosing"},"image":{"@id":"https:\/\/dutchmicrodosing.com\/it\/#\/schema\/logo\/image\/"},"sameAs":["https:\/\/www.facebook.com\/Dutchmicrodosingxp\/","https:\/\/www.instagram.com\/dutchmicrodosing\/"]}]},"product_price_amount":"17.95","product_price_currency":"EUR","og_availability":"instock","product_availability":"instock","product_retailer_item_id":"2212685","product_condition":"new"},"_links":{"self":[{"href":"https:\/\/dutchmicrodosing.com\/it\/wp-json\/wp\/v2\/product\/6871","targetHints":{"allow":["GET"]}}],"collection":[{"href":"https:\/\/dutchmicrodosing.com\/it\/wp-json\/wp\/v2\/product"}],"about":[{"href":"https:\/\/dutchmicrodosing.com\/it\/wp-json\/wp\/v2\/types\/product"}],"replies":[{"embeddable":true,"href":"https:\/\/dutchmicrodosing.com\/it\/wp-json\/wp\/v2\/comments?post=6871"}],"version-history":[{"count":0,"href":"https:\/\/dutchmicrodosing.com\/it\/wp-json\/wp\/v2\/product\/6871\/revisions"}],"wp:featuredmedia":[{"embeddable":true,"href":"https:\/\/dutchmicrodosing.com\/it\/wp-json\/wp\/v2\/media\/6672"}],"wp:attachment":[{"href":"https:\/\/dutchmicrodosing.com\/it\/wp-json\/wp\/v2\/media?parent=6871"}],"wp:term":[{"taxonomy":"product_brand","embeddable":true,"href":"https:\/\/dutchmicrodosing.com\/it\/wp-json\/wp\/v2\/product_brand?post=6871"},{"taxonomy":"product_cat","embeddable":true,"href":"https:\/\/dutchmicrodosing.com\/it\/wp-json\/wp\/v2\/product_cat?post=6871"},{"taxonomy":"product_tag","embeddable":true,"href":"https:\/\/dutchmicrodosing.com\/it\/wp-json\/wp\/v2\/product_tag?post=6871"}],"curies":[{"name":"wp","href":"https:\/\/api.w.org\/{rel}","templated":true}]}}