{"id":6872,"date":"2021-02-16T15:09:10","date_gmt":"2021-06-07T20:44:22","guid":{"rendered":"https:\/\/dutchmicrodosing.com\/shop\/senza-categoria\/psilocybe-organic-mix-truffles-25-gr\/"},"modified":"2023-03-11T12:44:02","modified_gmt":"2023-03-11T11:44:02","slug":"miscela-organica-tartufi","status":"publish","type":"product","link":"https:\/\/dutchmicrodosing.com\/it\/tartufi-di-psilocibina\/tartufi-magici-biologici-xp\/miscela-organica-tartufi\/","title":{"rendered":"Tartufi misti biologici 25 Gr"},"content":{"rendered":"<p>Il Psilocybe Organic Mix Truffles 100% organico, \u00e8 un mix unico di Galindoii e Atlantis. Questi due tartufi si intensificano man mano che il viaggio comincia a prendere forma. Individualmente, si tratta di specie di tartufi forti con effetti visivi intensi. Il tartufo Atlantis \u00e8 imparentato con il tartufo messicano. Questa variet\u00e0 di tartufo \u00e8 stata scoperta per la prima volta in America nello stato della Georgia. Il tartufo Atlantis pu\u00f2 evocare visioni realistiche e anche a grandi dosi pu\u00f2 portare a un&#8217;esperienza fuori dal corpo. Potenti effetti visivi. Nessun oggetto manterr\u00e0 i suoi vecchi contorni durante un viaggio su Organic Mix Truffles. Il flusso di energia ondulata e l&#8217;aumento dell&#8217;attivit\u00e0 cerebrale aumenteranno con l&#8217;uso di questo Organic Mix. I colori brillanti e le immagini forti saranno presenti in alto grado. I tartufi Galindoii sono stati scoperti per la prima volta in Messico, ma si trovano anche in America. Crescono nelle aree boschive e sono abbastanza nuovi tra gli psiconauti. I tartufi Galindoii hanno forti effetti visivi e mentali. Questo include: colori pi\u00f9 intensi, distorsioni visive, intuizioni creative, aumento delle capacit\u00e0 di risoluzione dei problemi, sentimenti di euforia e gioia. Gli effetti vanno dai calci di risata a una sensazione di super sballo. Il senso di gioia incontra l&#8217;invincibilit\u00e0 con questi strabilianti tartufi psilocybe Organic Mix.<\/p>\n<p><strong>Uso e contenuto mindblowing 100% Organic Psilocybe Truffles<\/strong><\/p>\n<p>I tartufi 100% Organic Mix hanno un leggero effetto psichedelico. Se state provando i tartufi di psilocibina per la prima volta, vi consigliamo di iniziare con un viaggio leggero. I tartufi Mix possono essere consumati direttamente dalla confezione. \u00c8 molto importante masticare a lungo e bene i tartufi prima di ingoiarli. Questo aumenta notevolmente l&#8217;effetto dei tartufi. Si pu\u00f2 anche fare il t\u00e8 dei tartufi, anche se questo indebolir\u00e0 un po&#8217; l&#8217;effetto. La quantit\u00e0 raccomandata da prendere \u00e8:<\/p>\n<ul>\n<li>Viaggio forte 15 grammi<\/li>\n<li>Esperienza fuori dal corpo 20\/25 grammi<\/li>\n<\/ul>\n<p>Hai molta esperienza con i tartufi di psilocibina? Allora si consiglia di consumarne almeno 20 grammi. Assicurati di avere un&#8217;atmosfera rilassata e un ambiente tranquillo e familiare se hai intenzione di consumare questi tartufi che alterano la mente. Il tuo salotto \u00e8 perfetto per un buon viaggio. Assicurati di avere un buon &#8220;set &amp; setting&#8221; e prendi misure come riordinare la stanza o preparare le cose che pensi ti serviranno durante il viaggio con la psilocibina. Non vuoi dover andare a cercare roba nel mezzo del tuo viaggio psichedelico. Per esempio, tenete pronta una bottiglia d&#8217;acqua o un materassino nel caso in cui vogliate sdraiarvi. Una maschera per dormire (mindfold) \u00e8 anche auspicabile se si ha almeno la volont\u00e0 e la pianificazione di esplorare il proprio mondo interiore spirituale.<\/p>\n<p>Per la maggior parte, l&#8217;esperienza del viaggio con i tartufi psilocybe \u00e8 fantastica e quasi magica. Tuttavia, alcune persone non tollerano molto bene gli effetti visivi o il cambiamento nella percezione della realt\u00e0, il che pu\u00f2 causare loro paura. Non preoccupatevi, gli effetti scompaiono dopo qualche ora. In questi casi \u00e8 consigliabile avere un &#8220;tripsitter&#8221; accanto a s\u00e9. Un tripsitter \u00e8 una persona di fiducia che \u00e8 presente sobria e garantisce la pace e la sicurezza degli utenti durante il viaggio, in modo che possano abbandonarsi completamente all&#8217;esperienza magica e psichedelica.<\/p>\n<p>Un sacchetto di tartufi 100% Organic Mix contiene 25 grammi di tartufi di psilocibina.<\/p>\n<p><strong>Valori nutrizionali per 100 grammi di tartufi 100% biologici:<\/strong><\/p>\n<p>Energia 464,7 kJ<\/p>\n<p>Energia 110,5 kcal<\/p>\n<p>Carboidrati 13,2 g<\/p>\n<p>Proteine 5,3 grammi<\/p>\n<p>Grasso 0,4 grammi<\/p>\n<p>\u2981 Fibra alimentare 16,7 grammi<\/p>\n<p>Sale (NaCl) 0,3 g<\/p>\n<p>Vitamina D 10,0 IU<\/p>\n<p>Sodio (Na) 13,6 mg<\/p>\n<p>Fosforo (P) 169,3 mg<\/p>\n<p>Potassio (K) 210,0 mg<\/p>\n<p>Calcio (Ca) 12,5 mg<\/p>\n<p>Ferro (F) 0,7 mg<\/p>\n<p><strong>Conservazione dei tartufi 100% organici e Mindblowing Mix<\/strong><\/p>\n<p>Se non avete intenzione di consumare i tartufi immediatamente, si consiglia di conservarli in frigorifero a una temperatura compresa tra 2 e 5 gradi. Quando arrivano i tartufi di psilocibina, possono essere conservati per almeno un mese (frigorifero). Controllate sempre la data di scadenza prima di decidere di usare i tartufi.<\/p>\n<p><strong>Attenzione quando si usano tartufi di psilocibina che alterano la mente<\/strong><\/p>\n<p>100% Organic Truffles pu\u00f2 essere pericoloso per la salute se combinato con alcuni farmaci, alcool o con MAO-inibitori. Sta prendendo dei farmaci? Consultate sempre prima il vostro medico e leggete il foglietto illustrativo del vostro farmaco per evitare rischi per la salute. Non usare i Magic Truffles se sei incinta o stai allattando. Siate responsabili con questi tartufi unici e non usateli nel traffico.<\/p>\n","protected":false},"excerpt":{"rendered":"<p>Il Psilocybe Organic Mix Truffles 100% organico, \u00e8 un mix unico di Galindoii e Atlantis. Questi due tartufi si intensificano man mano che il viaggio comincia a prendere forma. Individualmente, si tratta di specie di tartufi forti con effetti visivi intensi. Il tartufo Atlantis \u00e8 imparentato con il tartufo messicano. Questa variet\u00e0 di tartufo \u00e8 [&hellip;]<\/p>\n","protected":false},"featured_media":6677,"comment_status":"open","ping_status":"closed","template":"","meta":[],"product_brand":[],"product_cat":[176],"product_tag":[],"class_list":{"0":"post-6872","1":"product","2":"type-product","3":"status-publish","4":"has-post-thumbnail","6":"product_cat-tartufi-magici-biologici-xp","8":"first","9":"instock","10":"taxable","11":"shipping-taxable","12":"purchasable","13":"product-type-simple"},"yoast_head":"<!-- This site is optimized with the Yoast SEO Premium plugin v26.4 (Yoast SEO v27.2) - https:\/\/yoast.com\/product\/yoast-seo-premium-wordpress\/ -->\n<title>Tartufi misti biologici 25 Gr - Dutchmicrodosing<\/title>\n<meta name=\"description\" content=\"Il Psilocybe Organic Mix Truffles 100% organico, \u00e8 un mix unico di Galindoii e Atlantis. Questi due tartufi si intensificano man mano che il viaggio comincia a prendere forma. Individualmente, si tratta di specie di tartufi forti con effetti visivi intensi. Il tartufo Atlantis \u00e8 imparentato con il tartufo messicano. Questa variet\u00e0 di tartufo \u00e8 stata scoperta per la prima volta in America nello stato della Georgia. Il tartufo Atlantis pu\u00f2 evocare visioni realistiche e anche a grandi dosi pu\u00f2 portare a un&#039;esperienza fuori dal corpo. Potenti effetti visivi.\" \/>\n<meta name=\"robots\" content=\"index, follow, max-snippet:-1, max-image-preview:large, max-video-preview:-1\" \/>\n<link rel=\"canonical\" href=\"https:\/\/dutchmicrodosing.com\/it\/tartufi-di-psilocibina\/tartufi-magici-biologici-xp\/miscela-organica-tartufi\/\" \/>\n<meta property=\"og:locale\" content=\"it_IT\" \/>\n<meta property=\"og:type\" content=\"article\" \/>\n<meta property=\"og:title\" content=\"Tartufi misti biologici 25 Gr\" \/>\n<meta property=\"og:description\" content=\"Il Psilocybe Organic Mix Truffles 100% organico, \u00e8 un mix unico di Galindoii e Atlantis. Questi due tartufi si intensificano man mano che il viaggio\" \/>\n<meta property=\"og:url\" content=\"https:\/\/dutchmicrodosing.com\/it\/tartufi-di-psilocibina\/tartufi-magici-biologici-xp\/miscela-organica-tartufi\/\" \/>\n<meta property=\"og:site_name\" content=\"Dutchmicrodosing\" \/>\n<meta property=\"article:publisher\" content=\"https:\/\/www.facebook.com\/Dutchmicrodosingxp\/\" \/>\n<meta property=\"article:modified_time\" content=\"2023-03-11T11:44:02+00:00\" \/>\n<meta property=\"og:image\" content=\"https:\/\/dutchmicrodosing.com\/wp-content\/uploads\/2021\/02\/organicmix-product-truffles.jpg\" \/>\n\t<meta property=\"og:image:width\" content=\"500\" \/>\n\t<meta property=\"og:image:height\" content=\"500\" \/>\n\t<meta property=\"og:image:type\" content=\"image\/jpeg\" \/>\n<meta name=\"twitter:card\" content=\"summary_large_image\" \/>\n<script type=\"application\/ld+json\" class=\"yoast-schema-graph\">{\"@context\":\"https:\/\/schema.org\",\"@graph\":[{\"@type\":\"WebPage\",\"@id\":\"https:\/\/dutchmicrodosing.com\/it\/tartufi-di-psilocibina\/tartufi-magici-biologici-xp\/miscela-organica-tartufi\/\",\"url\":\"https:\/\/dutchmicrodosing.com\/it\/tartufi-di-psilocibina\/tartufi-magici-biologici-xp\/miscela-organica-tartufi\/\",\"name\":\"Tartufi misti biologici 25 Gr - Dutchmicrodosing\",\"isPartOf\":{\"@id\":\"https:\/\/dutchmicrodosing.com\/it\/#website\"},\"primaryImageOfPage\":{\"@id\":\"https:\/\/dutchmicrodosing.com\/it\/tartufi-di-psilocibina\/tartufi-magici-biologici-xp\/miscela-organica-tartufi\/#primaryimage\"},\"image\":{\"@id\":\"https:\/\/dutchmicrodosing.com\/it\/tartufi-di-psilocibina\/tartufi-magici-biologici-xp\/miscela-organica-tartufi\/#primaryimage\"},\"thumbnailUrl\":\"https:\/\/dutchmicrodosing.com\/wp-content\/uploads\/2021\/02\/organicmix-product-truffles.jpg\",\"datePublished\":\"2021-06-07T20:44:22+00:00\",\"dateModified\":\"2023-03-11T11:44:02+00:00\",\"description\":\"Il Psilocybe Organic Mix Truffles 100% organico, \u00e8 un mix unico di Galindoii e Atlantis. Questi due tartufi si intensificano man mano che il viaggio comincia a prendere forma. Individualmente, si tratta di specie di tartufi forti con effetti visivi intensi. Il tartufo Atlantis \u00e8 imparentato con il tartufo messicano. Questa variet\u00e0 di tartufo \u00e8 stata scoperta per la prima volta in America nello stato della Georgia. Il tartufo Atlantis pu\u00f2 evocare visioni realistiche e anche a grandi dosi pu\u00f2 portare a un'esperienza fuori dal corpo. Potenti effetti visivi.\",\"breadcrumb\":{\"@id\":\"https:\/\/dutchmicrodosing.com\/it\/tartufi-di-psilocibina\/tartufi-magici-biologici-xp\/miscela-organica-tartufi\/#breadcrumb\"},\"inLanguage\":\"it-IT\",\"potentialAction\":[{\"@type\":\"ReadAction\",\"target\":[\"https:\/\/dutchmicrodosing.com\/it\/tartufi-di-psilocibina\/tartufi-magici-biologici-xp\/miscela-organica-tartufi\/\"]}]},{\"@type\":\"ImageObject\",\"inLanguage\":\"it-IT\",\"@id\":\"https:\/\/dutchmicrodosing.com\/it\/tartufi-di-psilocibina\/tartufi-magici-biologici-xp\/miscela-organica-tartufi\/#primaryimage\",\"url\":\"https:\/\/dutchmicrodosing.com\/wp-content\/uploads\/2021\/02\/organicmix-product-truffles.jpg\",\"contentUrl\":\"https:\/\/dutchmicrodosing.com\/wp-content\/uploads\/2021\/02\/organicmix-product-truffles.jpg\",\"width\":500,\"height\":500},{\"@type\":\"BreadcrumbList\",\"@id\":\"https:\/\/dutchmicrodosing.com\/it\/tartufi-di-psilocibina\/tartufi-magici-biologici-xp\/miscela-organica-tartufi\/#breadcrumb\",\"itemListElement\":[{\"@type\":\"ListItem\",\"position\":1,\"name\":\"Home\",\"item\":\"https:\/\/dutchmicrodosing.com\/it\/\"},{\"@type\":\"ListItem\",\"position\":2,\"name\":\"Negozio\",\"item\":\"https:\/\/dutchmicrodosing.com\/it\/negozio\/\"},{\"@type\":\"ListItem\",\"position\":3,\"name\":\"Tartufi misti biologici 25 Gr\"}]},{\"@type\":\"WebSite\",\"@id\":\"https:\/\/dutchmicrodosing.com\/it\/#website\",\"url\":\"https:\/\/dutchmicrodosing.com\/it\/\",\"name\":\"Dutchmicrodosing\",\"description\":\"\",\"publisher\":{\"@id\":\"https:\/\/dutchmicrodosing.com\/it\/#organization\"},\"potentialAction\":[{\"@type\":\"SearchAction\",\"target\":{\"@type\":\"EntryPoint\",\"urlTemplate\":\"https:\/\/dutchmicrodosing.com\/it\/?s={search_term_string}\"},\"query-input\":{\"@type\":\"PropertyValueSpecification\",\"valueRequired\":true,\"valueName\":\"search_term_string\"}}],\"inLanguage\":\"it-IT\"},{\"@type\":\"Organization\",\"@id\":\"https:\/\/dutchmicrodosing.com\/it\/#organization\",\"name\":\"Dutchmicrodosing\",\"url\":\"https:\/\/dutchmicrodosing.com\/it\/\",\"logo\":{\"@type\":\"ImageObject\",\"inLanguage\":\"it-IT\",\"@id\":\"https:\/\/dutchmicrodosing.com\/it\/#\/schema\/logo\/image\/\",\"url\":\"https:\/\/dutchmicrodosing.com\/wp-content\/uploads\/2021\/01\/microdosing-categorie-pic-nieuw.jpg\",\"contentUrl\":\"https:\/\/dutchmicrodosing.com\/wp-content\/uploads\/2021\/01\/microdosing-categorie-pic-nieuw.jpg\",\"width\":500,\"height\":500,\"caption\":\"Dutchmicrodosing\"},\"image\":{\"@id\":\"https:\/\/dutchmicrodosing.com\/it\/#\/schema\/logo\/image\/\"},\"sameAs\":[\"https:\/\/www.facebook.com\/Dutchmicrodosingxp\/\",\"https:\/\/www.instagram.com\/dutchmicrodosing\/\"]}]}<\/script>\n<meta property=\"product:price:amount\" content=\"22.95\" \/>\n<meta property=\"product:price:currency\" content=\"EUR\" \/>\n<meta property=\"og:availability\" content=\"instock\" \/>\n<meta property=\"product:availability\" content=\"instock\" \/>\n<meta property=\"product:retailer_item_id\" content=\"2212122\" \/>\n<meta property=\"product:condition\" content=\"new\" \/>\n<!-- \/ Yoast SEO Premium plugin. -->","yoast_head_json":{"title":"Tartufi misti biologici 25 Gr - Dutchmicrodosing","description":"Il Psilocybe Organic Mix Truffles 100% organico, \u00e8 un mix unico di Galindoii e Atlantis. Questi due tartufi si intensificano man mano che il viaggio comincia a prendere forma. Individualmente, si tratta di specie di tartufi forti con effetti visivi intensi. Il tartufo Atlantis \u00e8 imparentato con il tartufo messicano. Questa variet\u00e0 di tartufo \u00e8 stata scoperta per la prima volta in America nello stato della Georgia. Il tartufo Atlantis pu\u00f2 evocare visioni realistiche e anche a grandi dosi pu\u00f2 portare a un'esperienza fuori dal corpo. Potenti effetti visivi.","robots":{"index":"index","follow":"follow","max-snippet":"max-snippet:-1","max-image-preview":"max-image-preview:large","max-video-preview":"max-video-preview:-1"},"canonical":"https:\/\/dutchmicrodosing.com\/it\/tartufi-di-psilocibina\/tartufi-magici-biologici-xp\/miscela-organica-tartufi\/","og_locale":"it_IT","og_type":"article","og_title":"Tartufi misti biologici 25 Gr","og_description":"Il Psilocybe Organic Mix Truffles 100% organico, \u00e8 un mix unico di Galindoii e Atlantis. Questi due tartufi si intensificano man mano che il viaggio","og_url":"https:\/\/dutchmicrodosing.com\/it\/tartufi-di-psilocibina\/tartufi-magici-biologici-xp\/miscela-organica-tartufi\/","og_site_name":"Dutchmicrodosing","article_publisher":"https:\/\/www.facebook.com\/Dutchmicrodosingxp\/","article_modified_time":"2023-03-11T11:44:02+00:00","og_image":[{"width":500,"height":500,"url":"https:\/\/dutchmicrodosing.com\/wp-content\/uploads\/2021\/02\/organicmix-product-truffles.jpg","type":"image\/jpeg"}],"twitter_card":"summary_large_image","schema":{"@context":"https:\/\/schema.org","@graph":[{"@type":"WebPage","@id":"https:\/\/dutchmicrodosing.com\/it\/tartufi-di-psilocibina\/tartufi-magici-biologici-xp\/miscela-organica-tartufi\/","url":"https:\/\/dutchmicrodosing.com\/it\/tartufi-di-psilocibina\/tartufi-magici-biologici-xp\/miscela-organica-tartufi\/","name":"Tartufi misti biologici 25 Gr - Dutchmicrodosing","isPartOf":{"@id":"https:\/\/dutchmicrodosing.com\/it\/#website"},"primaryImageOfPage":{"@id":"https:\/\/dutchmicrodosing.com\/it\/tartufi-di-psilocibina\/tartufi-magici-biologici-xp\/miscela-organica-tartufi\/#primaryimage"},"image":{"@id":"https:\/\/dutchmicrodosing.com\/it\/tartufi-di-psilocibina\/tartufi-magici-biologici-xp\/miscela-organica-tartufi\/#primaryimage"},"thumbnailUrl":"https:\/\/dutchmicrodosing.com\/wp-content\/uploads\/2021\/02\/organicmix-product-truffles.jpg","datePublished":"2021-06-07T20:44:22+00:00","dateModified":"2023-03-11T11:44:02+00:00","description":"Il Psilocybe Organic Mix Truffles 100% organico, \u00e8 un mix unico di Galindoii e Atlantis. Questi due tartufi si intensificano man mano che il viaggio comincia a prendere forma. Individualmente, si tratta di specie di tartufi forti con effetti visivi intensi. Il tartufo Atlantis \u00e8 imparentato con il tartufo messicano. Questa variet\u00e0 di tartufo \u00e8 stata scoperta per la prima volta in America nello stato della Georgia. Il tartufo Atlantis pu\u00f2 evocare visioni realistiche e anche a grandi dosi pu\u00f2 portare a un'esperienza fuori dal corpo. Potenti effetti visivi.","breadcrumb":{"@id":"https:\/\/dutchmicrodosing.com\/it\/tartufi-di-psilocibina\/tartufi-magici-biologici-xp\/miscela-organica-tartufi\/#breadcrumb"},"inLanguage":"it-IT","potentialAction":[{"@type":"ReadAction","target":["https:\/\/dutchmicrodosing.com\/it\/tartufi-di-psilocibina\/tartufi-magici-biologici-xp\/miscela-organica-tartufi\/"]}]},{"@type":"ImageObject","inLanguage":"it-IT","@id":"https:\/\/dutchmicrodosing.com\/it\/tartufi-di-psilocibina\/tartufi-magici-biologici-xp\/miscela-organica-tartufi\/#primaryimage","url":"https:\/\/dutchmicrodosing.com\/wp-content\/uploads\/2021\/02\/organicmix-product-truffles.jpg","contentUrl":"https:\/\/dutchmicrodosing.com\/wp-content\/uploads\/2021\/02\/organicmix-product-truffles.jpg","width":500,"height":500},{"@type":"BreadcrumbList","@id":"https:\/\/dutchmicrodosing.com\/it\/tartufi-di-psilocibina\/tartufi-magici-biologici-xp\/miscela-organica-tartufi\/#breadcrumb","itemListElement":[{"@type":"ListItem","position":1,"name":"Home","item":"https:\/\/dutchmicrodosing.com\/it\/"},{"@type":"ListItem","position":2,"name":"Negozio","item":"https:\/\/dutchmicrodosing.com\/it\/negozio\/"},{"@type":"ListItem","position":3,"name":"Tartufi misti biologici 25 Gr"}]},{"@type":"WebSite","@id":"https:\/\/dutchmicrodosing.com\/it\/#website","url":"https:\/\/dutchmicrodosing.com\/it\/","name":"Dutchmicrodosing","description":"","publisher":{"@id":"https:\/\/dutchmicrodosing.com\/it\/#organization"},"potentialAction":[{"@type":"SearchAction","target":{"@type":"EntryPoint","urlTemplate":"https:\/\/dutchmicrodosing.com\/it\/?s={search_term_string}"},"query-input":{"@type":"PropertyValueSpecification","valueRequired":true,"valueName":"search_term_string"}}],"inLanguage":"it-IT"},{"@type":"Organization","@id":"https:\/\/dutchmicrodosing.com\/it\/#organization","name":"Dutchmicrodosing","url":"https:\/\/dutchmicrodosing.com\/it\/","logo":{"@type":"ImageObject","inLanguage":"it-IT","@id":"https:\/\/dutchmicrodosing.com\/it\/#\/schema\/logo\/image\/","url":"https:\/\/dutchmicrodosing.com\/wp-content\/uploads\/2021\/01\/microdosing-categorie-pic-nieuw.jpg","contentUrl":"https:\/\/dutchmicrodosing.com\/wp-content\/uploads\/2021\/01\/microdosing-categorie-pic-nieuw.jpg","width":500,"height":500,"caption":"Dutchmicrodosing"},"image":{"@id":"https:\/\/dutchmicrodosing.com\/it\/#\/schema\/logo\/image\/"},"sameAs":["https:\/\/www.facebook.com\/Dutchmicrodosingxp\/","https:\/\/www.instagram.com\/dutchmicrodosing\/"]}]},"product_price_amount":"22.95","product_price_currency":"EUR","og_availability":"instock","product_availability":"instock","product_retailer_item_id":"2212122","product_condition":"new"},"_links":{"self":[{"href":"https:\/\/dutchmicrodosing.com\/it\/wp-json\/wp\/v2\/product\/6872","targetHints":{"allow":["GET"]}}],"collection":[{"href":"https:\/\/dutchmicrodosing.com\/it\/wp-json\/wp\/v2\/product"}],"about":[{"href":"https:\/\/dutchmicrodosing.com\/it\/wp-json\/wp\/v2\/types\/product"}],"replies":[{"embeddable":true,"href":"https:\/\/dutchmicrodosing.com\/it\/wp-json\/wp\/v2\/comments?post=6872"}],"version-history":[{"count":0,"href":"https:\/\/dutchmicrodosing.com\/it\/wp-json\/wp\/v2\/product\/6872\/revisions"}],"wp:featuredmedia":[{"embeddable":true,"href":"https:\/\/dutchmicrodosing.com\/it\/wp-json\/wp\/v2\/media\/6677"}],"wp:attachment":[{"href":"https:\/\/dutchmicrodosing.com\/it\/wp-json\/wp\/v2\/media?parent=6872"}],"wp:term":[{"taxonomy":"product_brand","embeddable":true,"href":"https:\/\/dutchmicrodosing.com\/it\/wp-json\/wp\/v2\/product_brand?post=6872"},{"taxonomy":"product_cat","embeddable":true,"href":"https:\/\/dutchmicrodosing.com\/it\/wp-json\/wp\/v2\/product_cat?post=6872"},{"taxonomy":"product_tag","embeddable":true,"href":"https:\/\/dutchmicrodosing.com\/it\/wp-json\/wp\/v2\/product_tag?post=6872"}],"curies":[{"name":"wp","href":"https:\/\/api.w.org\/{rel}","templated":true}]}}