{"id":6883,"date":"2021-02-27T22:51:42","date_gmt":"2021-02-27T21:51:42","guid":{"rendered":"https:\/\/dutchmicrodosing.com\/shop\/senza-categoria\/cibo-fermentato-multibiotico-30-caps\/"},"modified":"2025-09-05T23:05:31","modified_gmt":"2025-09-05T21:05:31","slug":"multibiotico-fermentato-cibo-30caps","status":"publish","type":"product","link":"https:\/\/dutchmicrodosing.com\/it\/negozio-di-salute\/vitamine-e-integratori\/multibiotico-fermentato-cibo-30caps\/","title":{"rendered":"Cibo fermentato multibiotico &#8211; 30 caps"},"content":{"rendered":"<p>L&#8217;alimento <strong>fermentato multibiotico<\/strong> \u00e8 un integratore multibiotico unico nel suo genere, che contiene oltre un trilione di batteri intestinali amici dell&#8217;equilibrio. Il cibo fermentato multibiotico (prebiotici) di Together \u00e8 l&#8217;integratore per la salute dell&#8217;intestino e dell&#8217;apparato digerente. \u00c8 prodotto grazie a un metodo di fermentazione kombucha; un processo di produzione naturale utilizzato per conservare pi\u00f9 a lungo gli alimenti. Questo integratore contiene 16 ceppi batterici vivi accuratamente selezionati che rappresentano un totale di 13 miliardi di CFU per capsula al momento della produzione. Aggiungiamo anche isomalto-oligosaccaridi e inulina a questo integratore per promuovere e sostenere naturalmente la crescita dei batteri buoni.<\/p>\n<p>Questo prodotto \u00e8 completamente vegano e non contiene additivi o altri eccipienti. Viene in un sacchetto che si inserisce nella cassetta della posta. Una busta contiene circa 30 capsule che equivalgono a circa un mese di fornitura (1 capsula al giorno).<\/p>\n<h3>Ingredienti<\/h3>\n<p>Complesso di frutta e verdura fermentata (carota, sedano *, barbabietola, carota viola, pomodoro, broccoli, asparagi, zucca, piselli, spinaci, mais dolce, ananas, arancia, mela, frutto della passione, banana, mandarino, mango, papaia, limone, gelso, Uva rossa, Prugna, Noni, Pesca, Litchi, Pompelmo rosso, Prugna, Melograno, Aronia, Mirtillo rosso, Fragola, Lampone, Ciliegia, Ribes nero, Frutti di bosco, Uva bianca, Canna da zucchero, Mirtillo, Mirtillo nero, Kiwi, Kumquat rotondo, Pei Yu, Cantalupo, Ciliegia delle Indie occidentali); Complesso di colture vive multiceppo (Bifidobacterium Lactis BS01, Lactobacillus Acidophilus LA02, Lactobacillus Plantarum LP01, Lactobacillus Rhamnosus GG, Bacillus Coagulans LMG 6326); Radici di oligosaccaridi (estratti dalla cicoria); Capsula vegana (cellulosa vegetale).<\/p>\n<p><strong>Valori nutrizionali per capsula:<\/strong><\/p>\n<ul>\n<li>13 miliardi di colture vive (13 x 109)\u2020 120mg<\/li>\n<li>Inulina e isomalto-oligosaccaridi 160mg<\/li>\n<\/ul>\n<h3>Contenuto<\/h3>\n<p>Together Multibiotic Fermented Food &#8211; 30 Capsule<\/p>\n","protected":false},"excerpt":{"rendered":"<p>L&#8217;alimento fermentato multibiotico \u00e8 un integratore multibiotico unico nel suo genere, che contiene oltre un trilione di batteri intestinali amici dell&#8217;equilibrio. Il cibo fermentato multibiotico (prebiotici) di Together \u00e8 l&#8217;integratore per la salute dell&#8217;intestino e dell&#8217;apparato digerente. \u00c8 prodotto grazie a un metodo di fermentazione kombucha; un processo di produzione naturale utilizzato per conservare pi\u00f9 [&hellip;]<\/p>\n","protected":false},"featured_media":6699,"comment_status":"open","ping_status":"closed","template":"","meta":[],"product_brand":[],"product_cat":[296,173],"product_tag":[],"class_list":{"0":"post-6883","1":"product","2":"type-product","3":"status-publish","4":"has-post-thumbnail","6":"product_cat-integratori-per-il-sistema-immunitario","7":"product_cat-vitamine-e-integratori","9":"first","10":"outofstock","11":"taxable","12":"shipping-taxable","13":"purchasable","14":"product-type-simple"},"yoast_head":"<!-- This site is optimized with the Yoast SEO Premium plugin v26.4 (Yoast SEO v27.4) - https:\/\/yoast.com\/product\/yoast-seo-premium-wordpress\/ -->\n<title>Cibo fermentato multibiotico - 30 caps - Dutchmicrodosing<\/title>\n<meta name=\"description\" content=\"L&#039;alimento fermentato multibiotico \u00e8 un integratore multibiotico unico nel suo genere, che contiene oltre un trilione di batteri intestinali amici dell&#039;equilibrio. Fermentato multibiotico\" \/>\n<meta name=\"robots\" content=\"index, follow, max-snippet:-1, max-image-preview:large, max-video-preview:-1\" \/>\n<link rel=\"canonical\" href=\"https:\/\/dutchmicrodosing.com\/it\/negozio-di-salute\/vitamine-e-integratori\/multibiotico-fermentato-cibo-30caps\/\" \/>\n<meta property=\"og:locale\" content=\"it_IT\" \/>\n<meta property=\"og:type\" content=\"article\" \/>\n<meta property=\"og:title\" content=\"Cibo fermentato multibiotico - 30 caps\" \/>\n<meta property=\"og:description\" content=\"L&#039;alimento fermentato multibiotico \u00e8 un integratore multibiotico unico nel suo genere, che contiene oltre un trilione di batteri intestinali amici\" \/>\n<meta property=\"og:url\" content=\"https:\/\/dutchmicrodosing.com\/it\/negozio-di-salute\/vitamine-e-integratori\/multibiotico-fermentato-cibo-30caps\/\" \/>\n<meta property=\"og:site_name\" content=\"Dutchmicrodosing\" \/>\n<meta property=\"article:publisher\" content=\"https:\/\/www.facebook.com\/Dutchmicrodosingxp\/\" \/>\n<meta property=\"article:modified_time\" content=\"2025-09-05T21:05:31+00:00\" \/>\n<meta property=\"og:image\" content=\"https:\/\/dutchmicrodosing.com\/wp-content\/uploads\/2021\/02\/2265_Multibiotic-Fermented-Food-Together-Health-30caps-1.jpg\" \/>\n\t<meta property=\"og:image:width\" content=\"1040\" \/>\n\t<meta property=\"og:image:height\" content=\"1040\" \/>\n\t<meta property=\"og:image:type\" content=\"image\/jpeg\" \/>\n<meta name=\"twitter:card\" content=\"summary_large_image\" \/>\n<script type=\"application\/ld+json\" class=\"yoast-schema-graph\">{\"@context\":\"https:\\\/\\\/schema.org\",\"@graph\":[{\"@type\":\"WebPage\",\"@id\":\"https:\\\/\\\/dutchmicrodosing.com\\\/it\\\/negozio-di-salute\\\/vitamine-e-integratori\\\/multibiotico-fermentato-cibo-30caps\\\/\",\"url\":\"https:\\\/\\\/dutchmicrodosing.com\\\/it\\\/negozio-di-salute\\\/vitamine-e-integratori\\\/multibiotico-fermentato-cibo-30caps\\\/\",\"name\":\"Cibo fermentato multibiotico - 30 caps - Dutchmicrodosing\",\"isPartOf\":{\"@id\":\"https:\\\/\\\/dutchmicrodosing.com\\\/it\\\/#website\"},\"primaryImageOfPage\":{\"@id\":\"https:\\\/\\\/dutchmicrodosing.com\\\/it\\\/negozio-di-salute\\\/vitamine-e-integratori\\\/multibiotico-fermentato-cibo-30caps\\\/#primaryimage\"},\"image\":{\"@id\":\"https:\\\/\\\/dutchmicrodosing.com\\\/it\\\/negozio-di-salute\\\/vitamine-e-integratori\\\/multibiotico-fermentato-cibo-30caps\\\/#primaryimage\"},\"thumbnailUrl\":\"https:\\\/\\\/dutchmicrodosing.com\\\/wp-content\\\/uploads\\\/2021\\\/02\\\/2265_Multibiotic-Fermented-Food-Together-Health-30caps-1.jpg\",\"datePublished\":\"2021-02-27T21:51:42+00:00\",\"dateModified\":\"2025-09-05T21:05:31+00:00\",\"description\":\"L'alimento fermentato multibiotico \u00e8 un integratore multibiotico unico nel suo genere, che contiene oltre un trilione di batteri intestinali amici dell'equilibrio. Fermentato multibiotico\",\"breadcrumb\":{\"@id\":\"https:\\\/\\\/dutchmicrodosing.com\\\/it\\\/negozio-di-salute\\\/vitamine-e-integratori\\\/multibiotico-fermentato-cibo-30caps\\\/#breadcrumb\"},\"inLanguage\":\"it-IT\",\"potentialAction\":[{\"@type\":\"ReadAction\",\"target\":[\"https:\\\/\\\/dutchmicrodosing.com\\\/it\\\/negozio-di-salute\\\/vitamine-e-integratori\\\/multibiotico-fermentato-cibo-30caps\\\/\"]}]},{\"@type\":\"ImageObject\",\"inLanguage\":\"it-IT\",\"@id\":\"https:\\\/\\\/dutchmicrodosing.com\\\/it\\\/negozio-di-salute\\\/vitamine-e-integratori\\\/multibiotico-fermentato-cibo-30caps\\\/#primaryimage\",\"url\":\"https:\\\/\\\/dutchmicrodosing.com\\\/wp-content\\\/uploads\\\/2021\\\/02\\\/2265_Multibiotic-Fermented-Food-Together-Health-30caps-1.jpg\",\"contentUrl\":\"https:\\\/\\\/dutchmicrodosing.com\\\/wp-content\\\/uploads\\\/2021\\\/02\\\/2265_Multibiotic-Fermented-Food-Together-Health-30caps-1.jpg\",\"width\":1040,\"height\":1040},{\"@type\":\"BreadcrumbList\",\"@id\":\"https:\\\/\\\/dutchmicrodosing.com\\\/it\\\/negozio-di-salute\\\/vitamine-e-integratori\\\/multibiotico-fermentato-cibo-30caps\\\/#breadcrumb\",\"itemListElement\":[{\"@type\":\"ListItem\",\"position\":1,\"name\":\"Home\",\"item\":\"https:\\\/\\\/dutchmicrodosing.com\\\/it\\\/\"},{\"@type\":\"ListItem\",\"position\":2,\"name\":\"Negozio\",\"item\":\"https:\\\/\\\/dutchmicrodosing.com\\\/it\\\/negozio\\\/\"},{\"@type\":\"ListItem\",\"position\":3,\"name\":\"Cibo fermentato multibiotico &#8211; 30 caps\"}]},{\"@type\":\"WebSite\",\"@id\":\"https:\\\/\\\/dutchmicrodosing.com\\\/it\\\/#website\",\"url\":\"https:\\\/\\\/dutchmicrodosing.com\\\/it\\\/\",\"name\":\"Dutchmicrodosing\",\"description\":\"\",\"publisher\":{\"@id\":\"https:\\\/\\\/dutchmicrodosing.com\\\/it\\\/#organization\"},\"potentialAction\":[{\"@type\":\"SearchAction\",\"target\":{\"@type\":\"EntryPoint\",\"urlTemplate\":\"https:\\\/\\\/dutchmicrodosing.com\\\/it\\\/?s={search_term_string}\"},\"query-input\":{\"@type\":\"PropertyValueSpecification\",\"valueRequired\":true,\"valueName\":\"search_term_string\"}}],\"inLanguage\":\"it-IT\"},{\"@type\":\"Organization\",\"@id\":\"https:\\\/\\\/dutchmicrodosing.com\\\/it\\\/#organization\",\"name\":\"Dutchmicrodosing\",\"url\":\"https:\\\/\\\/dutchmicrodosing.com\\\/it\\\/\",\"logo\":{\"@type\":\"ImageObject\",\"inLanguage\":\"it-IT\",\"@id\":\"https:\\\/\\\/dutchmicrodosing.com\\\/it\\\/#\\\/schema\\\/logo\\\/image\\\/\",\"url\":\"https:\\\/\\\/dutchmicrodosing.com\\\/wp-content\\\/uploads\\\/2021\\\/01\\\/microdosing-categorie-pic-nieuw.jpg\",\"contentUrl\":\"https:\\\/\\\/dutchmicrodosing.com\\\/wp-content\\\/uploads\\\/2021\\\/01\\\/microdosing-categorie-pic-nieuw.jpg\",\"width\":500,\"height\":500,\"caption\":\"Dutchmicrodosing\"},\"image\":{\"@id\":\"https:\\\/\\\/dutchmicrodosing.com\\\/it\\\/#\\\/schema\\\/logo\\\/image\\\/\"},\"sameAs\":[\"https:\\\/\\\/www.facebook.com\\\/Dutchmicrodosingxp\\\/\",\"https:\\\/\\\/www.instagram.com\\\/dutchmicrodosing\\\/\"]}]}<\/script>\n<meta property=\"product:price:amount\" content=\"19.95\" \/>\n<meta property=\"product:price:currency\" content=\"EUR\" \/>\n<meta property=\"og:availability\" content=\"out of stock\" \/>\n<meta property=\"product:availability\" content=\"out of stock\" \/>\n<meta property=\"product:retailer_item_id\" content=\"1202726\" \/>\n<meta property=\"product:condition\" content=\"new\" \/>\n<!-- \/ Yoast SEO Premium plugin. -->","yoast_head_json":{"title":"Cibo fermentato multibiotico - 30 caps - Dutchmicrodosing","description":"L'alimento fermentato multibiotico \u00e8 un integratore multibiotico unico nel suo genere, che contiene oltre un trilione di batteri intestinali amici dell'equilibrio. Fermentato multibiotico","robots":{"index":"index","follow":"follow","max-snippet":"max-snippet:-1","max-image-preview":"max-image-preview:large","max-video-preview":"max-video-preview:-1"},"canonical":"https:\/\/dutchmicrodosing.com\/it\/negozio-di-salute\/vitamine-e-integratori\/multibiotico-fermentato-cibo-30caps\/","og_locale":"it_IT","og_type":"article","og_title":"Cibo fermentato multibiotico - 30 caps","og_description":"L'alimento fermentato multibiotico \u00e8 un integratore multibiotico unico nel suo genere, che contiene oltre un trilione di batteri intestinali amici","og_url":"https:\/\/dutchmicrodosing.com\/it\/negozio-di-salute\/vitamine-e-integratori\/multibiotico-fermentato-cibo-30caps\/","og_site_name":"Dutchmicrodosing","article_publisher":"https:\/\/www.facebook.com\/Dutchmicrodosingxp\/","article_modified_time":"2025-09-05T21:05:31+00:00","og_image":[{"width":1040,"height":1040,"url":"https:\/\/dutchmicrodosing.com\/wp-content\/uploads\/2021\/02\/2265_Multibiotic-Fermented-Food-Together-Health-30caps-1.jpg","type":"image\/jpeg"}],"twitter_card":"summary_large_image","schema":{"@context":"https:\/\/schema.org","@graph":[{"@type":"WebPage","@id":"https:\/\/dutchmicrodosing.com\/it\/negozio-di-salute\/vitamine-e-integratori\/multibiotico-fermentato-cibo-30caps\/","url":"https:\/\/dutchmicrodosing.com\/it\/negozio-di-salute\/vitamine-e-integratori\/multibiotico-fermentato-cibo-30caps\/","name":"Cibo fermentato multibiotico - 30 caps - Dutchmicrodosing","isPartOf":{"@id":"https:\/\/dutchmicrodosing.com\/it\/#website"},"primaryImageOfPage":{"@id":"https:\/\/dutchmicrodosing.com\/it\/negozio-di-salute\/vitamine-e-integratori\/multibiotico-fermentato-cibo-30caps\/#primaryimage"},"image":{"@id":"https:\/\/dutchmicrodosing.com\/it\/negozio-di-salute\/vitamine-e-integratori\/multibiotico-fermentato-cibo-30caps\/#primaryimage"},"thumbnailUrl":"https:\/\/dutchmicrodosing.com\/wp-content\/uploads\/2021\/02\/2265_Multibiotic-Fermented-Food-Together-Health-30caps-1.jpg","datePublished":"2021-02-27T21:51:42+00:00","dateModified":"2025-09-05T21:05:31+00:00","description":"L'alimento fermentato multibiotico \u00e8 un integratore multibiotico unico nel suo genere, che contiene oltre un trilione di batteri intestinali amici dell'equilibrio. Fermentato multibiotico","breadcrumb":{"@id":"https:\/\/dutchmicrodosing.com\/it\/negozio-di-salute\/vitamine-e-integratori\/multibiotico-fermentato-cibo-30caps\/#breadcrumb"},"inLanguage":"it-IT","potentialAction":[{"@type":"ReadAction","target":["https:\/\/dutchmicrodosing.com\/it\/negozio-di-salute\/vitamine-e-integratori\/multibiotico-fermentato-cibo-30caps\/"]}]},{"@type":"ImageObject","inLanguage":"it-IT","@id":"https:\/\/dutchmicrodosing.com\/it\/negozio-di-salute\/vitamine-e-integratori\/multibiotico-fermentato-cibo-30caps\/#primaryimage","url":"https:\/\/dutchmicrodosing.com\/wp-content\/uploads\/2021\/02\/2265_Multibiotic-Fermented-Food-Together-Health-30caps-1.jpg","contentUrl":"https:\/\/dutchmicrodosing.com\/wp-content\/uploads\/2021\/02\/2265_Multibiotic-Fermented-Food-Together-Health-30caps-1.jpg","width":1040,"height":1040},{"@type":"BreadcrumbList","@id":"https:\/\/dutchmicrodosing.com\/it\/negozio-di-salute\/vitamine-e-integratori\/multibiotico-fermentato-cibo-30caps\/#breadcrumb","itemListElement":[{"@type":"ListItem","position":1,"name":"Home","item":"https:\/\/dutchmicrodosing.com\/it\/"},{"@type":"ListItem","position":2,"name":"Negozio","item":"https:\/\/dutchmicrodosing.com\/it\/negozio\/"},{"@type":"ListItem","position":3,"name":"Cibo fermentato multibiotico &#8211; 30 caps"}]},{"@type":"WebSite","@id":"https:\/\/dutchmicrodosing.com\/it\/#website","url":"https:\/\/dutchmicrodosing.com\/it\/","name":"Dutchmicrodosing","description":"","publisher":{"@id":"https:\/\/dutchmicrodosing.com\/it\/#organization"},"potentialAction":[{"@type":"SearchAction","target":{"@type":"EntryPoint","urlTemplate":"https:\/\/dutchmicrodosing.com\/it\/?s={search_term_string}"},"query-input":{"@type":"PropertyValueSpecification","valueRequired":true,"valueName":"search_term_string"}}],"inLanguage":"it-IT"},{"@type":"Organization","@id":"https:\/\/dutchmicrodosing.com\/it\/#organization","name":"Dutchmicrodosing","url":"https:\/\/dutchmicrodosing.com\/it\/","logo":{"@type":"ImageObject","inLanguage":"it-IT","@id":"https:\/\/dutchmicrodosing.com\/it\/#\/schema\/logo\/image\/","url":"https:\/\/dutchmicrodosing.com\/wp-content\/uploads\/2021\/01\/microdosing-categorie-pic-nieuw.jpg","contentUrl":"https:\/\/dutchmicrodosing.com\/wp-content\/uploads\/2021\/01\/microdosing-categorie-pic-nieuw.jpg","width":500,"height":500,"caption":"Dutchmicrodosing"},"image":{"@id":"https:\/\/dutchmicrodosing.com\/it\/#\/schema\/logo\/image\/"},"sameAs":["https:\/\/www.facebook.com\/Dutchmicrodosingxp\/","https:\/\/www.instagram.com\/dutchmicrodosing\/"]}]},"product_price_amount":"19.95","product_price_currency":"EUR","og_availability":"out of stock","product_availability":"out of stock","product_retailer_item_id":"1202726","product_condition":"new"},"_links":{"self":[{"href":"https:\/\/dutchmicrodosing.com\/it\/wp-json\/wp\/v2\/product\/6883","targetHints":{"allow":["GET"]}}],"collection":[{"href":"https:\/\/dutchmicrodosing.com\/it\/wp-json\/wp\/v2\/product"}],"about":[{"href":"https:\/\/dutchmicrodosing.com\/it\/wp-json\/wp\/v2\/types\/product"}],"replies":[{"embeddable":true,"href":"https:\/\/dutchmicrodosing.com\/it\/wp-json\/wp\/v2\/comments?post=6883"}],"version-history":[{"count":0,"href":"https:\/\/dutchmicrodosing.com\/it\/wp-json\/wp\/v2\/product\/6883\/revisions"}],"wp:featuredmedia":[{"embeddable":true,"href":"https:\/\/dutchmicrodosing.com\/it\/wp-json\/wp\/v2\/media\/6699"}],"wp:attachment":[{"href":"https:\/\/dutchmicrodosing.com\/it\/wp-json\/wp\/v2\/media?parent=6883"}],"wp:term":[{"taxonomy":"product_brand","embeddable":true,"href":"https:\/\/dutchmicrodosing.com\/it\/wp-json\/wp\/v2\/product_brand?post=6883"},{"taxonomy":"product_cat","embeddable":true,"href":"https:\/\/dutchmicrodosing.com\/it\/wp-json\/wp\/v2\/product_cat?post=6883"},{"taxonomy":"product_tag","embeddable":true,"href":"https:\/\/dutchmicrodosing.com\/it\/wp-json\/wp\/v2\/product_tag?post=6883"}],"curies":[{"name":"wp","href":"https:\/\/api.w.org\/{rel}","templated":true}]}}