{"id":6893,"date":"2021-02-27T22:51:45","date_gmt":"2021-02-27T21:51:45","guid":{"rendered":"https:\/\/dutchmicrodosing.com\/shop\/senza-categoria\/organic-mushroom-b12-30-caps\/"},"modified":"2025-08-28T11:07:48","modified_gmt":"2025-08-28T09:07:48","slug":"organico-fungo-b12-30caps","status":"publish","type":"product","link":"https:\/\/dutchmicrodosing.com\/it\/negozio-di-salute\/vitamine-e-integratori\/organico-fungo-b12-30caps\/","title":{"rendered":"Organic Mushroom B12 &#8211; 30 caps"},"content":{"rendered":"<p><strong>Fungo organico<\/strong> <strong>B12 <\/strong>vegano di Together. Questo integratore \u00e8 derivato interamente da funghi biologici: Shiitake e funghi d&#8217;ostrica. Con tre forme naturali di B12, \u00e8 la forma ottimale di questa vitamina. \u00c8 pi\u00f9 facilmente digerito e assorbito dal corpo.<\/p>\n<p>Questo prodotto \u00e8 completamente vegano e non contiene additivi o altri eccipienti. Viene in un sacchetto che si inserisce nella cassetta della posta. Una busta contiene circa 30 capsule che equivalgono a circa un mese di fornitura (1 capsula al giorno). <b><\/b><\/p>\n<h3>Ingredienti<\/h3>\n<p>Fungo ostrica biologico ed estratto di fungo shiitake biologico con componenti della vitamina B12 come metilcobalamina, adenosilcobalamina e idrossilcobalamina.<\/p>\n<p><strong>Valori nutrizionali per capsula:<\/strong><\/p>\n<ul>\n<li>Vitamina B12 (composta da metilcobalamina, adenosilcobalamina e idrossilcobalamina *) 20mcg<\/li>\n<\/ul>\n<h3>Contenuto<\/h3>\n<p>Insieme Funghi Biologici B12 &#8211; 30 Capsule<\/p>\n","protected":false},"excerpt":{"rendered":"<p>Fungo organico B12 vegano di Together. Questo integratore \u00e8 derivato interamente da funghi biologici: Shiitake e funghi d&#8217;ostrica. Con tre forme naturali di B12, \u00e8 la forma ottimale di questa vitamina. \u00c8 pi\u00f9 facilmente digerito e assorbito dal corpo. Questo prodotto \u00e8 completamente vegano e non contiene additivi o altri eccipienti. Viene in un sacchetto [&hellip;]<\/p>\n","protected":false},"featured_media":6693,"comment_status":"open","ping_status":"closed","template":"","meta":[],"product_brand":[],"product_cat":[296,173],"product_tag":[],"class_list":{"0":"post-6893","1":"product","2":"type-product","3":"status-publish","4":"has-post-thumbnail","6":"product_cat-integratori-per-il-sistema-immunitario","7":"product_cat-vitamine-e-integratori","9":"first","10":"instock","11":"taxable","12":"shipping-taxable","13":"purchasable","14":"product-type-simple"},"yoast_head":"<!-- This site is optimized with the Yoast SEO Premium plugin v26.4 (Yoast SEO v27.4) - https:\/\/yoast.com\/product\/yoast-seo-premium-wordpress\/ -->\n<title>Organic Mushroom B12 - 30 caps - Dutchmicrodosing<\/title>\n<meta name=\"description\" content=\"B12 Vegan-friendly da Together. Questo integratore \u00e8 derivato interamente da funghi biologici: Shiitake e funghi d&#039;ostrica. Con tre...\" \/>\n<meta name=\"robots\" content=\"index, follow, max-snippet:-1, max-image-preview:large, max-video-preview:-1\" \/>\n<link rel=\"canonical\" href=\"https:\/\/dutchmicrodosing.com\/it\/negozio-di-salute\/vitamine-e-integratori\/organico-fungo-b12-30caps\/\" \/>\n<meta property=\"og:locale\" content=\"it_IT\" \/>\n<meta property=\"og:type\" content=\"article\" \/>\n<meta property=\"og:title\" content=\"Organic Mushroom B12 - 30 caps\" \/>\n<meta property=\"og:description\" content=\"Fungo organico B12 vegano di Together. Questo integratore \u00e8 derivato interamente da funghi biologici: Shiitake e funghi d&#039;ostrica. Con tre forme naturali\" \/>\n<meta property=\"og:url\" content=\"https:\/\/dutchmicrodosing.com\/it\/negozio-di-salute\/vitamine-e-integratori\/organico-fungo-b12-30caps\/\" \/>\n<meta property=\"og:site_name\" content=\"Dutchmicrodosing\" \/>\n<meta property=\"article:publisher\" content=\"https:\/\/www.facebook.com\/Dutchmicrodosingxp\/\" \/>\n<meta property=\"article:modified_time\" content=\"2025-08-28T09:07:48+00:00\" \/>\n<meta property=\"og:image\" content=\"https:\/\/dutchmicrodosing.com\/wp-content\/uploads\/2021\/02\/2266_Organic-Mushroom-B12-Together-Health-30caps-1.jpg\" \/>\n\t<meta property=\"og:image:width\" content=\"1040\" \/>\n\t<meta property=\"og:image:height\" content=\"1040\" \/>\n\t<meta property=\"og:image:type\" content=\"image\/jpeg\" \/>\n<meta name=\"twitter:card\" content=\"summary_large_image\" \/>\n<script type=\"application\/ld+json\" class=\"yoast-schema-graph\">{\"@context\":\"https:\\\/\\\/schema.org\",\"@graph\":[{\"@type\":\"WebPage\",\"@id\":\"https:\\\/\\\/dutchmicrodosing.com\\\/it\\\/negozio-di-salute\\\/vitamine-e-integratori\\\/organico-fungo-b12-30caps\\\/\",\"url\":\"https:\\\/\\\/dutchmicrodosing.com\\\/it\\\/negozio-di-salute\\\/vitamine-e-integratori\\\/organico-fungo-b12-30caps\\\/\",\"name\":\"Organic Mushroom B12 - 30 caps - Dutchmicrodosing\",\"isPartOf\":{\"@id\":\"https:\\\/\\\/dutchmicrodosing.com\\\/it\\\/#website\"},\"primaryImageOfPage\":{\"@id\":\"https:\\\/\\\/dutchmicrodosing.com\\\/it\\\/negozio-di-salute\\\/vitamine-e-integratori\\\/organico-fungo-b12-30caps\\\/#primaryimage\"},\"image\":{\"@id\":\"https:\\\/\\\/dutchmicrodosing.com\\\/it\\\/negozio-di-salute\\\/vitamine-e-integratori\\\/organico-fungo-b12-30caps\\\/#primaryimage\"},\"thumbnailUrl\":\"https:\\\/\\\/dutchmicrodosing.com\\\/wp-content\\\/uploads\\\/2021\\\/02\\\/2266_Organic-Mushroom-B12-Together-Health-30caps-1.jpg\",\"datePublished\":\"2021-02-27T21:51:45+00:00\",\"dateModified\":\"2025-08-28T09:07:48+00:00\",\"description\":\"B12 Vegan-friendly da Together. Questo integratore \u00e8 derivato interamente da funghi biologici: Shiitake e funghi d'ostrica. Con tre...\",\"breadcrumb\":{\"@id\":\"https:\\\/\\\/dutchmicrodosing.com\\\/it\\\/negozio-di-salute\\\/vitamine-e-integratori\\\/organico-fungo-b12-30caps\\\/#breadcrumb\"},\"inLanguage\":\"it-IT\",\"potentialAction\":[{\"@type\":\"ReadAction\",\"target\":[\"https:\\\/\\\/dutchmicrodosing.com\\\/it\\\/negozio-di-salute\\\/vitamine-e-integratori\\\/organico-fungo-b12-30caps\\\/\"]}]},{\"@type\":\"ImageObject\",\"inLanguage\":\"it-IT\",\"@id\":\"https:\\\/\\\/dutchmicrodosing.com\\\/it\\\/negozio-di-salute\\\/vitamine-e-integratori\\\/organico-fungo-b12-30caps\\\/#primaryimage\",\"url\":\"https:\\\/\\\/dutchmicrodosing.com\\\/wp-content\\\/uploads\\\/2021\\\/02\\\/2266_Organic-Mushroom-B12-Together-Health-30caps-1.jpg\",\"contentUrl\":\"https:\\\/\\\/dutchmicrodosing.com\\\/wp-content\\\/uploads\\\/2021\\\/02\\\/2266_Organic-Mushroom-B12-Together-Health-30caps-1.jpg\",\"width\":1040,\"height\":1040},{\"@type\":\"BreadcrumbList\",\"@id\":\"https:\\\/\\\/dutchmicrodosing.com\\\/it\\\/negozio-di-salute\\\/vitamine-e-integratori\\\/organico-fungo-b12-30caps\\\/#breadcrumb\",\"itemListElement\":[{\"@type\":\"ListItem\",\"position\":1,\"name\":\"Home\",\"item\":\"https:\\\/\\\/dutchmicrodosing.com\\\/it\\\/\"},{\"@type\":\"ListItem\",\"position\":2,\"name\":\"Negozio\",\"item\":\"https:\\\/\\\/dutchmicrodosing.com\\\/it\\\/negozio\\\/\"},{\"@type\":\"ListItem\",\"position\":3,\"name\":\"Organic Mushroom B12 &#8211; 30 caps\"}]},{\"@type\":\"WebSite\",\"@id\":\"https:\\\/\\\/dutchmicrodosing.com\\\/it\\\/#website\",\"url\":\"https:\\\/\\\/dutchmicrodosing.com\\\/it\\\/\",\"name\":\"Dutchmicrodosing\",\"description\":\"\",\"publisher\":{\"@id\":\"https:\\\/\\\/dutchmicrodosing.com\\\/it\\\/#organization\"},\"potentialAction\":[{\"@type\":\"SearchAction\",\"target\":{\"@type\":\"EntryPoint\",\"urlTemplate\":\"https:\\\/\\\/dutchmicrodosing.com\\\/it\\\/?s={search_term_string}\"},\"query-input\":{\"@type\":\"PropertyValueSpecification\",\"valueRequired\":true,\"valueName\":\"search_term_string\"}}],\"inLanguage\":\"it-IT\"},{\"@type\":\"Organization\",\"@id\":\"https:\\\/\\\/dutchmicrodosing.com\\\/it\\\/#organization\",\"name\":\"Dutchmicrodosing\",\"url\":\"https:\\\/\\\/dutchmicrodosing.com\\\/it\\\/\",\"logo\":{\"@type\":\"ImageObject\",\"inLanguage\":\"it-IT\",\"@id\":\"https:\\\/\\\/dutchmicrodosing.com\\\/it\\\/#\\\/schema\\\/logo\\\/image\\\/\",\"url\":\"https:\\\/\\\/dutchmicrodosing.com\\\/wp-content\\\/uploads\\\/2021\\\/01\\\/microdosing-categorie-pic-nieuw.jpg\",\"contentUrl\":\"https:\\\/\\\/dutchmicrodosing.com\\\/wp-content\\\/uploads\\\/2021\\\/01\\\/microdosing-categorie-pic-nieuw.jpg\",\"width\":500,\"height\":500,\"caption\":\"Dutchmicrodosing\"},\"image\":{\"@id\":\"https:\\\/\\\/dutchmicrodosing.com\\\/it\\\/#\\\/schema\\\/logo\\\/image\\\/\"},\"sameAs\":[\"https:\\\/\\\/www.facebook.com\\\/Dutchmicrodosingxp\\\/\",\"https:\\\/\\\/www.instagram.com\\\/dutchmicrodosing\\\/\"]}]}<\/script>\n<meta property=\"product:price:amount\" content=\"12.95\" \/>\n<meta property=\"product:price:currency\" content=\"EUR\" \/>\n<meta property=\"og:availability\" content=\"instock\" \/>\n<meta property=\"product:availability\" content=\"instock\" \/>\n<meta property=\"product:retailer_item_id\" content=\"1202555\" \/>\n<meta property=\"product:condition\" content=\"new\" \/>\n<!-- \/ Yoast SEO Premium plugin. -->","yoast_head_json":{"title":"Organic Mushroom B12 - 30 caps - Dutchmicrodosing","description":"B12 Vegan-friendly da Together. Questo integratore \u00e8 derivato interamente da funghi biologici: Shiitake e funghi d'ostrica. Con tre...","robots":{"index":"index","follow":"follow","max-snippet":"max-snippet:-1","max-image-preview":"max-image-preview:large","max-video-preview":"max-video-preview:-1"},"canonical":"https:\/\/dutchmicrodosing.com\/it\/negozio-di-salute\/vitamine-e-integratori\/organico-fungo-b12-30caps\/","og_locale":"it_IT","og_type":"article","og_title":"Organic Mushroom B12 - 30 caps","og_description":"Fungo organico B12 vegano di Together. Questo integratore \u00e8 derivato interamente da funghi biologici: Shiitake e funghi d'ostrica. Con tre forme naturali","og_url":"https:\/\/dutchmicrodosing.com\/it\/negozio-di-salute\/vitamine-e-integratori\/organico-fungo-b12-30caps\/","og_site_name":"Dutchmicrodosing","article_publisher":"https:\/\/www.facebook.com\/Dutchmicrodosingxp\/","article_modified_time":"2025-08-28T09:07:48+00:00","og_image":[{"width":1040,"height":1040,"url":"https:\/\/dutchmicrodosing.com\/wp-content\/uploads\/2021\/02\/2266_Organic-Mushroom-B12-Together-Health-30caps-1.jpg","type":"image\/jpeg"}],"twitter_card":"summary_large_image","schema":{"@context":"https:\/\/schema.org","@graph":[{"@type":"WebPage","@id":"https:\/\/dutchmicrodosing.com\/it\/negozio-di-salute\/vitamine-e-integratori\/organico-fungo-b12-30caps\/","url":"https:\/\/dutchmicrodosing.com\/it\/negozio-di-salute\/vitamine-e-integratori\/organico-fungo-b12-30caps\/","name":"Organic Mushroom B12 - 30 caps - Dutchmicrodosing","isPartOf":{"@id":"https:\/\/dutchmicrodosing.com\/it\/#website"},"primaryImageOfPage":{"@id":"https:\/\/dutchmicrodosing.com\/it\/negozio-di-salute\/vitamine-e-integratori\/organico-fungo-b12-30caps\/#primaryimage"},"image":{"@id":"https:\/\/dutchmicrodosing.com\/it\/negozio-di-salute\/vitamine-e-integratori\/organico-fungo-b12-30caps\/#primaryimage"},"thumbnailUrl":"https:\/\/dutchmicrodosing.com\/wp-content\/uploads\/2021\/02\/2266_Organic-Mushroom-B12-Together-Health-30caps-1.jpg","datePublished":"2021-02-27T21:51:45+00:00","dateModified":"2025-08-28T09:07:48+00:00","description":"B12 Vegan-friendly da Together. Questo integratore \u00e8 derivato interamente da funghi biologici: Shiitake e funghi d'ostrica. Con tre...","breadcrumb":{"@id":"https:\/\/dutchmicrodosing.com\/it\/negozio-di-salute\/vitamine-e-integratori\/organico-fungo-b12-30caps\/#breadcrumb"},"inLanguage":"it-IT","potentialAction":[{"@type":"ReadAction","target":["https:\/\/dutchmicrodosing.com\/it\/negozio-di-salute\/vitamine-e-integratori\/organico-fungo-b12-30caps\/"]}]},{"@type":"ImageObject","inLanguage":"it-IT","@id":"https:\/\/dutchmicrodosing.com\/it\/negozio-di-salute\/vitamine-e-integratori\/organico-fungo-b12-30caps\/#primaryimage","url":"https:\/\/dutchmicrodosing.com\/wp-content\/uploads\/2021\/02\/2266_Organic-Mushroom-B12-Together-Health-30caps-1.jpg","contentUrl":"https:\/\/dutchmicrodosing.com\/wp-content\/uploads\/2021\/02\/2266_Organic-Mushroom-B12-Together-Health-30caps-1.jpg","width":1040,"height":1040},{"@type":"BreadcrumbList","@id":"https:\/\/dutchmicrodosing.com\/it\/negozio-di-salute\/vitamine-e-integratori\/organico-fungo-b12-30caps\/#breadcrumb","itemListElement":[{"@type":"ListItem","position":1,"name":"Home","item":"https:\/\/dutchmicrodosing.com\/it\/"},{"@type":"ListItem","position":2,"name":"Negozio","item":"https:\/\/dutchmicrodosing.com\/it\/negozio\/"},{"@type":"ListItem","position":3,"name":"Organic Mushroom B12 &#8211; 30 caps"}]},{"@type":"WebSite","@id":"https:\/\/dutchmicrodosing.com\/it\/#website","url":"https:\/\/dutchmicrodosing.com\/it\/","name":"Dutchmicrodosing","description":"","publisher":{"@id":"https:\/\/dutchmicrodosing.com\/it\/#organization"},"potentialAction":[{"@type":"SearchAction","target":{"@type":"EntryPoint","urlTemplate":"https:\/\/dutchmicrodosing.com\/it\/?s={search_term_string}"},"query-input":{"@type":"PropertyValueSpecification","valueRequired":true,"valueName":"search_term_string"}}],"inLanguage":"it-IT"},{"@type":"Organization","@id":"https:\/\/dutchmicrodosing.com\/it\/#organization","name":"Dutchmicrodosing","url":"https:\/\/dutchmicrodosing.com\/it\/","logo":{"@type":"ImageObject","inLanguage":"it-IT","@id":"https:\/\/dutchmicrodosing.com\/it\/#\/schema\/logo\/image\/","url":"https:\/\/dutchmicrodosing.com\/wp-content\/uploads\/2021\/01\/microdosing-categorie-pic-nieuw.jpg","contentUrl":"https:\/\/dutchmicrodosing.com\/wp-content\/uploads\/2021\/01\/microdosing-categorie-pic-nieuw.jpg","width":500,"height":500,"caption":"Dutchmicrodosing"},"image":{"@id":"https:\/\/dutchmicrodosing.com\/it\/#\/schema\/logo\/image\/"},"sameAs":["https:\/\/www.facebook.com\/Dutchmicrodosingxp\/","https:\/\/www.instagram.com\/dutchmicrodosing\/"]}]},"product_price_amount":"12.95","product_price_currency":"EUR","og_availability":"instock","product_availability":"instock","product_retailer_item_id":"1202555","product_condition":"new"},"_links":{"self":[{"href":"https:\/\/dutchmicrodosing.com\/it\/wp-json\/wp\/v2\/product\/6893","targetHints":{"allow":["GET"]}}],"collection":[{"href":"https:\/\/dutchmicrodosing.com\/it\/wp-json\/wp\/v2\/product"}],"about":[{"href":"https:\/\/dutchmicrodosing.com\/it\/wp-json\/wp\/v2\/types\/product"}],"replies":[{"embeddable":true,"href":"https:\/\/dutchmicrodosing.com\/it\/wp-json\/wp\/v2\/comments?post=6893"}],"version-history":[{"count":0,"href":"https:\/\/dutchmicrodosing.com\/it\/wp-json\/wp\/v2\/product\/6893\/revisions"}],"wp:featuredmedia":[{"embeddable":true,"href":"https:\/\/dutchmicrodosing.com\/it\/wp-json\/wp\/v2\/media\/6693"}],"wp:attachment":[{"href":"https:\/\/dutchmicrodosing.com\/it\/wp-json\/wp\/v2\/media?parent=6893"}],"wp:term":[{"taxonomy":"product_brand","embeddable":true,"href":"https:\/\/dutchmicrodosing.com\/it\/wp-json\/wp\/v2\/product_brand?post=6893"},{"taxonomy":"product_cat","embeddable":true,"href":"https:\/\/dutchmicrodosing.com\/it\/wp-json\/wp\/v2\/product_cat?post=6893"},{"taxonomy":"product_tag","embeddable":true,"href":"https:\/\/dutchmicrodosing.com\/it\/wp-json\/wp\/v2\/product_tag?post=6893"}],"curies":[{"name":"wp","href":"https:\/\/api.w.org\/{rel}","templated":true}]}}