{"id":6898,"date":"2021-02-21T10:25:20","date_gmt":"2021-06-09T19:43:29","guid":{"rendered":"https:\/\/dutchmicrodosing.com\/shop\/senza-categoria\/thai-xp\/"},"modified":"2024-01-16T15:50:07","modified_gmt":"2024-01-16T14:50:07","slug":"thai-xp","status":"publish","type":"product","link":"https:\/\/dutchmicrodosing.com\/it\/funghi-allucinogeni\/kit-per-la-coltivazione-fresh-mushrooms\/thai-xp\/","title":{"rendered":"Thai XP"},"content":{"rendered":"<p>Con un kit di coltivazione <strong>tailandese di Fresh Mushrooms<\/strong> potete facilmente coltivare i vostri funghi a casa. Il kit di coltivazione thailandese vi dar\u00e0 un viaggio che vi far\u00e0 sentire allegri e sociali. \u00c8 il fungo magico perfetto per una festa. \u00c8 facile entrare nell&#8217;umore giusto. Non c&#8217;\u00e8 da meravigliarsi che questi funghi siano molto usati in Thailandia nelle famose feste della luna piena.<\/p>\n<h2>Rendilo accogliente con i funghi thailandesi<\/h2>\n<p>Il kit per la coltivazione di funghi Thai di Fresh Mushrooms \u00e8 ideale per avvicinarsi al mondo dei funghi magici. Se non siete mai inciampati prima, questo fungo magico \u00e8 un buon inizio. Ma non sbagliatevi, il fungo magico tailandese provoca anche allucinazioni e vi porta in un altro mondo. Il pi\u00f9 delle volte si \u00e8 eccitati e rilassati allo stesso tempo. Vi piacer\u00e0 anche la compagnia di altre persone e i contatti saranno pi\u00f9 facili.<\/p>\n<h2>Da dove viene il fungo magico thailandese?<\/h2>\n<p>Questo \u00e8 il primo fungo magico trovato dal micologo John Allen e ha causato la diffusione e la popolarit\u00e0 dei funghi magici. Cresce in Thailandia, preferibilmente in terreni umidi, come le risaie. Questo \u00e8 anche perch\u00e9 i bufali d&#8217;acqua passano di l\u00ec e fertilizzano il terreno con i loro escrementi. Su questo terreno ricco c&#8217;\u00e8 molto cibo disponibile, dove i funghi possono crescere bene.<\/p>\n<p>A casa puoi coltivare facilmente il fungo thailandese con il growkit dei funghi freschi. Non devi avere nessuna conoscenza speciale per questo. I funghi crescono abbastanza velocemente. Quando emergono si pu\u00f2 vedere il colore marrone-arancione e i bei cappelli rotondi.<\/p>\n<h2>Kit di coltivazione manuale tailandese<\/h2>\n<p><a href=\"https:\/\/dutchmicrodosing.com\/it\/manuale_crescita\/\">Scaricare qui : Manuale del kit di coltivazione di funghi freschi<\/a><\/p>\n<ol>\n<li>Estraete dalla scatola il kit di coltura, il sacchetto di plastica e la graffetta. Rimuovere il coperchio del set di coltivazione (conservare il coperchio in un luogo sicuro). Sciacquare il coperchio sotto l&#8217;acqua corrente. Vi servir\u00e0 di nuovo in seguito.<\/li>\n<li>Mettere il set di coltura senza coperchio nel sacchetto di plastica fornito. Far scorrere l&#8217;apertura del sacchetto sotto il fondo con la microperforazione verso l&#8217;alto. L&#8217;apertura della borsa \u00e8 ora in gran parte chiusa. Non \u00e8 necessario preoccuparsi della circolazione dell&#8217;aria.<\/li>\n<li>Non appena si vedono crescere le palline, si pu\u00f2 iniziare a mettere il sacchetto in posizione verticale. Non annaffiare. I primi funghi saranno visibili dopo circa 1 settimana.<\/li>\n<li>Collocare il set di coltivazione in un&#8217;area con sufficiente luce diurna e a una temperatura compresa tra 18 \u00b0C e 28 \u00b0C. Non collocare MAI il set di coltivazione alla luce diretta del sole. Sebbene i funghi crescano a quasi tutte le temperature superiori a 15 \u00b0C, 23 \u00b0C \u00e8 la temperatura ideale per un raccolto ottimale. Sono disponibili speciali tappetini termici per garantire questa temperatura e non dover riscaldare l&#8217;intera stanza.<\/li>\n<li>A partire da questa fase, lasciate sempre il sacchetto leggermente aperto, in modo che l&#8217;umidit\u00e0 possa evaporare un po&#8217;. Un&#8217;umidit\u00e0 eccessiva non va bene. Il primo raccolto avverr\u00e0 circa una settimana dopo la comparsa dei primi bulbi. Assicuratevi di raccogliere prima che inizino a cadere le prime spore!<\/li>\n<li>Questi set producono pi\u00f9 raccolti di funghi. A tal fine, riempire il kit con acqua di rubinetto pulita dopo il primo raccolto. Questo processo \u00e8 noto come &#8220;cold-shock&#8221; e infonde nuova vita al micelio, garantendo l&#8217;umidit\u00e0 necessaria alla crescita dei funghi.<\/li>\n<li>Rimettere il coperchio del kit di coltura sul kit. Lasciare riposare il set per 12 ore. Aprire un angolo del coperchio e far defluire l&#8217;acqua in eccesso. Da qui \u00e8 possibile seguire nuovamente le istruzioni del punto 1. Questo processo pu\u00f2 essere ripetuto pi\u00f9 volte.<\/li>\n<\/ol>\n<h2>Il raccolto:<\/h2>\n<p>I kit di coltivazione di funghi freschi producono il primo raccolto abbastanza rapidamente. Dopo una settimana sono gi\u00e0 visibili i primi germogli. Le basse e le alte temperature possono rallentare un po&#8217; questo processo di crescita. Una volta che le gemme sono visibili, di solito ci vuole una settimana perch\u00e9 i funghi si sviluppino completamente.<\/p>\n<p>Il momento della raccolta \u00e8 estremamente importante. Quando le membrane sotto i cappelli sono ancora tese, ma rischiano di scoppiare o di allentarsi a causa della forza dei cappelli, \u00e8 il momento di raccogliere.<span style=\"text-decoration: underline;\"><br \/>\n<\/span><\/p>\n<h2>Rendimento Thai 100% micelio magico kit per la coltivazione dei funghi<\/h2>\n<p>Un kit di coltivazione Thai da 1200 cc di Freshmushrooms offre un raccolto tra i 500 e gli 800 g di funghi freschi o 50-80 g di funghi secchi.<\/p>\n<h2>Gli effetti dei funghi magici thailandesi<\/h2>\n<p>Questi funghi magici sono ideali per l&#8217;uso durante le feste. Ti rende pi\u00f9 facile andare d&#8217;accordo, goderti le attivit\u00e0 sociali e darti una spinta di energia. Durante il viaggio vi sentirete felici e allegri e non avrete problemi a fare amicizia.<\/p>\n<p>Oltre a questa influenza sull&#8217;umore, i funghi magici thailandesi hanno anche effetti visivi. Questo significa che si possono vedere modelli o oggetti distorti. Durante il trip, i tuoi sensi possono diventare pi\u00f9 acuti. Si sentono, si vedono, si odorano e si assaggiano cose che gli altri non possono percepire. Un viaggio del genere ti permette di sperimentare il mondo in un modo completamente diverso e questo pu\u00f2 fare una grande impressione. Gli effetti di questi funghi durano circa 5 ore.<\/p>\n<h3>Qual \u00e8 il giusto dosaggio?<\/h3>\n<p>Funghi freschi I funghi thailandesi possono essere mangiati crudi, ma non \u00e8 molto gustoso. Molte persone preparano il t\u00e8 ai funghi magici. Mettere sull&#8217;acqua e portare a ebollizione. Poi lasciate raffreddare per un po&#8217; (l&#8217;acqua bollente pu\u00f2 distruggere le sostanze psicoattive) e versate l&#8217;acqua calda sui funghi. Dopo 20 minuti il vostro t\u00e8 ai funghi magici \u00e8 pronto.<\/p>\n<p>Per determinare quanti funghi prenderai, guarda l&#8217;intensit\u00e0 del viaggio che vuoi, quanta esperienza hai e se hai mangiato qualcosa prima. Anche il vostro peso corporeo gioca un ruolo. Quindi sta sempre a te valutare quanto puoi prendere, ma ti consigliamo di iniziare con una dose bassa. Soprattutto se non hai mai fatto un viaggio prima. Puoi usare le linee guida qui sotto per determinare la tua dose:<\/p>\n<ul>\n<li>Microdosaggio: 0,2 grammi di funghi secchi | 2 grammi di funghi freschi<\/li>\n<li>Viaggio mite: 1 grammo di funghi secchi | 9 grammi di funghi freschi<\/li>\n<li>Viaggio normale: 2 grammi di funghi secchi | 21 grammi di funghi freschi<\/li>\n<li>Viaggio intenso: 3,5 grammi di funghi secchi | 35 grammi di funghi freschi<\/li>\n<\/ul>\n<h3>Una buona preparazione per il vostro viaggio<\/h3>\n<p>Naturalmente, vuoi che il tuo viaggio sia piacevole. Ecco perch\u00e9 \u00e8 una buona idea preparare un po&#8217; il viaggio. Scegliete un ambiente in cui vi sentite a vostro agio e assicuratevi che ci sia qualcuno che vi conosce e di cui vi fidate. Quell&#8217;altra persona pu\u00f2 essere il tuo tripsitter. Si tratta di qualcuno che non far\u00e0 uso di droghe o alcool, quindi pu\u00f2 aiutarvi se ne avete bisogno.<\/p>\n<p>Il tripsitter ti tiene d&#8217;occhio. A volte un viaggio pu\u00f2 essere molto intenso e aiuta avere qualcuno con te per rassicurarti. Puoi anche comprare un tappo per il viaggio. Questo farmaco pu\u00f2 aiutare ad alleggerire un viaggio.<\/p>\n<h2>Compra i tuoi funghi freschi Funghi thailandesi online<\/h2>\n<p>Pronto per una festa super divertente? Assicurati di avere il tuo kit di coltivazione di funghi thailandesi in tempo. Ordinateli qui online e riceverete il vostro pacchetto rapidamente a casa in un imballaggio neutro e sicuro.<\/p>\n","protected":false},"excerpt":{"rendered":"<p>Con un kit di coltivazione tailandese di Fresh Mushrooms potete facilmente coltivare i vostri funghi a casa. Il kit di coltivazione thailandese vi dar\u00e0 un viaggio che vi far\u00e0 sentire allegri e sociali. \u00c8 il fungo magico perfetto per una festa. \u00c8 facile entrare nell&#8217;umore giusto. Non c&#8217;\u00e8 da meravigliarsi che questi funghi siano molto [&hellip;]<\/p>\n","protected":false},"featured_media":6767,"comment_status":"open","ping_status":"closed","template":"","meta":[],"product_brand":[],"product_cat":[169],"product_tag":[],"class_list":{"0":"post-6898","1":"product","2":"type-product","3":"status-publish","4":"has-post-thumbnail","6":"product_cat-kit-per-la-coltivazione-fresh-mushrooms","8":"first","9":"instock","10":"taxable","11":"shipping-taxable","12":"purchasable","13":"product-type-simple"},"yoast_head":"<!-- This site is optimized with the Yoast SEO Premium plugin v26.4 (Yoast SEO v27.4) - https:\/\/yoast.com\/product\/yoast-seo-premium-wordpress\/ -->\n<title>Compra i tuoi funghi freschi Funghi magici thailandesi online | Consegna veloce e discreta<\/title>\n<meta name=\"description\" content=\"Pronto per una festa super divertente? Assicurati di avere il tuo kit di coltivazione di funghi thailandesi in tempo. Ordinateli online qui\" \/>\n<meta name=\"robots\" content=\"index, follow, max-snippet:-1, max-image-preview:large, max-video-preview:-1\" \/>\n<link rel=\"canonical\" href=\"https:\/\/dutchmicrodosing.com\/it\/funghi-allucinogeni\/kit-per-la-coltivazione-fresh-mushrooms\/thai-xp\/\" \/>\n<meta property=\"og:locale\" content=\"it_IT\" \/>\n<meta property=\"og:type\" content=\"article\" \/>\n<meta property=\"og:title\" content=\"Thai XP\" \/>\n<meta property=\"og:description\" content=\"Con un kit di coltivazione tailandese di Fresh Mushrooms potete facilmente coltivare i vostri funghi a casa. Il kit di coltivazione thailandese vi dar\u00e0 un\" \/>\n<meta property=\"og:url\" content=\"https:\/\/dutchmicrodosing.com\/it\/funghi-allucinogeni\/kit-per-la-coltivazione-fresh-mushrooms\/thai-xp\/\" \/>\n<meta property=\"og:site_name\" content=\"Dutchmicrodosing\" \/>\n<meta property=\"article:publisher\" content=\"https:\/\/www.facebook.com\/Dutchmicrodosingxp\/\" \/>\n<meta property=\"article:modified_time\" content=\"2024-01-16T14:50:07+00:00\" \/>\n<meta property=\"og:image\" content=\"https:\/\/dutchmicrodosing.com\/wp-content\/uploads\/2021\/02\/Thai-growkit.jpg\" \/>\n\t<meta property=\"og:image:width\" content=\"500\" \/>\n\t<meta property=\"og:image:height\" content=\"500\" \/>\n\t<meta property=\"og:image:type\" content=\"image\/jpeg\" \/>\n<meta name=\"twitter:card\" content=\"summary_large_image\" \/>\n<script type=\"application\/ld+json\" class=\"yoast-schema-graph\">{\"@context\":\"https:\\\/\\\/schema.org\",\"@graph\":[{\"@type\":\"WebPage\",\"@id\":\"https:\\\/\\\/dutchmicrodosing.com\\\/it\\\/funghi-allucinogeni\\\/kit-per-la-coltivazione-fresh-mushrooms\\\/thai-xp\\\/\",\"url\":\"https:\\\/\\\/dutchmicrodosing.com\\\/it\\\/funghi-allucinogeni\\\/kit-per-la-coltivazione-fresh-mushrooms\\\/thai-xp\\\/\",\"name\":\"Compra i tuoi funghi freschi Funghi magici thailandesi online | Consegna veloce e discreta\",\"isPartOf\":{\"@id\":\"https:\\\/\\\/dutchmicrodosing.com\\\/it\\\/#website\"},\"primaryImageOfPage\":{\"@id\":\"https:\\\/\\\/dutchmicrodosing.com\\\/it\\\/funghi-allucinogeni\\\/kit-per-la-coltivazione-fresh-mushrooms\\\/thai-xp\\\/#primaryimage\"},\"image\":{\"@id\":\"https:\\\/\\\/dutchmicrodosing.com\\\/it\\\/funghi-allucinogeni\\\/kit-per-la-coltivazione-fresh-mushrooms\\\/thai-xp\\\/#primaryimage\"},\"thumbnailUrl\":\"https:\\\/\\\/dutchmicrodosing.com\\\/wp-content\\\/uploads\\\/2021\\\/02\\\/Thai-growkit.jpg\",\"datePublished\":\"2021-06-09T19:43:29+00:00\",\"dateModified\":\"2024-01-16T14:50:07+00:00\",\"description\":\"Pronto per una festa super divertente? Assicurati di avere il tuo kit di coltivazione di funghi thailandesi in tempo. Ordinateli online qui\",\"breadcrumb\":{\"@id\":\"https:\\\/\\\/dutchmicrodosing.com\\\/it\\\/funghi-allucinogeni\\\/kit-per-la-coltivazione-fresh-mushrooms\\\/thai-xp\\\/#breadcrumb\"},\"inLanguage\":\"it-IT\",\"potentialAction\":[{\"@type\":\"ReadAction\",\"target\":[\"https:\\\/\\\/dutchmicrodosing.com\\\/it\\\/funghi-allucinogeni\\\/kit-per-la-coltivazione-fresh-mushrooms\\\/thai-xp\\\/\"]}]},{\"@type\":\"ImageObject\",\"inLanguage\":\"it-IT\",\"@id\":\"https:\\\/\\\/dutchmicrodosing.com\\\/it\\\/funghi-allucinogeni\\\/kit-per-la-coltivazione-fresh-mushrooms\\\/thai-xp\\\/#primaryimage\",\"url\":\"https:\\\/\\\/dutchmicrodosing.com\\\/wp-content\\\/uploads\\\/2021\\\/02\\\/Thai-growkit.jpg\",\"contentUrl\":\"https:\\\/\\\/dutchmicrodosing.com\\\/wp-content\\\/uploads\\\/2021\\\/02\\\/Thai-growkit.jpg\",\"width\":500,\"height\":500},{\"@type\":\"BreadcrumbList\",\"@id\":\"https:\\\/\\\/dutchmicrodosing.com\\\/it\\\/funghi-allucinogeni\\\/kit-per-la-coltivazione-fresh-mushrooms\\\/thai-xp\\\/#breadcrumb\",\"itemListElement\":[{\"@type\":\"ListItem\",\"position\":1,\"name\":\"Home\",\"item\":\"https:\\\/\\\/dutchmicrodosing.com\\\/it\\\/\"},{\"@type\":\"ListItem\",\"position\":2,\"name\":\"Negozio\",\"item\":\"https:\\\/\\\/dutchmicrodosing.com\\\/it\\\/negozio\\\/\"},{\"@type\":\"ListItem\",\"position\":3,\"name\":\"Thai XP\"}]},{\"@type\":\"WebSite\",\"@id\":\"https:\\\/\\\/dutchmicrodosing.com\\\/it\\\/#website\",\"url\":\"https:\\\/\\\/dutchmicrodosing.com\\\/it\\\/\",\"name\":\"Dutchmicrodosing\",\"description\":\"\",\"publisher\":{\"@id\":\"https:\\\/\\\/dutchmicrodosing.com\\\/it\\\/#organization\"},\"potentialAction\":[{\"@type\":\"SearchAction\",\"target\":{\"@type\":\"EntryPoint\",\"urlTemplate\":\"https:\\\/\\\/dutchmicrodosing.com\\\/it\\\/?s={search_term_string}\"},\"query-input\":{\"@type\":\"PropertyValueSpecification\",\"valueRequired\":true,\"valueName\":\"search_term_string\"}}],\"inLanguage\":\"it-IT\"},{\"@type\":\"Organization\",\"@id\":\"https:\\\/\\\/dutchmicrodosing.com\\\/it\\\/#organization\",\"name\":\"Dutchmicrodosing\",\"url\":\"https:\\\/\\\/dutchmicrodosing.com\\\/it\\\/\",\"logo\":{\"@type\":\"ImageObject\",\"inLanguage\":\"it-IT\",\"@id\":\"https:\\\/\\\/dutchmicrodosing.com\\\/it\\\/#\\\/schema\\\/logo\\\/image\\\/\",\"url\":\"https:\\\/\\\/dutchmicrodosing.com\\\/wp-content\\\/uploads\\\/2021\\\/01\\\/microdosing-categorie-pic-nieuw.jpg\",\"contentUrl\":\"https:\\\/\\\/dutchmicrodosing.com\\\/wp-content\\\/uploads\\\/2021\\\/01\\\/microdosing-categorie-pic-nieuw.jpg\",\"width\":500,\"height\":500,\"caption\":\"Dutchmicrodosing\"},\"image\":{\"@id\":\"https:\\\/\\\/dutchmicrodosing.com\\\/it\\\/#\\\/schema\\\/logo\\\/image\\\/\"},\"sameAs\":[\"https:\\\/\\\/www.facebook.com\\\/Dutchmicrodosingxp\\\/\",\"https:\\\/\\\/www.instagram.com\\\/dutchmicrodosing\\\/\"]}]}<\/script>\n<meta property=\"product:price:amount\" content=\"39.95\" \/>\n<meta property=\"product:price:currency\" content=\"EUR\" \/>\n<meta property=\"og:availability\" content=\"instock\" \/>\n<meta property=\"product:availability\" content=\"instock\" \/>\n<meta property=\"product:retailer_item_id\" content=\"0208777\" \/>\n<meta property=\"product:condition\" content=\"new\" \/>\n<!-- \/ Yoast SEO Premium plugin. -->","yoast_head_json":{"title":"Compra i tuoi funghi freschi Funghi magici thailandesi online | Consegna veloce e discreta","description":"Pronto per una festa super divertente? Assicurati di avere il tuo kit di coltivazione di funghi thailandesi in tempo. Ordinateli online qui","robots":{"index":"index","follow":"follow","max-snippet":"max-snippet:-1","max-image-preview":"max-image-preview:large","max-video-preview":"max-video-preview:-1"},"canonical":"https:\/\/dutchmicrodosing.com\/it\/funghi-allucinogeni\/kit-per-la-coltivazione-fresh-mushrooms\/thai-xp\/","og_locale":"it_IT","og_type":"article","og_title":"Thai XP","og_description":"Con un kit di coltivazione tailandese di Fresh Mushrooms potete facilmente coltivare i vostri funghi a casa. Il kit di coltivazione thailandese vi dar\u00e0 un","og_url":"https:\/\/dutchmicrodosing.com\/it\/funghi-allucinogeni\/kit-per-la-coltivazione-fresh-mushrooms\/thai-xp\/","og_site_name":"Dutchmicrodosing","article_publisher":"https:\/\/www.facebook.com\/Dutchmicrodosingxp\/","article_modified_time":"2024-01-16T14:50:07+00:00","og_image":[{"width":500,"height":500,"url":"https:\/\/dutchmicrodosing.com\/wp-content\/uploads\/2021\/02\/Thai-growkit.jpg","type":"image\/jpeg"}],"twitter_card":"summary_large_image","schema":{"@context":"https:\/\/schema.org","@graph":[{"@type":"WebPage","@id":"https:\/\/dutchmicrodosing.com\/it\/funghi-allucinogeni\/kit-per-la-coltivazione-fresh-mushrooms\/thai-xp\/","url":"https:\/\/dutchmicrodosing.com\/it\/funghi-allucinogeni\/kit-per-la-coltivazione-fresh-mushrooms\/thai-xp\/","name":"Compra i tuoi funghi freschi Funghi magici thailandesi online | Consegna veloce e discreta","isPartOf":{"@id":"https:\/\/dutchmicrodosing.com\/it\/#website"},"primaryImageOfPage":{"@id":"https:\/\/dutchmicrodosing.com\/it\/funghi-allucinogeni\/kit-per-la-coltivazione-fresh-mushrooms\/thai-xp\/#primaryimage"},"image":{"@id":"https:\/\/dutchmicrodosing.com\/it\/funghi-allucinogeni\/kit-per-la-coltivazione-fresh-mushrooms\/thai-xp\/#primaryimage"},"thumbnailUrl":"https:\/\/dutchmicrodosing.com\/wp-content\/uploads\/2021\/02\/Thai-growkit.jpg","datePublished":"2021-06-09T19:43:29+00:00","dateModified":"2024-01-16T14:50:07+00:00","description":"Pronto per una festa super divertente? Assicurati di avere il tuo kit di coltivazione di funghi thailandesi in tempo. Ordinateli online qui","breadcrumb":{"@id":"https:\/\/dutchmicrodosing.com\/it\/funghi-allucinogeni\/kit-per-la-coltivazione-fresh-mushrooms\/thai-xp\/#breadcrumb"},"inLanguage":"it-IT","potentialAction":[{"@type":"ReadAction","target":["https:\/\/dutchmicrodosing.com\/it\/funghi-allucinogeni\/kit-per-la-coltivazione-fresh-mushrooms\/thai-xp\/"]}]},{"@type":"ImageObject","inLanguage":"it-IT","@id":"https:\/\/dutchmicrodosing.com\/it\/funghi-allucinogeni\/kit-per-la-coltivazione-fresh-mushrooms\/thai-xp\/#primaryimage","url":"https:\/\/dutchmicrodosing.com\/wp-content\/uploads\/2021\/02\/Thai-growkit.jpg","contentUrl":"https:\/\/dutchmicrodosing.com\/wp-content\/uploads\/2021\/02\/Thai-growkit.jpg","width":500,"height":500},{"@type":"BreadcrumbList","@id":"https:\/\/dutchmicrodosing.com\/it\/funghi-allucinogeni\/kit-per-la-coltivazione-fresh-mushrooms\/thai-xp\/#breadcrumb","itemListElement":[{"@type":"ListItem","position":1,"name":"Home","item":"https:\/\/dutchmicrodosing.com\/it\/"},{"@type":"ListItem","position":2,"name":"Negozio","item":"https:\/\/dutchmicrodosing.com\/it\/negozio\/"},{"@type":"ListItem","position":3,"name":"Thai XP"}]},{"@type":"WebSite","@id":"https:\/\/dutchmicrodosing.com\/it\/#website","url":"https:\/\/dutchmicrodosing.com\/it\/","name":"Dutchmicrodosing","description":"","publisher":{"@id":"https:\/\/dutchmicrodosing.com\/it\/#organization"},"potentialAction":[{"@type":"SearchAction","target":{"@type":"EntryPoint","urlTemplate":"https:\/\/dutchmicrodosing.com\/it\/?s={search_term_string}"},"query-input":{"@type":"PropertyValueSpecification","valueRequired":true,"valueName":"search_term_string"}}],"inLanguage":"it-IT"},{"@type":"Organization","@id":"https:\/\/dutchmicrodosing.com\/it\/#organization","name":"Dutchmicrodosing","url":"https:\/\/dutchmicrodosing.com\/it\/","logo":{"@type":"ImageObject","inLanguage":"it-IT","@id":"https:\/\/dutchmicrodosing.com\/it\/#\/schema\/logo\/image\/","url":"https:\/\/dutchmicrodosing.com\/wp-content\/uploads\/2021\/01\/microdosing-categorie-pic-nieuw.jpg","contentUrl":"https:\/\/dutchmicrodosing.com\/wp-content\/uploads\/2021\/01\/microdosing-categorie-pic-nieuw.jpg","width":500,"height":500,"caption":"Dutchmicrodosing"},"image":{"@id":"https:\/\/dutchmicrodosing.com\/it\/#\/schema\/logo\/image\/"},"sameAs":["https:\/\/www.facebook.com\/Dutchmicrodosingxp\/","https:\/\/www.instagram.com\/dutchmicrodosing\/"]}]},"product_price_amount":"39.95","product_price_currency":"EUR","og_availability":"instock","product_availability":"instock","product_retailer_item_id":"0208777","product_condition":"new"},"_links":{"self":[{"href":"https:\/\/dutchmicrodosing.com\/it\/wp-json\/wp\/v2\/product\/6898","targetHints":{"allow":["GET"]}}],"collection":[{"href":"https:\/\/dutchmicrodosing.com\/it\/wp-json\/wp\/v2\/product"}],"about":[{"href":"https:\/\/dutchmicrodosing.com\/it\/wp-json\/wp\/v2\/types\/product"}],"replies":[{"embeddable":true,"href":"https:\/\/dutchmicrodosing.com\/it\/wp-json\/wp\/v2\/comments?post=6898"}],"version-history":[{"count":0,"href":"https:\/\/dutchmicrodosing.com\/it\/wp-json\/wp\/v2\/product\/6898\/revisions"}],"wp:featuredmedia":[{"embeddable":true,"href":"https:\/\/dutchmicrodosing.com\/it\/wp-json\/wp\/v2\/media\/6767"}],"wp:attachment":[{"href":"https:\/\/dutchmicrodosing.com\/it\/wp-json\/wp\/v2\/media?parent=6898"}],"wp:term":[{"taxonomy":"product_brand","embeddable":true,"href":"https:\/\/dutchmicrodosing.com\/it\/wp-json\/wp\/v2\/product_brand?post=6898"},{"taxonomy":"product_cat","embeddable":true,"href":"https:\/\/dutchmicrodosing.com\/it\/wp-json\/wp\/v2\/product_cat?post=6898"},{"taxonomy":"product_tag","embeddable":true,"href":"https:\/\/dutchmicrodosing.com\/it\/wp-json\/wp\/v2\/product_tag?post=6898"}],"curies":[{"name":"wp","href":"https:\/\/api.w.org\/{rel}","templated":true}]}}