{"id":6899,"date":"2021-02-21T10:24:30","date_gmt":"2021-02-21T09:24:30","guid":{"rendered":"https:\/\/dutchmicrodosing.com\/shop\/senza-categoria\/xp-colombiano\/"},"modified":"2025-11-20T12:04:35","modified_gmt":"2025-11-20T11:04:35","slug":"colombian-xp","status":"publish","type":"product","link":"https:\/\/dutchmicrodosing.com\/it\/funghi-allucinogeni\/kit-per-la-coltivazione-fresh-mushrooms\/colombian-xp\/","title":{"rendered":"XP colombiano"},"content":{"rendered":"<p>Per un viaggio speciale e spirituale si finisce automaticamente con il fungo <strong>colombiano Fresh Mushrooms<\/strong>. Hanno molto da insegnarti, quindi se hai una mente aperta, prova questo fungo magico. Sono poco esigenti e facili da coltivare. Con questo growkit avrete i vostri funghi magici in pochissimo tempo.<\/p>\n<h2>Il potere dei funghi colombiani<\/h2>\n<p>Il nome ufficiale del fungo colombiano \u00e8 Psilocybe Colombescens. Ma sono anche popolarmente chiamati affettuosamente colombiani. \u00c8 un fungo magico speciale, che pu\u00f2 darti un viaggio spirituale. Ma questo non significa che non possa avere effetti intensi. Quindi, come principiante, questa potrebbe non essere la scelta migliore. Il fungo magico colombiano pu\u00f2 essere un ideale trampolino di lancio per gli psiconauti che trovano l&#8217;ecuadoriano troppo intenso e il messicano non abbastanza pesante.<\/p>\n<h2>Viaggio spirituale con i funghi colombiani<\/h2>\n<p>Il fungo colombiano pu\u00f2 essere un vero maestro per voi. Molti utenti sono entusiasti delle loro esperienze con questo fungo, il che pu\u00f2 darti pi\u00f9 informazioni su te stesso. Ci\u00f2 che rende speciale il trip \u00e8 che si ottiene una visione filosofica del mondo. Ti senti anche sociale e hai il desiderio di stare con gli altri. Possono allora nascere meravigliose conversazioni filosofiche.<\/p>\n<p>Le allucinazioni visive sono meno forti con i Funghi freschi Colombiani, rispetto ad altre specie di funghi. Sono pi\u00f9 gli effetti spirituali che impressioneranno. Non \u00e8 un&#8217;eccezione avere esperienze spirituali durante un viaggio, in cui si ottengono intuizioni illuminanti su se stessi, sulla natura o sull&#8217;universo. Un vantaggio del fungo colombiano \u00e8 che raramente si verifica un brutto viaggio.<\/p>\n<h2>Istruzioni per il kit di coltivazione colombiano<\/h2>\n<p><a href=\"https:\/\/dutchmicrodosing.com\/it\/manuale_crescita\/\">Scaricare qui : Manuale del kit di coltivazione di funghi freschi<\/a><\/p>\n<ol>\n<li>Estraete dalla scatola il kit di coltura, il sacchetto di plastica e la graffetta. Rimuovere il coperchio del set di coltivazione (conservare il coperchio in un luogo sicuro). Sciacquare il coperchio sotto l&#8217;acqua corrente. Vi servir\u00e0 di nuovo in seguito.<\/li>\n<li>Mettere il set di coltura senza coperchio nel sacchetto di plastica fornito. Far scorrere l&#8217;apertura del sacchetto sotto il fondo con la microperforazione verso l&#8217;alto. L&#8217;apertura della borsa \u00e8 ora in gran parte chiusa. Non \u00e8 necessario preoccuparsi della circolazione dell&#8217;aria.<\/li>\n<li>Non appena si vedono crescere le palline, si pu\u00f2 iniziare a mettere il sacchetto in posizione verticale. Non annaffiare. I primi funghi saranno visibili dopo circa 1 settimana.<\/li>\n<li>Collocare il set di coltivazione in un&#8217;area con sufficiente luce diurna e a una temperatura compresa tra 18 \u00b0C e 28 \u00b0C. Non collocare MAI il set di coltivazione alla luce diretta del sole. Sebbene i funghi crescano a quasi tutte le temperature superiori a 15 \u00b0C, 23 \u00b0C \u00e8 la temperatura ideale per un raccolto ottimale. Sono disponibili speciali tappetini termici per garantire questa temperatura e non dover riscaldare l&#8217;intera stanza.<\/li>\n<li>A partire da questa fase, lasciate sempre il sacchetto leggermente aperto, in modo che l&#8217;umidit\u00e0 possa evaporare un po&#8217;. Un&#8217;umidit\u00e0 eccessiva non va bene. Il primo raccolto avverr\u00e0 circa una settimana dopo la comparsa dei primi bulbi. Assicuratevi di raccogliere prima che inizino a cadere le prime spore!<\/li>\n<li>Questi set producono pi\u00f9 raccolti di funghi. A tal fine, riempire il kit con acqua di rubinetto pulita dopo il primo raccolto. Questo processo \u00e8 noto come &#8220;cold-shock&#8221; e infonde nuova vita al micelio, garantendo l&#8217;umidit\u00e0 necessaria alla crescita dei funghi.<\/li>\n<li>Rimettere il coperchio del kit di coltura sul kit. Lasciare riposare il set per 12 ore. Aprire un angolo del coperchio e far defluire l&#8217;acqua in eccesso. Da qui \u00e8 possibile seguire nuovamente le istruzioni del punto 1. Questo processo pu\u00f2 essere ripetuto pi\u00f9 volte.<\/li>\n<\/ol>\n<div>\n<h3>Il raccolto:<\/h3>\n<p>I kit di coltivazione di funghi freschi producono il primo raccolto abbastanza rapidamente. Dopo una settimana sono gi\u00e0 visibili i primi germogli. Le basse e le alte temperature possono rallentare un po&#8217; questo processo di crescita. Una volta che le gemme sono visibili, di solito ci vuole una settimana perch\u00e9 i funghi si sviluppino completamente.<\/p>\n<p>Il momento della raccolta \u00e8 estremamente importante. Quando le membrane sotto i cappelli sono ancora tese, ma rischiano di scoppiare o di allentarsi a causa della forza dei cappelli, \u00e8 il momento di raccogliere.<\/p>\n<h2>Resa kit di coltivazione 100% micelio colombiano<\/h2>\n<p>Un kit di coltivazione da 1200 cc di Freshmushrooms consente di ottenere un raccolto compreso tra 500 e 800 g di funghi freschi o 50-80 g di funghi secchi.<\/p>\n<\/div>\n<h3>Come si dosano i funghi colombiani?<\/h3>\n<p>Quanti funghi si prendono, determina in gran parte l&#8217;intensit\u00e0 del viaggio. \u00c8 importante pensare attentamente alla dose. L&#8217;esperienza con il trip gioca un ruolo importante: un principiante dovrebbe prendere una dose minore rispetto a uno psiconauta esperto. Dovresti anche prendere in considerazione il tuo peso corporeo e se hai del cibo nello stomaco. Di seguito sono riportate alcune linee guida per determinare la vostra dose:<\/p>\n<ul>\n<li>Microdosaggio: 0,2 grammi di funghi secchi | 2 grammi di funghi freschi<\/li>\n<li>Viaggio mite: 1 grammo di funghi secchi | 9 grammi di funghi freschi<\/li>\n<li>Viaggio normale: 2 grammi di funghi secchi | 21 grammi di funghi freschi<\/li>\n<li>Viaggio intenso: 3,5 grammi di funghi secchi | 35 grammi di funghi freschi<\/li>\n<\/ul>\n<p>I funghi colombiani possono essere presi in diversi modi. Possono essere mangiati freschi o secchi. Ma ci sono anche molte persone che fanno un t\u00e8 ai funghi. Fai bollire l&#8217;acqua e lasciala raffreddare un po&#8217; (non versare acqua bollente sui tuoi funghi, questo pu\u00f2 danneggiare i composti psicoattivi). Versare l&#8217;acqua sui funghi. Dopo 20 minuti si pu\u00f2 bere il t\u00e8.<\/p>\n<h3>Consigli per preparare il viaggio<\/h3>\n<p>Prima di prendere i funghi freschi colombiani, \u00e8 utile preparare il vostro viaggio: dove andrete a viaggiare e chi sar\u00e0 presente? Scegli un ambiente che conosci bene. Pi\u00f9 vi sentite a vostro agio, pi\u00f9 \u00e8 probabile che vi rilassiate e facciate un bel viaggio. Se sei con pi\u00f9 persone, assicurati di circondarti di amici di cui puoi fidarti.<\/p>\n<p>Inoltre, organizzatevi per un tripsitter. Si tratta di qualcuno che non far\u00e0 uso di narcotici (droghe o alcol). Qualcuno che \u00e8 sobrio pu\u00f2 prestare molta attenzione alle persone che sono in trip. Lui o lei pu\u00f2 assicurarsi che non sorgano situazioni pericolose ed eventualmente rassicurarvi se il viaggio \u00e8 pi\u00f9 intenso del previsto. Pu\u00f2 essere bello sentire che gli effetti del viaggio sono solo temporanei. Un tappo \u00e8 anche utile da avere in casa.<\/p>\n<h2>Acquista il tuo kit di coltivazione di funghi colombiani online<\/h2>\n<p>Sei pronto per un viaggio spirituale, un fungo magico che scuote il tuo mondo? Vuoi di pi\u00f9 di quello che pu\u00f2 offrire il fungo messicano? Poi scegli il Kit di coltivazione dei funghi freschi colombiani. Ordinalo ora e riceverai presto il tuo kit di coltivazione a casa tua.<\/p>\n","protected":false},"excerpt":{"rendered":"<p>Per un viaggio speciale e spirituale si finisce automaticamente con il fungo colombiano Fresh Mushrooms. Hanno molto da insegnarti, quindi se hai una mente aperta, prova questo fungo magico. Sono poco esigenti e facili da coltivare. Con questo growkit avrete i vostri funghi magici in pochissimo tempo. Il potere dei funghi colombiani Il nome ufficiale [&hellip;]<\/p>\n","protected":false},"featured_media":6760,"comment_status":"open","ping_status":"closed","template":"","meta":[],"product_brand":[],"product_cat":[169],"product_tag":[],"class_list":{"0":"post-6899","1":"product","2":"type-product","3":"status-publish","4":"has-post-thumbnail","6":"product_cat-kit-per-la-coltivazione-fresh-mushrooms","8":"first","9":"instock","10":"taxable","11":"shipping-taxable","12":"purchasable","13":"product-type-simple"},"yoast_head":"<!-- This site is optimized with the Yoast SEO Premium plugin v26.4 (Yoast SEO v27.2) - https:\/\/yoast.com\/product\/yoast-seo-premium-wordpress\/ -->\n<title>XP colombiano - Dutchmicrodosing<\/title>\n<meta name=\"description\" content=\"La Psilocybe cubensis &#039;Colombian&#039; \u00e8 amata per il suo forte effetto, la facilit\u00e0 di crescita e l&#039;abbondanza di raccolto. Il primo lo troverete a Columbia. \u00c8 anche conosciuto come un &quot;fungo sociale&quot; perch\u00e9 fornisce pi\u00f9 interazione sociale per la maggior parte degli individui.\" \/>\n<meta name=\"robots\" content=\"index, follow, max-snippet:-1, max-image-preview:large, max-video-preview:-1\" \/>\n<link rel=\"canonical\" href=\"https:\/\/dutchmicrodosing.com\/it\/funghi-allucinogeni\/kit-per-la-coltivazione-fresh-mushrooms\/colombian-xp\/\" \/>\n<meta property=\"og:locale\" content=\"it_IT\" \/>\n<meta property=\"og:type\" content=\"article\" \/>\n<meta property=\"og:title\" content=\"XP colombiano\" \/>\n<meta property=\"og:description\" content=\"Per un viaggio speciale e spirituale si finisce automaticamente con il fungo colombiano Fresh Mushrooms. Hanno molto da insegnarti, quindi se hai una\" \/>\n<meta property=\"og:url\" content=\"https:\/\/dutchmicrodosing.com\/it\/funghi-allucinogeni\/kit-per-la-coltivazione-fresh-mushrooms\/colombian-xp\/\" \/>\n<meta property=\"og:site_name\" content=\"Dutchmicrodosing\" \/>\n<meta property=\"article:publisher\" content=\"https:\/\/www.facebook.com\/Dutchmicrodosingxp\/\" \/>\n<meta property=\"article:modified_time\" content=\"2025-11-20T11:04:35+00:00\" \/>\n<meta property=\"og:image\" content=\"https:\/\/dutchmicrodosing.com\/wp-content\/uploads\/2021\/02\/Colombian.jpg\" \/>\n\t<meta property=\"og:image:width\" content=\"500\" \/>\n\t<meta property=\"og:image:height\" content=\"500\" \/>\n\t<meta property=\"og:image:type\" content=\"image\/jpeg\" \/>\n<meta name=\"twitter:card\" content=\"summary_large_image\" \/>\n<script type=\"application\/ld+json\" class=\"yoast-schema-graph\">{\"@context\":\"https:\/\/schema.org\",\"@graph\":[{\"@type\":\"WebPage\",\"@id\":\"https:\/\/dutchmicrodosing.com\/it\/funghi-allucinogeni\/kit-per-la-coltivazione-fresh-mushrooms\/colombian-xp\/\",\"url\":\"https:\/\/dutchmicrodosing.com\/it\/funghi-allucinogeni\/kit-per-la-coltivazione-fresh-mushrooms\/colombian-xp\/\",\"name\":\"XP colombiano - Dutchmicrodosing\",\"isPartOf\":{\"@id\":\"https:\/\/dutchmicrodosing.com\/it\/#website\"},\"primaryImageOfPage\":{\"@id\":\"https:\/\/dutchmicrodosing.com\/it\/funghi-allucinogeni\/kit-per-la-coltivazione-fresh-mushrooms\/colombian-xp\/#primaryimage\"},\"image\":{\"@id\":\"https:\/\/dutchmicrodosing.com\/it\/funghi-allucinogeni\/kit-per-la-coltivazione-fresh-mushrooms\/colombian-xp\/#primaryimage\"},\"thumbnailUrl\":\"https:\/\/dutchmicrodosing.com\/wp-content\/uploads\/2021\/02\/Colombian.jpg\",\"datePublished\":\"2021-02-21T09:24:30+00:00\",\"dateModified\":\"2025-11-20T11:04:35+00:00\",\"description\":\"La Psilocybe cubensis 'Colombian' \u00e8 amata per il suo forte effetto, la facilit\u00e0 di crescita e l'abbondanza di raccolto. Il primo lo troverete a Columbia. \u00c8 anche conosciuto come un \\\"fungo sociale\\\" perch\u00e9 fornisce pi\u00f9 interazione sociale per la maggior parte degli individui.\",\"breadcrumb\":{\"@id\":\"https:\/\/dutchmicrodosing.com\/it\/funghi-allucinogeni\/kit-per-la-coltivazione-fresh-mushrooms\/colombian-xp\/#breadcrumb\"},\"inLanguage\":\"it-IT\",\"potentialAction\":[{\"@type\":\"ReadAction\",\"target\":[\"https:\/\/dutchmicrodosing.com\/it\/funghi-allucinogeni\/kit-per-la-coltivazione-fresh-mushrooms\/colombian-xp\/\"]}]},{\"@type\":\"ImageObject\",\"inLanguage\":\"it-IT\",\"@id\":\"https:\/\/dutchmicrodosing.com\/it\/funghi-allucinogeni\/kit-per-la-coltivazione-fresh-mushrooms\/colombian-xp\/#primaryimage\",\"url\":\"https:\/\/dutchmicrodosing.com\/wp-content\/uploads\/2021\/02\/Colombian.jpg\",\"contentUrl\":\"https:\/\/dutchmicrodosing.com\/wp-content\/uploads\/2021\/02\/Colombian.jpg\",\"width\":500,\"height\":500},{\"@type\":\"BreadcrumbList\",\"@id\":\"https:\/\/dutchmicrodosing.com\/it\/funghi-allucinogeni\/kit-per-la-coltivazione-fresh-mushrooms\/colombian-xp\/#breadcrumb\",\"itemListElement\":[{\"@type\":\"ListItem\",\"position\":1,\"name\":\"Home\",\"item\":\"https:\/\/dutchmicrodosing.com\/it\/\"},{\"@type\":\"ListItem\",\"position\":2,\"name\":\"Negozio\",\"item\":\"https:\/\/dutchmicrodosing.com\/it\/negozio\/\"},{\"@type\":\"ListItem\",\"position\":3,\"name\":\"XP colombiano\"}]},{\"@type\":\"WebSite\",\"@id\":\"https:\/\/dutchmicrodosing.com\/it\/#website\",\"url\":\"https:\/\/dutchmicrodosing.com\/it\/\",\"name\":\"Dutchmicrodosing\",\"description\":\"\",\"publisher\":{\"@id\":\"https:\/\/dutchmicrodosing.com\/it\/#organization\"},\"potentialAction\":[{\"@type\":\"SearchAction\",\"target\":{\"@type\":\"EntryPoint\",\"urlTemplate\":\"https:\/\/dutchmicrodosing.com\/it\/?s={search_term_string}\"},\"query-input\":{\"@type\":\"PropertyValueSpecification\",\"valueRequired\":true,\"valueName\":\"search_term_string\"}}],\"inLanguage\":\"it-IT\"},{\"@type\":\"Organization\",\"@id\":\"https:\/\/dutchmicrodosing.com\/it\/#organization\",\"name\":\"Dutchmicrodosing\",\"url\":\"https:\/\/dutchmicrodosing.com\/it\/\",\"logo\":{\"@type\":\"ImageObject\",\"inLanguage\":\"it-IT\",\"@id\":\"https:\/\/dutchmicrodosing.com\/it\/#\/schema\/logo\/image\/\",\"url\":\"https:\/\/dutchmicrodosing.com\/wp-content\/uploads\/2021\/01\/microdosing-categorie-pic-nieuw.jpg\",\"contentUrl\":\"https:\/\/dutchmicrodosing.com\/wp-content\/uploads\/2021\/01\/microdosing-categorie-pic-nieuw.jpg\",\"width\":500,\"height\":500,\"caption\":\"Dutchmicrodosing\"},\"image\":{\"@id\":\"https:\/\/dutchmicrodosing.com\/it\/#\/schema\/logo\/image\/\"},\"sameAs\":[\"https:\/\/www.facebook.com\/Dutchmicrodosingxp\/\",\"https:\/\/www.instagram.com\/dutchmicrodosing\/\"]}]}<\/script>\n<meta property=\"product:price:amount\" content=\"39.95\" \/>\n<meta property=\"product:price:currency\" content=\"EUR\" \/>\n<meta property=\"og:availability\" content=\"instock\" \/>\n<meta property=\"product:availability\" content=\"instock\" \/>\n<meta property=\"product:retailer_item_id\" content=\"0208224\" \/>\n<meta property=\"product:condition\" content=\"new\" \/>\n<!-- \/ Yoast SEO Premium plugin. -->","yoast_head_json":{"title":"XP colombiano - Dutchmicrodosing","description":"La Psilocybe cubensis 'Colombian' \u00e8 amata per il suo forte effetto, la facilit\u00e0 di crescita e l'abbondanza di raccolto. Il primo lo troverete a Columbia. \u00c8 anche conosciuto come un \"fungo sociale\" perch\u00e9 fornisce pi\u00f9 interazione sociale per la maggior parte degli individui.","robots":{"index":"index","follow":"follow","max-snippet":"max-snippet:-1","max-image-preview":"max-image-preview:large","max-video-preview":"max-video-preview:-1"},"canonical":"https:\/\/dutchmicrodosing.com\/it\/funghi-allucinogeni\/kit-per-la-coltivazione-fresh-mushrooms\/colombian-xp\/","og_locale":"it_IT","og_type":"article","og_title":"XP colombiano","og_description":"Per un viaggio speciale e spirituale si finisce automaticamente con il fungo colombiano Fresh Mushrooms. Hanno molto da insegnarti, quindi se hai una","og_url":"https:\/\/dutchmicrodosing.com\/it\/funghi-allucinogeni\/kit-per-la-coltivazione-fresh-mushrooms\/colombian-xp\/","og_site_name":"Dutchmicrodosing","article_publisher":"https:\/\/www.facebook.com\/Dutchmicrodosingxp\/","article_modified_time":"2025-11-20T11:04:35+00:00","og_image":[{"width":500,"height":500,"url":"https:\/\/dutchmicrodosing.com\/wp-content\/uploads\/2021\/02\/Colombian.jpg","type":"image\/jpeg"}],"twitter_card":"summary_large_image","schema":{"@context":"https:\/\/schema.org","@graph":[{"@type":"WebPage","@id":"https:\/\/dutchmicrodosing.com\/it\/funghi-allucinogeni\/kit-per-la-coltivazione-fresh-mushrooms\/colombian-xp\/","url":"https:\/\/dutchmicrodosing.com\/it\/funghi-allucinogeni\/kit-per-la-coltivazione-fresh-mushrooms\/colombian-xp\/","name":"XP colombiano - Dutchmicrodosing","isPartOf":{"@id":"https:\/\/dutchmicrodosing.com\/it\/#website"},"primaryImageOfPage":{"@id":"https:\/\/dutchmicrodosing.com\/it\/funghi-allucinogeni\/kit-per-la-coltivazione-fresh-mushrooms\/colombian-xp\/#primaryimage"},"image":{"@id":"https:\/\/dutchmicrodosing.com\/it\/funghi-allucinogeni\/kit-per-la-coltivazione-fresh-mushrooms\/colombian-xp\/#primaryimage"},"thumbnailUrl":"https:\/\/dutchmicrodosing.com\/wp-content\/uploads\/2021\/02\/Colombian.jpg","datePublished":"2021-02-21T09:24:30+00:00","dateModified":"2025-11-20T11:04:35+00:00","description":"La Psilocybe cubensis 'Colombian' \u00e8 amata per il suo forte effetto, la facilit\u00e0 di crescita e l'abbondanza di raccolto. Il primo lo troverete a Columbia. \u00c8 anche conosciuto come un \"fungo sociale\" perch\u00e9 fornisce pi\u00f9 interazione sociale per la maggior parte degli individui.","breadcrumb":{"@id":"https:\/\/dutchmicrodosing.com\/it\/funghi-allucinogeni\/kit-per-la-coltivazione-fresh-mushrooms\/colombian-xp\/#breadcrumb"},"inLanguage":"it-IT","potentialAction":[{"@type":"ReadAction","target":["https:\/\/dutchmicrodosing.com\/it\/funghi-allucinogeni\/kit-per-la-coltivazione-fresh-mushrooms\/colombian-xp\/"]}]},{"@type":"ImageObject","inLanguage":"it-IT","@id":"https:\/\/dutchmicrodosing.com\/it\/funghi-allucinogeni\/kit-per-la-coltivazione-fresh-mushrooms\/colombian-xp\/#primaryimage","url":"https:\/\/dutchmicrodosing.com\/wp-content\/uploads\/2021\/02\/Colombian.jpg","contentUrl":"https:\/\/dutchmicrodosing.com\/wp-content\/uploads\/2021\/02\/Colombian.jpg","width":500,"height":500},{"@type":"BreadcrumbList","@id":"https:\/\/dutchmicrodosing.com\/it\/funghi-allucinogeni\/kit-per-la-coltivazione-fresh-mushrooms\/colombian-xp\/#breadcrumb","itemListElement":[{"@type":"ListItem","position":1,"name":"Home","item":"https:\/\/dutchmicrodosing.com\/it\/"},{"@type":"ListItem","position":2,"name":"Negozio","item":"https:\/\/dutchmicrodosing.com\/it\/negozio\/"},{"@type":"ListItem","position":3,"name":"XP colombiano"}]},{"@type":"WebSite","@id":"https:\/\/dutchmicrodosing.com\/it\/#website","url":"https:\/\/dutchmicrodosing.com\/it\/","name":"Dutchmicrodosing","description":"","publisher":{"@id":"https:\/\/dutchmicrodosing.com\/it\/#organization"},"potentialAction":[{"@type":"SearchAction","target":{"@type":"EntryPoint","urlTemplate":"https:\/\/dutchmicrodosing.com\/it\/?s={search_term_string}"},"query-input":{"@type":"PropertyValueSpecification","valueRequired":true,"valueName":"search_term_string"}}],"inLanguage":"it-IT"},{"@type":"Organization","@id":"https:\/\/dutchmicrodosing.com\/it\/#organization","name":"Dutchmicrodosing","url":"https:\/\/dutchmicrodosing.com\/it\/","logo":{"@type":"ImageObject","inLanguage":"it-IT","@id":"https:\/\/dutchmicrodosing.com\/it\/#\/schema\/logo\/image\/","url":"https:\/\/dutchmicrodosing.com\/wp-content\/uploads\/2021\/01\/microdosing-categorie-pic-nieuw.jpg","contentUrl":"https:\/\/dutchmicrodosing.com\/wp-content\/uploads\/2021\/01\/microdosing-categorie-pic-nieuw.jpg","width":500,"height":500,"caption":"Dutchmicrodosing"},"image":{"@id":"https:\/\/dutchmicrodosing.com\/it\/#\/schema\/logo\/image\/"},"sameAs":["https:\/\/www.facebook.com\/Dutchmicrodosingxp\/","https:\/\/www.instagram.com\/dutchmicrodosing\/"]}]},"product_price_amount":"39.95","product_price_currency":"EUR","og_availability":"instock","product_availability":"instock","product_retailer_item_id":"0208224","product_condition":"new"},"_links":{"self":[{"href":"https:\/\/dutchmicrodosing.com\/it\/wp-json\/wp\/v2\/product\/6899","targetHints":{"allow":["GET"]}}],"collection":[{"href":"https:\/\/dutchmicrodosing.com\/it\/wp-json\/wp\/v2\/product"}],"about":[{"href":"https:\/\/dutchmicrodosing.com\/it\/wp-json\/wp\/v2\/types\/product"}],"replies":[{"embeddable":true,"href":"https:\/\/dutchmicrodosing.com\/it\/wp-json\/wp\/v2\/comments?post=6899"}],"version-history":[{"count":1,"href":"https:\/\/dutchmicrodosing.com\/it\/wp-json\/wp\/v2\/product\/6899\/revisions"}],"predecessor-version":[{"id":62646,"href":"https:\/\/dutchmicrodosing.com\/it\/wp-json\/wp\/v2\/product\/6899\/revisions\/62646"}],"wp:featuredmedia":[{"embeddable":true,"href":"https:\/\/dutchmicrodosing.com\/it\/wp-json\/wp\/v2\/media\/6760"}],"wp:attachment":[{"href":"https:\/\/dutchmicrodosing.com\/it\/wp-json\/wp\/v2\/media?parent=6899"}],"wp:term":[{"taxonomy":"product_brand","embeddable":true,"href":"https:\/\/dutchmicrodosing.com\/it\/wp-json\/wp\/v2\/product_brand?post=6899"},{"taxonomy":"product_cat","embeddable":true,"href":"https:\/\/dutchmicrodosing.com\/it\/wp-json\/wp\/v2\/product_cat?post=6899"},{"taxonomy":"product_tag","embeddable":true,"href":"https:\/\/dutchmicrodosing.com\/it\/wp-json\/wp\/v2\/product_tag?post=6899"}],"curies":[{"name":"wp","href":"https:\/\/api.w.org\/{rel}","templated":true}]}}