{"id":6901,"date":"2021-02-21T10:23:40","date_gmt":"2021-06-09T19:44:12","guid":{"rendered":"https:\/\/dutchmicrodosing.com\/shop\/senza-categoria\/b-xp\/"},"modified":"2024-01-16T16:03:14","modified_gmt":"2024-01-16T15:03:14","slug":"b-xp","status":"publish","type":"product","link":"https:\/\/dutchmicrodosing.com\/it\/funghi-allucinogeni\/kit-per-la-coltivazione-fresh-mushrooms\/b-xp\/","title":{"rendered":"B+ XP"},"content":{"rendered":"<p>Con un kit di coltivazione Freshmushrooms puoi facilmente coltivare funghi B+ a casa tua. Questi funghi diventano relativamente grandi, fino a 30 cm di altezza. Questo \u00e8 anche il motivo per cui \u00e8 una delle specie pi\u00f9 popolari. Questo pu\u00f2 anche essere perch\u00e9 non avrete tanta nausea dopo aver mangiato, cosa che pu\u00f2 succedere con altri funghi magici. Quindi iniziate a coltivare e godetevi il viaggio speciale e spirituale che potete ottenere con il fungo B+.<\/p>\n<h2>Coltivazione di funghi B+<\/h2>\n<p>Se vuoi comprare un <strong>kit di coltivazione di funghi freschi B+<\/strong>, potresti chiederti se sei adatto a coltivare funghi magici. La maggior parte delle persone che iniziano non ne sanno nulla. Ma questi kit di coltivazione sono super facili da usare. Non c&#8217;\u00e8 bisogno di nessuna abilit\u00e0 speciale per farlo, quindi potete farlo anche voi. E non c&#8217;\u00e8 niente di pi\u00f9 divertente che vedere crescere i propri funghi.<\/p>\n<p>E possono crescere, il B+. Sono poco esigenti: non si lasciano impressionare da sbalzi di temperatura o da un livello di umidit\u00e0 inferiore. \u00c8 una specie resiliente. Vi stupiranno con la loro sorprendente abitudine di crescita. Possono crescere fino a 35 cm di altezza! I cappelli hanno il colore del caramello e la larghezza media \u00e8 da 2,5 a 7 cm. \u00c8 piuttosto grande rispetto ad altri funghi magici.<\/p>\n<h2>Kit di coltivazione manuale B+<\/h2>\n<p><a href=\"https:\/\/dutchmicrodosing.com\/it\/manuale_crescita\/\">Scaricare qui : Manuale del kit di coltivazione di funghi freschi<\/a><\/p>\n<ol>\n<li>Estraete dalla scatola il kit di coltura, il sacchetto di plastica e la graffetta. Rimuovere il coperchio del set di coltivazione (conservare il coperchio in un luogo sicuro). Sciacquare il coperchio sotto l&#8217;acqua corrente. Vi servir\u00e0 di nuovo in seguito.<\/li>\n<li>Mettere il set di coltura senza coperchio nel sacchetto di plastica fornito. Far scorrere l&#8217;apertura del sacchetto sotto il fondo con la microperforazione verso l&#8217;alto. L&#8217;apertura della borsa \u00e8 ora in gran parte chiusa. Non \u00e8 necessario preoccuparsi della circolazione dell&#8217;aria.<\/li>\n<li>Non appena si vedono crescere le palline, si pu\u00f2 iniziare a mettere il sacchetto in posizione verticale. Non annaffiare. I primi funghi saranno visibili dopo circa 1 settimana.<\/li>\n<li>Collocare il set di coltivazione in un&#8217;area con sufficiente luce diurna e a una temperatura compresa tra 18 \u00b0C e 28 \u00b0C. Non collocare MAI il set di coltivazione alla luce diretta del sole. Sebbene i funghi crescano a quasi tutte le temperature superiori a 15 \u00b0C, 23 \u00b0C \u00e8 la temperatura ideale per un raccolto ottimale. Sono disponibili speciali tappetini termici per garantire questa temperatura e non dover riscaldare l&#8217;intera stanza.<\/li>\n<li>A partire da questa fase, lasciate sempre il sacchetto leggermente aperto, in modo che l&#8217;umidit\u00e0 possa evaporare un po&#8217;. Un&#8217;umidit\u00e0 eccessiva non va bene. Il primo raccolto avverr\u00e0 circa una settimana dopo la comparsa dei primi bulbi. Assicuratevi di raccogliere prima che inizino a cadere le prime spore!<\/li>\n<li>Questi set producono pi\u00f9 raccolti di funghi. A tal fine, riempire il kit con acqua di rubinetto pulita dopo il primo raccolto. Questo processo \u00e8 noto come &#8220;cold-shock&#8221; e infonde nuova vita al micelio, garantendo l&#8217;umidit\u00e0 necessaria alla crescita dei funghi.<\/li>\n<li>Rimettere il coperchio del kit di coltura sul kit. Lasciare riposare il set per 12 ore. Aprire un angolo del coperchio e far defluire l&#8217;acqua in eccesso. Da qui \u00e8 possibile seguire nuovamente le istruzioni del punto 1. Questo processo pu\u00f2 essere ripetuto pi\u00f9 volte.<\/li>\n<\/ol>\n<div>\n<h2>Il raccolto:<\/h2>\n<p>I kit di coltivazione di funghi freschi producono il primo raccolto abbastanza rapidamente. Dopo una settimana sono gi\u00e0 visibili i primi germogli. Le basse e le alte temperature possono rallentare un po&#8217; questo processo di crescita. Una volta che le gemme sono visibili, di solito ci vuole una settimana perch\u00e9 i funghi si sviluppino completamente.<\/p>\n<p>Il momento della raccolta \u00e8 estremamente importante. Quando le membrane sotto i cappelli sono ancora tese, ma rischiano di scoppiare o di allentarsi a causa della forza dei cappelli, \u00e8 il momento di raccogliere.<span style=\"text-decoration: underline;\"><br \/>\n<\/span><\/p>\n<h2>Resa B+ 100% micelio kit di coltivazione funghi magici<\/h2>\n<p>Un kit di coltivazione B+ da 1200 cc di Freshmushrooms fornisce un raccolto compreso tra 500 e 800 g di funghi freschi o 50-80 g di funghi secchi.<\/p>\n<\/div>\n<h3>Quali sono gli effetti?<\/h3>\n<p>L&#8217;esperienza con i funghi B+ \u00e8 che il viaggio \u00e8 spesso caldo e positivo. Le persone hanno esperienze spirituali, dalle quali ricevono un messaggio positivo. Ci sono allucinazioni visive, ma il trip con questo fungo \u00e8 in realt\u00e0 per lo pi\u00f9 piacevole. Ti senti felice, allegro e un po&#8217; sognatore. L&#8217;effetto \u00e8 rilassante. Il B+ \u00e8 adatto all&#8217;uso in varie condizioni. Di seguito sono riportati gli effetti pi\u00f9 frequentemente menzionati:<\/p>\n<ul>\n<li>Rilassante<\/li>\n<li>Soddisfazione<\/li>\n<li>Calci ridenti<\/li>\n<li>Esperienze spirituali<\/li>\n<li>Effetti visivi (forza media)<\/li>\n<li>Pi\u00f9 creativit\u00e0<\/li>\n<li>Vedere colori intensi<\/li>\n<li>Lavorati, felici<\/li>\n<\/ul>\n<p>\u00c8 noto che l&#8217;uso di funghi magici pu\u00f2 indurre nausea. A volte si arriva anche a vomitare. Uno dei vantaggi dei funghi freschi B+ \u00e8 che la nausea \u00e8 meno forte ed \u00e8 meglio tollerata dalla maggior parte delle persone.<\/p>\n<h3>Consigli per il dosaggio<\/h3>\n<p>\u00c8 saggio essere cauti nel dosare i funghi magici, soprattutto se non si ha esperienza. Quando si sceglie il giusto dosaggio, si deve tener conto del tipo di viaggio che si desidera (pi\u00f9 funghi si prendono, pi\u00f9 intenso \u00e8 il viaggio), della propria esperienza e del proprio peso corporeo. A stomaco vuoto i funghi avranno pi\u00f9 effetto pi\u00f9 velocemente di quando si \u00e8 mangiato qualcosa. Di seguito sono riportate le indicazioni per il dosaggio:<\/p>\n<ul>\n<li>Microdosaggio: 0,2 grammi di funghi secchi | 2 grammi di funghi freschi<\/li>\n<li>Viaggio mite: 1 grammo di funghi secchi | 9 grammi di funghi freschi<\/li>\n<li>Viaggio normale: 2 grammi di funghi secchi | 21 grammi di funghi freschi<\/li>\n<li>Viaggio intenso: 3,5 grammi di funghi secchi | 35 grammi di funghi freschi<\/li>\n<\/ul>\n<h3>Istruzioni per l&#8217;uso dei funghi magici<\/h3>\n<p>Il trip \u00e8 un&#8217;esperienza speciale. Ad alcuni piace farlo da soli, ad altri insieme. Se \u00e8 la prima volta che prendi i funghi, \u00e8 meglio farlo insieme a un tripsitter. \u00c8 qualcuno che non usa nulla (incluso l&#8217;alcol) e che ti tiene d&#8217;occhio. In questo modo puoi tranquillamente abbandonarti all&#8217;esperienza ed essere aperto a ci\u00f2 che il fungo ti porter\u00e0, ma sapere che almeno qualcuno \u00e8 l\u00ec per aiutarti se necessario. Inoltre, un tappo per il viaggio \u00e8 sempre utile.<\/p>\n<h2>Acquista il tuo kit di coltivazione di funghi 100% Mycelium B+ online<\/h2>\n<p>Acquistando il tuo kit di coltivazione di funghi B+ online, ti assicuri un kit di coltivazione di alta qualit\u00e0, che ti dar\u00e0 una grande resa. Nella confezione troverete tutto il necessario per far crescere i vostri funghi. Ordina ora e avrai il tuo pacchetto in pochissimo tempo.<\/p>\n","protected":false},"excerpt":{"rendered":"<p>Con un kit di coltivazione Freshmushrooms puoi facilmente coltivare funghi B+ a casa tua. Questi funghi diventano relativamente grandi, fino a 30 cm di altezza. Questo \u00e8 anche il motivo per cui \u00e8 una delle specie pi\u00f9 popolari. Questo pu\u00f2 anche essere perch\u00e9 non avrete tanta nausea dopo aver mangiato, cosa che pu\u00f2 succedere con [&hellip;]<\/p>\n","protected":false},"featured_media":6758,"comment_status":"open","ping_status":"closed","template":"","meta":[],"product_brand":[],"product_cat":[169],"product_tag":[],"class_list":{"0":"post-6901","1":"product","2":"type-product","3":"status-publish","4":"has-post-thumbnail","6":"product_cat-kit-per-la-coltivazione-fresh-mushrooms","8":"first","9":"instock","10":"taxable","11":"shipping-taxable","12":"purchasable","13":"product-type-simple"},"yoast_head":"<!-- This site is optimized with the Yoast SEO Premium plugin v26.4 (Yoast SEO v27.2) - https:\/\/yoast.com\/product\/yoast-seo-premium-wordpress\/ -->\n<title>Acquista il tuo kit di coltivazione di funghi 100% Mycelium B+ online<\/title>\n<meta name=\"description\" content=\"Acquistando il tuo kit di coltivazione di funghi B+ online, ti assicuri un kit di coltivazione di alta qualit\u00e0, che ti dar\u00e0 una grande resa.\" \/>\n<meta name=\"robots\" content=\"index, follow, max-snippet:-1, max-image-preview:large, max-video-preview:-1\" \/>\n<link rel=\"canonical\" href=\"https:\/\/dutchmicrodosing.com\/it\/funghi-allucinogeni\/kit-per-la-coltivazione-fresh-mushrooms\/b-xp\/\" \/>\n<meta property=\"og:locale\" content=\"it_IT\" \/>\n<meta property=\"og:type\" content=\"article\" \/>\n<meta property=\"og:title\" content=\"B+ XP\" \/>\n<meta property=\"og:description\" content=\"Con un kit di coltivazione Freshmushrooms puoi facilmente coltivare funghi B+ a casa tua. Questi funghi diventano relativamente grandi, fino a 30 cm di\" \/>\n<meta property=\"og:url\" content=\"https:\/\/dutchmicrodosing.com\/it\/funghi-allucinogeni\/kit-per-la-coltivazione-fresh-mushrooms\/b-xp\/\" \/>\n<meta property=\"og:site_name\" content=\"Dutchmicrodosing\" \/>\n<meta property=\"article:publisher\" content=\"https:\/\/www.facebook.com\/Dutchmicrodosingxp\/\" \/>\n<meta property=\"article:modified_time\" content=\"2024-01-16T15:03:14+00:00\" \/>\n<meta property=\"og:image\" content=\"https:\/\/dutchmicrodosing.com\/wp-content\/uploads\/2021\/02\/B-xp.jpg\" \/>\n\t<meta property=\"og:image:width\" content=\"500\" \/>\n\t<meta property=\"og:image:height\" content=\"500\" \/>\n\t<meta property=\"og:image:type\" content=\"image\/jpeg\" \/>\n<meta name=\"twitter:card\" content=\"summary_large_image\" \/>\n<script type=\"application\/ld+json\" class=\"yoast-schema-graph\">{\"@context\":\"https:\/\/schema.org\",\"@graph\":[{\"@type\":\"WebPage\",\"@id\":\"https:\/\/dutchmicrodosing.com\/it\/funghi-allucinogeni\/kit-per-la-coltivazione-fresh-mushrooms\/b-xp\/\",\"url\":\"https:\/\/dutchmicrodosing.com\/it\/funghi-allucinogeni\/kit-per-la-coltivazione-fresh-mushrooms\/b-xp\/\",\"name\":\"Acquista il tuo kit di coltivazione di funghi 100% Mycelium B+ online\",\"isPartOf\":{\"@id\":\"https:\/\/dutchmicrodosing.com\/it\/#website\"},\"primaryImageOfPage\":{\"@id\":\"https:\/\/dutchmicrodosing.com\/it\/funghi-allucinogeni\/kit-per-la-coltivazione-fresh-mushrooms\/b-xp\/#primaryimage\"},\"image\":{\"@id\":\"https:\/\/dutchmicrodosing.com\/it\/funghi-allucinogeni\/kit-per-la-coltivazione-fresh-mushrooms\/b-xp\/#primaryimage\"},\"thumbnailUrl\":\"https:\/\/dutchmicrodosing.com\/wp-content\/uploads\/2021\/02\/B-xp.jpg\",\"datePublished\":\"2021-06-09T19:44:12+00:00\",\"dateModified\":\"2024-01-16T15:03:14+00:00\",\"description\":\"Acquistando il tuo kit di coltivazione di funghi B+ online, ti assicuri un kit di coltivazione di alta qualit\u00e0, che ti dar\u00e0 una grande resa.\",\"breadcrumb\":{\"@id\":\"https:\/\/dutchmicrodosing.com\/it\/funghi-allucinogeni\/kit-per-la-coltivazione-fresh-mushrooms\/b-xp\/#breadcrumb\"},\"inLanguage\":\"it-IT\",\"potentialAction\":[{\"@type\":\"ReadAction\",\"target\":[\"https:\/\/dutchmicrodosing.com\/it\/funghi-allucinogeni\/kit-per-la-coltivazione-fresh-mushrooms\/b-xp\/\"]}]},{\"@type\":\"ImageObject\",\"inLanguage\":\"it-IT\",\"@id\":\"https:\/\/dutchmicrodosing.com\/it\/funghi-allucinogeni\/kit-per-la-coltivazione-fresh-mushrooms\/b-xp\/#primaryimage\",\"url\":\"https:\/\/dutchmicrodosing.com\/wp-content\/uploads\/2021\/02\/B-xp.jpg\",\"contentUrl\":\"https:\/\/dutchmicrodosing.com\/wp-content\/uploads\/2021\/02\/B-xp.jpg\",\"width\":500,\"height\":500},{\"@type\":\"BreadcrumbList\",\"@id\":\"https:\/\/dutchmicrodosing.com\/it\/funghi-allucinogeni\/kit-per-la-coltivazione-fresh-mushrooms\/b-xp\/#breadcrumb\",\"itemListElement\":[{\"@type\":\"ListItem\",\"position\":1,\"name\":\"Home\",\"item\":\"https:\/\/dutchmicrodosing.com\/it\/\"},{\"@type\":\"ListItem\",\"position\":2,\"name\":\"Negozio\",\"item\":\"https:\/\/dutchmicrodosing.com\/it\/negozio\/\"},{\"@type\":\"ListItem\",\"position\":3,\"name\":\"B+ XP\"}]},{\"@type\":\"WebSite\",\"@id\":\"https:\/\/dutchmicrodosing.com\/it\/#website\",\"url\":\"https:\/\/dutchmicrodosing.com\/it\/\",\"name\":\"Dutchmicrodosing\",\"description\":\"\",\"publisher\":{\"@id\":\"https:\/\/dutchmicrodosing.com\/it\/#organization\"},\"potentialAction\":[{\"@type\":\"SearchAction\",\"target\":{\"@type\":\"EntryPoint\",\"urlTemplate\":\"https:\/\/dutchmicrodosing.com\/it\/?s={search_term_string}\"},\"query-input\":{\"@type\":\"PropertyValueSpecification\",\"valueRequired\":true,\"valueName\":\"search_term_string\"}}],\"inLanguage\":\"it-IT\"},{\"@type\":\"Organization\",\"@id\":\"https:\/\/dutchmicrodosing.com\/it\/#organization\",\"name\":\"Dutchmicrodosing\",\"url\":\"https:\/\/dutchmicrodosing.com\/it\/\",\"logo\":{\"@type\":\"ImageObject\",\"inLanguage\":\"it-IT\",\"@id\":\"https:\/\/dutchmicrodosing.com\/it\/#\/schema\/logo\/image\/\",\"url\":\"https:\/\/dutchmicrodosing.com\/wp-content\/uploads\/2021\/01\/microdosing-categorie-pic-nieuw.jpg\",\"contentUrl\":\"https:\/\/dutchmicrodosing.com\/wp-content\/uploads\/2021\/01\/microdosing-categorie-pic-nieuw.jpg\",\"width\":500,\"height\":500,\"caption\":\"Dutchmicrodosing\"},\"image\":{\"@id\":\"https:\/\/dutchmicrodosing.com\/it\/#\/schema\/logo\/image\/\"},\"sameAs\":[\"https:\/\/www.facebook.com\/Dutchmicrodosingxp\/\",\"https:\/\/www.instagram.com\/dutchmicrodosing\/\"]}]}<\/script>\n<meta property=\"product:price:amount\" content=\"39.95\" \/>\n<meta property=\"product:price:currency\" content=\"EUR\" \/>\n<meta property=\"og:availability\" content=\"instock\" \/>\n<meta property=\"product:availability\" content=\"instock\" \/>\n<meta property=\"product:retailer_item_id\" content=\"0208751\" \/>\n<meta property=\"product:condition\" content=\"new\" \/>\n<!-- \/ Yoast SEO Premium plugin. -->","yoast_head_json":{"title":"Acquista il tuo kit di coltivazione di funghi 100% Mycelium B+ online","description":"Acquistando il tuo kit di coltivazione di funghi B+ online, ti assicuri un kit di coltivazione di alta qualit\u00e0, che ti dar\u00e0 una grande resa.","robots":{"index":"index","follow":"follow","max-snippet":"max-snippet:-1","max-image-preview":"max-image-preview:large","max-video-preview":"max-video-preview:-1"},"canonical":"https:\/\/dutchmicrodosing.com\/it\/funghi-allucinogeni\/kit-per-la-coltivazione-fresh-mushrooms\/b-xp\/","og_locale":"it_IT","og_type":"article","og_title":"B+ XP","og_description":"Con un kit di coltivazione Freshmushrooms puoi facilmente coltivare funghi B+ a casa tua. Questi funghi diventano relativamente grandi, fino a 30 cm di","og_url":"https:\/\/dutchmicrodosing.com\/it\/funghi-allucinogeni\/kit-per-la-coltivazione-fresh-mushrooms\/b-xp\/","og_site_name":"Dutchmicrodosing","article_publisher":"https:\/\/www.facebook.com\/Dutchmicrodosingxp\/","article_modified_time":"2024-01-16T15:03:14+00:00","og_image":[{"width":500,"height":500,"url":"https:\/\/dutchmicrodosing.com\/wp-content\/uploads\/2021\/02\/B-xp.jpg","type":"image\/jpeg"}],"twitter_card":"summary_large_image","schema":{"@context":"https:\/\/schema.org","@graph":[{"@type":"WebPage","@id":"https:\/\/dutchmicrodosing.com\/it\/funghi-allucinogeni\/kit-per-la-coltivazione-fresh-mushrooms\/b-xp\/","url":"https:\/\/dutchmicrodosing.com\/it\/funghi-allucinogeni\/kit-per-la-coltivazione-fresh-mushrooms\/b-xp\/","name":"Acquista il tuo kit di coltivazione di funghi 100% Mycelium B+ online","isPartOf":{"@id":"https:\/\/dutchmicrodosing.com\/it\/#website"},"primaryImageOfPage":{"@id":"https:\/\/dutchmicrodosing.com\/it\/funghi-allucinogeni\/kit-per-la-coltivazione-fresh-mushrooms\/b-xp\/#primaryimage"},"image":{"@id":"https:\/\/dutchmicrodosing.com\/it\/funghi-allucinogeni\/kit-per-la-coltivazione-fresh-mushrooms\/b-xp\/#primaryimage"},"thumbnailUrl":"https:\/\/dutchmicrodosing.com\/wp-content\/uploads\/2021\/02\/B-xp.jpg","datePublished":"2021-06-09T19:44:12+00:00","dateModified":"2024-01-16T15:03:14+00:00","description":"Acquistando il tuo kit di coltivazione di funghi B+ online, ti assicuri un kit di coltivazione di alta qualit\u00e0, che ti dar\u00e0 una grande resa.","breadcrumb":{"@id":"https:\/\/dutchmicrodosing.com\/it\/funghi-allucinogeni\/kit-per-la-coltivazione-fresh-mushrooms\/b-xp\/#breadcrumb"},"inLanguage":"it-IT","potentialAction":[{"@type":"ReadAction","target":["https:\/\/dutchmicrodosing.com\/it\/funghi-allucinogeni\/kit-per-la-coltivazione-fresh-mushrooms\/b-xp\/"]}]},{"@type":"ImageObject","inLanguage":"it-IT","@id":"https:\/\/dutchmicrodosing.com\/it\/funghi-allucinogeni\/kit-per-la-coltivazione-fresh-mushrooms\/b-xp\/#primaryimage","url":"https:\/\/dutchmicrodosing.com\/wp-content\/uploads\/2021\/02\/B-xp.jpg","contentUrl":"https:\/\/dutchmicrodosing.com\/wp-content\/uploads\/2021\/02\/B-xp.jpg","width":500,"height":500},{"@type":"BreadcrumbList","@id":"https:\/\/dutchmicrodosing.com\/it\/funghi-allucinogeni\/kit-per-la-coltivazione-fresh-mushrooms\/b-xp\/#breadcrumb","itemListElement":[{"@type":"ListItem","position":1,"name":"Home","item":"https:\/\/dutchmicrodosing.com\/it\/"},{"@type":"ListItem","position":2,"name":"Negozio","item":"https:\/\/dutchmicrodosing.com\/it\/negozio\/"},{"@type":"ListItem","position":3,"name":"B+ XP"}]},{"@type":"WebSite","@id":"https:\/\/dutchmicrodosing.com\/it\/#website","url":"https:\/\/dutchmicrodosing.com\/it\/","name":"Dutchmicrodosing","description":"","publisher":{"@id":"https:\/\/dutchmicrodosing.com\/it\/#organization"},"potentialAction":[{"@type":"SearchAction","target":{"@type":"EntryPoint","urlTemplate":"https:\/\/dutchmicrodosing.com\/it\/?s={search_term_string}"},"query-input":{"@type":"PropertyValueSpecification","valueRequired":true,"valueName":"search_term_string"}}],"inLanguage":"it-IT"},{"@type":"Organization","@id":"https:\/\/dutchmicrodosing.com\/it\/#organization","name":"Dutchmicrodosing","url":"https:\/\/dutchmicrodosing.com\/it\/","logo":{"@type":"ImageObject","inLanguage":"it-IT","@id":"https:\/\/dutchmicrodosing.com\/it\/#\/schema\/logo\/image\/","url":"https:\/\/dutchmicrodosing.com\/wp-content\/uploads\/2021\/01\/microdosing-categorie-pic-nieuw.jpg","contentUrl":"https:\/\/dutchmicrodosing.com\/wp-content\/uploads\/2021\/01\/microdosing-categorie-pic-nieuw.jpg","width":500,"height":500,"caption":"Dutchmicrodosing"},"image":{"@id":"https:\/\/dutchmicrodosing.com\/it\/#\/schema\/logo\/image\/"},"sameAs":["https:\/\/www.facebook.com\/Dutchmicrodosingxp\/","https:\/\/www.instagram.com\/dutchmicrodosing\/"]}]},"product_price_amount":"39.95","product_price_currency":"EUR","og_availability":"instock","product_availability":"instock","product_retailer_item_id":"0208751","product_condition":"new"},"_links":{"self":[{"href":"https:\/\/dutchmicrodosing.com\/it\/wp-json\/wp\/v2\/product\/6901","targetHints":{"allow":["GET"]}}],"collection":[{"href":"https:\/\/dutchmicrodosing.com\/it\/wp-json\/wp\/v2\/product"}],"about":[{"href":"https:\/\/dutchmicrodosing.com\/it\/wp-json\/wp\/v2\/types\/product"}],"replies":[{"embeddable":true,"href":"https:\/\/dutchmicrodosing.com\/it\/wp-json\/wp\/v2\/comments?post=6901"}],"version-history":[{"count":0,"href":"https:\/\/dutchmicrodosing.com\/it\/wp-json\/wp\/v2\/product\/6901\/revisions"}],"wp:featuredmedia":[{"embeddable":true,"href":"https:\/\/dutchmicrodosing.com\/it\/wp-json\/wp\/v2\/media\/6758"}],"wp:attachment":[{"href":"https:\/\/dutchmicrodosing.com\/it\/wp-json\/wp\/v2\/media?parent=6901"}],"wp:term":[{"taxonomy":"product_brand","embeddable":true,"href":"https:\/\/dutchmicrodosing.com\/it\/wp-json\/wp\/v2\/product_brand?post=6901"},{"taxonomy":"product_cat","embeddable":true,"href":"https:\/\/dutchmicrodosing.com\/it\/wp-json\/wp\/v2\/product_cat?post=6901"},{"taxonomy":"product_tag","embeddable":true,"href":"https:\/\/dutchmicrodosing.com\/it\/wp-json\/wp\/v2\/product_tag?post=6901"}],"curies":[{"name":"wp","href":"https:\/\/api.w.org\/{rel}","templated":true}]}}