{"id":6902,"date":"2021-02-21T10:22:35","date_gmt":"2021-02-21T09:22:35","guid":{"rendered":"https:\/\/dutchmicrodosing.com\/shop\/senza-categoria\/mc-kennaii-xp\/"},"modified":"2025-11-20T10:59:49","modified_gmt":"2025-11-20T09:59:49","slug":"mc-kennaii-xp","status":"publish","type":"product","link":"https:\/\/dutchmicrodosing.com\/it\/funghi-allucinogeni\/kit-per-la-coltivazione-fresh-mushrooms\/mc-kennaii-xp\/","title":{"rendered":"Mc Kennaii XP"},"content":{"rendered":"<p>Sei gi\u00e0 stato in trip prima d&#8217;ora e ci sei abituato? Allora forse \u00e8 il momento di provare il <strong>fungo McKennaii<\/strong>. Questi funghi magici sono noti per i loro effetti potenti e intensi che sconvolgeranno il tuo mondo. Pertanto, questo fungo magico \u00e8 adatto solo a utenti esperti. \u00c8 uno dei funghi magici pi\u00f9 forti del nostro assortimento.<\/p>\n<h2>I forti effetti del fungo McKennaii<\/h2>\n<p>Il fungo McKennaii ti regaler\u00e0 un viaggio che non dimenticherai facilmente. I forti effetti visivi ti portano in un viaggio affascinante. Questo tipo di effetti pu\u00f2 essere fantastico, ma se non l&#8217;avete mai sperimentato prima, pu\u00f2 anche spaventarvi. Perci\u00f2 il nostro consiglio \u00e8 di provarli solo quando si ha un po&#8217; pi\u00f9 di esperienza.<\/p>\n<h2>Da dove viene il McKennaii?<\/h2>\n<p>Il fungo magico ha ottenuto il suo nome in omaggio a un grande amante delle sostanze psichedeliche. Per 25 anni, lo psiconauta americano Terrence McKenna ha studiato lo sciamanesimo e gli strumenti che potevano aiutarli a fare viaggi spirituali.<\/p>\n<p>Gli piaceva sperimentare, per esempio con l&#8217;ayahuasca e anche con i funghi magici. Era convinto dei benefici che le droghe psichedeliche potevano avere per gli esseri umani. McKennai ha tenuto seminari e conferenze per anni e ha sempre parlato a favore dell&#8217;uso responsabile degli psichedelici. Questo potente fungo porta il suo nome per questo motivo.<\/p>\n<p>Se avete intenzione di coltivare da soli questi bellissimi funghi con il growkit Fresh Mushrooms, noterete che sono abbastanza testardi. Possono crescere in tutti i tipi di forme. Alcuni sono piccoli, altri grandi. I loro cappelli possono essere piatti o rotondi. Ma non preoccupatevi, la qualit\u00e0 e il loro potere magico non \u00e8 diminuito da questo.<\/p>\n<h2>Quali sono gli effetti dei funghi McKennaii?<\/h2>\n<p>Un viaggio sui funghi McKennaii \u00e8 altamente visivo. Le immagini sono visibili ad occhi aperti, ma anche ad occhi chiusi. Allo stesso tempo, noterete anche un impatto sui vostri pensieri. Vanno in profondit\u00e0, come non sono mai andati prima. Ti senti filosofo e ti piace condividere i tuoi pensieri con gli altri. Le persone che inciampano su questo fungo sono creative. Si pu\u00f2 anche perdere il senso del tempo e dello spazio e i sensi diventano pi\u00f9 acuti.<\/p>\n<p>Il fungo McKennaii d\u00e0 un trip intenso, quindi fate attenzione e sceglietelo solo se pensate di poterlo sopportare.<\/p>\n<h2>Kit di coltivazione manuale Mckennaii<\/h2>\n<p><a href=\"https:\/\/dutchmicrodosing.com\/it\/manuale_crescita\/\">Scaricare qui : Manuale del kit di coltivazione di funghi freschi<\/a><\/p>\n<ol>\n<li>Estraete dalla scatola il kit di coltura, il sacchetto di plastica e la graffetta. Rimuovere il coperchio del set di coltivazione (conservare il coperchio in un luogo sicuro). Sciacquare il coperchio sotto l&#8217;acqua corrente. Vi servir\u00e0 di nuovo in seguito.<\/li>\n<li>Mettere il set di coltura senza coperchio nel sacchetto di plastica fornito. Far scorrere l&#8217;apertura del sacchetto sotto il fondo con la microperforazione verso l&#8217;alto. L&#8217;apertura della borsa \u00e8 ora in gran parte chiusa. Non \u00e8 necessario preoccuparsi della circolazione dell&#8217;aria.<\/li>\n<li>Non appena si vedono crescere le palline, si pu\u00f2 iniziare a mettere il sacchetto in posizione verticale. Non annaffiare. I primi funghi saranno visibili dopo circa 1 settimana.<\/li>\n<li>Collocare il set di coltivazione in un&#8217;area con sufficiente luce diurna e a una temperatura compresa tra 18 \u00b0C e 28 \u00b0C. Non collocare MAI il set di coltivazione alla luce diretta del sole. Sebbene i funghi crescano a quasi tutte le temperature superiori a 15 \u00b0C, 23 \u00b0C \u00e8 la temperatura ideale per un raccolto ottimale. Sono disponibili speciali tappetini termici per garantire questa temperatura e non dover riscaldare l&#8217;intera stanza.<\/li>\n<li>A partire da questa fase, lasciate sempre il sacchetto leggermente aperto, in modo che l&#8217;umidit\u00e0 possa evaporare un po&#8217;. Un&#8217;umidit\u00e0 eccessiva non va bene. Il primo raccolto avverr\u00e0 circa una settimana dopo la comparsa dei primi bulbi. Assicuratevi di raccogliere prima che inizino a cadere le prime spore!<\/li>\n<li>Questi set producono pi\u00f9 raccolti di funghi. A tal fine, riempire il kit con acqua di rubinetto pulita dopo il primo raccolto. Questo processo \u00e8 noto come &#8220;cold-shock&#8221; e infonde nuova vita al micelio, garantendo l&#8217;umidit\u00e0 necessaria alla crescita dei funghi.<\/li>\n<li>Rimettere il coperchio del kit di coltura sul kit. Lasciare riposare il set per 12 ore. Aprire un angolo del coperchio e far defluire l&#8217;acqua in eccesso. Da qui \u00e8 possibile seguire nuovamente le istruzioni del punto 1. Questo processo pu\u00f2 essere ripetuto pi\u00f9 volte.<\/li>\n<\/ol>\n<h2>Il raccolto:<\/h2>\n<p>I kit di coltivazione di funghi freschi producono il primo raccolto abbastanza rapidamente. Dopo una settimana sono gi\u00e0 visibili i primi germogli. Le basse e le alte temperature possono rallentare un po&#8217; questo processo di crescita. Una volta che le gemme sono visibili, di solito ci vuole una settimana perch\u00e9 i funghi si sviluppino completamente.<\/p>\n<p>Il momento della raccolta \u00e8 estremamente importante. Quando le membrane sotto i cappelli sono ancora tese, ma rischiano di scoppiare o di allentarsi a causa della forza dei cappelli, \u00e8 il momento di raccogliere.<span style=\"text-decoration: underline;\"><br \/>\n<\/span><\/p>\n<h2>Resa McKennaii 100% micelio magico del fungo growkit<\/h2>\n<p>Un kit di coltivazione Mckennaii da 1200 cc di Freshmushrooms offre un raccolto tra i 500 e gli 800 g di funghi freschi o 50-80 g di funghi secchi.<\/p>\n<h3>Qual \u00e8 la dose raccomandata?<\/h3>\n<p>Funghi freschi I funghi McKennaii possono essere consumati freschi, ma anche secchi. L&#8217;effetto pu\u00f2 durare da 3 a 8 ore. La rapidit\u00e0 con cui si sente l&#8217;effetto dipende anche dal fatto che si sia mangiato qualcosa prima. Di solito \u00e8 dopo mezz&#8217;ora o un&#8217;ora. Si pu\u00f2 anche fare il t\u00e8 dei funghi. Fate bollire dell&#8217;acqua per il t\u00e8 di risaia, lasciatela raffreddare per un po&#8217; e versatela sui vostri funghi.<\/p>\n<p>Viaggio leggero: da 1 a 2 grammi di funghi secchi o da 12 a 24 grammi di funghi freschi.<\/p>\n<p>Gli psiconauti esperti di solito sanno come reagire e possono sopportare un po&#8217; di pi\u00f9. Ma se non sei mai inciampato con i McKennai prima, \u00e8 meglio prenderne una quantit\u00e0 minore. Usare una bilancia per misurare accuratamente la quantit\u00e0.<\/p>\n<h3>Preparare il viaggio<\/h3>\n<p>Hai bisogno di preparare il tuo viaggio? Ci sono alcuni vantaggi in questo: meglio ti sentirai nella tua pelle e a tuo agio, migliore sar\u00e0 il tuo viaggio. Pertanto, si potrebbe prendere un momento per pensare a come ci si sente, chi \u00e8 presente al viaggio, e dove si sta andando a farlo. Scegliete un posto dove vi sentite a vostro agio e viaggiate solo con persone di cui vi fidate.<\/p>\n<p>\u00c8 anche una buona idea organizzare un tripsitter. Questo pu\u00f2 essere un buon amico che rimane sobrio. Cos\u00ec lui o lei non far\u00e0 uso di droghe o alcol. Se il viaggio dovesse essere troppo intenso, il tripsitter pu\u00f2 rassicurarti. Spesso fa la differenza se c&#8217;\u00e8 qualcuno che ti dice che il viaggio finir\u00e0. Anche un tappo per il viaggio \u00e8 una buona idea.<\/p>\n<h2>Acquista il tuo kit di coltivazione di funghi freschi McKennaii online<\/h2>\n<p>Non vedi l&#8217;ora di fare un viaggio cos\u00ec potente? Lascia che il fungo magico McKennaii ti porti in posti pi\u00f9 alti. Ora puoi coltivarlo facilmente a casa con un kit di coltivazione di Fresh Mushrooms. Lo compri nel nostro negozio e lo spediamo rapidamente a casa tua in un imballaggio neutro e sicuro.<\/p>\n","protected":false},"excerpt":{"rendered":"<p>Sei gi\u00e0 stato in trip prima d&#8217;ora e ci sei abituato? Allora forse \u00e8 il momento di provare il fungo McKennaii. Questi funghi magici sono noti per i loro effetti potenti e intensi che sconvolgeranno il tuo mondo. Pertanto, questo fungo magico \u00e8 adatto solo a utenti esperti. \u00c8 uno dei funghi magici pi\u00f9 forti [&hellip;]<\/p>\n","protected":false},"featured_media":6764,"comment_status":"open","ping_status":"closed","template":"","meta":[],"product_brand":[],"product_cat":[169],"product_tag":[],"class_list":{"0":"post-6902","1":"product","2":"type-product","3":"status-publish","4":"has-post-thumbnail","6":"product_cat-kit-per-la-coltivazione-fresh-mushrooms","8":"first","9":"instock","10":"taxable","11":"shipping-taxable","12":"purchasable","13":"product-type-simple"},"yoast_head":"<!-- This site is optimized with the Yoast SEO Premium plugin v26.4 (Yoast SEO v27.4) - https:\/\/yoast.com\/product\/yoast-seo-premium-wordpress\/ -->\n<title>Compra il tuo growkit di funghi freschi McKennaii online | Discretamente imballato<\/title>\n<meta name=\"description\" content=\"Non vedi l&#039;ora di fare un viaggio cos\u00ec potente? Lascia che il fungo magico McKennaii ti porti in posti pi\u00f9 alti.\" \/>\n<meta name=\"robots\" content=\"index, follow, max-snippet:-1, max-image-preview:large, max-video-preview:-1\" \/>\n<link rel=\"canonical\" href=\"https:\/\/dutchmicrodosing.com\/it\/funghi-allucinogeni\/kit-per-la-coltivazione-fresh-mushrooms\/mc-kennaii-xp\/\" \/>\n<meta property=\"og:locale\" content=\"it_IT\" \/>\n<meta property=\"og:type\" content=\"article\" \/>\n<meta property=\"og:title\" content=\"Mc Kennaii XP\" \/>\n<meta property=\"og:description\" content=\"Sei gi\u00e0 stato in trip prima d&#039;ora e ci sei abituato? Allora forse \u00e8 il momento di provare il fungo McKennaii. Questi funghi magici sono noti per i loro\" \/>\n<meta property=\"og:url\" content=\"https:\/\/dutchmicrodosing.com\/it\/funghi-allucinogeni\/kit-per-la-coltivazione-fresh-mushrooms\/mc-kennaii-xp\/\" \/>\n<meta property=\"og:site_name\" content=\"Dutchmicrodosing\" \/>\n<meta property=\"article:publisher\" content=\"https:\/\/www.facebook.com\/Dutchmicrodosingxp\/\" \/>\n<meta property=\"article:modified_time\" content=\"2025-11-20T09:59:49+00:00\" \/>\n<meta property=\"og:image\" content=\"https:\/\/dutchmicrodosing.com\/wp-content\/uploads\/2021\/02\/Mckennaii.jpg\" \/>\n\t<meta property=\"og:image:width\" content=\"500\" \/>\n\t<meta property=\"og:image:height\" content=\"500\" \/>\n\t<meta property=\"og:image:type\" content=\"image\/jpeg\" \/>\n<meta name=\"twitter:card\" content=\"summary_large_image\" \/>\n<script type=\"application\/ld+json\" class=\"yoast-schema-graph\">{\"@context\":\"https:\\\/\\\/schema.org\",\"@graph\":[{\"@type\":\"WebPage\",\"@id\":\"https:\\\/\\\/dutchmicrodosing.com\\\/it\\\/funghi-allucinogeni\\\/kit-per-la-coltivazione-fresh-mushrooms\\\/mc-kennaii-xp\\\/\",\"url\":\"https:\\\/\\\/dutchmicrodosing.com\\\/it\\\/funghi-allucinogeni\\\/kit-per-la-coltivazione-fresh-mushrooms\\\/mc-kennaii-xp\\\/\",\"name\":\"Compra il tuo growkit di funghi freschi McKennaii online | Discretamente imballato\",\"isPartOf\":{\"@id\":\"https:\\\/\\\/dutchmicrodosing.com\\\/it\\\/#website\"},\"primaryImageOfPage\":{\"@id\":\"https:\\\/\\\/dutchmicrodosing.com\\\/it\\\/funghi-allucinogeni\\\/kit-per-la-coltivazione-fresh-mushrooms\\\/mc-kennaii-xp\\\/#primaryimage\"},\"image\":{\"@id\":\"https:\\\/\\\/dutchmicrodosing.com\\\/it\\\/funghi-allucinogeni\\\/kit-per-la-coltivazione-fresh-mushrooms\\\/mc-kennaii-xp\\\/#primaryimage\"},\"thumbnailUrl\":\"https:\\\/\\\/dutchmicrodosing.com\\\/wp-content\\\/uploads\\\/2021\\\/02\\\/Mckennaii.jpg\",\"datePublished\":\"2021-02-21T09:22:35+00:00\",\"dateModified\":\"2025-11-20T09:59:49+00:00\",\"description\":\"Non vedi l'ora di fare un viaggio cos\u00ec potente? Lascia che il fungo magico McKennaii ti porti in posti pi\u00f9 alti.\",\"breadcrumb\":{\"@id\":\"https:\\\/\\\/dutchmicrodosing.com\\\/it\\\/funghi-allucinogeni\\\/kit-per-la-coltivazione-fresh-mushrooms\\\/mc-kennaii-xp\\\/#breadcrumb\"},\"inLanguage\":\"it-IT\",\"potentialAction\":[{\"@type\":\"ReadAction\",\"target\":[\"https:\\\/\\\/dutchmicrodosing.com\\\/it\\\/funghi-allucinogeni\\\/kit-per-la-coltivazione-fresh-mushrooms\\\/mc-kennaii-xp\\\/\"]}]},{\"@type\":\"ImageObject\",\"inLanguage\":\"it-IT\",\"@id\":\"https:\\\/\\\/dutchmicrodosing.com\\\/it\\\/funghi-allucinogeni\\\/kit-per-la-coltivazione-fresh-mushrooms\\\/mc-kennaii-xp\\\/#primaryimage\",\"url\":\"https:\\\/\\\/dutchmicrodosing.com\\\/wp-content\\\/uploads\\\/2021\\\/02\\\/Mckennaii.jpg\",\"contentUrl\":\"https:\\\/\\\/dutchmicrodosing.com\\\/wp-content\\\/uploads\\\/2021\\\/02\\\/Mckennaii.jpg\",\"width\":500,\"height\":500},{\"@type\":\"BreadcrumbList\",\"@id\":\"https:\\\/\\\/dutchmicrodosing.com\\\/it\\\/funghi-allucinogeni\\\/kit-per-la-coltivazione-fresh-mushrooms\\\/mc-kennaii-xp\\\/#breadcrumb\",\"itemListElement\":[{\"@type\":\"ListItem\",\"position\":1,\"name\":\"Home\",\"item\":\"https:\\\/\\\/dutchmicrodosing.com\\\/it\\\/\"},{\"@type\":\"ListItem\",\"position\":2,\"name\":\"Negozio\",\"item\":\"https:\\\/\\\/dutchmicrodosing.com\\\/it\\\/negozio\\\/\"},{\"@type\":\"ListItem\",\"position\":3,\"name\":\"Mc Kennaii XP\"}]},{\"@type\":\"WebSite\",\"@id\":\"https:\\\/\\\/dutchmicrodosing.com\\\/it\\\/#website\",\"url\":\"https:\\\/\\\/dutchmicrodosing.com\\\/it\\\/\",\"name\":\"Dutchmicrodosing\",\"description\":\"\",\"publisher\":{\"@id\":\"https:\\\/\\\/dutchmicrodosing.com\\\/it\\\/#organization\"},\"potentialAction\":[{\"@type\":\"SearchAction\",\"target\":{\"@type\":\"EntryPoint\",\"urlTemplate\":\"https:\\\/\\\/dutchmicrodosing.com\\\/it\\\/?s={search_term_string}\"},\"query-input\":{\"@type\":\"PropertyValueSpecification\",\"valueRequired\":true,\"valueName\":\"search_term_string\"}}],\"inLanguage\":\"it-IT\"},{\"@type\":\"Organization\",\"@id\":\"https:\\\/\\\/dutchmicrodosing.com\\\/it\\\/#organization\",\"name\":\"Dutchmicrodosing\",\"url\":\"https:\\\/\\\/dutchmicrodosing.com\\\/it\\\/\",\"logo\":{\"@type\":\"ImageObject\",\"inLanguage\":\"it-IT\",\"@id\":\"https:\\\/\\\/dutchmicrodosing.com\\\/it\\\/#\\\/schema\\\/logo\\\/image\\\/\",\"url\":\"https:\\\/\\\/dutchmicrodosing.com\\\/wp-content\\\/uploads\\\/2021\\\/01\\\/microdosing-categorie-pic-nieuw.jpg\",\"contentUrl\":\"https:\\\/\\\/dutchmicrodosing.com\\\/wp-content\\\/uploads\\\/2021\\\/01\\\/microdosing-categorie-pic-nieuw.jpg\",\"width\":500,\"height\":500,\"caption\":\"Dutchmicrodosing\"},\"image\":{\"@id\":\"https:\\\/\\\/dutchmicrodosing.com\\\/it\\\/#\\\/schema\\\/logo\\\/image\\\/\"},\"sameAs\":[\"https:\\\/\\\/www.facebook.com\\\/Dutchmicrodosingxp\\\/\",\"https:\\\/\\\/www.instagram.com\\\/dutchmicrodosing\\\/\"]}]}<\/script>\n<meta property=\"product:price:amount\" content=\"39.95\" \/>\n<meta property=\"product:price:currency\" content=\"EUR\" \/>\n<meta property=\"og:availability\" content=\"instock\" \/>\n<meta property=\"product:availability\" content=\"instock\" \/>\n<meta property=\"product:retailer_item_id\" content=\"0208370\" \/>\n<meta property=\"product:condition\" content=\"new\" \/>\n<!-- \/ Yoast SEO Premium plugin. -->","yoast_head_json":{"title":"Compra il tuo growkit di funghi freschi McKennaii online | Discretamente imballato","description":"Non vedi l'ora di fare un viaggio cos\u00ec potente? Lascia che il fungo magico McKennaii ti porti in posti pi\u00f9 alti.","robots":{"index":"index","follow":"follow","max-snippet":"max-snippet:-1","max-image-preview":"max-image-preview:large","max-video-preview":"max-video-preview:-1"},"canonical":"https:\/\/dutchmicrodosing.com\/it\/funghi-allucinogeni\/kit-per-la-coltivazione-fresh-mushrooms\/mc-kennaii-xp\/","og_locale":"it_IT","og_type":"article","og_title":"Mc Kennaii XP","og_description":"Sei gi\u00e0 stato in trip prima d'ora e ci sei abituato? Allora forse \u00e8 il momento di provare il fungo McKennaii. Questi funghi magici sono noti per i loro","og_url":"https:\/\/dutchmicrodosing.com\/it\/funghi-allucinogeni\/kit-per-la-coltivazione-fresh-mushrooms\/mc-kennaii-xp\/","og_site_name":"Dutchmicrodosing","article_publisher":"https:\/\/www.facebook.com\/Dutchmicrodosingxp\/","article_modified_time":"2025-11-20T09:59:49+00:00","og_image":[{"width":500,"height":500,"url":"https:\/\/dutchmicrodosing.com\/wp-content\/uploads\/2021\/02\/Mckennaii.jpg","type":"image\/jpeg"}],"twitter_card":"summary_large_image","schema":{"@context":"https:\/\/schema.org","@graph":[{"@type":"WebPage","@id":"https:\/\/dutchmicrodosing.com\/it\/funghi-allucinogeni\/kit-per-la-coltivazione-fresh-mushrooms\/mc-kennaii-xp\/","url":"https:\/\/dutchmicrodosing.com\/it\/funghi-allucinogeni\/kit-per-la-coltivazione-fresh-mushrooms\/mc-kennaii-xp\/","name":"Compra il tuo growkit di funghi freschi McKennaii online | Discretamente imballato","isPartOf":{"@id":"https:\/\/dutchmicrodosing.com\/it\/#website"},"primaryImageOfPage":{"@id":"https:\/\/dutchmicrodosing.com\/it\/funghi-allucinogeni\/kit-per-la-coltivazione-fresh-mushrooms\/mc-kennaii-xp\/#primaryimage"},"image":{"@id":"https:\/\/dutchmicrodosing.com\/it\/funghi-allucinogeni\/kit-per-la-coltivazione-fresh-mushrooms\/mc-kennaii-xp\/#primaryimage"},"thumbnailUrl":"https:\/\/dutchmicrodosing.com\/wp-content\/uploads\/2021\/02\/Mckennaii.jpg","datePublished":"2021-02-21T09:22:35+00:00","dateModified":"2025-11-20T09:59:49+00:00","description":"Non vedi l'ora di fare un viaggio cos\u00ec potente? Lascia che il fungo magico McKennaii ti porti in posti pi\u00f9 alti.","breadcrumb":{"@id":"https:\/\/dutchmicrodosing.com\/it\/funghi-allucinogeni\/kit-per-la-coltivazione-fresh-mushrooms\/mc-kennaii-xp\/#breadcrumb"},"inLanguage":"it-IT","potentialAction":[{"@type":"ReadAction","target":["https:\/\/dutchmicrodosing.com\/it\/funghi-allucinogeni\/kit-per-la-coltivazione-fresh-mushrooms\/mc-kennaii-xp\/"]}]},{"@type":"ImageObject","inLanguage":"it-IT","@id":"https:\/\/dutchmicrodosing.com\/it\/funghi-allucinogeni\/kit-per-la-coltivazione-fresh-mushrooms\/mc-kennaii-xp\/#primaryimage","url":"https:\/\/dutchmicrodosing.com\/wp-content\/uploads\/2021\/02\/Mckennaii.jpg","contentUrl":"https:\/\/dutchmicrodosing.com\/wp-content\/uploads\/2021\/02\/Mckennaii.jpg","width":500,"height":500},{"@type":"BreadcrumbList","@id":"https:\/\/dutchmicrodosing.com\/it\/funghi-allucinogeni\/kit-per-la-coltivazione-fresh-mushrooms\/mc-kennaii-xp\/#breadcrumb","itemListElement":[{"@type":"ListItem","position":1,"name":"Home","item":"https:\/\/dutchmicrodosing.com\/it\/"},{"@type":"ListItem","position":2,"name":"Negozio","item":"https:\/\/dutchmicrodosing.com\/it\/negozio\/"},{"@type":"ListItem","position":3,"name":"Mc Kennaii XP"}]},{"@type":"WebSite","@id":"https:\/\/dutchmicrodosing.com\/it\/#website","url":"https:\/\/dutchmicrodosing.com\/it\/","name":"Dutchmicrodosing","description":"","publisher":{"@id":"https:\/\/dutchmicrodosing.com\/it\/#organization"},"potentialAction":[{"@type":"SearchAction","target":{"@type":"EntryPoint","urlTemplate":"https:\/\/dutchmicrodosing.com\/it\/?s={search_term_string}"},"query-input":{"@type":"PropertyValueSpecification","valueRequired":true,"valueName":"search_term_string"}}],"inLanguage":"it-IT"},{"@type":"Organization","@id":"https:\/\/dutchmicrodosing.com\/it\/#organization","name":"Dutchmicrodosing","url":"https:\/\/dutchmicrodosing.com\/it\/","logo":{"@type":"ImageObject","inLanguage":"it-IT","@id":"https:\/\/dutchmicrodosing.com\/it\/#\/schema\/logo\/image\/","url":"https:\/\/dutchmicrodosing.com\/wp-content\/uploads\/2021\/01\/microdosing-categorie-pic-nieuw.jpg","contentUrl":"https:\/\/dutchmicrodosing.com\/wp-content\/uploads\/2021\/01\/microdosing-categorie-pic-nieuw.jpg","width":500,"height":500,"caption":"Dutchmicrodosing"},"image":{"@id":"https:\/\/dutchmicrodosing.com\/it\/#\/schema\/logo\/image\/"},"sameAs":["https:\/\/www.facebook.com\/Dutchmicrodosingxp\/","https:\/\/www.instagram.com\/dutchmicrodosing\/"]}]},"product_price_amount":"39.95","product_price_currency":"EUR","og_availability":"instock","product_availability":"instock","product_retailer_item_id":"0208370","product_condition":"new"},"_links":{"self":[{"href":"https:\/\/dutchmicrodosing.com\/it\/wp-json\/wp\/v2\/product\/6902","targetHints":{"allow":["GET"]}}],"collection":[{"href":"https:\/\/dutchmicrodosing.com\/it\/wp-json\/wp\/v2\/product"}],"about":[{"href":"https:\/\/dutchmicrodosing.com\/it\/wp-json\/wp\/v2\/types\/product"}],"replies":[{"embeddable":true,"href":"https:\/\/dutchmicrodosing.com\/it\/wp-json\/wp\/v2\/comments?post=6902"}],"version-history":[{"count":2,"href":"https:\/\/dutchmicrodosing.com\/it\/wp-json\/wp\/v2\/product\/6902\/revisions"}],"predecessor-version":[{"id":62611,"href":"https:\/\/dutchmicrodosing.com\/it\/wp-json\/wp\/v2\/product\/6902\/revisions\/62611"}],"wp:featuredmedia":[{"embeddable":true,"href":"https:\/\/dutchmicrodosing.com\/it\/wp-json\/wp\/v2\/media\/6764"}],"wp:attachment":[{"href":"https:\/\/dutchmicrodosing.com\/it\/wp-json\/wp\/v2\/media?parent=6902"}],"wp:term":[{"taxonomy":"product_brand","embeddable":true,"href":"https:\/\/dutchmicrodosing.com\/it\/wp-json\/wp\/v2\/product_brand?post=6902"},{"taxonomy":"product_cat","embeddable":true,"href":"https:\/\/dutchmicrodosing.com\/it\/wp-json\/wp\/v2\/product_cat?post=6902"},{"taxonomy":"product_tag","embeddable":true,"href":"https:\/\/dutchmicrodosing.com\/it\/wp-json\/wp\/v2\/product_tag?post=6902"}],"curies":[{"name":"wp","href":"https:\/\/api.w.org\/{rel}","templated":true}]}}