{"id":6903,"date":"2021-02-21T10:11:26","date_gmt":"2021-02-21T09:11:26","guid":{"rendered":"https:\/\/dutchmicrodosing.com\/shop\/senza-categoria\/insegnante-doro-xp\/"},"modified":"2025-11-20T15:24:16","modified_gmt":"2025-11-20T14:24:16","slug":"golden-teacher-xp","status":"publish","type":"product","link":"https:\/\/dutchmicrodosing.com\/it\/funghi-allucinogeni\/kit-per-la-coltivazione-fresh-mushrooms\/golden-teacher-xp\/","title":{"rendered":"Golden Teacher XP"},"content":{"rendered":"<p>Il kit di coltivazione di <strong>funghi magici Golden Teacher<\/strong> \u00e8 ideale per i principianti. Se sei curioso di conoscere il mondo dei funghi magici e non hai ancora nessuna esperienza, allora Golden Teacher \u00e8 il posto giusto per iniziare. Gli effetti sono lievi e ben tollerati da quasi tutti. Stai cercando un fungo per un bel viaggio, scegli questo kit di coltivazione di funghi freschi.<\/p>\n<h2>Conosci te stesso con il Golden Teacher<\/h2>\n<p>Il trip pu\u00f2 insegnare molto su se stessi, e certamente lo fa con il Golden Teacher. Questo bellissimo fungo dorato ti aiuta a svelare gli strati pi\u00f9 profondi di te stesso e ti d\u00e0 nuove idee. Dopo un viaggio si pu\u00f2 vedere il mondo e la vita stessa in modo diverso. Il kit per la coltivazione di funghi magici Golden Teacher non si chiama insegnante per niente: vi d\u00e0 una maggiore comprensione di ci\u00f2 che \u00e8 importante per voi.<\/p>\n<h2>La scoperta dei funghi Golden Teacher<\/h2>\n<p>Il Golden Teacher \u00e8 stato trovato non molto tempo fa nel sud-est degli Stati Uniti. Molti funghi psicoattivi sono stati scoperti ormai, ma la gente \u00e8 ancora alla ricerca di nuove specie con propriet\u00e0 speciali. Per esempio, il Golden Teacher \u00e8 stato trovato da qualcuno negli anni &#8217;80. Fu battezzato Psilocybe Aurumescens.<\/p>\n<p>Questo fungo pu\u00f2 crescere abbastanza in alto, circa 13 cm e ha un bel cappello dorato e steli color avorio. I raccolti sono di solito abbondanti, con i funghi potenzialmente ancora pi\u00f9 pieni e grandi ad ogni raccolto successivo. Il Golden Teacher \u00e8 un fungo molto bello da coltivare in casa, con il growkit Fresh Mushrooms.<\/p>\n<h2>Effetti del fungo magico Golden Teacher<\/h2>\n<p>Gli effetti del fungo magico Golden Teacher sono visivi ed emotivi\/mentali. Percepirete la realt\u00e0 in modo diverso. Colpisce i tuoi sensi. Si possono sperimentare allucinazioni, dove si pu\u00f2 iniziare a vedere colori o modelli. Ma tutti i vostri sensi possono essere acuiti. Con questi funghi, \u00e8 possibile che i tuoi pensieri vadano pi\u00f9 veloci e che tu ottenga intuizioni su te stesso. Sono possibili anche momenti di risate e sentimenti di gioia e felicit\u00e0.<\/p>\n<p>Un viaggio con i funghi magici pu\u00f2 essere diverso per ognuno. Questo dipende anche dal tuo umore e se hai gi\u00e0 esperienza di trip. Non c&#8217;\u00e8 modo di prevedere come reagirete, quindi fate attenzione al dosaggio. Qui sotto ci sono maggiori informazioni su come dosare i funghi magici Golden Teacher.<\/p>\n<h2>Manuale Golden Teacher Grow Kit<\/h2>\n<p><a href=\"https:\/\/dutchmicrodosing.com\/it\/manuale_crescita\/\">Scaricare qui : Manuale del kit di coltivazione di funghi freschi<\/a><\/p>\n<ol>\n<li>Estraete dalla scatola il kit di coltura, il sacchetto di plastica e la graffetta. Rimuovere il coperchio del set di coltivazione (conservare il coperchio in un luogo sicuro). Sciacquare il coperchio sotto l&#8217;acqua corrente. Vi servir\u00e0 di nuovo in seguito.<\/li>\n<li>Mettere il set di coltura senza coperchio nel sacchetto di plastica fornito. Far scorrere l&#8217;apertura del sacchetto sotto il fondo con la microperforazione verso l&#8217;alto. L&#8217;apertura della borsa \u00e8 ora in gran parte chiusa. Non \u00e8 necessario preoccuparsi della circolazione dell&#8217;aria.<\/li>\n<li>Non appena si vedono crescere le palline, si pu\u00f2 iniziare a mettere il sacchetto in posizione verticale. Non annaffiare. I primi funghi saranno visibili dopo circa 1 settimana.<\/li>\n<li>Collocare il set di coltivazione in un&#8217;area con sufficiente luce diurna e a una temperatura compresa tra 18 \u00b0C e 28 \u00b0C. Non collocare MAI il set di coltivazione alla luce diretta del sole. Sebbene i funghi crescano a quasi tutte le temperature superiori a 15 \u00b0C, 23 \u00b0C \u00e8 la temperatura ideale per un raccolto ottimale. Sono disponibili speciali tappetini termici per garantire questa temperatura e non dover riscaldare l&#8217;intera stanza.<\/li>\n<li>A partire da questa fase, lasciate sempre il sacchetto leggermente aperto, in modo che l&#8217;umidit\u00e0 possa evaporare un po&#8217;. Un&#8217;umidit\u00e0 eccessiva non va bene. Il primo raccolto avverr\u00e0 circa una settimana dopo la comparsa dei primi bulbi. Assicuratevi di raccogliere prima che inizino a cadere le prime spore!<\/li>\n<li>Questi set producono pi\u00f9 raccolti di funghi. A tal fine, riempire il kit con acqua di rubinetto pulita dopo il primo raccolto. Questo processo \u00e8 noto come &#8220;cold-shock&#8221; e infonde nuova vita al micelio, garantendo l&#8217;umidit\u00e0 necessaria alla crescita dei funghi.<\/li>\n<li>Rimettere il coperchio del kit di coltura sul kit. Lasciare riposare il set per 12 ore. Aprire un angolo del coperchio e far defluire l&#8217;acqua in eccesso. Da qui \u00e8 possibile seguire nuovamente le istruzioni del punto 1. Questo processo pu\u00f2 essere ripetuto pi\u00f9 volte.<\/li>\n<\/ol>\n<h2>Il raccolto:<\/h2>\n<p>I kit di coltivazione di funghi freschi producono il primo raccolto abbastanza rapidamente. Dopo una settimana sono gi\u00e0 visibili i primi germogli. Le basse e le alte temperature possono rallentare un po&#8217; questo processo di crescita. Una volta che le gemme sono visibili, di solito ci vuole una settimana perch\u00e9 i funghi si sviluppino completamente.<\/p>\n<p>Il momento della raccolta \u00e8 estremamente importante. Quando le membrane sotto i cappelli sono ancora tese, ma rischiano di scoppiare o di allentarsi a causa della forza dei cappelli, \u00e8 il momento di raccogliere.<\/p>\n<h2>Resa Golden Teacher 100% kit di coltivazione di micelio<\/h2>\n<p>Un kit di coltivazione Golden Teacher da 1200 cc di Freshmushrooms offre un raccolto tra i 500 e gli 800 g di funghi freschi o 50-80 g di funghi secchi.<\/p>\n<h3>Dosaggio dei funghi magici<\/h3>\n<p>Un dosaggio corretto \u00e8 importante per determinare l&#8217;intensit\u00e0 del tuo viaggio. Una quantit\u00e0 maggiore di funghi porter\u00e0 ad un viaggio pi\u00f9 intenso. Se non hai usato i funghi magici molto spesso, allora ti consigliamo di iniziare con un dosaggio pi\u00f9 basso. Se li secchi, puoi prendere da 1 a 2 grammi di funghi freschi Golden Teacher. Se prendi dei funghi freschi, puoi mangiarne da 9 a 10 grammi. Per un utente medio, 2 grammi di funghi secchi o 20 grammi di funghi freschi sono accettabili. Gli effetti di un viaggio possono durare tra le 3 e le 8 ore.<\/p>\n<h3>Prepara il tuo viaggio con i funghi magici<\/h3>\n<p>Anche se i funghi magici sono sicuri da usare, \u00e8 bene preparare il viaggio. Questo \u00e8 particolarmente vero se non l&#8217;hai mai fatto prima. Non andare a inciampare da solo. Chiedi a un amico fidato di stare con te. Quella persona \u00e8 il tripsitter e rimarr\u00e0 sobrio, quindi non usare alcol o droghe. Un viaggio con i funghi pu\u00f2 essere piuttosto intenso. \u00c8 bello avere qualcuno con te che possa rassicurarti. Anche un tappo per il viaggio \u00e8 una buona idea.<\/p>\n<p>Inoltre, pensate attentamente a dove inciampate. Scegliete un ambiente in cui vi sentite a vostro agio. E se hai intenzione di usare i funghi magici con altre persone, assicurati che siano persone con cui ti senti a tuo agio. Se questo non \u00e8 il caso, \u00e8 meno facile arrendersi agli effetti del fungo.<\/p>\n<h2>Acquista il kit di coltivazione di funghi freschi online<\/h2>\n<p>Con il kit di coltivazione Fresh Mushrooms Golden Teacher, coltivare funghi magici a casa \u00e8 diventato facile. Ora puoi acquistare facilmente questo kit di coltivazione online nel nostro negozio. Ordina ora e ci assicureremo che tu riceva il tuo pacco il pi\u00f9 presto possibile.<\/p>\n","protected":false},"excerpt":{"rendered":"<p>Il kit di coltivazione di funghi magici Golden Teacher \u00e8 ideale per i principianti. Se sei curioso di conoscere il mondo dei funghi magici e non hai ancora nessuna esperienza, allora Golden Teacher \u00e8 il posto giusto per iniziare. Gli effetti sono lievi e ben tollerati da quasi tutti. Stai cercando un fungo per un [&hellip;]<\/p>\n","protected":false},"featured_media":6762,"comment_status":"open","ping_status":"closed","template":"","meta":[],"product_brand":[],"product_cat":[169],"product_tag":[],"class_list":{"0":"post-6903","1":"product","2":"type-product","3":"status-publish","4":"has-post-thumbnail","6":"product_cat-kit-per-la-coltivazione-fresh-mushrooms","8":"first","9":"instock","10":"taxable","11":"shipping-taxable","12":"purchasable","13":"product-type-simple"},"yoast_head":"<!-- This site is optimized with the Yoast SEO Premium plugin v26.4 (Yoast SEO v27.2) - https:\/\/yoast.com\/product\/yoast-seo-premium-wordpress\/ -->\n<title>Comprare funghi freschi Golden Teacher online con consegna veloce<\/title>\n<meta name=\"description\" content=\"Il Fresh Mushrooms Golden Teacher rende facile la coltivazione dei funghi magici a casa. Puoi comprare questo kit di coltivazione facilmente online nel nostro negozio.\" \/>\n<meta name=\"robots\" content=\"index, follow, max-snippet:-1, max-image-preview:large, max-video-preview:-1\" \/>\n<link rel=\"canonical\" href=\"https:\/\/dutchmicrodosing.com\/it\/funghi-allucinogeni\/kit-per-la-coltivazione-fresh-mushrooms\/golden-teacher-xp\/\" \/>\n<meta property=\"og:locale\" content=\"it_IT\" \/>\n<meta property=\"og:type\" content=\"article\" \/>\n<meta property=\"og:title\" content=\"Golden Teacher XP\" \/>\n<meta property=\"og:description\" content=\"Il kit di coltivazione di funghi magici Golden Teacher \u00e8 ideale per i principianti. Se sei curioso di conoscere il mondo dei funghi magici e non hai\" \/>\n<meta property=\"og:url\" content=\"https:\/\/dutchmicrodosing.com\/it\/funghi-allucinogeni\/kit-per-la-coltivazione-fresh-mushrooms\/golden-teacher-xp\/\" \/>\n<meta property=\"og:site_name\" content=\"Dutchmicrodosing\" \/>\n<meta property=\"article:publisher\" content=\"https:\/\/www.facebook.com\/Dutchmicrodosingxp\/\" \/>\n<meta property=\"article:modified_time\" content=\"2025-11-20T14:24:16+00:00\" \/>\n<meta property=\"og:image\" content=\"https:\/\/dutchmicrodosing.com\/wp-content\/uploads\/2021\/02\/Golden-Teacher.jpg\" \/>\n\t<meta property=\"og:image:width\" content=\"500\" \/>\n\t<meta property=\"og:image:height\" content=\"500\" \/>\n\t<meta property=\"og:image:type\" content=\"image\/jpeg\" \/>\n<meta name=\"twitter:card\" content=\"summary_large_image\" \/>\n<script type=\"application\/ld+json\" class=\"yoast-schema-graph\">{\"@context\":\"https:\/\/schema.org\",\"@graph\":[{\"@type\":\"WebPage\",\"@id\":\"https:\/\/dutchmicrodosing.com\/it\/funghi-allucinogeni\/kit-per-la-coltivazione-fresh-mushrooms\/golden-teacher-xp\/\",\"url\":\"https:\/\/dutchmicrodosing.com\/it\/funghi-allucinogeni\/kit-per-la-coltivazione-fresh-mushrooms\/golden-teacher-xp\/\",\"name\":\"Comprare funghi freschi Golden Teacher online con consegna veloce\",\"isPartOf\":{\"@id\":\"https:\/\/dutchmicrodosing.com\/it\/#website\"},\"primaryImageOfPage\":{\"@id\":\"https:\/\/dutchmicrodosing.com\/it\/funghi-allucinogeni\/kit-per-la-coltivazione-fresh-mushrooms\/golden-teacher-xp\/#primaryimage\"},\"image\":{\"@id\":\"https:\/\/dutchmicrodosing.com\/it\/funghi-allucinogeni\/kit-per-la-coltivazione-fresh-mushrooms\/golden-teacher-xp\/#primaryimage\"},\"thumbnailUrl\":\"https:\/\/dutchmicrodosing.com\/wp-content\/uploads\/2021\/02\/Golden-Teacher.jpg\",\"datePublished\":\"2021-02-21T09:11:26+00:00\",\"dateModified\":\"2025-11-20T14:24:16+00:00\",\"description\":\"Il Fresh Mushrooms Golden Teacher rende facile la coltivazione dei funghi magici a casa. Puoi comprare questo kit di coltivazione facilmente online nel nostro negozio.\",\"breadcrumb\":{\"@id\":\"https:\/\/dutchmicrodosing.com\/it\/funghi-allucinogeni\/kit-per-la-coltivazione-fresh-mushrooms\/golden-teacher-xp\/#breadcrumb\"},\"inLanguage\":\"it-IT\",\"potentialAction\":[{\"@type\":\"ReadAction\",\"target\":[\"https:\/\/dutchmicrodosing.com\/it\/funghi-allucinogeni\/kit-per-la-coltivazione-fresh-mushrooms\/golden-teacher-xp\/\"]}]},{\"@type\":\"ImageObject\",\"inLanguage\":\"it-IT\",\"@id\":\"https:\/\/dutchmicrodosing.com\/it\/funghi-allucinogeni\/kit-per-la-coltivazione-fresh-mushrooms\/golden-teacher-xp\/#primaryimage\",\"url\":\"https:\/\/dutchmicrodosing.com\/wp-content\/uploads\/2021\/02\/Golden-Teacher.jpg\",\"contentUrl\":\"https:\/\/dutchmicrodosing.com\/wp-content\/uploads\/2021\/02\/Golden-Teacher.jpg\",\"width\":500,\"height\":500},{\"@type\":\"BreadcrumbList\",\"@id\":\"https:\/\/dutchmicrodosing.com\/it\/funghi-allucinogeni\/kit-per-la-coltivazione-fresh-mushrooms\/golden-teacher-xp\/#breadcrumb\",\"itemListElement\":[{\"@type\":\"ListItem\",\"position\":1,\"name\":\"Home\",\"item\":\"https:\/\/dutchmicrodosing.com\/it\/\"},{\"@type\":\"ListItem\",\"position\":2,\"name\":\"Negozio\",\"item\":\"https:\/\/dutchmicrodosing.com\/it\/negozio\/\"},{\"@type\":\"ListItem\",\"position\":3,\"name\":\"Golden Teacher XP\"}]},{\"@type\":\"WebSite\",\"@id\":\"https:\/\/dutchmicrodosing.com\/it\/#website\",\"url\":\"https:\/\/dutchmicrodosing.com\/it\/\",\"name\":\"Dutchmicrodosing\",\"description\":\"\",\"publisher\":{\"@id\":\"https:\/\/dutchmicrodosing.com\/it\/#organization\"},\"potentialAction\":[{\"@type\":\"SearchAction\",\"target\":{\"@type\":\"EntryPoint\",\"urlTemplate\":\"https:\/\/dutchmicrodosing.com\/it\/?s={search_term_string}\"},\"query-input\":{\"@type\":\"PropertyValueSpecification\",\"valueRequired\":true,\"valueName\":\"search_term_string\"}}],\"inLanguage\":\"it-IT\"},{\"@type\":\"Organization\",\"@id\":\"https:\/\/dutchmicrodosing.com\/it\/#organization\",\"name\":\"Dutchmicrodosing\",\"url\":\"https:\/\/dutchmicrodosing.com\/it\/\",\"logo\":{\"@type\":\"ImageObject\",\"inLanguage\":\"it-IT\",\"@id\":\"https:\/\/dutchmicrodosing.com\/it\/#\/schema\/logo\/image\/\",\"url\":\"https:\/\/dutchmicrodosing.com\/wp-content\/uploads\/2021\/01\/microdosing-categorie-pic-nieuw.jpg\",\"contentUrl\":\"https:\/\/dutchmicrodosing.com\/wp-content\/uploads\/2021\/01\/microdosing-categorie-pic-nieuw.jpg\",\"width\":500,\"height\":500,\"caption\":\"Dutchmicrodosing\"},\"image\":{\"@id\":\"https:\/\/dutchmicrodosing.com\/it\/#\/schema\/logo\/image\/\"},\"sameAs\":[\"https:\/\/www.facebook.com\/Dutchmicrodosingxp\/\",\"https:\/\/www.instagram.com\/dutchmicrodosing\/\"]}]}<\/script>\n<meta property=\"product:price:amount\" content=\"39.95\" \/>\n<meta property=\"product:price:currency\" content=\"EUR\" \/>\n<meta property=\"og:availability\" content=\"instock\" \/>\n<meta property=\"product:availability\" content=\"instock\" \/>\n<meta property=\"product:retailer_item_id\" content=\"0208819\" \/>\n<meta property=\"product:condition\" content=\"new\" \/>\n<!-- \/ Yoast SEO Premium plugin. -->","yoast_head_json":{"title":"Comprare funghi freschi Golden Teacher online con consegna veloce","description":"Il Fresh Mushrooms Golden Teacher rende facile la coltivazione dei funghi magici a casa. Puoi comprare questo kit di coltivazione facilmente online nel nostro negozio.","robots":{"index":"index","follow":"follow","max-snippet":"max-snippet:-1","max-image-preview":"max-image-preview:large","max-video-preview":"max-video-preview:-1"},"canonical":"https:\/\/dutchmicrodosing.com\/it\/funghi-allucinogeni\/kit-per-la-coltivazione-fresh-mushrooms\/golden-teacher-xp\/","og_locale":"it_IT","og_type":"article","og_title":"Golden Teacher XP","og_description":"Il kit di coltivazione di funghi magici Golden Teacher \u00e8 ideale per i principianti. Se sei curioso di conoscere il mondo dei funghi magici e non hai","og_url":"https:\/\/dutchmicrodosing.com\/it\/funghi-allucinogeni\/kit-per-la-coltivazione-fresh-mushrooms\/golden-teacher-xp\/","og_site_name":"Dutchmicrodosing","article_publisher":"https:\/\/www.facebook.com\/Dutchmicrodosingxp\/","article_modified_time":"2025-11-20T14:24:16+00:00","og_image":[{"width":500,"height":500,"url":"https:\/\/dutchmicrodosing.com\/wp-content\/uploads\/2021\/02\/Golden-Teacher.jpg","type":"image\/jpeg"}],"twitter_card":"summary_large_image","schema":{"@context":"https:\/\/schema.org","@graph":[{"@type":"WebPage","@id":"https:\/\/dutchmicrodosing.com\/it\/funghi-allucinogeni\/kit-per-la-coltivazione-fresh-mushrooms\/golden-teacher-xp\/","url":"https:\/\/dutchmicrodosing.com\/it\/funghi-allucinogeni\/kit-per-la-coltivazione-fresh-mushrooms\/golden-teacher-xp\/","name":"Comprare funghi freschi Golden Teacher online con consegna veloce","isPartOf":{"@id":"https:\/\/dutchmicrodosing.com\/it\/#website"},"primaryImageOfPage":{"@id":"https:\/\/dutchmicrodosing.com\/it\/funghi-allucinogeni\/kit-per-la-coltivazione-fresh-mushrooms\/golden-teacher-xp\/#primaryimage"},"image":{"@id":"https:\/\/dutchmicrodosing.com\/it\/funghi-allucinogeni\/kit-per-la-coltivazione-fresh-mushrooms\/golden-teacher-xp\/#primaryimage"},"thumbnailUrl":"https:\/\/dutchmicrodosing.com\/wp-content\/uploads\/2021\/02\/Golden-Teacher.jpg","datePublished":"2021-02-21T09:11:26+00:00","dateModified":"2025-11-20T14:24:16+00:00","description":"Il Fresh Mushrooms Golden Teacher rende facile la coltivazione dei funghi magici a casa. Puoi comprare questo kit di coltivazione facilmente online nel nostro negozio.","breadcrumb":{"@id":"https:\/\/dutchmicrodosing.com\/it\/funghi-allucinogeni\/kit-per-la-coltivazione-fresh-mushrooms\/golden-teacher-xp\/#breadcrumb"},"inLanguage":"it-IT","potentialAction":[{"@type":"ReadAction","target":["https:\/\/dutchmicrodosing.com\/it\/funghi-allucinogeni\/kit-per-la-coltivazione-fresh-mushrooms\/golden-teacher-xp\/"]}]},{"@type":"ImageObject","inLanguage":"it-IT","@id":"https:\/\/dutchmicrodosing.com\/it\/funghi-allucinogeni\/kit-per-la-coltivazione-fresh-mushrooms\/golden-teacher-xp\/#primaryimage","url":"https:\/\/dutchmicrodosing.com\/wp-content\/uploads\/2021\/02\/Golden-Teacher.jpg","contentUrl":"https:\/\/dutchmicrodosing.com\/wp-content\/uploads\/2021\/02\/Golden-Teacher.jpg","width":500,"height":500},{"@type":"BreadcrumbList","@id":"https:\/\/dutchmicrodosing.com\/it\/funghi-allucinogeni\/kit-per-la-coltivazione-fresh-mushrooms\/golden-teacher-xp\/#breadcrumb","itemListElement":[{"@type":"ListItem","position":1,"name":"Home","item":"https:\/\/dutchmicrodosing.com\/it\/"},{"@type":"ListItem","position":2,"name":"Negozio","item":"https:\/\/dutchmicrodosing.com\/it\/negozio\/"},{"@type":"ListItem","position":3,"name":"Golden Teacher XP"}]},{"@type":"WebSite","@id":"https:\/\/dutchmicrodosing.com\/it\/#website","url":"https:\/\/dutchmicrodosing.com\/it\/","name":"Dutchmicrodosing","description":"","publisher":{"@id":"https:\/\/dutchmicrodosing.com\/it\/#organization"},"potentialAction":[{"@type":"SearchAction","target":{"@type":"EntryPoint","urlTemplate":"https:\/\/dutchmicrodosing.com\/it\/?s={search_term_string}"},"query-input":{"@type":"PropertyValueSpecification","valueRequired":true,"valueName":"search_term_string"}}],"inLanguage":"it-IT"},{"@type":"Organization","@id":"https:\/\/dutchmicrodosing.com\/it\/#organization","name":"Dutchmicrodosing","url":"https:\/\/dutchmicrodosing.com\/it\/","logo":{"@type":"ImageObject","inLanguage":"it-IT","@id":"https:\/\/dutchmicrodosing.com\/it\/#\/schema\/logo\/image\/","url":"https:\/\/dutchmicrodosing.com\/wp-content\/uploads\/2021\/01\/microdosing-categorie-pic-nieuw.jpg","contentUrl":"https:\/\/dutchmicrodosing.com\/wp-content\/uploads\/2021\/01\/microdosing-categorie-pic-nieuw.jpg","width":500,"height":500,"caption":"Dutchmicrodosing"},"image":{"@id":"https:\/\/dutchmicrodosing.com\/it\/#\/schema\/logo\/image\/"},"sameAs":["https:\/\/www.facebook.com\/Dutchmicrodosingxp\/","https:\/\/www.instagram.com\/dutchmicrodosing\/"]}]},"product_price_amount":"39.95","product_price_currency":"EUR","og_availability":"instock","product_availability":"instock","product_retailer_item_id":"0208819","product_condition":"new"},"_links":{"self":[{"href":"https:\/\/dutchmicrodosing.com\/it\/wp-json\/wp\/v2\/product\/6903","targetHints":{"allow":["GET"]}}],"collection":[{"href":"https:\/\/dutchmicrodosing.com\/it\/wp-json\/wp\/v2\/product"}],"about":[{"href":"https:\/\/dutchmicrodosing.com\/it\/wp-json\/wp\/v2\/types\/product"}],"replies":[{"embeddable":true,"href":"https:\/\/dutchmicrodosing.com\/it\/wp-json\/wp\/v2\/comments?post=6903"}],"version-history":[{"count":3,"href":"https:\/\/dutchmicrodosing.com\/it\/wp-json\/wp\/v2\/product\/6903\/revisions"}],"predecessor-version":[{"id":62659,"href":"https:\/\/dutchmicrodosing.com\/it\/wp-json\/wp\/v2\/product\/6903\/revisions\/62659"}],"wp:featuredmedia":[{"embeddable":true,"href":"https:\/\/dutchmicrodosing.com\/it\/wp-json\/wp\/v2\/media\/6762"}],"wp:attachment":[{"href":"https:\/\/dutchmicrodosing.com\/it\/wp-json\/wp\/v2\/media?parent=6903"}],"wp:term":[{"taxonomy":"product_brand","embeddable":true,"href":"https:\/\/dutchmicrodosing.com\/it\/wp-json\/wp\/v2\/product_brand?post=6903"},{"taxonomy":"product_cat","embeddable":true,"href":"https:\/\/dutchmicrodosing.com\/it\/wp-json\/wp\/v2\/product_cat?post=6903"},{"taxonomy":"product_tag","embeddable":true,"href":"https:\/\/dutchmicrodosing.com\/it\/wp-json\/wp\/v2\/product_tag?post=6903"}],"curies":[{"name":"wp","href":"https:\/\/api.w.org\/{rel}","templated":true}]}}