{"id":8676,"date":"2021-09-25T22:15:00","date_gmt":"2021-09-26T18:32:59","guid":{"rendered":"https:\/\/dutchmicrodosing.com\/shop\/senza-categoria\/sulla-bilancia-dj-100-100x0-01-gram\/"},"modified":"2023-03-11T12:44:07","modified_gmt":"2023-03-11T11:44:07","slug":"on-balance-dj-100-100x0-01-gram","status":"publish","type":"product","link":"https:\/\/dutchmicrodosing.com\/it\/microdosaggio\/on-balance-dj-100-100x0-01-gram\/","title":{"rendered":"Sulla bilancia Dj-100 100X0.01 Gram"},"content":{"rendered":"<p>Con una precisione di 0,01 grammi e una capacit\u00e0 di 100 grammi, questa \u00e8 una delle bilance pi\u00f9 piccole della nostra gamma. La bilancia On balance entra facilmente in tasca e ha diverse funzioni. Questa bilancia funziona con 2 batterie AAA<\/p>\n<h3>Informazioni aggiuntive:<\/h3>\n<ul>\n<li>Capacit\u00e0: 100&#215;0,01 grammi<\/li>\n<li>Bilancia versione tascabile<\/li>\n<\/ul>\n<h3>Contenuti:<\/h3>\n<p>Sulla bilancia Jewel Mini Scale<br \/>\n2 batterie AAA<\/p>\n","protected":false},"excerpt":{"rendered":"<p>Con una precisione di 0,01 grammi e una capacit\u00e0 di 100 grammi, questa \u00e8 una delle bilance pi\u00f9 piccole della nostra gamma. La bilancia On balance entra facilmente in tasca e ha diverse funzioni. Questa bilancia funziona con 2 batterie AAA Informazioni aggiuntive: Capacit\u00e0: 100&#215;0,01 grammi Bilancia versione tascabile Contenuti: Sulla bilancia Jewel Mini Scale [&hellip;]<\/p>\n","protected":false},"featured_media":8671,"comment_status":"closed","ping_status":"closed","template":"","meta":[],"product_brand":[],"product_cat":[174],"product_tag":[],"class_list":{"0":"post-8676","1":"product","2":"type-product","3":"status-publish","4":"has-post-thumbnail","6":"product_cat-microdosaggio","8":"first","9":"instock","10":"taxable","11":"shipping-taxable","12":"purchasable","13":"product-type-simple"},"yoast_head":"<!-- This site is optimized with the Yoast SEO Premium plugin v26.4 (Yoast SEO v27.2) - https:\/\/yoast.com\/product\/yoast-seo-premium-wordpress\/ -->\n<title>Sulla bilancia Dj-100 100X0.01 Gram - Dutchmicrodosing<\/title>\n<meta name=\"robots\" content=\"index, follow, max-snippet:-1, max-image-preview:large, max-video-preview:-1\" \/>\n<link rel=\"canonical\" href=\"https:\/\/dutchmicrodosing.com\/it\/microdosaggio\/on-balance-dj-100-100x0-01-gram\/\" \/>\n<meta property=\"og:locale\" content=\"it_IT\" \/>\n<meta property=\"og:type\" content=\"article\" \/>\n<meta property=\"og:title\" content=\"Sulla bilancia Dj-100 100X0.01 Gram\" \/>\n<meta property=\"og:description\" content=\"Con una precisione di 0,01 grammi e una capacit\u00e0 di 100 grammi, questa \u00e8 una delle bilance pi\u00f9 piccole della nostra gamma. La bilancia On balance entra\" \/>\n<meta property=\"og:url\" content=\"https:\/\/dutchmicrodosing.com\/it\/microdosaggio\/on-balance-dj-100-100x0-01-gram\/\" \/>\n<meta property=\"og:site_name\" content=\"Dutchmicrodosing\" \/>\n<meta property=\"article:publisher\" content=\"https:\/\/www.facebook.com\/Dutchmicrodosingxp\/\" \/>\n<meta property=\"article:modified_time\" content=\"2023-03-11T11:44:07+00:00\" \/>\n<meta property=\"og:image\" content=\"https:\/\/dutchmicrodosing.com\/wp-content\/uploads\/2021\/09\/Scale-OB-DJ-100.jpg\" \/>\n\t<meta property=\"og:image:width\" content=\"400\" \/>\n\t<meta property=\"og:image:height\" content=\"320\" \/>\n\t<meta property=\"og:image:type\" content=\"image\/jpeg\" \/>\n<meta name=\"twitter:card\" content=\"summary_large_image\" \/>\n<script type=\"application\/ld+json\" class=\"yoast-schema-graph\">{\"@context\":\"https:\/\/schema.org\",\"@graph\":[{\"@type\":\"WebPage\",\"@id\":\"https:\/\/dutchmicrodosing.com\/it\/microdosaggio\/on-balance-dj-100-100x0-01-gram\/\",\"url\":\"https:\/\/dutchmicrodosing.com\/it\/microdosaggio\/on-balance-dj-100-100x0-01-gram\/\",\"name\":\"Sulla bilancia Dj-100 100X0.01 Gram - Dutchmicrodosing\",\"isPartOf\":{\"@id\":\"https:\/\/dutchmicrodosing.com\/it\/#website\"},\"primaryImageOfPage\":{\"@id\":\"https:\/\/dutchmicrodosing.com\/it\/microdosaggio\/on-balance-dj-100-100x0-01-gram\/#primaryimage\"},\"image\":{\"@id\":\"https:\/\/dutchmicrodosing.com\/it\/microdosaggio\/on-balance-dj-100-100x0-01-gram\/#primaryimage\"},\"thumbnailUrl\":\"https:\/\/dutchmicrodosing.com\/wp-content\/uploads\/2021\/09\/Scale-OB-DJ-100.jpg\",\"datePublished\":\"2021-09-26T18:32:59+00:00\",\"dateModified\":\"2023-03-11T11:44:07+00:00\",\"breadcrumb\":{\"@id\":\"https:\/\/dutchmicrodosing.com\/it\/microdosaggio\/on-balance-dj-100-100x0-01-gram\/#breadcrumb\"},\"inLanguage\":\"it-IT\",\"potentialAction\":[{\"@type\":\"ReadAction\",\"target\":[\"https:\/\/dutchmicrodosing.com\/it\/microdosaggio\/on-balance-dj-100-100x0-01-gram\/\"]}]},{\"@type\":\"ImageObject\",\"inLanguage\":\"it-IT\",\"@id\":\"https:\/\/dutchmicrodosing.com\/it\/microdosaggio\/on-balance-dj-100-100x0-01-gram\/#primaryimage\",\"url\":\"https:\/\/dutchmicrodosing.com\/wp-content\/uploads\/2021\/09\/Scale-OB-DJ-100.jpg\",\"contentUrl\":\"https:\/\/dutchmicrodosing.com\/wp-content\/uploads\/2021\/09\/Scale-OB-DJ-100.jpg\",\"width\":400,\"height\":320},{\"@type\":\"BreadcrumbList\",\"@id\":\"https:\/\/dutchmicrodosing.com\/it\/microdosaggio\/on-balance-dj-100-100x0-01-gram\/#breadcrumb\",\"itemListElement\":[{\"@type\":\"ListItem\",\"position\":1,\"name\":\"Home\",\"item\":\"https:\/\/dutchmicrodosing.com\/it\/\"},{\"@type\":\"ListItem\",\"position\":2,\"name\":\"Negozio\",\"item\":\"https:\/\/dutchmicrodosing.com\/it\/negozio\/\"},{\"@type\":\"ListItem\",\"position\":3,\"name\":\"Sulla bilancia Dj-100 100X0.01 Gram\"}]},{\"@type\":\"WebSite\",\"@id\":\"https:\/\/dutchmicrodosing.com\/it\/#website\",\"url\":\"https:\/\/dutchmicrodosing.com\/it\/\",\"name\":\"Dutchmicrodosing\",\"description\":\"\",\"publisher\":{\"@id\":\"https:\/\/dutchmicrodosing.com\/it\/#organization\"},\"potentialAction\":[{\"@type\":\"SearchAction\",\"target\":{\"@type\":\"EntryPoint\",\"urlTemplate\":\"https:\/\/dutchmicrodosing.com\/it\/?s={search_term_string}\"},\"query-input\":{\"@type\":\"PropertyValueSpecification\",\"valueRequired\":true,\"valueName\":\"search_term_string\"}}],\"inLanguage\":\"it-IT\"},{\"@type\":\"Organization\",\"@id\":\"https:\/\/dutchmicrodosing.com\/it\/#organization\",\"name\":\"Dutchmicrodosing\",\"url\":\"https:\/\/dutchmicrodosing.com\/it\/\",\"logo\":{\"@type\":\"ImageObject\",\"inLanguage\":\"it-IT\",\"@id\":\"https:\/\/dutchmicrodosing.com\/it\/#\/schema\/logo\/image\/\",\"url\":\"https:\/\/dutchmicrodosing.com\/wp-content\/uploads\/2021\/01\/microdosing-categorie-pic-nieuw.jpg\",\"contentUrl\":\"https:\/\/dutchmicrodosing.com\/wp-content\/uploads\/2021\/01\/microdosing-categorie-pic-nieuw.jpg\",\"width\":500,\"height\":500,\"caption\":\"Dutchmicrodosing\"},\"image\":{\"@id\":\"https:\/\/dutchmicrodosing.com\/it\/#\/schema\/logo\/image\/\"},\"sameAs\":[\"https:\/\/www.facebook.com\/Dutchmicrodosingxp\/\",\"https:\/\/www.instagram.com\/dutchmicrodosing\/\"]}]}<\/script>\n<meta property=\"product:price:amount\" content=\"14.95\" \/>\n<meta property=\"product:price:currency\" content=\"EUR\" \/>\n<meta property=\"og:availability\" content=\"instock\" \/>\n<meta property=\"product:availability\" content=\"instock\" \/>\n<meta property=\"product:retailer_item_id\" content=\"9108704\" \/>\n<meta property=\"product:condition\" content=\"new\" \/>\n<!-- \/ Yoast SEO Premium plugin. -->","yoast_head_json":{"title":"Sulla bilancia Dj-100 100X0.01 Gram - Dutchmicrodosing","robots":{"index":"index","follow":"follow","max-snippet":"max-snippet:-1","max-image-preview":"max-image-preview:large","max-video-preview":"max-video-preview:-1"},"canonical":"https:\/\/dutchmicrodosing.com\/it\/microdosaggio\/on-balance-dj-100-100x0-01-gram\/","og_locale":"it_IT","og_type":"article","og_title":"Sulla bilancia Dj-100 100X0.01 Gram","og_description":"Con una precisione di 0,01 grammi e una capacit\u00e0 di 100 grammi, questa \u00e8 una delle bilance pi\u00f9 piccole della nostra gamma. La bilancia On balance entra","og_url":"https:\/\/dutchmicrodosing.com\/it\/microdosaggio\/on-balance-dj-100-100x0-01-gram\/","og_site_name":"Dutchmicrodosing","article_publisher":"https:\/\/www.facebook.com\/Dutchmicrodosingxp\/","article_modified_time":"2023-03-11T11:44:07+00:00","og_image":[{"width":400,"height":320,"url":"https:\/\/dutchmicrodosing.com\/wp-content\/uploads\/2021\/09\/Scale-OB-DJ-100.jpg","type":"image\/jpeg"}],"twitter_card":"summary_large_image","schema":{"@context":"https:\/\/schema.org","@graph":[{"@type":"WebPage","@id":"https:\/\/dutchmicrodosing.com\/it\/microdosaggio\/on-balance-dj-100-100x0-01-gram\/","url":"https:\/\/dutchmicrodosing.com\/it\/microdosaggio\/on-balance-dj-100-100x0-01-gram\/","name":"Sulla bilancia Dj-100 100X0.01 Gram - Dutchmicrodosing","isPartOf":{"@id":"https:\/\/dutchmicrodosing.com\/it\/#website"},"primaryImageOfPage":{"@id":"https:\/\/dutchmicrodosing.com\/it\/microdosaggio\/on-balance-dj-100-100x0-01-gram\/#primaryimage"},"image":{"@id":"https:\/\/dutchmicrodosing.com\/it\/microdosaggio\/on-balance-dj-100-100x0-01-gram\/#primaryimage"},"thumbnailUrl":"https:\/\/dutchmicrodosing.com\/wp-content\/uploads\/2021\/09\/Scale-OB-DJ-100.jpg","datePublished":"2021-09-26T18:32:59+00:00","dateModified":"2023-03-11T11:44:07+00:00","breadcrumb":{"@id":"https:\/\/dutchmicrodosing.com\/it\/microdosaggio\/on-balance-dj-100-100x0-01-gram\/#breadcrumb"},"inLanguage":"it-IT","potentialAction":[{"@type":"ReadAction","target":["https:\/\/dutchmicrodosing.com\/it\/microdosaggio\/on-balance-dj-100-100x0-01-gram\/"]}]},{"@type":"ImageObject","inLanguage":"it-IT","@id":"https:\/\/dutchmicrodosing.com\/it\/microdosaggio\/on-balance-dj-100-100x0-01-gram\/#primaryimage","url":"https:\/\/dutchmicrodosing.com\/wp-content\/uploads\/2021\/09\/Scale-OB-DJ-100.jpg","contentUrl":"https:\/\/dutchmicrodosing.com\/wp-content\/uploads\/2021\/09\/Scale-OB-DJ-100.jpg","width":400,"height":320},{"@type":"BreadcrumbList","@id":"https:\/\/dutchmicrodosing.com\/it\/microdosaggio\/on-balance-dj-100-100x0-01-gram\/#breadcrumb","itemListElement":[{"@type":"ListItem","position":1,"name":"Home","item":"https:\/\/dutchmicrodosing.com\/it\/"},{"@type":"ListItem","position":2,"name":"Negozio","item":"https:\/\/dutchmicrodosing.com\/it\/negozio\/"},{"@type":"ListItem","position":3,"name":"Sulla bilancia Dj-100 100X0.01 Gram"}]},{"@type":"WebSite","@id":"https:\/\/dutchmicrodosing.com\/it\/#website","url":"https:\/\/dutchmicrodosing.com\/it\/","name":"Dutchmicrodosing","description":"","publisher":{"@id":"https:\/\/dutchmicrodosing.com\/it\/#organization"},"potentialAction":[{"@type":"SearchAction","target":{"@type":"EntryPoint","urlTemplate":"https:\/\/dutchmicrodosing.com\/it\/?s={search_term_string}"},"query-input":{"@type":"PropertyValueSpecification","valueRequired":true,"valueName":"search_term_string"}}],"inLanguage":"it-IT"},{"@type":"Organization","@id":"https:\/\/dutchmicrodosing.com\/it\/#organization","name":"Dutchmicrodosing","url":"https:\/\/dutchmicrodosing.com\/it\/","logo":{"@type":"ImageObject","inLanguage":"it-IT","@id":"https:\/\/dutchmicrodosing.com\/it\/#\/schema\/logo\/image\/","url":"https:\/\/dutchmicrodosing.com\/wp-content\/uploads\/2021\/01\/microdosing-categorie-pic-nieuw.jpg","contentUrl":"https:\/\/dutchmicrodosing.com\/wp-content\/uploads\/2021\/01\/microdosing-categorie-pic-nieuw.jpg","width":500,"height":500,"caption":"Dutchmicrodosing"},"image":{"@id":"https:\/\/dutchmicrodosing.com\/it\/#\/schema\/logo\/image\/"},"sameAs":["https:\/\/www.facebook.com\/Dutchmicrodosingxp\/","https:\/\/www.instagram.com\/dutchmicrodosing\/"]}]},"product_price_amount":"14.95","product_price_currency":"EUR","og_availability":"instock","product_availability":"instock","product_retailer_item_id":"9108704","product_condition":"new"},"_links":{"self":[{"href":"https:\/\/dutchmicrodosing.com\/it\/wp-json\/wp\/v2\/product\/8676","targetHints":{"allow":["GET"]}}],"collection":[{"href":"https:\/\/dutchmicrodosing.com\/it\/wp-json\/wp\/v2\/product"}],"about":[{"href":"https:\/\/dutchmicrodosing.com\/it\/wp-json\/wp\/v2\/types\/product"}],"replies":[{"embeddable":true,"href":"https:\/\/dutchmicrodosing.com\/it\/wp-json\/wp\/v2\/comments?post=8676"}],"version-history":[{"count":0,"href":"https:\/\/dutchmicrodosing.com\/it\/wp-json\/wp\/v2\/product\/8676\/revisions"}],"wp:featuredmedia":[{"embeddable":true,"href":"https:\/\/dutchmicrodosing.com\/it\/wp-json\/wp\/v2\/media\/8671"}],"wp:attachment":[{"href":"https:\/\/dutchmicrodosing.com\/it\/wp-json\/wp\/v2\/media?parent=8676"}],"wp:term":[{"taxonomy":"product_brand","embeddable":true,"href":"https:\/\/dutchmicrodosing.com\/it\/wp-json\/wp\/v2\/product_brand?post=8676"},{"taxonomy":"product_cat","embeddable":true,"href":"https:\/\/dutchmicrodosing.com\/it\/wp-json\/wp\/v2\/product_cat?post=8676"},{"taxonomy":"product_tag","embeddable":true,"href":"https:\/\/dutchmicrodosing.com\/it\/wp-json\/wp\/v2\/product_tag?post=8676"}],"curies":[{"name":"wp","href":"https:\/\/api.w.org\/{rel}","templated":true}]}}